{"id":17318,"date":"2022-07-29T12:36:59","date_gmt":"2022-07-29T12:36:59","guid":{"rendered":"https:\/\/nylabone.co.uk\/wo-zu-kaufen\/"},"modified":"2023-10-24T15:04:12","modified_gmt":"2023-10-24T15:04:12","slug":"wo-zu-kaufen","status":"publish","type":"page","link":"https:\/\/nylabone.co.uk\/de\/wo-zu-kaufen\/","title":{"rendered":"Wo zu kaufen"},"content":{"rendered":"\n<section class=\"wp-block-uagb-columns uagb-columns__wrap uagb-columns__background-none uagb-columns__stack-mobile uagb-columns__valign- uagb-columns__gap-10 align uagb-block-3f83ba7b uagb-columns__columns-1 uagb-columns__max_width-theme advgb-block-3f83ba7b\"><div class=\"uagb-columns__overlay\"><\/div><div class=\"uagb-columns__inner-wrap uagb-columns__columns-1\">\n<div class=\"wp-block-uagb-column uagb-column__wrap uagb-column__background-undefined uagb-block-06c9cf2a advgb-block-06c9cf2a\"><div class=\"uagb-column__overlay\"><\/div>\n<p class=\"has-text-align-center\"> <\/p><p class=\"has-text-align-left has-medium-font-size\">Geben Sie unten Ihre Postleitzahl oder Ihren Ort ein, um den n\u00e4chstgelegenen H\u00e4ndler zu finden. Alternativ k\u00f6nnen Sie auch <a href=\"https:\/\/nylabone.co.uk\/de\/online\/\">hier klicken, um einen Online-H\u00e4ndler zu finden.<\/a> <span style=\"font-size: 1rem; text-align: center;\">   <\/span><\/p><p class=\"has-text-align-left\">Wenn Sie ein aktueller H\u00e4ndler sind und in unseren Store Locator aufgenommen werden m\u00f6chten, wenden Sie sich bitte an Ihren Verkaufsleiter oder <a href=\"https:\/\/interpetcentral.com\/contact-us\/\">kontaktieren Sie uns<\/a>.<\/p> \n\n\n<style>\r\n\t#wpsl-stores .wpsl-store-thumb {height:45px !important; width:45px !important;}\r\n\t#wpsl-stores, #wpsl-direction-details, #wpsl-gmap {height:500px !important;}\r\n\t#wpsl-gmap .wpsl-info-window {max-width:225px !important;}\r\n\t.wpsl-input label, #wpsl-radius label, #wpsl-category label {width:95px;}\r\n\t#wpsl-search-input  {width:179px;}\r\n<\/style>\r\n<div id=\"wpsl-wrap\" class=\"wpsl-store-below\">\r\n\t<div class=\"wpsl-search wpsl-clearfix wpsl-search-left  \">\r\n\t\t<div id=\"wpsl-search-wrap\">\r\n\t\t\t<form autocomplete=\"off\">\r\n\t\t\t<div class=\"wpsl-input\">\r\n\t\t\t\t<div><label for=\"wpsl-search-input\">Your location<\/label><\/div>\r\n\t\t\t\t<input id=\"wpsl-search-input\" type=\"text\" value=\"\" name=\"wpsl-search-input\" placeholder=\"\" aria-required=\"true\" \/>\r\n\t\t\t<\/div>\r\n\t\t\t<div class=\"wpsl-select-wrap\">\r\n\t\t\t\t<div id=\"wpsl-radius\">\r\n\t\t\t\t\t<label for=\"wpsl-radius-dropdown\">Search radius<\/label>\r\n\t\t\t\t\t<select id=\"wpsl-radius-dropdown\" class=\"wpsl-dropdown\" name=\"wpsl-radius\">\r\n\t\t\t\t\t\t<option value=\"5\">5 mi<\/option><option selected=\"selected\" value=\"10\">10 mi<\/option><option value=\"25\">25 mi<\/option><option value=\"50\">50 mi<\/option><option value=\"100\">100 mi<\/option><option value=\"200\">200 mi<\/option><option value=\"500\">500 mi<\/option><option value=\"1000\">1000 mi<\/option>\r\n\t\t\t\t\t<\/select>\r\n\t\t\t\t<\/div>\r\n\t\t\t\t<div id=\"wpsl-results\">\r\n\t\t\t\t\t<label for=\"wpsl-results-dropdown\">Results<\/label>\r\n\t\t\t\t\t<select id=\"wpsl-results-dropdown\" class=\"wpsl-dropdown\" name=\"wpsl-results\">\r\n\t\t\t\t\t\t<option selected=\"selected\" value=\"25\">25<\/option><option value=\"50\">50<\/option><option value=\"75\">75<\/option><option value=\"100\">100<\/option><option value=\"1000\">1000<\/option>\r\n\t\t\t\t\t<\/select>\r\n\t\t\t\t<\/div>\r\n\t\t\t<\/div>\r\n\t\t\t\t<div class=\"wpsl-search-btn-wrap\"><input id=\"wpsl-search-btn\" type=\"submit\" value=\"Search\"><\/div>\r\n\t\t<\/form>\r\n\t\t<\/div>\r\n\t<\/div>\r\n<div class='wpsl-search wpsl-clearfix online-retailer-box'><p>Click below to find an online retailer.<\/p><a href='\/where-to-buy\/online' class='button'id='store-locator-online'>Online Retailers<\/a><\/div>\t<div id=\"wpsl-gmap\" class=\"wpsl-gmap-canvas\"><\/div>\r\n\t<div id=\"wpsl-result-list\">\r\n<div id='store-button-wrapper'><button type=\"button\" id=\"view-all-stores\">View all stores<\/button><\/div>\t\t<div id=\"wpsl-stores\"  class=\"hide\">\r\n<h3 id=\"nearest-store\"><\/h3>\t\t\t<ul><\/ul>\r\n\t\t<\/div>\r\n\t\t<div id=\"wpsl-direction-details\">\r\n\t\t\t<ul><\/ul>\r\n\t\t<\/div>\r\n\t<\/div>\r\n<\/div>\r\n\n<\/div>\n<\/div><\/section>\n","protected":false},"excerpt":{"rendered":"<p>Geben Sie unten Ihre Postleitzahl oder Ihren Ort ein, um den n\u00e4chstgelegenen H\u00e4ndler zu finden. Alternativ k\u00f6nnen Sie auch hier klicken, um einen Online-H\u00e4ndler zu finden. Wenn Sie ein aktueller H\u00e4ndler sind und in unseren Store Locator aufgenommen werden m\u00f6chten, [&hellip;]<\/p>\n","protected":false},"author":1,"featured_media":0,"parent":0,"menu_order":0,"comment_status":"closed","ping_status":"closed","template":"","meta":{"_acf_changed":false,"_relevanssi_hide_post":"","_relevanssi_hide_content":"","_relevanssi_pin_for_all":"","_relevanssi_pin_keywords":"","_relevanssi_unpin_keywords":"","_relevanssi_related_keywords":"","_relevanssi_related_include_ids":"","_relevanssi_related_exclude_ids":"","_relevanssi_related_no_append":"","_relevanssi_related_not_related":"","_relevanssi_related_posts":"","_relevanssi_noindex_reason":"","inline_featured_image":false,"_uag_custom_page_level_css":"","advgb_blocks_editor_width":"","advgb_blocks_columns_visual_guide":"","site-sidebar-layout":"default","site-content-layout":"","ast-site-content-layout":"default","site-content-style":"default","site-sidebar-style":"default","ast-global-header-display":"","ast-banner-title-visibility":"","ast-main-header-display":"","ast-hfb-above-header-display":"","ast-hfb-below-header-display":"","ast-hfb-mobile-header-display":"","site-post-title":"","ast-breadcrumbs-content":"","ast-featured-img":"","footer-sml-layout":"","ast-disable-related-posts":"","theme-transparent-header-meta":"","adv-header-id-meta":"","stick-header-meta":"","header-above-stick-meta":"","header-main-stick-meta":"","header-below-stick-meta":"","astra-migrate-meta-layouts":"default","ast-page-background-enabled":"default","ast-page-background-meta":{"desktop":{"background-color":"var(--ast-global-color-4)","background-image":"","background-repeat":"repeat","background-position":"center center","background-size":"auto","background-attachment":"scroll","background-type":"","background-media":"","overlay-type":"","overlay-color":"","overlay-opacity":"","overlay-gradient":""},"tablet":{"background-color":"","background-image":"","background-repeat":"repeat","background-position":"center center","background-size":"auto","background-attachment":"scroll","background-type":"","background-media":"","overlay-type":"","overlay-color":"","overlay-opacity":"","overlay-gradient":""},"mobile":{"background-color":"","background-image":"","background-repeat":"repeat","background-position":"center center","background-size":"auto","background-attachment":"scroll","background-type":"","background-media":"","overlay-type":"","overlay-color":"","overlay-opacity":"","overlay-gradient":""}},"ast-content-background-meta":{"desktop":{"background-color":"var(--ast-global-color-5)","background-image":"","background-repeat":"repeat","background-position":"center center","background-size":"auto","background-attachment":"scroll","background-type":"","background-media":"","overlay-type":"","overlay-color":"","overlay-opacity":"","overlay-gradient":""},"tablet":{"background-color":"var(--ast-global-color-5)","background-image":"","background-repeat":"repeat","background-position":"center center","background-size":"auto","background-attachment":"scroll","background-type":"","background-media":"","overlay-type":"","overlay-color":"","overlay-opacity":"","overlay-gradient":""},"mobile":{"background-color":"var(--ast-global-color-5)","background-image":"","background-repeat":"repeat","background-position":"center center","background-size":"auto","background-attachment":"scroll","background-type":"","background-media":"","overlay-type":"","overlay-color":"","overlay-opacity":"","overlay-gradient":""}},"footnotes":""},"class_list":["ranking_","post-17318","page","type-page","status-publish","hentry"],"acf":[],"yoast_head":"<!-- This site is optimized with the Yoast SEO plugin v27.2 - https:\/\/yoast.com\/product\/yoast-seo-wordpress\/ -->\n<title>Wo zu kaufen - Nylabone<\/title>\n<meta name=\"robots\" content=\"index, follow, max-snippet:-1, max-image-preview:large, max-video-preview:-1\" \/>\n<link rel=\"canonical\" href=\"https:\/\/nylabone.co.uk\/de\/wo-zu-kaufen\/\" \/>\n<meta property=\"og:locale\" content=\"de_DE\" \/>\n<meta property=\"og:type\" content=\"article\" \/>\n<meta property=\"og:title\" content=\"Wo zu kaufen - Nylabone\" \/>\n<meta property=\"og:description\" content=\"Geben Sie unten Ihre Postleitzahl oder Ihren Ort ein, um den n\u00e4chstgelegenen H\u00e4ndler zu finden. Alternativ k\u00f6nnen Sie auch hier klicken, um einen Online-H\u00e4ndler zu finden. Wenn Sie ein aktueller H\u00e4ndler sind und in unseren Store Locator aufgenommen werden m\u00f6chten, [&hellip;]\" \/>\n<meta property=\"og:url\" content=\"https:\/\/nylabone.co.uk\/de\/wo-zu-kaufen\/\" \/>\n<meta property=\"og:site_name\" content=\"Nylabone\" \/>\n<meta property=\"article:modified_time\" content=\"2023-10-24T15:04:12+00:00\" \/>\n<meta name=\"twitter:card\" content=\"summary_large_image\" \/>\n<script type=\"application\/ld+json\" class=\"yoast-schema-graph\">{\"@context\":\"https:\/\/schema.org\",\"@graph\":[{\"@type\":\"WebPage\",\"@id\":\"https:\/\/nylabone.co.uk\/de\/wo-zu-kaufen\/\",\"url\":\"https:\/\/nylabone.co.uk\/de\/wo-zu-kaufen\/\",\"name\":\"Wo zu kaufen - Nylabone\",\"isPartOf\":{\"@id\":\"https:\/\/nylabone.co.uk\/#website\"},\"datePublished\":\"2022-07-29T12:36:59+00:00\",\"dateModified\":\"2023-10-24T15:04:12+00:00\",\"inLanguage\":\"de-DE\",\"potentialAction\":[{\"@type\":\"ReadAction\",\"target\":[\"https:\/\/nylabone.co.uk\/de\/wo-zu-kaufen\/\"]}]},{\"@type\":\"WebSite\",\"@id\":\"https:\/\/nylabone.co.uk\/#website\",\"url\":\"https:\/\/nylabone.co.uk\/\",\"name\":\"Nylabone\",\"description\":\"\",\"publisher\":{\"@id\":\"https:\/\/nylabone.co.uk\/#organization\"},\"potentialAction\":[{\"@type\":\"SearchAction\",\"target\":{\"@type\":\"EntryPoint\",\"urlTemplate\":\"https:\/\/nylabone.co.uk\/?s={search_term_string}\"},\"query-input\":{\"@type\":\"PropertyValueSpecification\",\"valueRequired\":true,\"valueName\":\"search_term_string\"}}],\"inLanguage\":\"de-DE\"},{\"@type\":\"Organization\",\"@id\":\"https:\/\/nylabone.co.uk\/#organization\",\"name\":\"Nylabone\",\"url\":\"https:\/\/nylabone.co.uk\/\",\"logo\":{\"@type\":\"ImageObject\",\"inLanguage\":\"de-DE\",\"@id\":\"https:\/\/nylabone.co.uk\/#\/schema\/logo\/image\/\",\"url\":\"https:\/\/nylabone.co.uk\/wp-content\/uploads\/2025\/08\/WEB_Nyla_70thLogoUpdates_BrandSiteTopLeftCorner_750x260.png\",\"contentUrl\":\"https:\/\/nylabone.co.uk\/wp-content\/uploads\/2025\/08\/WEB_Nyla_70thLogoUpdates_BrandSiteTopLeftCorner_750x260.png\",\"width\":750,\"height\":260,\"caption\":\"Nylabone\"},\"image\":{\"@id\":\"https:\/\/nylabone.co.uk\/#\/schema\/logo\/image\/\"}}]}<\/script>\n<!-- \/ Yoast SEO plugin. -->","yoast_head_json":{"title":"Wo zu kaufen - Nylabone","robots":{"index":"index","follow":"follow","max-snippet":"max-snippet:-1","max-image-preview":"max-image-preview:large","max-video-preview":"max-video-preview:-1"},"canonical":"https:\/\/nylabone.co.uk\/de\/wo-zu-kaufen\/","og_locale":"de_DE","og_type":"article","og_title":"Wo zu kaufen - Nylabone","og_description":"Geben Sie unten Ihre Postleitzahl oder Ihren Ort ein, um den n\u00e4chstgelegenen H\u00e4ndler zu finden. Alternativ k\u00f6nnen Sie auch hier klicken, um einen Online-H\u00e4ndler zu finden. Wenn Sie ein aktueller H\u00e4ndler sind und in unseren Store Locator aufgenommen werden m\u00f6chten, [&hellip;]","og_url":"https:\/\/nylabone.co.uk\/de\/wo-zu-kaufen\/","og_site_name":"Nylabone","article_modified_time":"2023-10-24T15:04:12+00:00","twitter_card":"summary_large_image","schema":{"@context":"https:\/\/schema.org","@graph":[{"@type":"WebPage","@id":"https:\/\/nylabone.co.uk\/de\/wo-zu-kaufen\/","url":"https:\/\/nylabone.co.uk\/de\/wo-zu-kaufen\/","name":"Wo zu kaufen - Nylabone","isPartOf":{"@id":"https:\/\/nylabone.co.uk\/#website"},"datePublished":"2022-07-29T12:36:59+00:00","dateModified":"2023-10-24T15:04:12+00:00","inLanguage":"de-DE","potentialAction":[{"@type":"ReadAction","target":["https:\/\/nylabone.co.uk\/de\/wo-zu-kaufen\/"]}]},{"@type":"WebSite","@id":"https:\/\/nylabone.co.uk\/#website","url":"https:\/\/nylabone.co.uk\/","name":"Nylabone","description":"","publisher":{"@id":"https:\/\/nylabone.co.uk\/#organization"},"potentialAction":[{"@type":"SearchAction","target":{"@type":"EntryPoint","urlTemplate":"https:\/\/nylabone.co.uk\/?s={search_term_string}"},"query-input":{"@type":"PropertyValueSpecification","valueRequired":true,"valueName":"search_term_string"}}],"inLanguage":"de-DE"},{"@type":"Organization","@id":"https:\/\/nylabone.co.uk\/#organization","name":"Nylabone","url":"https:\/\/nylabone.co.uk\/","logo":{"@type":"ImageObject","inLanguage":"de-DE","@id":"https:\/\/nylabone.co.uk\/#\/schema\/logo\/image\/","url":"https:\/\/nylabone.co.uk\/wp-content\/uploads\/2025\/08\/WEB_Nyla_70thLogoUpdates_BrandSiteTopLeftCorner_750x260.png","contentUrl":"https:\/\/nylabone.co.uk\/wp-content\/uploads\/2025\/08\/WEB_Nyla_70thLogoUpdates_BrandSiteTopLeftCorner_750x260.png","width":750,"height":260,"caption":"Nylabone"},"image":{"@id":"https:\/\/nylabone.co.uk\/#\/schema\/logo\/image\/"}}]}},"spectra_custom_meta":{"_wpml_media_duplicate":["0"],"_wpml_media_featured":["1"],"adv-header-id-meta":[""],"stick-header-meta":[""],"site-post-title":[""],"theme-transparent-header-meta":[""],"_top_nav_excluded":[""],"_cms_nav_minihome":[""],"_last_translation_edit_mode":["translation-editor"],"_uag_page_assets":["a:9:{s:3:\"css\";s:9016:\"[class*=\"uagb-columns__columns-\"],.uagb-columns__inner-wrap{position:relative;margin-left:auto;margin-right:auto;z-index:2;display:flex;flex-wrap:nowrap;width:100%}.uagb-columns__wrap{position:relative;margin-left:auto;margin-right:auto}.uagb-columns__wrap .uagb-columns__overlay,.uagb-columns__wrap .uagb-columns__video-wrap{height:100%;width:100%;top:0;left:0;position:absolute}.uagb-columns__wrap .uagb-columns__video-wrap{overflow:hidden;z-index:0;-webkit-transition:opacity 1s;-o-transition:opacity 1s;transition:opacity 1s}.uagb-columns__wrap .uagb-columns__video-wrap video{max-width:100%;width:100%;height:100%;margin:0;line-height:1;border:none;display:inline-block;vertical-align:baseline;-o-object-fit:cover;object-fit:cover;background-size:cover}.uagb-columns__wrap .uagb-columns__shape{overflow:hidden;position:absolute;left:0;width:100%;line-height:0;direction:ltr;z-index:1}.uagb-columns__wrap .uagb-columns__shape-top{top:-3px}.uagb-columns__wrap .uagb-columns__shape-bottom{bottom:-3px}.uagb-columns__wrap .uagb-columns__shape[data-negative=\"false\"].uagb-columns__shape-bottom,.uagb-columns__wrap .uagb-columns__shape[data-negative=\"true\"].uagb-columns__shape-top{-webkit-transform:rotate(180deg);-ms-transform:rotate(180deg);transform:rotate(180deg)}.uagb-columns__wrap .uagb-columns__shape.uagb-columns__shape-flip svg{transform:translateX(-50%) rotateY(180deg)}.uagb-columns__wrap .uagb-columns__shape svg{display:block;width:-webkit-calc(100% + 1.3px);width:calc(100% + 1.3px);position:relative;left:50%;-webkit-transform:translateX(-50%);-ms-transform:translateX(-50%);transform:translateX(-50%)}.uagb-columns__wrap .uagb-columns__shape .uagb-columns__shape-fill{fill:#333;-webkit-transform-origin:center;-ms-transform-origin:center;transform-origin:center;-webkit-transform:rotateY(0deg);transform:rotateY(0deg)}.uagb-columns__wrap .uagb-columns__shape.uagb-columns__shape-above-content{z-index:9;pointer-events:none}.uagb-columns__valign-center .uagb-column__wrap,.uagb-columns__valign-middle .uagb-column__wrap{display:flex;flex-direction:column;justify-content:center}.uagb-columns__valign-top .uagb-column__wrap{-webkit-box-align:flex-start;-webkit-align-items:flex-start;-ms-flex-align:flex-start;align-items:flex-start}.uagb-columns__valign-bottom .uagb-column__wrap{display:flex;flex-direction:column;justify-content:flex-end}.uagb-columns__columns-1>.uagb-column__wrap{width:100%}.uagb-columns__columns-2>.uagb-column__wrap{width:50%}.uagb-columns__columns-3>.uagb-column__wrap{width:33.33%}.uagb-columns__columns-4>.uagb-column__wrap{width:25%}.uagb-columns__columns-5>.uagb-column__wrap{width:20%}.uagb-columns__columns-6>.uagb-column__wrap{width:16.66%}.uagb-columns__gap-nogap>.uagb-columns__inner-wrap>.wp-block[data-type=\"uagb\/column\"]{padding:0}.uagb-columns__gap-default>.uagb-columns__inner-wrap>.wp-block[data-type=\"uagb\/column\"]{padding:10px}.uagb-columns__gap-narrow>.uagb-columns__inner-wrap>.wp-block[data-type=\"uagb\/column\"]{padding:5px}.uagb-columns__gap-extended>.uagb-columns__inner-wrap>.wp-block[data-type=\"uagb\/column\"]{padding:15px}.uagb-columns__gap-wide>.uagb-columns__inner-wrap>.wp-block[data-type=\"uagb\/column\"]{padding:20px}.uagb-columns__gap-wider>.uagb-columns__inner-wrap>.wp-block[data-type=\"uagb\/column\"]{padding:30px}@media (max-width: 976px){.uagb-columns__stack-tablet>.uagb-columns__columns-1>.uagb-column__wrap,.uagb-columns__stack-tablet>.uagb-columns__columns-2>.uagb-column__wrap,.uagb-columns__stack-tablet>.uagb-columns__columns-3>.uagb-column__wrap,.uagb-columns__stack-tablet>.uagb-columns__columns-4>.uagb-column__wrap,.uagb-columns__stack-tablet>.uagb-columns__columns-5>.uagb-column__wrap,.uagb-columns__stack-tablet>.uagb-columns__columns-6>.uagb-column__wrap{width:100% !important}.uagb-columns__stack-tablet{display:block}.uagb-columns__stack-tablet>.uagb-columns__inner-wrap{display:block}.uagb-columns__stack-tablet.uagb-columns__reverse-tablet .uagb-columns__inner-wrap{display:flex;flex-direction:column-reverse}.uagb-columns__reverse-tablet .uagb-columns__inner-wrap{display:flex;flex-direction:row-reverse}}@media (max-width: 767px){.uagb-columns__stack-mobile>.uagb-columns__columns-1>.uagb-column__wrap,.uagb-columns__stack-mobile>.uagb-columns__columns-2>.uagb-column__wrap,.uagb-columns__stack-mobile>.uagb-columns__columns-3>.uagb-column__wrap,.uagb-columns__stack-mobile>.uagb-columns__columns-4>.uagb-column__wrap,.uagb-columns__stack-mobile>.uagb-columns__columns-5>.uagb-column__wrap,.uagb-columns__stack-mobile>.uagb-columns__columns-6>.uagb-column__wrap{width:100% !important}.uagb-columns__stack-mobile{display:block}.uagb-columns__stack-mobile>.uagb-columns__inner-wrap{display:block}.uagb-columns__stack-mobile.uagb-columns__reverse-mobile .uagb-columns__inner-wrap,.uagb-columns__stack-mobile.uagb-columns__reverse-tablet .uagb-columns__inner-wrap{display:flex;flex-direction:column-reverse}.uagb-columns__stack-tablet.uagb-columns__reverse-mobile .uagb-columns__inner-wrap{display:flex;flex-direction:column-reverse}.uagb-columns__reverse-mobile .uagb-columns__inner-wrap{display:flex;flex-direction:row-reverse}}@media (min-width: 768px) and (max-width: 1024px){.wp-block-uagb-columns.uagb-columns__wrap.uagb-columns__background-image{background-attachment:scroll}}@media (max-width: 449px){.uagb-columns__wrap .uagb-column__wrap.uagb-column__background-image{background-attachment:scroll !important}}\n.uagb-column__wrap,.uagb-column__inner-wrap{margin-left:auto;margin-right:auto;position:relative;width:100%;z-index:2}.uagb-column__wrap{position:relative;overflow:visible}.uagb-column__wrap>*{z-index:1;width:100%;position:relative}.uagb-column__wrap .aligncenter{display:block;text-align:center}.uagb-column__wrap .aligncenter figcaption{display:block;text-align:center}.uagb-column__wrap .alignright{display:block;text-align:right}.uagb-column__wrap .alignright figcaption{display:block;text-align:right}.uagb-column__wrap .wp-block-image{width:100%}.uagb-column__wrap.uagb-column__align-left{margin-left:0;margin-right:auto}.uagb-column__wrap.uagb-column__align-right{margin-left:auto;margin-right:0}.uagb-column__wrap .uagb-column__video-wrap,.uagb-column__wrap .uagb-column__overlay{height:100%;width:100%;top:0;left:0;position:absolute;border-radius:inherit}.uagb-column__wrap .uagb-column__video-wrap{overflow:hidden;z-index:0;-webkit-transition:opacity 1s;-o-transition:opacity 1s;transition:opacity 1s}.uagb-column__wrap .uagb-column__video-wrap video{max-width:100%;width:100%;height:100%;margin:0;line-height:1;border:none;display:inline-block;vertical-align:baseline;-o-object-fit:cover;object-fit:cover;background-size:cover}.wp-block-uagb-columns>.editor-inner-blocks>.editor-block-list__layout>[data-type=\"uagb\/column\"]{display:flex;flex-direction:column;flex:1;padding-left:0;padding-right:0;margin-left:-14px;margin-right:-14px;min-width:0;word-break:break-word;overflow-wrap:break-word;flex-basis:100%}@media (max-width: 976px){.uagb-column__align-tablet-left{margin-left:0;margin-right:auto}.uagb-column__align-tablet-right{margin-left:auto;margin-right:0}}@media (max-width: 767px){.uagb-column__align-mobile-left{margin-left:0;margin-right:auto}.uagb-column__align-mobile-right{margin-left:auto;margin-right:0}}@media (max-width: 449px){.uagb-columns__wrap.uagb-columns__background-image{background-attachment:scroll !important}}\n.uagb-block-3f83ba7b.wp-block-uagb-columns.uagb-columns__wrap{padding-top: 0px;padding-bottom: 20px;padding-left: 20px;padding-right: 20px;margin-top: 0px;margin-bottom: 0px;}.uagb-block-3f83ba7b .uagb-columns__video-wrap{opacity: 0.5;}.uagb-block-3f83ba7b > .uagb-columns__inner-wrap{max-width: 1240px;}.uagb-block-3f83ba7b .uagb-column__inner-wrap{padding: 10px;}.uagb-block-3f83ba7b .uagb-column__wrap{padding: 10px;}.uagb-block-3f83ba7b .uagb-columns__shape.uagb-columns__shape-top .uagb-columns__shape-fill{fill: rgba(51,51,51,1);}.uagb-block-3f83ba7b .uagb-columns__shape.uagb-columns__shape-bottom .uagb-columns__shape-fill{fill: rgba(51,51,51,1);}.uagb-block-3f83ba7b.wp-block-uagb-columns{box-shadow: 0px 0px    ;}.uagb-block-3f83ba7b > .uagb-columns__overlay{border-radius:    ;}.uagb-block-3f83ba7b.uagb-columns__wrap{border-style: none;}.wp-block-uagb-column.uagb-block-06c9cf2a.uagb-column__wrap{border-style: none;width: 100%;}.wp-block-uagb-column.uagb-block-06c9cf2a > .uagb-column__overlay{border-radius:    ;}@media only screen and (max-width: 976px) {.uagb-block-3f83ba7b.uagb-columns__wrap{border-style: none;}.wp-block-uagb-column.uagb-block-06c9cf2a.uagb-column__wrap{border-style: none;}}@media only screen and (max-width: 767px) {.uagb-block-3f83ba7b.uagb-columns__wrap{border-style: none;}.wp-block-uagb-column.uagb-block-06c9cf2a.uagb-column__wrap{border-style: none;}}.uag-blocks-common-selector{z-index:var(--z-index-desktop) !important}@media (max-width: 976px){.uag-blocks-common-selector{z-index:var(--z-index-tablet) !important}}@media (max-width: 767px){.uag-blocks-common-selector{z-index:var(--z-index-mobile) !important}}\n\";s:2:\"js\";s:0:\"\";s:18:\"current_block_list\";a:13:{i:0;s:12:\"uagb\/columns\";i:1;s:11:\"uagb\/column\";i:2;s:14:\"core\/paragraph\";i:3;s:14:\"core\/shortcode\";i:4;s:11:\"core\/search\";i:5;s:12:\"core\/heading\";i:6;s:12:\"core\/columns\";i:7;s:11:\"core\/column\";i:8;s:10:\"core\/group\";i:9;s:12:\"core\/gallery\";i:10;s:10:\"core\/image\";i:11;s:15:\"core\/categories\";i:12;s:13:\"core\/archives\";}s:8:\"uag_flag\";b:1;s:11:\"uag_version\";s:10:\"1775631463\";s:6:\"gfonts\";a:0:{}s:10:\"gfonts_url\";s:0:\"\";s:12:\"gfonts_files\";a:0:{}s:14:\"uag_faq_layout\";b:0;}"],"_wpml_word_count":["{\"total\":58,\"to_translate\":{\"en\":58,\"fr\":58}}"],"ast-main-header-display":[""],"ast-hfb-above-header-display":[""],"ast-hfb-below-header-display":[""],"ast-hfb-mobile-header-display":[""],"footer-sml-layout":[""],"header-main-stick-meta":[""],"header-above-stick-meta":[""],"header-below-stick-meta":[""],"site-sidebar-layout":["default"],"site-content-layout":[""],"ast-featured-img":[""],"ast-breadcrumbs-content":[""],"ast-banner-title-visibility":[""],"ast-global-header-display":[""],"ast-site-content-layout":["default"],"site-content-style":["default"],"site-sidebar-style":["default"],"_wp_page_template":[""],"_uag_css_file_name":["uag-css-17318.css"]},"uagb_featured_image_src":{"full":false,"thumbnail":false,"medium":false,"medium_large":false,"large":false,"blz_expanded_feature":false,"gs-tiny":false,"xl":false,"xxl":false,"xxxl":false,"xxxxl":false,"xxxxxl":false,"1536x1536":false,"2048x2048":false,"woocommerce_thumbnail":false,"woocommerce_single":false,"woocommerce_gallery_thumbnail":false},"uagb_author_info":{"display_name":"admin","author_link":"https:\/\/nylabone.co.uk\/de\/author\/blaze\/"},"uagb_comment_info":0,"uagb_excerpt":"Geben Sie unten Ihre Postleitzahl oder Ihren Ort ein, um den n\u00e4chstgelegenen H\u00e4ndler zu finden. Alternativ k\u00f6nnen Sie auch hier klicken, um einen Online-H\u00e4ndler zu finden. Wenn Sie ein aktueller H\u00e4ndler sind und in unseren Store Locator aufgenommen werden m\u00f6chten, [&hellip;]","coauthors":[],"author_meta":{"author_link":"https:\/\/nylabone.co.uk\/de\/author\/blaze\/","display_name":"admin"},"relative_dates":{"created":"Posted 4 Jahren ago","modified":"Updated 2 Jahren ago"},"absolute_dates":{"created":"Posted on Juli 29, 2022","modified":"Updated on Oktober 24, 2023"},"absolute_dates_time":{"created":"Posted on Juli 29, 2022 12:36 pm","modified":"Updated on Oktober 24, 2023 3:04 pm"},"featured_img_caption":"","featured_img":false,"series_order":"","_links":{"self":[{"href":"https:\/\/nylabone.co.uk\/de\/wp-json\/wp\/v2\/pages\/17318","targetHints":{"allow":["GET"]}}],"collection":[{"href":"https:\/\/nylabone.co.uk\/de\/wp-json\/wp\/v2\/pages"}],"about":[{"href":"https:\/\/nylabone.co.uk\/de\/wp-json\/wp\/v2\/types\/page"}],"author":[{"embeddable":true,"href":"https:\/\/nylabone.co.uk\/de\/wp-json\/wp\/v2\/users\/1"}],"replies":[{"embeddable":true,"href":"https:\/\/nylabone.co.uk\/de\/wp-json\/wp\/v2\/comments?post=17318"}],"version-history":[{"count":1,"href":"https:\/\/nylabone.co.uk\/de\/wp-json\/wp\/v2\/pages\/17318\/revisions"}],"predecessor-version":[{"id":17321,"href":"https:\/\/nylabone.co.uk\/de\/wp-json\/wp\/v2\/pages\/17318\/revisions\/17321"}],"wp:attachment":[{"href":"https:\/\/nylabone.co.uk\/de\/wp-json\/wp\/v2\/media?parent=17318"}],"curies":[{"name":"wp","href":"https:\/\/api.w.org\/{rel}","templated":true}]}}