{"id":16111,"date":"2022-06-20T13:01:59","date_gmt":"2022-06-20T13:01:59","guid":{"rendered":"https:\/\/nylabone.co.uk\/product\/unkategorisiert\/rindfleisch-eintopf-gemuese-extreme-puppy-bone-large\/"},"modified":"2025-02-13T10:48:12","modified_gmt":"2025-02-13T10:48:12","slug":"rind-stew-gemuese-extrem-welpenknochen-gross","status":"publish","type":"product","link":"https:\/\/nylabone.co.uk\/de\/product\/welpen-kauartikel\/rind-stew-gemuese-extrem-welpenknochen-gross\/","title":{"rendered":"Rind Eintopf &amp; Gem\u00fcse Extreme Puppy Bone &#8211; Large"},"content":{"rendered":"<p>F\u00fcr den Welpen mit erwachsenen Z\u00e4hnen!<\/p>\n","protected":false},"excerpt":{"rendered":"<p>F\u00fcr den Welpen mit erwachsenen Z\u00e4hnen!<\/p>\n","protected":false},"author":1,"featured_media":19846,"comment_status":"closed","ping_status":"closed","template":"","meta":{"_acf_changed":false,"_relevanssi_hide_post":"","_relevanssi_hide_content":"","_relevanssi_pin_for_all":"","_relevanssi_pin_keywords":"","_relevanssi_unpin_keywords":"","_relevanssi_related_keywords":"","_relevanssi_related_include_ids":"","_relevanssi_related_exclude_ids":"","_relevanssi_related_no_append":"","_relevanssi_related_not_related":"","_relevanssi_related_posts":"","_relevanssi_noindex_reason":"","inline_featured_image":false,"_uag_custom_page_level_css":"","advgb_blocks_editor_width":"","advgb_blocks_columns_visual_guide":"","site-sidebar-layout":"default","site-content-layout":"","ast-site-content-layout":"default","site-content-style":"default","site-sidebar-style":"default","ast-global-header-display":"","ast-banner-title-visibility":"","ast-main-header-display":"","ast-hfb-above-header-display":"","ast-hfb-below-header-display":"","ast-hfb-mobile-header-display":"","site-post-title":"","ast-breadcrumbs-content":"","ast-featured-img":"","footer-sml-layout":"","ast-disable-related-posts":"","theme-transparent-header-meta":"","adv-header-id-meta":"","stick-header-meta":"","header-above-stick-meta":"","header-main-stick-meta":"","header-below-stick-meta":"","astra-migrate-meta-layouts":"set","ast-page-background-enabled":"default","ast-page-background-meta":{"desktop":{"background-color":"var(--ast-global-color-4)","background-image":"","background-repeat":"repeat","background-position":"center center","background-size":"auto","background-attachment":"scroll","background-type":"","background-media":"","overlay-type":"","overlay-color":"","overlay-opacity":"","overlay-gradient":""},"tablet":{"background-color":"","background-image":"","background-repeat":"repeat","background-position":"center center","background-size":"auto","background-attachment":"scroll","background-type":"","background-media":"","overlay-type":"","overlay-color":"","overlay-opacity":"","overlay-gradient":""},"mobile":{"background-color":"","background-image":"","background-repeat":"repeat","background-position":"center center","background-size":"auto","background-attachment":"scroll","background-type":"","background-media":"","overlay-type":"","overlay-color":"","overlay-opacity":"","overlay-gradient":""}},"ast-content-background-meta":{"desktop":{"background-color":"var(--ast-global-color-5)","background-image":"","background-repeat":"repeat","background-position":"center center","background-size":"auto","background-attachment":"scroll","background-type":"","background-media":"","overlay-type":"","overlay-color":"","overlay-opacity":"","overlay-gradient":""},"tablet":{"background-color":"var(--ast-global-color-5)","background-image":"","background-repeat":"repeat","background-position":"center center","background-size":"auto","background-attachment":"scroll","background-type":"","background-media":"","overlay-type":"","overlay-color":"","overlay-opacity":"","overlay-gradient":""},"mobile":{"background-color":"var(--ast-global-color-5)","background-image":"","background-repeat":"repeat","background-position":"center center","background-size":"auto","background-attachment":"scroll","background-type":"","background-media":"","overlay-type":"","overlay-color":"","overlay-opacity":"","overlay-gradient":""}}},"product_brand":[],"product_cat":[74],"product_tag":[],"inspiration_category":[],"class_list":{"0":"ranking_100","1":"post-16111","2":"product","3":"type-product","4":"status-publish","5":"has-post-thumbnail","7":"product_cat-welpen-kauartikel","8":"FACET-Pack_SIze=1 Packung","9":"FACET-Dog_Size=Gro\u00dfe Hunde (bis zu 23 kg)","10":"FACET-Texture=Extra Textur","11":"desktop-align-left","12":"tablet-align-left","13":"mobile-align-left","14":"ast-product-gallery-layout-horizontal","15":"ast-product-gallery-with-no-image","16":"ast-product-tabs-layout-horizontal","18":"first","19":"instock","20":"shipping-taxable","21":"purchasable","22":"product-type-simple"},"acf":[],"yoast_head":"<!-- This site is optimized with the Yoast SEO plugin v27.2 - https:\/\/yoast.com\/product\/yoast-seo-wordpress\/ -->\n<title>Rind Eintopf &amp; Gem\u00fcse Extreme Puppy Bone - Large - Nylabone<\/title>\n<meta name=\"robots\" content=\"index, follow, max-snippet:-1, max-image-preview:large, max-video-preview:-1\" \/>\n<link rel=\"canonical\" href=\"https:\/\/nylabone.co.uk\/de\/product\/welpen-kauartikel\/rind-stew-gemuese-extrem-welpenknochen-gross\/\" \/>\n<meta property=\"og:locale\" content=\"de_DE\" \/>\n<meta property=\"og:type\" content=\"article\" \/>\n<meta property=\"og:title\" content=\"Rind Eintopf &amp; Gem\u00fcse Extreme Puppy Bone - Large - Nylabone\" \/>\n<meta property=\"og:description\" content=\"F\u00fcr den Welpen mit erwachsenen Z\u00e4hnen!\" \/>\n<meta property=\"og:url\" content=\"https:\/\/nylabone.co.uk\/de\/product\/welpen-kauartikel\/rind-stew-gemuese-extrem-welpenknochen-gross\/\" \/>\n<meta property=\"og:site_name\" content=\"Nylabone\" \/>\n<meta property=\"article:modified_time\" content=\"2025-02-13T10:48:12+00:00\" \/>\n<meta property=\"og:image\" content=\"https:\/\/nylabone.co.uk\/wp-content\/uploads\/2022\/06\/629736aab441d6.26165791-scaled.jpg\" \/>\n\t<meta property=\"og:image:width\" content=\"2048\" \/>\n\t<meta property=\"og:image:height\" content=\"2048\" \/>\n\t<meta property=\"og:image:type\" content=\"image\/jpeg\" \/>\n<meta name=\"twitter:card\" content=\"summary_large_image\" \/>\n<meta name=\"twitter:label1\" content=\"Est. reading time\" \/>\n\t<meta name=\"twitter:data1\" content=\"1 Minute\" \/>\n<script type=\"application\/ld+json\" class=\"yoast-schema-graph\">{\"@context\":\"https:\/\/schema.org\",\"@graph\":[{\"@type\":\"WebPage\",\"@id\":\"https:\/\/nylabone.co.uk\/de\/product\/welpen-kauartikel\/rind-stew-gemuese-extrem-welpenknochen-gross\/\",\"url\":\"https:\/\/nylabone.co.uk\/de\/product\/welpen-kauartikel\/rind-stew-gemuese-extrem-welpenknochen-gross\/\",\"name\":\"Rind Eintopf &amp; Gem\u00fcse Extreme Puppy Bone - Large - Nylabone\",\"isPartOf\":{\"@id\":\"https:\/\/nylabone.co.uk\/#website\"},\"primaryImageOfPage\":{\"@id\":\"https:\/\/nylabone.co.uk\/de\/product\/welpen-kauartikel\/rind-stew-gemuese-extrem-welpenknochen-gross\/#primaryimage\"},\"image\":{\"@id\":\"https:\/\/nylabone.co.uk\/de\/product\/welpen-kauartikel\/rind-stew-gemuese-extrem-welpenknochen-gross\/#primaryimage\"},\"thumbnailUrl\":\"https:\/\/nylabone.co.uk\/wp-content\/uploads\/2025\/02\/629736aab441d6.26165791-scaled.jpg\",\"datePublished\":\"2022-06-20T13:01:59+00:00\",\"dateModified\":\"2025-02-13T10:48:12+00:00\",\"breadcrumb\":{\"@id\":\"https:\/\/nylabone.co.uk\/de\/product\/welpen-kauartikel\/rind-stew-gemuese-extrem-welpenknochen-gross\/#breadcrumb\"},\"inLanguage\":\"de-DE\",\"potentialAction\":[{\"@type\":\"ReadAction\",\"target\":[\"https:\/\/nylabone.co.uk\/de\/product\/welpen-kauartikel\/rind-stew-gemuese-extrem-welpenknochen-gross\/\"]}]},{\"@type\":\"ImageObject\",\"inLanguage\":\"de-DE\",\"@id\":\"https:\/\/nylabone.co.uk\/de\/product\/welpen-kauartikel\/rind-stew-gemuese-extrem-welpenknochen-gross\/#primaryimage\",\"url\":\"https:\/\/nylabone.co.uk\/wp-content\/uploads\/2025\/02\/629736aab441d6.26165791-scaled.jpg\",\"contentUrl\":\"https:\/\/nylabone.co.uk\/wp-content\/uploads\/2025\/02\/629736aab441d6.26165791-scaled.jpg\",\"width\":2048,\"height\":2048},{\"@type\":\"BreadcrumbList\",\"@id\":\"https:\/\/nylabone.co.uk\/de\/product\/welpen-kauartikel\/rind-stew-gemuese-extrem-welpenknochen-gross\/#breadcrumb\",\"itemListElement\":[{\"@type\":\"ListItem\",\"position\":1,\"name\":\"Produkte\",\"item\":\"https:\/\/nylabone.co.uk\/de\/treffen-sie-die-nylabone-familie\/\"},{\"@type\":\"ListItem\",\"position\":2,\"name\":\"Welpen Kauen\",\"item\":\"https:\/\/nylabone.co.uk\/de\/shop\/welpen-kauartikel\/\"},{\"@type\":\"ListItem\",\"position\":3,\"name\":\"Rind Eintopf &amp; Gem\u00fcse Extreme Puppy Bone &#8211; Large\"}]},{\"@type\":\"WebSite\",\"@id\":\"https:\/\/nylabone.co.uk\/#website\",\"url\":\"https:\/\/nylabone.co.uk\/\",\"name\":\"Nylabone\",\"description\":\"\",\"publisher\":{\"@id\":\"https:\/\/nylabone.co.uk\/#organization\"},\"potentialAction\":[{\"@type\":\"SearchAction\",\"target\":{\"@type\":\"EntryPoint\",\"urlTemplate\":\"https:\/\/nylabone.co.uk\/?s={search_term_string}\"},\"query-input\":{\"@type\":\"PropertyValueSpecification\",\"valueRequired\":true,\"valueName\":\"search_term_string\"}}],\"inLanguage\":\"de-DE\"},{\"@type\":\"Organization\",\"@id\":\"https:\/\/nylabone.co.uk\/#organization\",\"name\":\"Nylabone\",\"url\":\"https:\/\/nylabone.co.uk\/\",\"logo\":{\"@type\":\"ImageObject\",\"inLanguage\":\"de-DE\",\"@id\":\"https:\/\/nylabone.co.uk\/#\/schema\/logo\/image\/\",\"url\":\"https:\/\/nylabone.co.uk\/wp-content\/uploads\/2025\/08\/WEB_Nyla_70thLogoUpdates_BrandSiteTopLeftCorner_750x260.png\",\"contentUrl\":\"https:\/\/nylabone.co.uk\/wp-content\/uploads\/2025\/08\/WEB_Nyla_70thLogoUpdates_BrandSiteTopLeftCorner_750x260.png\",\"width\":750,\"height\":260,\"caption\":\"Nylabone\"},\"image\":{\"@id\":\"https:\/\/nylabone.co.uk\/#\/schema\/logo\/image\/\"}}]}<\/script>\n<!-- \/ Yoast SEO plugin. -->","yoast_head_json":{"title":"Rind Eintopf &amp; Gem\u00fcse Extreme Puppy Bone - Large - Nylabone","robots":{"index":"index","follow":"follow","max-snippet":"max-snippet:-1","max-image-preview":"max-image-preview:large","max-video-preview":"max-video-preview:-1"},"canonical":"https:\/\/nylabone.co.uk\/de\/product\/welpen-kauartikel\/rind-stew-gemuese-extrem-welpenknochen-gross\/","og_locale":"de_DE","og_type":"article","og_title":"Rind Eintopf &amp; Gem\u00fcse Extreme Puppy Bone - Large - Nylabone","og_description":"F\u00fcr den Welpen mit erwachsenen Z\u00e4hnen!","og_url":"https:\/\/nylabone.co.uk\/de\/product\/welpen-kauartikel\/rind-stew-gemuese-extrem-welpenknochen-gross\/","og_site_name":"Nylabone","article_modified_time":"2025-02-13T10:48:12+00:00","og_image":[{"width":2048,"height":2048,"url":"https:\/\/nylabone.co.uk\/wp-content\/uploads\/2022\/06\/629736aab441d6.26165791-scaled.jpg","type":"image\/jpeg"}],"twitter_card":"summary_large_image","twitter_misc":{"Est. reading time":"1 Minute"},"schema":{"@context":"https:\/\/schema.org","@graph":[{"@type":"WebPage","@id":"https:\/\/nylabone.co.uk\/de\/product\/welpen-kauartikel\/rind-stew-gemuese-extrem-welpenknochen-gross\/","url":"https:\/\/nylabone.co.uk\/de\/product\/welpen-kauartikel\/rind-stew-gemuese-extrem-welpenknochen-gross\/","name":"Rind Eintopf &amp; Gem\u00fcse Extreme Puppy Bone - Large - Nylabone","isPartOf":{"@id":"https:\/\/nylabone.co.uk\/#website"},"primaryImageOfPage":{"@id":"https:\/\/nylabone.co.uk\/de\/product\/welpen-kauartikel\/rind-stew-gemuese-extrem-welpenknochen-gross\/#primaryimage"},"image":{"@id":"https:\/\/nylabone.co.uk\/de\/product\/welpen-kauartikel\/rind-stew-gemuese-extrem-welpenknochen-gross\/#primaryimage"},"thumbnailUrl":"https:\/\/nylabone.co.uk\/wp-content\/uploads\/2025\/02\/629736aab441d6.26165791-scaled.jpg","datePublished":"2022-06-20T13:01:59+00:00","dateModified":"2025-02-13T10:48:12+00:00","breadcrumb":{"@id":"https:\/\/nylabone.co.uk\/de\/product\/welpen-kauartikel\/rind-stew-gemuese-extrem-welpenknochen-gross\/#breadcrumb"},"inLanguage":"de-DE","potentialAction":[{"@type":"ReadAction","target":["https:\/\/nylabone.co.uk\/de\/product\/welpen-kauartikel\/rind-stew-gemuese-extrem-welpenknochen-gross\/"]}]},{"@type":"ImageObject","inLanguage":"de-DE","@id":"https:\/\/nylabone.co.uk\/de\/product\/welpen-kauartikel\/rind-stew-gemuese-extrem-welpenknochen-gross\/#primaryimage","url":"https:\/\/nylabone.co.uk\/wp-content\/uploads\/2025\/02\/629736aab441d6.26165791-scaled.jpg","contentUrl":"https:\/\/nylabone.co.uk\/wp-content\/uploads\/2025\/02\/629736aab441d6.26165791-scaled.jpg","width":2048,"height":2048},{"@type":"BreadcrumbList","@id":"https:\/\/nylabone.co.uk\/de\/product\/welpen-kauartikel\/rind-stew-gemuese-extrem-welpenknochen-gross\/#breadcrumb","itemListElement":[{"@type":"ListItem","position":1,"name":"Produkte","item":"https:\/\/nylabone.co.uk\/de\/treffen-sie-die-nylabone-familie\/"},{"@type":"ListItem","position":2,"name":"Welpen Kauen","item":"https:\/\/nylabone.co.uk\/de\/shop\/welpen-kauartikel\/"},{"@type":"ListItem","position":3,"name":"Rind Eintopf &amp; Gem\u00fcse Extreme Puppy Bone &#8211; Large"}]},{"@type":"WebSite","@id":"https:\/\/nylabone.co.uk\/#website","url":"https:\/\/nylabone.co.uk\/","name":"Nylabone","description":"","publisher":{"@id":"https:\/\/nylabone.co.uk\/#organization"},"potentialAction":[{"@type":"SearchAction","target":{"@type":"EntryPoint","urlTemplate":"https:\/\/nylabone.co.uk\/?s={search_term_string}"},"query-input":{"@type":"PropertyValueSpecification","valueRequired":true,"valueName":"search_term_string"}}],"inLanguage":"de-DE"},{"@type":"Organization","@id":"https:\/\/nylabone.co.uk\/#organization","name":"Nylabone","url":"https:\/\/nylabone.co.uk\/","logo":{"@type":"ImageObject","inLanguage":"de-DE","@id":"https:\/\/nylabone.co.uk\/#\/schema\/logo\/image\/","url":"https:\/\/nylabone.co.uk\/wp-content\/uploads\/2025\/08\/WEB_Nyla_70thLogoUpdates_BrandSiteTopLeftCorner_750x260.png","contentUrl":"https:\/\/nylabone.co.uk\/wp-content\/uploads\/2025\/08\/WEB_Nyla_70thLogoUpdates_BrandSiteTopLeftCorner_750x260.png","width":750,"height":260,"caption":"Nylabone"},"image":{"@id":"https:\/\/nylabone.co.uk\/#\/schema\/logo\/image\/"}}]}},"spectra_custom_meta":{"_wcml_average_rating":[null],"_wcml_review_count":[null],"_wcml_rating_count":[null],"_backorders":["no"],"_download_limit":["-1"],"_download_expiry":["-1"],"_downloadable":["no"],"_manage_stock":["no"],"_sku":["985017EU"],"_stock_status":["instock"],"_sold_individually":["no"],"_tax_class":[""],"_tax_status":["taxable"],"_virtual":["no"],"total_sales":["0"],"_wpml_media_duplicate":["1"],"_wpml_media_featured":["1"],"_top_nav_excluded":[""],"_cms_nav_minihome":[""],"UPC_Code":["018214851868"],"Pack_Contains":["1 x Rind Stew & Gem\u00fcse Extreme Puppy Bone - Large"],"Why_buy_me":["Hergestellt aus robustem, langlebigem Nylon wurde dieses Spielzeug f\u00fcr kr\u00e4ftige Welpenkauer entwickelt ~ Rindfleisch & Gem\u00fcse ~ Ideal f\u00fcr gro\u00dfe Hunde bis zu 23 kg"],"One_Line_Descriptor":["F\u00fcr den Welpen mit erwachsenen Z\u00e4hnen!"],"Expanded_Feature_1":["\n          <p>Ewig anhaltender Geschmack<br>\nK\u00f6stlicher Geschmack von Rind und Gem\u00fcse, damit Ihr Welpe l\u00e4nger kauen kann<\/p>\n          \n\n        "],"Expanded_Feature_2":["\n          <p>Ideal f\u00fcr die dentale Hygiene<br>\nWinzige Borsten heben sich beim Kauen vom Knochen ab, wie eine Mini-Zahnb\u00fcrste, um die Z\u00e4hne sauber zu halten und die Bildung von Zahnstein zu verhindern<\/p>\n          \n\n        "],"Expanded_Feature_3":["\n          <p>Besiege die Langeweile<br>\nBefriedigen Sie den nat\u00fcrlichen Kautrieb Ihres Welpen und besch\u00e4ftigen Sie ihn mit etwas Schmackhaftem und Dauerhaftem zum Kauen<\/p>\n          \n\n        "],"Key_Features":["Befolgen Sie einige unserer Tipps, um das Beste aus Ihrem Welpen Nylabone ~ Um Ihren Welpen mit seinem neuen Kauartikel zu begeistern, kratzen Sie einfach an einer harten, rauen Oberfl\u00e4che, um den Geschmack zu beleben, erwecken Sie einen alten Knochen auf die gleiche Weise wieder zum Leben. ~ Um Ihr Kauen sauber zu halten, schrubben Sie es mit einer B\u00fcrste unter warmem Wasser und verwenden Sie ein mildes, ungiftiges Reinigungsmittel, und sp\u00fclen Sie es gr\u00fcndlich aus. ~ \u00dcberpr\u00fcfen Sie das Kauen Ihres Welpen regelm\u00e4\u00dfig und vergewissern Sie sich, dass es ganz und intakt ist und keine Teile fehlen. Ersetzen Sie ihn immer, wenn die Enden der Kn\u00f6chel abgenutzt sind oder wenn er zu klein wird, um sicher zu kauen. ~ Diese nicht essbaren Kauen werden aus Nylon hergestellt. Sie sind NICHT zum Verzehr bestimmt.  "],"Weight_KG":["0.09"],"Related_Products":["983674EU, 983667, 984102EU, 983676"],"Warnings":["~ \u00dcberpr\u00fcfen Sie den Knochen Ihres Hundes regelm\u00e4\u00dfig und stellen Sie sicher, dass er ganz und intakt ist und keine Teile fehlen. ~ Bei fehlenden Teilen immer ersetzen. ~ Diese nicht essbaren Kauen werden aus Nylon hergestellt. Sie sind NICHT zum Verzehr bestimmt.  "],"Pack_SIze":["1 Packung"],"Available_For_Dosage_Calculator":["N"],"Dosage_Pod":["N"],"Dog_Size":["Gro\u00dfe Hunde (bis zu 23 kg)"],"Texture":["Extra Textur"],"Chew_Size":["Gro\u00df  "],"Dog_Weight":["Bis zu 23 kg"],"Flavour":["Rind"],"Material":["Nylon, Schmalz, Rind und Erbsen- und Karottengeschmack (nicht tierisch)"],"Languages_on_packaging":["GB, DE, FR, IT, NL, ES, PL, DK  "],"Bone_Length":["19,8 cm"],"Product_Overview":["Die Welpenphase ist eine wichtige Gelegenheit, Ihrem Welpen gutes Kauen beizubringen. Welpen erforschen mit dem Maul ihre Umgebung, spielen und lindern vor allem Zahnungsbeschwerden. In der Welpenphase gibt es einen Zeitraum, in dem die Welpen beginnen, ihre erwachsenen Z\u00e4hne zu entwickeln. Mit diesen erwachsenen Z\u00e4hnen kommt ein kr\u00e4ftigeres Kauen, und deshalb ist ein st\u00e4rkeres Kauen erforderlich. Diese Puppy Extreme Chew Produkte wurden speziell f\u00fcr die extrem kauenden Welpen entwickelt. Sobald Ihr Welpe erwachsen geworden ist, wird er auf das Kauspielzeug Extreme umsteigen. Diese Kauspielzeuge f\u00fcr Welpen haben einen zus\u00e4tzlichen Geschmack, damit Ihr Welpe l\u00e4nger kauen kann. Dieses Produkt hat einen k\u00f6stlichen Rindfleisch-Eintopf- und Gem\u00fcsegeschmack, was bedeutet, dass der Geschmack so lange anh\u00e4lt, wie das Kauen dauert. Sie sind nicht bespr\u00fcht, getaucht oder in irgendeiner Weise beschichtet, so dass es keine Chance gibt, dass der leckere Geschmack abgeleckt wird! Die Materialien sind so widerstandsf\u00e4hig wie echte Knochen, bergen aber nicht die gleichen Gefahren. Wir beherrschen die Herstellung von Kauspielzeug seit \u00fcber 50 Jahren und haben ein Herstellungsverfahren, das seinesgleichen sucht. Wir sorgen daf\u00fcr, dass das Spielzeug nicht splittert, sondern dass die sch\u00f6ne glatte Oberfl\u00e4che beim Kauen aufgeraut wird und sich winzige Borsten auf dem Knochen erheben, die wie eine Mini-Zahnb\u00fcrste wirken und dazu beitragen, dass die Z\u00e4hne Ihrer Welpen sauber bleiben und sich kein Zahnstein bildet. Falls Ihr Welpe doch etwas abbei\u00dft, sollte es immer nur so klein wie ein Reiskorn sein, und diese k\u00f6nnen beim Verschlucken weitergegeben werden, sie stellen keine Erstickungsgefahr dar.  "],"wcml_sync_hash":["a:1:{s:15:\"postmeta_fields\";s:32:\"f268d36a030b4e21261f243efe3dd0ae\";}"],"attr_label_translations":["a:0:{}"],"_product_attributes":["a:0:{}"],"_thumbnail_id":["19846"],"_product_image_gallery":[""],"_default_attributes":["a:0:{}"],"_upsell_ids":["a:0:{}"],"_crosssell_ids":["a:0:{}"],"_children":["a:0:{}"],"_edit_lock":["1698748850:3"],"_edit_last":["3"],"_stock":[null],"_wc_average_rating":[0],"_wc_review_count":["0"],"_product_version":["9.4.3"],"astra-migrate-meta-layouts":["set"],"_last_translation_edit_mode":["native-editor"],"_yoast_wpseo_primary_product_cat":[""],"_yoast_wpseo_estimated-reading-time-minutes":["1"],"_yoast_wpseo_wordproof_timestamp":[""],"_uag_page_assets":["a:9:{s:3:\"css\";s:263:\".uag-blocks-common-selector{z-index:var(--z-index-desktop) !important}@media (max-width: 976px){.uag-blocks-common-selector{z-index:var(--z-index-tablet) !important}}@media (max-width: 767px){.uag-blocks-common-selector{z-index:var(--z-index-mobile) !important}}\n\";s:2:\"js\";s:0:\"\";s:18:\"current_block_list\";a:11:{i:0;s:11:\"core\/search\";i:1;s:12:\"core\/heading\";i:2;s:14:\"core\/paragraph\";i:3;s:12:\"core\/columns\";i:4;s:11:\"core\/column\";i:5;s:10:\"core\/group\";i:6;s:12:\"core\/gallery\";i:7;s:10:\"core\/image\";i:8;s:14:\"core\/shortcode\";i:9;s:15:\"core\/categories\";i:10;s:13:\"core\/archives\";}s:8:\"uag_flag\";b:0;s:11:\"uag_version\";s:10:\"1775499819\";s:6:\"gfonts\";a:0:{}s:10:\"gfonts_url\";s:0:\"\";s:12:\"gfonts_files\";a:0:{}s:14:\"uag_faq_layout\";b:0;}"],"_wpml_word_count":["{\"total\":595,\"to_translate\":{\"en\":595,\"fr\":595}}"],"image_id_product_only":["19846"],"image_id_icons":["19850"],"image_id_feature_image_1":["19854"],"image_id_feature_image_2":["19858"],"image_id_feature_image_3":["19862"],"_regular_price":["12.59"],"_price":["12.59"],"Favourites_Ranking":["100"],"_uag_css_file_name":["uag-css-16111.css"],"_wc_rating_count":[""]},"uagb_featured_image_src":{"full":["https:\/\/nylabone.co.uk\/wp-content\/uploads\/2025\/02\/629736aab441d6.26165791-scaled.jpg",2048,2048,false],"thumbnail":["https:\/\/nylabone.co.uk\/wp-content\/uploads\/2025\/02\/629736aab441d6.26165791-150x150.jpg",150,150,true],"medium":["https:\/\/nylabone.co.uk\/wp-content\/uploads\/2025\/02\/629736aab441d6.26165791-300x300.jpg",300,300,true],"medium_large":["https:\/\/nylabone.co.uk\/wp-content\/uploads\/2025\/02\/629736aab441d6.26165791-768x768.jpg",768,768,true],"large":["https:\/\/nylabone.co.uk\/wp-content\/uploads\/2025\/02\/629736aab441d6.26165791-1024x1024.jpg",1024,1024,true],"blz_expanded_feature":["https:\/\/nylabone.co.uk\/wp-content\/uploads\/2025\/02\/629736aab441d6.26165791-275x220.jpg",275,220,true],"gs-tiny":["https:\/\/nylabone.co.uk\/wp-content\/uploads\/2025\/02\/629736aab441d6.26165791-50x50.jpg",50,50,true],"xl":["https:\/\/nylabone.co.uk\/wp-content\/uploads\/2025\/02\/629736aab441d6.26165791-1600x1600.jpg",1600,1600,true],"xxl":["https:\/\/nylabone.co.uk\/wp-content\/uploads\/2025\/02\/629736aab441d6.26165791-2200x2200.jpg",2200,2200,true],"xxxl":["https:\/\/nylabone.co.uk\/wp-content\/uploads\/2025\/02\/629736aab441d6.26165791-2800x2800.jpg",2800,2800,true],"xxxxl":["https:\/\/nylabone.co.uk\/wp-content\/uploads\/2025\/02\/629736aab441d6.26165791-3400x3400.jpg",3400,3400,true],"xxxxxl":["https:\/\/nylabone.co.uk\/wp-content\/uploads\/2025\/02\/629736aab441d6.26165791-4000x4000.jpg",4000,4000,true],"1536x1536":["https:\/\/nylabone.co.uk\/wp-content\/uploads\/2025\/02\/629736aab441d6.26165791-1536x1536.jpg",1536,1536,true],"2048x2048":["https:\/\/nylabone.co.uk\/wp-content\/uploads\/2025\/02\/629736aab441d6.26165791-2048x2048.jpg",2048,2048,true],"woocommerce_thumbnail":["https:\/\/nylabone.co.uk\/wp-content\/uploads\/2025\/02\/629736aab441d6.26165791-300x300.jpg",300,300,true],"woocommerce_single":["https:\/\/nylabone.co.uk\/wp-content\/uploads\/2025\/02\/629736aab441d6.26165791-600x600.jpg",600,600,true],"woocommerce_gallery_thumbnail":["https:\/\/nylabone.co.uk\/wp-content\/uploads\/2025\/02\/629736aab441d6.26165791-100x100.jpg",100,100,true]},"uagb_author_info":{"display_name":"admin","author_link":"https:\/\/nylabone.co.uk\/de\/author\/blaze\/"},"uagb_comment_info":0,"uagb_excerpt":"F\u00fcr den Welpen mit erwachsenen Z\u00e4hnen!","featured_img":"https:\/\/nylabone.co.uk\/wp-content\/uploads\/2025\/02\/629736aab441d6.26165791-scaled.jpg","coauthors":[],"author_meta":{"author_link":"https:\/\/nylabone.co.uk\/de\/author\/blaze\/","display_name":"admin"},"relative_dates":{"created":"Posted 4 Jahren ago","modified":"Updated 1 Jahr ago"},"absolute_dates":{"created":"Posted on Juni 20, 2022","modified":"Updated on Februar 13, 2025"},"absolute_dates_time":{"created":"Posted on Juni 20, 2022 1:01 pm","modified":"Updated on Februar 13, 2025 10:48 am"},"featured_img_caption":"","tax_additional":{"product_brand":{"linked":[],"unlinked":[],"slug":"product_brand","name":"Brands"},"product_type":{"linked":["<a href=\"https:\/\/nylabone.co.uk\/de\/?taxonomy=product_type&#038;term=simple\" class=\"advgb-post-tax-term\">simple<\/a>"],"unlinked":["<span class=\"advgb-post-tax-term\">simple<\/span>"],"slug":"product_type","name":"Produkttyp"},"product_visibility":{"linked":[],"unlinked":[],"slug":"product_visibility","name":"Sichtbarkeit des Produkts"},"product_cat":{"linked":["<a href=\"https:\/\/nylabone.co.uk\/de\/shop\/welpen-kauartikel\/\" class=\"advgb-post-tax-term\">Welpen Kauen<\/a>"],"unlinked":["<span class=\"advgb-post-tax-term\">Welpen Kauen<\/span>"],"slug":"product_cat","name":"Produkt-Kategorien"},"product_tag":{"linked":[],"unlinked":[],"slug":"product_tag","name":"Produkt Schlagw\u00f6rter"},"product_shipping_class":{"linked":[],"unlinked":[],"slug":"product_shipping_class","name":"Produkt Versandklasse"},"translation_priority":{"linked":["<a href=\"https:\/\/nylabone.co.uk\/de\/?taxonomy=translation_priority&#038;term=optional\" class=\"advgb-post-tax-term\">Optional<\/a>"],"unlinked":["<span class=\"advgb-post-tax-term\">Optional<\/span>"],"slug":"translation_priority","name":"\u00dcbersetzungspriorit\u00e4ten"},"inspiration_category":{"linked":[],"unlinked":[],"slug":"inspiration_category","name":"Inspiration Kategorien"}},"series_order":"","_links":{"self":[{"href":"https:\/\/nylabone.co.uk\/de\/wp-json\/wp\/v2\/product\/16111","targetHints":{"allow":["GET"]}}],"collection":[{"href":"https:\/\/nylabone.co.uk\/de\/wp-json\/wp\/v2\/product"}],"about":[{"href":"https:\/\/nylabone.co.uk\/de\/wp-json\/wp\/v2\/types\/product"}],"replies":[{"embeddable":true,"href":"https:\/\/nylabone.co.uk\/de\/wp-json\/wp\/v2\/comments?post=16111"}],"wp:featuredmedia":[{"embeddable":true,"href":"https:\/\/nylabone.co.uk\/de\/wp-json\/wp\/v2\/media\/19846"}],"wp:attachment":[{"href":"https:\/\/nylabone.co.uk\/de\/wp-json\/wp\/v2\/media?parent=16111"}],"wp:term":[{"taxonomy":"product_brand","embeddable":true,"href":"https:\/\/nylabone.co.uk\/de\/wp-json\/wp\/v2\/product_brand?post=16111"},{"taxonomy":"product_cat","embeddable":true,"href":"https:\/\/nylabone.co.uk\/de\/wp-json\/wp\/v2\/product_cat?post=16111"},{"taxonomy":"product_tag","embeddable":true,"href":"https:\/\/nylabone.co.uk\/de\/wp-json\/wp\/v2\/product_tag?post=16111"},{"taxonomy":"inspiration_category","embeddable":true,"href":"https:\/\/nylabone.co.uk\/de\/wp-json\/wp\/v2\/inspiration_category?post=16111"}],"curies":[{"name":"wp","href":"https:\/\/api.w.org\/{rel}","templated":true}]}}