{"id":16118,"date":"2023-01-30T17:19:11","date_gmt":"2023-01-30T17:19:11","guid":{"rendered":"https:\/\/nylabone.co.uk\/product\/unkategorisiert\/rind-max-strong-cone-chew-medium\/"},"modified":"2025-02-13T13:13:08","modified_gmt":"2025-02-13T13:13:08","slug":"rind-max-stark-kegel-kauen-medium","status":"publish","type":"product","link":"https:\/\/nylabone.co.uk\/de\/product\/starkes-kaue\/rind-max-stark-kegel-kauen-medium\/","title":{"rendered":"Rind MAX Strong Cone Chew &#8211; Medium"},"content":{"rendered":"<p>F\u00fcllen Sie ihn mit Leckereien und Brotaufstrichen!<\/p>\n","protected":false},"excerpt":{"rendered":"<p>F\u00fcllen Sie ihn mit Leckereien und Brotaufstrichen!<\/p>\n","protected":false},"author":4,"featured_media":19929,"comment_status":"closed","ping_status":"closed","template":"","meta":{"_acf_changed":false,"_relevanssi_hide_post":"","_relevanssi_hide_content":"","_relevanssi_pin_for_all":"","_relevanssi_pin_keywords":"","_relevanssi_unpin_keywords":"","_relevanssi_related_keywords":"","_relevanssi_related_include_ids":"","_relevanssi_related_exclude_ids":"","_relevanssi_related_no_append":"","_relevanssi_related_not_related":"","_relevanssi_related_posts":"","_relevanssi_noindex_reason":"","inline_featured_image":false,"_uag_custom_page_level_css":"","advgb_blocks_editor_width":"","advgb_blocks_columns_visual_guide":"","site-sidebar-layout":"default","site-content-layout":"","ast-site-content-layout":"default","site-content-style":"default","site-sidebar-style":"default","ast-global-header-display":"","ast-banner-title-visibility":"","ast-main-header-display":"","ast-hfb-above-header-display":"","ast-hfb-below-header-display":"","ast-hfb-mobile-header-display":"","site-post-title":"","ast-breadcrumbs-content":"","ast-featured-img":"","footer-sml-layout":"","ast-disable-related-posts":"","theme-transparent-header-meta":"","adv-header-id-meta":"","stick-header-meta":"","header-above-stick-meta":"","header-main-stick-meta":"","header-below-stick-meta":"","astra-migrate-meta-layouts":"default","ast-page-background-enabled":"default","ast-page-background-meta":{"desktop":{"background-color":"var(--ast-global-color-4)","background-image":"","background-repeat":"repeat","background-position":"center center","background-size":"auto","background-attachment":"scroll","background-type":"","background-media":"","overlay-type":"","overlay-color":"","overlay-opacity":"","overlay-gradient":""},"tablet":{"background-color":"","background-image":"","background-repeat":"repeat","background-position":"center center","background-size":"auto","background-attachment":"scroll","background-type":"","background-media":"","overlay-type":"","overlay-color":"","overlay-opacity":"","overlay-gradient":""},"mobile":{"background-color":"","background-image":"","background-repeat":"repeat","background-position":"center center","background-size":"auto","background-attachment":"scroll","background-type":"","background-media":"","overlay-type":"","overlay-color":"","overlay-opacity":"","overlay-gradient":""}},"ast-content-background-meta":{"desktop":{"background-color":"var(--ast-global-color-5)","background-image":"","background-repeat":"repeat","background-position":"center center","background-size":"auto","background-attachment":"scroll","background-type":"","background-media":"","overlay-type":"","overlay-color":"","overlay-opacity":"","overlay-gradient":""},"tablet":{"background-color":"var(--ast-global-color-5)","background-image":"","background-repeat":"repeat","background-position":"center center","background-size":"auto","background-attachment":"scroll","background-type":"","background-media":"","overlay-type":"","overlay-color":"","overlay-opacity":"","overlay-gradient":""},"mobile":{"background-color":"var(--ast-global-color-5)","background-image":"","background-repeat":"repeat","background-position":"center center","background-size":"auto","background-attachment":"scroll","background-type":"","background-media":"","overlay-type":"","overlay-color":"","overlay-opacity":"","overlay-gradient":""}}},"product_brand":[],"product_cat":[78],"product_tag":[],"inspiration_category":[],"class_list":{"0":"ranking_100","1":"post-16118","2":"product","3":"type-product","4":"status-publish","5":"has-post-thumbnail","7":"product_cat-starkes-kaue","8":"FACET-Type=Stark Kauen","9":"FACET-Pack_SIze=1 Packung","10":"FACET-Dog_Size=Mittlere Hunde (bis zu 16 kg)","11":"FACET-Texture=Extra Textur","12":"desktop-align-left","13":"tablet-align-left","14":"mobile-align-left","15":"ast-product-gallery-layout-horizontal","16":"ast-product-gallery-with-no-image","17":"ast-product-tabs-layout-horizontal","19":"first","20":"instock","21":"shipping-taxable","22":"purchasable","23":"product-type-simple"},"acf":[],"yoast_head":"<!-- This site is optimized with the Yoast SEO plugin v27.2 - https:\/\/yoast.com\/product\/yoast-seo-wordpress\/ -->\n<title>Rind MAX Strong Cone Chew - Medium - Nylabone<\/title>\n<meta name=\"robots\" content=\"index, follow, max-snippet:-1, max-image-preview:large, max-video-preview:-1\" \/>\n<link rel=\"canonical\" href=\"https:\/\/nylabone.co.uk\/de\/product\/starkes-kaue\/rind-max-stark-kegel-kauen-medium\/\" \/>\n<meta property=\"og:locale\" content=\"de_DE\" \/>\n<meta property=\"og:type\" content=\"article\" \/>\n<meta property=\"og:title\" content=\"Rind MAX Strong Cone Chew - Medium - Nylabone\" \/>\n<meta property=\"og:description\" content=\"F\u00fcllen Sie ihn mit Leckereien und Brotaufstrichen!\" \/>\n<meta property=\"og:url\" content=\"https:\/\/nylabone.co.uk\/de\/product\/starkes-kaue\/rind-max-stark-kegel-kauen-medium\/\" \/>\n<meta property=\"og:site_name\" content=\"Nylabone\" \/>\n<meta property=\"article:modified_time\" content=\"2025-02-13T13:13:08+00:00\" \/>\n<meta property=\"og:image\" content=\"https:\/\/nylabone.co.uk\/wp-content\/uploads\/2025\/02\/63d3f5de5692a7.34412532.jpg\" \/>\n\t<meta property=\"og:image:width\" content=\"768\" \/>\n\t<meta property=\"og:image:height\" content=\"768\" \/>\n\t<meta property=\"og:image:type\" content=\"image\/jpeg\" \/>\n<meta name=\"twitter:card\" content=\"summary_large_image\" \/>\n<script type=\"application\/ld+json\" class=\"yoast-schema-graph\">{\"@context\":\"https:\/\/schema.org\",\"@graph\":[{\"@type\":\"WebPage\",\"@id\":\"https:\/\/nylabone.co.uk\/de\/product\/starkes-kaue\/rind-max-stark-kegel-kauen-medium\/\",\"url\":\"https:\/\/nylabone.co.uk\/de\/product\/starkes-kaue\/rind-max-stark-kegel-kauen-medium\/\",\"name\":\"Rind MAX Strong Cone Chew - Medium - Nylabone\",\"isPartOf\":{\"@id\":\"https:\/\/nylabone.co.uk\/#website\"},\"primaryImageOfPage\":{\"@id\":\"https:\/\/nylabone.co.uk\/de\/product\/starkes-kaue\/rind-max-stark-kegel-kauen-medium\/#primaryimage\"},\"image\":{\"@id\":\"https:\/\/nylabone.co.uk\/de\/product\/starkes-kaue\/rind-max-stark-kegel-kauen-medium\/#primaryimage\"},\"thumbnailUrl\":\"https:\/\/nylabone.co.uk\/wp-content\/uploads\/2025\/02\/63d3f5de5692a7.34412532.jpg\",\"datePublished\":\"2023-01-30T17:19:11+00:00\",\"dateModified\":\"2025-02-13T13:13:08+00:00\",\"breadcrumb\":{\"@id\":\"https:\/\/nylabone.co.uk\/de\/product\/starkes-kaue\/rind-max-stark-kegel-kauen-medium\/#breadcrumb\"},\"inLanguage\":\"de-DE\",\"potentialAction\":[{\"@type\":\"ReadAction\",\"target\":[\"https:\/\/nylabone.co.uk\/de\/product\/starkes-kaue\/rind-max-stark-kegel-kauen-medium\/\"]}]},{\"@type\":\"ImageObject\",\"inLanguage\":\"de-DE\",\"@id\":\"https:\/\/nylabone.co.uk\/de\/product\/starkes-kaue\/rind-max-stark-kegel-kauen-medium\/#primaryimage\",\"url\":\"https:\/\/nylabone.co.uk\/wp-content\/uploads\/2025\/02\/63d3f5de5692a7.34412532.jpg\",\"contentUrl\":\"https:\/\/nylabone.co.uk\/wp-content\/uploads\/2025\/02\/63d3f5de5692a7.34412532.jpg\",\"width\":768,\"height\":768},{\"@type\":\"BreadcrumbList\",\"@id\":\"https:\/\/nylabone.co.uk\/de\/product\/starkes-kaue\/rind-max-stark-kegel-kauen-medium\/#breadcrumb\",\"itemListElement\":[{\"@type\":\"ListItem\",\"position\":1,\"name\":\"Produkte\",\"item\":\"https:\/\/nylabone.co.uk\/de\/treffen-sie-die-nylabone-familie\/\"},{\"@type\":\"ListItem\",\"position\":2,\"name\":\"Starkes Kauen\",\"item\":\"https:\/\/nylabone.co.uk\/de\/shop\/starkes-kaue\/\"},{\"@type\":\"ListItem\",\"position\":3,\"name\":\"Rind MAX Strong Cone Chew &#8211; Medium\"}]},{\"@type\":\"WebSite\",\"@id\":\"https:\/\/nylabone.co.uk\/#website\",\"url\":\"https:\/\/nylabone.co.uk\/\",\"name\":\"Nylabone\",\"description\":\"\",\"publisher\":{\"@id\":\"https:\/\/nylabone.co.uk\/#organization\"},\"potentialAction\":[{\"@type\":\"SearchAction\",\"target\":{\"@type\":\"EntryPoint\",\"urlTemplate\":\"https:\/\/nylabone.co.uk\/?s={search_term_string}\"},\"query-input\":{\"@type\":\"PropertyValueSpecification\",\"valueRequired\":true,\"valueName\":\"search_term_string\"}}],\"inLanguage\":\"de-DE\"},{\"@type\":\"Organization\",\"@id\":\"https:\/\/nylabone.co.uk\/#organization\",\"name\":\"Nylabone\",\"url\":\"https:\/\/nylabone.co.uk\/\",\"logo\":{\"@type\":\"ImageObject\",\"inLanguage\":\"de-DE\",\"@id\":\"https:\/\/nylabone.co.uk\/#\/schema\/logo\/image\/\",\"url\":\"https:\/\/nylabone.co.uk\/wp-content\/uploads\/2025\/08\/WEB_Nyla_70thLogoUpdates_BrandSiteTopLeftCorner_750x260.png\",\"contentUrl\":\"https:\/\/nylabone.co.uk\/wp-content\/uploads\/2025\/08\/WEB_Nyla_70thLogoUpdates_BrandSiteTopLeftCorner_750x260.png\",\"width\":750,\"height\":260,\"caption\":\"Nylabone\"},\"image\":{\"@id\":\"https:\/\/nylabone.co.uk\/#\/schema\/logo\/image\/\"}}]}<\/script>\n<!-- \/ Yoast SEO plugin. -->","yoast_head_json":{"title":"Rind MAX Strong Cone Chew - Medium - Nylabone","robots":{"index":"index","follow":"follow","max-snippet":"max-snippet:-1","max-image-preview":"max-image-preview:large","max-video-preview":"max-video-preview:-1"},"canonical":"https:\/\/nylabone.co.uk\/de\/product\/starkes-kaue\/rind-max-stark-kegel-kauen-medium\/","og_locale":"de_DE","og_type":"article","og_title":"Rind MAX Strong Cone Chew - Medium - Nylabone","og_description":"F\u00fcllen Sie ihn mit Leckereien und Brotaufstrichen!","og_url":"https:\/\/nylabone.co.uk\/de\/product\/starkes-kaue\/rind-max-stark-kegel-kauen-medium\/","og_site_name":"Nylabone","article_modified_time":"2025-02-13T13:13:08+00:00","og_image":[{"width":768,"height":768,"url":"https:\/\/nylabone.co.uk\/wp-content\/uploads\/2025\/02\/63d3f5de5692a7.34412532.jpg","type":"image\/jpeg"}],"twitter_card":"summary_large_image","schema":{"@context":"https:\/\/schema.org","@graph":[{"@type":"WebPage","@id":"https:\/\/nylabone.co.uk\/de\/product\/starkes-kaue\/rind-max-stark-kegel-kauen-medium\/","url":"https:\/\/nylabone.co.uk\/de\/product\/starkes-kaue\/rind-max-stark-kegel-kauen-medium\/","name":"Rind MAX Strong Cone Chew - Medium - Nylabone","isPartOf":{"@id":"https:\/\/nylabone.co.uk\/#website"},"primaryImageOfPage":{"@id":"https:\/\/nylabone.co.uk\/de\/product\/starkes-kaue\/rind-max-stark-kegel-kauen-medium\/#primaryimage"},"image":{"@id":"https:\/\/nylabone.co.uk\/de\/product\/starkes-kaue\/rind-max-stark-kegel-kauen-medium\/#primaryimage"},"thumbnailUrl":"https:\/\/nylabone.co.uk\/wp-content\/uploads\/2025\/02\/63d3f5de5692a7.34412532.jpg","datePublished":"2023-01-30T17:19:11+00:00","dateModified":"2025-02-13T13:13:08+00:00","breadcrumb":{"@id":"https:\/\/nylabone.co.uk\/de\/product\/starkes-kaue\/rind-max-stark-kegel-kauen-medium\/#breadcrumb"},"inLanguage":"de-DE","potentialAction":[{"@type":"ReadAction","target":["https:\/\/nylabone.co.uk\/de\/product\/starkes-kaue\/rind-max-stark-kegel-kauen-medium\/"]}]},{"@type":"ImageObject","inLanguage":"de-DE","@id":"https:\/\/nylabone.co.uk\/de\/product\/starkes-kaue\/rind-max-stark-kegel-kauen-medium\/#primaryimage","url":"https:\/\/nylabone.co.uk\/wp-content\/uploads\/2025\/02\/63d3f5de5692a7.34412532.jpg","contentUrl":"https:\/\/nylabone.co.uk\/wp-content\/uploads\/2025\/02\/63d3f5de5692a7.34412532.jpg","width":768,"height":768},{"@type":"BreadcrumbList","@id":"https:\/\/nylabone.co.uk\/de\/product\/starkes-kaue\/rind-max-stark-kegel-kauen-medium\/#breadcrumb","itemListElement":[{"@type":"ListItem","position":1,"name":"Produkte","item":"https:\/\/nylabone.co.uk\/de\/treffen-sie-die-nylabone-familie\/"},{"@type":"ListItem","position":2,"name":"Starkes Kauen","item":"https:\/\/nylabone.co.uk\/de\/shop\/starkes-kaue\/"},{"@type":"ListItem","position":3,"name":"Rind MAX Strong Cone Chew &#8211; Medium"}]},{"@type":"WebSite","@id":"https:\/\/nylabone.co.uk\/#website","url":"https:\/\/nylabone.co.uk\/","name":"Nylabone","description":"","publisher":{"@id":"https:\/\/nylabone.co.uk\/#organization"},"potentialAction":[{"@type":"SearchAction","target":{"@type":"EntryPoint","urlTemplate":"https:\/\/nylabone.co.uk\/?s={search_term_string}"},"query-input":{"@type":"PropertyValueSpecification","valueRequired":true,"valueName":"search_term_string"}}],"inLanguage":"de-DE"},{"@type":"Organization","@id":"https:\/\/nylabone.co.uk\/#organization","name":"Nylabone","url":"https:\/\/nylabone.co.uk\/","logo":{"@type":"ImageObject","inLanguage":"de-DE","@id":"https:\/\/nylabone.co.uk\/#\/schema\/logo\/image\/","url":"https:\/\/nylabone.co.uk\/wp-content\/uploads\/2025\/08\/WEB_Nyla_70thLogoUpdates_BrandSiteTopLeftCorner_750x260.png","contentUrl":"https:\/\/nylabone.co.uk\/wp-content\/uploads\/2025\/08\/WEB_Nyla_70thLogoUpdates_BrandSiteTopLeftCorner_750x260.png","width":750,"height":260,"caption":"Nylabone"},"image":{"@id":"https:\/\/nylabone.co.uk\/#\/schema\/logo\/image\/"}}]}},"spectra_custom_meta":{"_wcml_average_rating":[null],"_wcml_review_count":[null],"_wcml_rating_count":[null],"_backorders":["no"],"_download_limit":["-1"],"_download_expiry":["-1"],"_downloadable":["no"],"_manage_stock":["no"],"_sku":["985055EU"],"_stock_status":["instock"],"_sold_individually":["no"],"_tax_class":[""],"_tax_status":["taxable"],"_virtual":["no"],"total_sales":["0"],"_wpml_media_duplicate":["1"],"_wpml_media_featured":["1"],"_top_nav_excluded":[""],"_cms_nav_minihome":[""],"wcml_sync_hash":["a:1:{s:15:\"postmeta_fields\";s:32:\"84401e4452227a664a68c619a050423d\";}"],"attr_label_translations":["a:0:{}"],"_product_attributes":["a:0:{}"],"_thumbnail_id":["19929"],"_product_image_gallery":[""],"_default_attributes":["a:0:{}"],"_upsell_ids":["a:0:{}"],"_crosssell_ids":["a:0:{}"],"_children":["a:0:{}"],"_wpml_word_count":["{\"total\":419,\"to_translate\":{\"en\":419,\"fr\":419}}"],"_stock":[null],"_wc_average_rating":[0],"_wc_review_count":["0"],"_product_version":["9.4.3"],"image_id_product_only":["19926"],"image_id_icons":["19930"],"image_id_feature_image_1":["19934"],"image_id_feature_image_2":["19938"],"image_id_feature_image_3":["19942"],"_regular_price":["13.85"],"_price":["13.85"],"Favourites_Ranking":["100"],"_last_translation_edit_mode":["translation-editor"],"UPC_Code":["018214853428"],"Pack_Contains":["1x Rind MAX Strong Cone Chew - Medium"],"Why_buy_me":["\n          <p>Hergestellt aus MAX-starkem, haltbarem Gummi wurden diese Spielzeuge f\u00fcr die Kauer gemacht die gerne auf Spielzeugen kauen, die ein wenig nachgeben.<\/p>\n          \n\n          <p>~ Rind<br> ~ Hilft bei der Reinigung der Z\u00e4hne und erfrischt den Atem mit jedem Kauen<br> ~ Ideal f\u00fcr gro\u00dfe Hunde bis zu 16 kg  <\/p>\n          \n\n        "],"One_Line_Descriptor":["F\u00fcllen Sie ihn mit Leckereien und Brotaufstrichen!"],"Expanded_Feature_1":["\n          <p>F\u00fcllen Sie ihn mit Leckereien<br>F\u00fcllen Sie ihn mit Leckereien und Aufstrichen, wie Kibble und Erdnussbutter<\/p>\n          \n\n        "],"Expanded_Feature_2":["\n          <p>Ewig anhaltender Geschmack<br>K\u00f6stlicher rind Geschmack, damit Ihr Hund l\u00e4nger Freude an seinem Spielzeug hat.<\/p>\n          \n\n        "],"Expanded_Feature_3":["\n          <p>Extra Textur<br>Mit vielen Noppen gegen Langeweile und f\u00fcr besonders saubere Z\u00e4hne  <\/p>\n          \n\n        "],"Key_Features":["\n          <p>Befolgen Sie einige unserer Tipps, um das Beste aus dem Nylabone Ihres Hundes herauszuholen:<br>~ Um Ihren Hund mit seinem neuen Spielzeug zu begeistern, f\u00fcllen Sie ihn mit seinen Lieblingsleckerlis und -aufstrichen wie Trockenfutter und Erdnussbutter.<br>~ Das Spielzeug kann kann f\u00fcr zus\u00e4tzlichen Spa\u00df eingefroren werden.<br>~ Um Ihre Kauen sauber zu halten, schrubben Sie sie mit einer B\u00fcrste unter warmem Wasser und verwenden Sie ein mildes, ungiftiges Reinigungsmittel und sp\u00fclen Sie sie gr\u00fcndlich aus.<br>~ \u00dcberpr\u00fcfen Sie Ihren Hund Kauen regelm\u00e4\u00dfig und vergewissern Sie sich, dass er ganz und intakt ist und keine Teile fehlen. Wenn Ihr Hund doch einmal etwas abbei\u00dft, sollte es nur so klein wie ein Reiskorn sein, und diese k\u00f6nnen verschluckt werden, stellen aber keine Erstickungsgefahr dar. Ersetzen Sie ihn immer, wenn er abgenutzt ist oder zu klein wird, um sicher zu kauen.<br>~ Diese nicht essbaren Kauen werden aus Nylon hergestellt. Sie sind NICHT zum Verzehr bestimmt.  <\/p>\n          \n\n        "],"Weight_KG":["0.67"],"Related_Products":["985056EU, 985050EU 984656, 985051EU"],"Warnings":["Es ist wichtig, dass Sie die richtige Gr\u00f6\u00dfe und Art von Kauen f\u00fcr das Alter, das Gewicht und die Kaukraft Ihres Hundes ausw\u00e4hlen. Nicht essbare Kauen sollten gro\u00df genug sein, um das Kauen von der Seite und nicht von oben oder unten zu f\u00f6rdern. Wenn Sie mehr als einen Hund in Ihrem Haushalt haben, w\u00e4hlen Sie Kauen f\u00fcr den gr\u00f6\u00dften und st\u00e4rksten Kauer. Beaufsichtigen Sie immer die Verwendung aller Kauen & Spielzeuge. Die Produkte sind nicht zum Fressen oder Verschlucken bestimmt. Wenn Sie glauben, dass Ihr Hund ein St\u00fcck verschluckt hat, nehmen Sie das Produkt weg und wenden Sie sich an Ihren Tierarzt. \u00dcberpr\u00fcfen Sie das Produkt, bevor Sie es Ihrem Hund geben, um sicherzustellen, dass es ganz und intakt ist. \u00dcberpr\u00fcfen Sie es regelm\u00e4\u00dfig und ersetzen Sie es, wenn es abgenutzt oder besch\u00e4digt ist oder wenn es zu klein wird, um es sicher zu Kauen. Waschen Sie das Produkt von Hand mit warmem Seifenwasser und sp\u00fclen Sie es gr\u00fcndlich aus.        "],"Type":["Stark Kauen"],"Pack_SIze":["1 Packung"],"Available_For_Dosage_Calculator":["N"],"Dosage_Pod":["N"],"Dog_Size":["Mittlere Hunde (bis zu 16 kg)"],"Texture":["Extra Textur"],"Chew_Size":["Mittel"],"Dog_Weight":["Bis zu 16 kg"],"Flavour":["Rind"],"Material":["Gummi, k\u00fcnstliches Rindfleischaroma"],"Languages_on_packaging":["Englisch, Deutsch, Franz\u00f6sisch, Italienisch"],"Bone_Length":["10,2 cm"],"Product_Overview":["Die Nylabone Strong Cones sind das perfekte Belohnungsspielzeug. Sie k\u00f6nnen mit den Lieblingsleckerlis Ihres Hundes gef\u00fcllt werden. Das Gummimaterial l\u00e4sst sich beim Kauen leicht biegen und nachgeben, und die Form ist leicht zu greifen. Diese stopfbaren Kauen Spielzeuge haben einen k\u00f6stlichen rind Geschmack. Das bedeutet, dass der Geschmack so lange anh\u00e4lt, wie die Kauen. Sie sind nicht bespr\u00fcht, getaucht oder in irgendeiner Weise beschichtet, so dass es keine Chance gibt, dass der leckere Geschmack abgeleckt wird! Das verwendete Material ist ein hochwertiges Naturkautschuk, mit viel Sprungkraft! Die Nylabone Gummispielzeuge machen nicht nur Spa\u00df, sondern helfen auch, die Z\u00e4hne Ihres Hundes sauber zu halten und die Bildung von Zahnstein zu verhindern."],"_uag_page_assets":["a:9:{s:3:\"css\";s:263:\".uag-blocks-common-selector{z-index:var(--z-index-desktop) !important}@media (max-width: 976px){.uag-blocks-common-selector{z-index:var(--z-index-tablet) !important}}@media (max-width: 767px){.uag-blocks-common-selector{z-index:var(--z-index-mobile) !important}}\n\";s:2:\"js\";s:0:\"\";s:18:\"current_block_list\";a:11:{i:0;s:11:\"core\/search\";i:1;s:12:\"core\/heading\";i:2;s:14:\"core\/paragraph\";i:3;s:12:\"core\/columns\";i:4;s:11:\"core\/column\";i:5;s:10:\"core\/group\";i:6;s:12:\"core\/gallery\";i:7;s:10:\"core\/image\";i:8;s:14:\"core\/shortcode\";i:9;s:15:\"core\/categories\";i:10;s:13:\"core\/archives\";}s:8:\"uag_flag\";b:0;s:11:\"uag_version\";s:10:\"1775816274\";s:6:\"gfonts\";a:0:{}s:10:\"gfonts_url\";s:0:\"\";s:12:\"gfonts_files\";a:0:{}s:14:\"uag_faq_layout\";b:0;}"],"_uag_css_file_name":["uag-css-16118.css"],"_wc_rating_count":[""]},"uagb_featured_image_src":{"full":["https:\/\/nylabone.co.uk\/wp-content\/uploads\/2025\/02\/63d3f5de5692a7.34412532.jpg",768,768,false],"thumbnail":["https:\/\/nylabone.co.uk\/wp-content\/uploads\/2025\/02\/63d3f5de5692a7.34412532-150x150.jpg",150,150,true],"medium":["https:\/\/nylabone.co.uk\/wp-content\/uploads\/2025\/02\/63d3f5de5692a7.34412532-300x300.jpg",300,300,true],"medium_large":["https:\/\/nylabone.co.uk\/wp-content\/uploads\/2025\/02\/63d3f5de5692a7.34412532.jpg",768,768,false],"large":["https:\/\/nylabone.co.uk\/wp-content\/uploads\/2025\/02\/63d3f5de5692a7.34412532.jpg",768,768,false],"blz_expanded_feature":["https:\/\/nylabone.co.uk\/wp-content\/uploads\/2025\/02\/63d3f5de5692a7.34412532-275x220.jpg",275,220,true],"gs-tiny":["https:\/\/nylabone.co.uk\/wp-content\/uploads\/2025\/02\/63d3f5de5692a7.34412532-50x50.jpg",50,50,true],"xl":["https:\/\/nylabone.co.uk\/wp-content\/uploads\/2025\/02\/63d3f5de5692a7.34412532.jpg",768,768,false],"xxl":["https:\/\/nylabone.co.uk\/wp-content\/uploads\/2025\/02\/63d3f5de5692a7.34412532.jpg",768,768,false],"xxxl":["https:\/\/nylabone.co.uk\/wp-content\/uploads\/2025\/02\/63d3f5de5692a7.34412532.jpg",768,768,false],"xxxxl":["https:\/\/nylabone.co.uk\/wp-content\/uploads\/2025\/02\/63d3f5de5692a7.34412532.jpg",768,768,false],"xxxxxl":["https:\/\/nylabone.co.uk\/wp-content\/uploads\/2025\/02\/63d3f5de5692a7.34412532.jpg",768,768,false],"1536x1536":["https:\/\/nylabone.co.uk\/wp-content\/uploads\/2025\/02\/63d3f5de5692a7.34412532.jpg",768,768,false],"2048x2048":["https:\/\/nylabone.co.uk\/wp-content\/uploads\/2025\/02\/63d3f5de5692a7.34412532.jpg",768,768,false],"woocommerce_thumbnail":["https:\/\/nylabone.co.uk\/wp-content\/uploads\/2025\/02\/63d3f5de5692a7.34412532-300x300.jpg",300,300,true],"woocommerce_single":["https:\/\/nylabone.co.uk\/wp-content\/uploads\/2025\/02\/63d3f5de5692a7.34412532-600x600.jpg",600,600,true],"woocommerce_gallery_thumbnail":["https:\/\/nylabone.co.uk\/wp-content\/uploads\/2025\/02\/63d3f5de5692a7.34412532-100x100.jpg",100,100,true]},"uagb_author_info":{"display_name":"Hazz Scott","author_link":"https:\/\/nylabone.co.uk\/de\/author\/hazz-scott\/"},"uagb_comment_info":0,"uagb_excerpt":"F\u00fcllen Sie ihn mit Leckereien und Brotaufstrichen!","featured_img":"https:\/\/nylabone.co.uk\/wp-content\/uploads\/2025\/02\/63d3f5de5692a7.34412532.jpg","coauthors":[],"author_meta":{"author_link":"https:\/\/nylabone.co.uk\/de\/author\/hazz-scott\/","display_name":"Hazz Scott"},"relative_dates":{"created":"Posted 3 Jahren ago","modified":"Updated 1 Jahr ago"},"absolute_dates":{"created":"Posted on Januar 30, 2023","modified":"Updated on Februar 13, 2025"},"absolute_dates_time":{"created":"Posted on Januar 30, 2023 5:19 pm","modified":"Updated on Februar 13, 2025 1:13 pm"},"featured_img_caption":"","tax_additional":{"product_brand":{"linked":[],"unlinked":[],"slug":"product_brand","name":"Brands"},"product_type":{"linked":["<a href=\"https:\/\/nylabone.co.uk\/de\/?taxonomy=product_type&#038;term=simple\" class=\"advgb-post-tax-term\">simple<\/a>"],"unlinked":["<span class=\"advgb-post-tax-term\">simple<\/span>"],"slug":"product_type","name":"Produkttyp"},"product_visibility":{"linked":[],"unlinked":[],"slug":"product_visibility","name":"Sichtbarkeit des Produkts"},"product_cat":{"linked":["<a href=\"https:\/\/nylabone.co.uk\/de\/shop\/starkes-kaue\/\" class=\"advgb-post-tax-term\">Starkes Kauen<\/a>"],"unlinked":["<span class=\"advgb-post-tax-term\">Starkes Kauen<\/span>"],"slug":"product_cat","name":"Produkt-Kategorien"},"product_tag":{"linked":[],"unlinked":[],"slug":"product_tag","name":"Produkt Schlagw\u00f6rter"},"product_shipping_class":{"linked":[],"unlinked":[],"slug":"product_shipping_class","name":"Produkt Versandklasse"},"translation_priority":{"linked":["<a href=\"https:\/\/nylabone.co.uk\/de\/?taxonomy=translation_priority&#038;term=optional\" class=\"advgb-post-tax-term\">Optional<\/a>"],"unlinked":["<span class=\"advgb-post-tax-term\">Optional<\/span>"],"slug":"translation_priority","name":"\u00dcbersetzungspriorit\u00e4ten"},"inspiration_category":{"linked":[],"unlinked":[],"slug":"inspiration_category","name":"Inspiration Kategorien"}},"series_order":"","_links":{"self":[{"href":"https:\/\/nylabone.co.uk\/de\/wp-json\/wp\/v2\/product\/16118","targetHints":{"allow":["GET"]}}],"collection":[{"href":"https:\/\/nylabone.co.uk\/de\/wp-json\/wp\/v2\/product"}],"about":[{"href":"https:\/\/nylabone.co.uk\/de\/wp-json\/wp\/v2\/types\/product"}],"replies":[{"embeddable":true,"href":"https:\/\/nylabone.co.uk\/de\/wp-json\/wp\/v2\/comments?post=16118"}],"wp:featuredmedia":[{"embeddable":true,"href":"https:\/\/nylabone.co.uk\/de\/wp-json\/wp\/v2\/media\/19929"}],"wp:attachment":[{"href":"https:\/\/nylabone.co.uk\/de\/wp-json\/wp\/v2\/media?parent=16118"}],"wp:term":[{"taxonomy":"product_brand","embeddable":true,"href":"https:\/\/nylabone.co.uk\/de\/wp-json\/wp\/v2\/product_brand?post=16118"},{"taxonomy":"product_cat","embeddable":true,"href":"https:\/\/nylabone.co.uk\/de\/wp-json\/wp\/v2\/product_cat?post=16118"},{"taxonomy":"product_tag","embeddable":true,"href":"https:\/\/nylabone.co.uk\/de\/wp-json\/wp\/v2\/product_tag?post=16118"},{"taxonomy":"inspiration_category","embeddable":true,"href":"https:\/\/nylabone.co.uk\/de\/wp-json\/wp\/v2\/inspiration_category?post=16118"}],"curies":[{"name":"wp","href":"https:\/\/api.w.org\/{rel}","templated":true}]}}