{"id":16147,"date":"2022-05-26T14:46:32","date_gmt":"2022-05-26T14:46:32","guid":{"rendered":"https:\/\/nylabone.co.uk\/product\/unkategorisiert\/huhn-speck-welpenknochen-dreierpack-klein\/"},"modified":"2022-05-26T14:46:32","modified_gmt":"2022-05-26T14:46:32","slug":"huhn-speck-welpenknochen-dreifach-pack-klein","status":"publish","type":"product","link":"https:\/\/nylabone.co.uk\/de\/product\/welpen-kauartikel\/huhn-speck-welpenknochen-dreifach-pack-klein\/","title":{"rendered":"Huhn &amp; Speck Welpenknochen Dreierpack &#8211; Klein"},"content":{"rendered":"<p>Knochen f\u00fcr jetzt, und wenn Ihr Welpe seine erwachsenen Z\u00e4hne bekommt!<\/p>\n","protected":false},"excerpt":{"rendered":"<p>Knochen f\u00fcr jetzt, und wenn Ihr Welpe seine erwachsenen Z\u00e4hne bekommt!<\/p>\n","protected":false},"author":1,"featured_media":10574,"comment_status":"closed","ping_status":"closed","template":"","meta":{"_acf_changed":false,"_relevanssi_hide_post":"","_relevanssi_hide_content":"","_relevanssi_pin_for_all":"","_relevanssi_pin_keywords":"","_relevanssi_unpin_keywords":"","_relevanssi_related_keywords":"","_relevanssi_related_include_ids":"","_relevanssi_related_exclude_ids":"","_relevanssi_related_no_append":"","_relevanssi_related_not_related":"","_relevanssi_related_posts":"","_relevanssi_noindex_reason":"","inline_featured_image":false,"_uag_custom_page_level_css":"","advgb_blocks_editor_width":"","advgb_blocks_columns_visual_guide":"","site-sidebar-layout":"default","site-content-layout":"","ast-site-content-layout":"default","site-content-style":"default","site-sidebar-style":"default","ast-global-header-display":"","ast-banner-title-visibility":"","ast-main-header-display":"","ast-hfb-above-header-display":"","ast-hfb-below-header-display":"","ast-hfb-mobile-header-display":"","site-post-title":"","ast-breadcrumbs-content":"","ast-featured-img":"","footer-sml-layout":"","ast-disable-related-posts":"","theme-transparent-header-meta":"","adv-header-id-meta":"","stick-header-meta":"","header-above-stick-meta":"","header-main-stick-meta":"","header-below-stick-meta":"","astra-migrate-meta-layouts":"default","ast-page-background-enabled":"default","ast-page-background-meta":{"desktop":{"background-color":"var(--ast-global-color-4)","background-image":"","background-repeat":"repeat","background-position":"center center","background-size":"auto","background-attachment":"scroll","background-type":"","background-media":"","overlay-type":"","overlay-color":"","overlay-opacity":"","overlay-gradient":""},"tablet":{"background-color":"","background-image":"","background-repeat":"repeat","background-position":"center center","background-size":"auto","background-attachment":"scroll","background-type":"","background-media":"","overlay-type":"","overlay-color":"","overlay-opacity":"","overlay-gradient":""},"mobile":{"background-color":"","background-image":"","background-repeat":"repeat","background-position":"center center","background-size":"auto","background-attachment":"scroll","background-type":"","background-media":"","overlay-type":"","overlay-color":"","overlay-opacity":"","overlay-gradient":""}},"ast-content-background-meta":{"desktop":{"background-color":"var(--ast-global-color-5)","background-image":"","background-repeat":"repeat","background-position":"center center","background-size":"auto","background-attachment":"scroll","background-type":"","background-media":"","overlay-type":"","overlay-color":"","overlay-opacity":"","overlay-gradient":""},"tablet":{"background-color":"var(--ast-global-color-5)","background-image":"","background-repeat":"repeat","background-position":"center center","background-size":"auto","background-attachment":"scroll","background-type":"","background-media":"","overlay-type":"","overlay-color":"","overlay-opacity":"","overlay-gradient":""},"mobile":{"background-color":"var(--ast-global-color-5)","background-image":"","background-repeat":"repeat","background-position":"center center","background-size":"auto","background-attachment":"scroll","background-type":"","background-media":"","overlay-type":"","overlay-color":"","overlay-opacity":"","overlay-gradient":""}}},"product_brand":[],"product_cat":[74],"product_tag":[],"inspiration_category":[],"class_list":{"0":"ranking_0","1":"post-16147","2":"product","3":"type-product","4":"status-publish","5":"has-post-thumbnail","7":"product_cat-welpen-kauartikel","8":"FACET-Pack_SIze=3er-Pack","9":"FACET-Dog_Size=Kleine Hunde (bis zu 11 kg)","10":"FACET-Facet_Flavour=Huhn","11":"FACET-Texture=Glatt","12":"desktop-align-left","13":"tablet-align-left","14":"mobile-align-left","15":"ast-product-gallery-layout-horizontal","16":"ast-product-gallery-with-no-image","17":"ast-product-tabs-layout-horizontal","19":"first","20":"instock","21":"shipping-taxable","22":"purchasable","23":"product-type-simple"},"acf":[],"yoast_head":"<!-- This site is optimized with the Yoast SEO plugin v27.2 - https:\/\/yoast.com\/product\/yoast-seo-wordpress\/ -->\n<title>Huhn &amp; Speck Welpenknochen Dreierpack - Klein - Nylabone<\/title>\n<meta name=\"robots\" content=\"index, follow, max-snippet:-1, max-image-preview:large, max-video-preview:-1\" \/>\n<link rel=\"canonical\" href=\"https:\/\/nylabone.co.uk\/de\/product\/welpen-kauartikel\/huhn-speck-welpenknochen-dreifach-pack-klein\/\" \/>\n<meta property=\"og:locale\" content=\"de_DE\" \/>\n<meta property=\"og:type\" content=\"article\" \/>\n<meta property=\"og:title\" content=\"Huhn &amp; Speck Welpenknochen Dreierpack - Klein - Nylabone\" \/>\n<meta property=\"og:description\" content=\"Knochen f\u00fcr jetzt, und wenn Ihr Welpe seine erwachsenen Z\u00e4hne bekommt!\" \/>\n<meta property=\"og:url\" content=\"https:\/\/nylabone.co.uk\/de\/product\/welpen-kauartikel\/huhn-speck-welpenknochen-dreifach-pack-klein\/\" \/>\n<meta property=\"og:site_name\" content=\"Nylabone\" \/>\n<meta name=\"twitter:card\" content=\"summary_large_image\" \/>\n<script type=\"application\/ld+json\" class=\"yoast-schema-graph\">{\"@context\":\"https:\/\/schema.org\",\"@graph\":[{\"@type\":\"WebPage\",\"@id\":\"https:\/\/nylabone.co.uk\/de\/product\/welpen-kauartikel\/huhn-speck-welpenknochen-dreifach-pack-klein\/\",\"url\":\"https:\/\/nylabone.co.uk\/de\/product\/welpen-kauartikel\/huhn-speck-welpenknochen-dreifach-pack-klein\/\",\"name\":\"Huhn &amp; Speck Welpenknochen Dreierpack - Klein - Nylabone\",\"isPartOf\":{\"@id\":\"https:\/\/nylabone.co.uk\/#website\"},\"primaryImageOfPage\":{\"@id\":\"https:\/\/nylabone.co.uk\/de\/product\/welpen-kauartikel\/huhn-speck-welpenknochen-dreifach-pack-klein\/#primaryimage\"},\"image\":{\"@id\":\"https:\/\/nylabone.co.uk\/de\/product\/welpen-kauartikel\/huhn-speck-welpenknochen-dreifach-pack-klein\/#primaryimage\"},\"thumbnailUrl\":\"https:\/\/nylabone.co.uk\/wp-content\/uploads\/2022\/05\/625ead0d493161.56532753-scaled.jpg\",\"datePublished\":\"2022-05-26T14:46:32+00:00\",\"breadcrumb\":{\"@id\":\"https:\/\/nylabone.co.uk\/de\/product\/welpen-kauartikel\/huhn-speck-welpenknochen-dreifach-pack-klein\/#breadcrumb\"},\"inLanguage\":\"de-DE\",\"potentialAction\":[{\"@type\":\"ReadAction\",\"target\":[\"https:\/\/nylabone.co.uk\/de\/product\/welpen-kauartikel\/huhn-speck-welpenknochen-dreifach-pack-klein\/\"]}]},{\"@type\":\"ImageObject\",\"inLanguage\":\"de-DE\",\"@id\":\"https:\/\/nylabone.co.uk\/de\/product\/welpen-kauartikel\/huhn-speck-welpenknochen-dreifach-pack-klein\/#primaryimage\",\"url\":\"https:\/\/nylabone.co.uk\/wp-content\/uploads\/2022\/05\/625ead0d493161.56532753-scaled.jpg\",\"contentUrl\":\"https:\/\/nylabone.co.uk\/wp-content\/uploads\/2022\/05\/625ead0d493161.56532753-scaled.jpg\",\"width\":2048,\"height\":2048},{\"@type\":\"BreadcrumbList\",\"@id\":\"https:\/\/nylabone.co.uk\/de\/product\/welpen-kauartikel\/huhn-speck-welpenknochen-dreifach-pack-klein\/#breadcrumb\",\"itemListElement\":[{\"@type\":\"ListItem\",\"position\":1,\"name\":\"Produkte\",\"item\":\"https:\/\/nylabone.co.uk\/de\/treffen-sie-die-nylabone-familie\/\"},{\"@type\":\"ListItem\",\"position\":2,\"name\":\"Welpen Kauen\",\"item\":\"https:\/\/nylabone.co.uk\/de\/shop\/welpen-kauartikel\/\"},{\"@type\":\"ListItem\",\"position\":3,\"name\":\"Huhn &amp; Speck Welpenknochen Dreierpack &#8211; Klein\"}]},{\"@type\":\"WebSite\",\"@id\":\"https:\/\/nylabone.co.uk\/#website\",\"url\":\"https:\/\/nylabone.co.uk\/\",\"name\":\"Nylabone\",\"description\":\"\",\"publisher\":{\"@id\":\"https:\/\/nylabone.co.uk\/#organization\"},\"potentialAction\":[{\"@type\":\"SearchAction\",\"target\":{\"@type\":\"EntryPoint\",\"urlTemplate\":\"https:\/\/nylabone.co.uk\/?s={search_term_string}\"},\"query-input\":{\"@type\":\"PropertyValueSpecification\",\"valueRequired\":true,\"valueName\":\"search_term_string\"}}],\"inLanguage\":\"de-DE\"},{\"@type\":\"Organization\",\"@id\":\"https:\/\/nylabone.co.uk\/#organization\",\"name\":\"Nylabone\",\"url\":\"https:\/\/nylabone.co.uk\/\",\"logo\":{\"@type\":\"ImageObject\",\"inLanguage\":\"de-DE\",\"@id\":\"https:\/\/nylabone.co.uk\/#\/schema\/logo\/image\/\",\"url\":\"https:\/\/nylabone.co.uk\/wp-content\/uploads\/2025\/08\/WEB_Nyla_70thLogoUpdates_BrandSiteTopLeftCorner_750x260.png\",\"contentUrl\":\"https:\/\/nylabone.co.uk\/wp-content\/uploads\/2025\/08\/WEB_Nyla_70thLogoUpdates_BrandSiteTopLeftCorner_750x260.png\",\"width\":750,\"height\":260,\"caption\":\"Nylabone\"},\"image\":{\"@id\":\"https:\/\/nylabone.co.uk\/#\/schema\/logo\/image\/\"}}]}<\/script>\n<!-- \/ Yoast SEO plugin. -->","yoast_head_json":{"title":"Huhn &amp; Speck Welpenknochen Dreierpack - Klein - Nylabone","robots":{"index":"index","follow":"follow","max-snippet":"max-snippet:-1","max-image-preview":"max-image-preview:large","max-video-preview":"max-video-preview:-1"},"canonical":"https:\/\/nylabone.co.uk\/de\/product\/welpen-kauartikel\/huhn-speck-welpenknochen-dreifach-pack-klein\/","og_locale":"de_DE","og_type":"article","og_title":"Huhn &amp; Speck Welpenknochen Dreierpack - Klein - Nylabone","og_description":"Knochen f\u00fcr jetzt, und wenn Ihr Welpe seine erwachsenen Z\u00e4hne bekommt!","og_url":"https:\/\/nylabone.co.uk\/de\/product\/welpen-kauartikel\/huhn-speck-welpenknochen-dreifach-pack-klein\/","og_site_name":"Nylabone","twitter_card":"summary_large_image","schema":{"@context":"https:\/\/schema.org","@graph":[{"@type":"WebPage","@id":"https:\/\/nylabone.co.uk\/de\/product\/welpen-kauartikel\/huhn-speck-welpenknochen-dreifach-pack-klein\/","url":"https:\/\/nylabone.co.uk\/de\/product\/welpen-kauartikel\/huhn-speck-welpenknochen-dreifach-pack-klein\/","name":"Huhn &amp; Speck Welpenknochen Dreierpack - Klein - Nylabone","isPartOf":{"@id":"https:\/\/nylabone.co.uk\/#website"},"primaryImageOfPage":{"@id":"https:\/\/nylabone.co.uk\/de\/product\/welpen-kauartikel\/huhn-speck-welpenknochen-dreifach-pack-klein\/#primaryimage"},"image":{"@id":"https:\/\/nylabone.co.uk\/de\/product\/welpen-kauartikel\/huhn-speck-welpenknochen-dreifach-pack-klein\/#primaryimage"},"thumbnailUrl":"https:\/\/nylabone.co.uk\/wp-content\/uploads\/2022\/05\/625ead0d493161.56532753-scaled.jpg","datePublished":"2022-05-26T14:46:32+00:00","breadcrumb":{"@id":"https:\/\/nylabone.co.uk\/de\/product\/welpen-kauartikel\/huhn-speck-welpenknochen-dreifach-pack-klein\/#breadcrumb"},"inLanguage":"de-DE","potentialAction":[{"@type":"ReadAction","target":["https:\/\/nylabone.co.uk\/de\/product\/welpen-kauartikel\/huhn-speck-welpenknochen-dreifach-pack-klein\/"]}]},{"@type":"ImageObject","inLanguage":"de-DE","@id":"https:\/\/nylabone.co.uk\/de\/product\/welpen-kauartikel\/huhn-speck-welpenknochen-dreifach-pack-klein\/#primaryimage","url":"https:\/\/nylabone.co.uk\/wp-content\/uploads\/2022\/05\/625ead0d493161.56532753-scaled.jpg","contentUrl":"https:\/\/nylabone.co.uk\/wp-content\/uploads\/2022\/05\/625ead0d493161.56532753-scaled.jpg","width":2048,"height":2048},{"@type":"BreadcrumbList","@id":"https:\/\/nylabone.co.uk\/de\/product\/welpen-kauartikel\/huhn-speck-welpenknochen-dreifach-pack-klein\/#breadcrumb","itemListElement":[{"@type":"ListItem","position":1,"name":"Produkte","item":"https:\/\/nylabone.co.uk\/de\/treffen-sie-die-nylabone-familie\/"},{"@type":"ListItem","position":2,"name":"Welpen Kauen","item":"https:\/\/nylabone.co.uk\/de\/shop\/welpen-kauartikel\/"},{"@type":"ListItem","position":3,"name":"Huhn &amp; Speck Welpenknochen Dreierpack &#8211; Klein"}]},{"@type":"WebSite","@id":"https:\/\/nylabone.co.uk\/#website","url":"https:\/\/nylabone.co.uk\/","name":"Nylabone","description":"","publisher":{"@id":"https:\/\/nylabone.co.uk\/#organization"},"potentialAction":[{"@type":"SearchAction","target":{"@type":"EntryPoint","urlTemplate":"https:\/\/nylabone.co.uk\/?s={search_term_string}"},"query-input":{"@type":"PropertyValueSpecification","valueRequired":true,"valueName":"search_term_string"}}],"inLanguage":"de-DE"},{"@type":"Organization","@id":"https:\/\/nylabone.co.uk\/#organization","name":"Nylabone","url":"https:\/\/nylabone.co.uk\/","logo":{"@type":"ImageObject","inLanguage":"de-DE","@id":"https:\/\/nylabone.co.uk\/#\/schema\/logo\/image\/","url":"https:\/\/nylabone.co.uk\/wp-content\/uploads\/2025\/08\/WEB_Nyla_70thLogoUpdates_BrandSiteTopLeftCorner_750x260.png","contentUrl":"https:\/\/nylabone.co.uk\/wp-content\/uploads\/2025\/08\/WEB_Nyla_70thLogoUpdates_BrandSiteTopLeftCorner_750x260.png","width":750,"height":260,"caption":"Nylabone"},"image":{"@id":"https:\/\/nylabone.co.uk\/#\/schema\/logo\/image\/"}}]}},"spectra_custom_meta":{"_wcml_average_rating":[null],"_wcml_review_count":[null],"_wcml_rating_count":[null],"_backorders":["no"],"_download_limit":["-1"],"_download_expiry":["-1"],"_downloadable":["no"],"_manage_stock":["no"],"_sku":["981291"],"_stock_status":["instock"],"_sold_individually":["no"],"_tax_class":[""],"_tax_status":["taxable"],"_virtual":["no"],"total_sales":["0"],"_regular_price":["11.99"],"_price":["11.99"],"_wpml_media_duplicate":["1"],"_wpml_media_featured":["1"],"Favourites_Ranking":["0"],"_top_nav_excluded":[""],"_cms_nav_minihome":[""],"Box_Contains":["~ 1 x Huhn Welpenknochen - Klein ~ 1 x Huhn Zahnknochen - Klein ~ 1 x Huhn Extremknochen - Klein"],"UPC_Code":["018214812913"],"Pack_Contains":["1 x Huhn Welpenknochen - Klein 1 x Speckknochen - Klein 1 x Huhn Extremknochen - Klein"],"Why_buy_me":["Aus weichem, strapazierf\u00e4higem Nylon hergestellt, wurde dieses Spielzeug f\u00fcr Welpen mit den ersten Z\u00e4hnen entwickelt ~ Inklusive essbarem Kauen ~ Geschmacksrichtung Huhn & Lard ~ Ideal f\u00fcr kleine Hunde bis 11 kg ~ 3er-Pack"],"One_Line_Descriptor":["Knochen f\u00fcr jetzt, und wenn Ihr Welpe seine erwachsenen Z\u00e4hne bekommt!"],"Expanded_Feature_1":["Dauerhafter Geschmack 3 leckere, durchgehend aromatisierte Knochen, die Ihren Hund l\u00e4nger am Kauen hindern"],"Expanded_Feature_2":["Hervorragend f\u00fcr die dentale Hygiene Winzige Borsten heben sich beim Kauen vom Knochen ab, wie eine Mini-Zahnb\u00fcrste, um die Z\u00e4hne sauber zu halten und die Bildung von Zahnstein zu verhindern"],"Expanded_Feature_3":["Besiegt die Langeweile Befriedigen Sie den nat\u00fcrlichen Kautrieb Ihres Welpen und besch\u00e4ftigen Sie ihn mit etwas Leckerem und Langlebigem zum Kauen"],"Product_Page_Shelf_Video":["https:\/\/www.youtube.com\/watch?v=F-piPRJy9LU"],"Key_Features":["Befolgen Sie einige unserer Tipps, um das Beste aus Ihrem Welpen Nylabone ~ Um Ihren Welpen mit seinem neuen Kauartikel zu begeistern, kratzen Sie einfach an einer harten, rauen Oberfl\u00e4che, um den Geschmack zu beleben, erwecken Sie einen alten Knochen auf die gleiche Weise wieder zum Leben. ~ Um Ihr Kauen sauber zu halten, schrubben Sie es mit einer B\u00fcrste unter warmem Wasser und verwenden Sie ein mildes, ungiftiges Reinigungsmittel, und sp\u00fclen Sie es gr\u00fcndlich aus. ~ \u00dcberpr\u00fcfen Sie das Kauen Ihres Welpen regelm\u00e4\u00dfig und vergewissern Sie sich, dass es ganz und intakt ist und keine Teile fehlen. Ersetzen Sie ihn immer, wenn die Enden der Kn\u00f6chel abgenutzt sind oder wenn er zu klein wird, um sicher zu kauen. ~ Diese nicht essbaren Kauen werden aus Nylon hergestellt. Sie sind NICHT zum Verzehr bestimmt."],"Weight_KG":["0.13"],"Related_Products":["955200EU, 983705EU, 983328EU, 983912EU"],"Warnings":["~\u00dcberwachen Sie die Verwendung aller essbaren Kauartikel, um sicherzustellen, dass Ihr Hund keine St\u00fccke abbei\u00dft, die zu gro\u00df zum Schlucken sind. ~Innerhalb eines Monats nach dem \u00d6ffnen verbrauchen. ~Nat\u00fcrliche Farbe kann auf helle Oberfl\u00e4chen abf\u00e4rben."],"Pack_SIze":["3er-Pack"],"Available_For_Dosage_Calculator":["N"],"Dosage_Pod":["N"],"Dog_Size":["Kleine Hunde (bis zu 11 kg)"],"Facet_Flavour":["Huhn"],"Texture":["Glatt"],"Actual_Product_Dimensions_mm_HxWxD":["121x38x25mm"],"Chew_Shape":["Knochen"],"Chew_Size":["Klein"],"Dog_Weight":["Bis zu 11 kg"],"Flavour":["Huhn"],"Material":["Nylon, weiches Thermoplastisches Polymer"],"Bone_Length":["121mm"],"Product_Overview":["Die Welpenphase ist eine wichtige Gelegenheit, Ihrem Welpen gutes Kauen beizubringen. Welpen erforschen mit dem Maul ihre Umgebung, spielen und lindern vor allem Zahnungsbeschwerden. Mit positiver Verst\u00e4rkung lernen die Welpen, dass das Kauen auf Nylabone Puppy Chews nicht nur gef\u00f6rdert wird, sondern auch ein lustiger Zeitvertreib ist, den sie bis ins Erwachsenenalter genie\u00dfen k\u00f6nnen! Die Knochen und Kauspielzeuge von Nylabone Puppy sind genau das Richtige, wenn Ihr Hund noch seine ersten Z\u00e4hne hat und gerne kaut! Diese Kauspielzeuge f\u00fcr Welpen haben einen zus\u00e4tzlichen Geschmack, damit Ihr Welpe l\u00e4nger kauen kann. Diese Knochen haben einen k\u00f6stlichen Geschmack, was bedeutet, dass der Geschmack so lange anh\u00e4lt, wie das Kauen dauert. Sie sind nicht bespr\u00fcht, getaucht oder in irgendeiner Weise beschichtet, so dass es keine Chance gibt, dass der leckere Geschmack abgeleckt wird! Die Materialien sind etwas weicher und flexibler als unsere Knochen der Extreme-Reihe, wodurch sie schonender f\u00fcr das Maul Ihres Welpen sind. Wir beherrschen die Herstellung von Kauspielzeug seit \u00fcber 50 Jahren und haben ein Herstellungsverfahren, das seinesgleichen sucht. Wir sorgen daf\u00fcr, dass das Spielzeug nicht splittert, sondern dass die sch\u00f6ne glatte Oberfl\u00e4che beim Kauen aufgeraut wird und sich winzige Borsten auf dem Knochen erheben, die wie eine Mini-Zahnb\u00fcrste wirken und dazu beitragen, dass die Z\u00e4hne Ihrer Welpen sauber bleiben und sich kein Zahnstein bildet. Falls Ihr Welpe doch etwas abbei\u00dft, sollte es immer nur so klein wie ein Reiskorn sein, und diese k\u00f6nnen beim Verschlucken weitergegeben werden, sie stellen keine Erstickungsgefahr dar."],"wcml_sync_hash":["a:1:{s:15:\"postmeta_fields\";s:32:\"976fb62f0b36f10e1e50a035a69817fb\";}"],"attr_label_translations":["a:0:{}"],"_product_attributes":["a:0:{}"],"_thumbnail_id":["10574"],"_product_image_gallery":[""],"_default_attributes":["a:0:{}"],"_upsell_ids":["a:0:{}"],"_crosssell_ids":["a:0:{}"],"_children":["a:0:{}"],"_uag_page_assets":["a:9:{s:3:\"css\";s:263:\".uag-blocks-common-selector{z-index:var(--z-index-desktop) !important}@media (max-width: 976px){.uag-blocks-common-selector{z-index:var(--z-index-tablet) !important}}@media (max-width: 767px){.uag-blocks-common-selector{z-index:var(--z-index-mobile) !important}}\n\";s:2:\"js\";s:0:\"\";s:18:\"current_block_list\";a:11:{i:0;s:11:\"core\/search\";i:1;s:12:\"core\/heading\";i:2;s:14:\"core\/paragraph\";i:3;s:12:\"core\/columns\";i:4;s:11:\"core\/column\";i:5;s:10:\"core\/group\";i:6;s:12:\"core\/gallery\";i:7;s:10:\"core\/image\";i:8;s:14:\"core\/shortcode\";i:9;s:15:\"core\/categories\";i:10;s:13:\"core\/archives\";}s:8:\"uag_flag\";b:0;s:11:\"uag_version\";s:10:\"1775499819\";s:6:\"gfonts\";a:0:{}s:10:\"gfonts_url\";s:0:\"\";s:12:\"gfonts_files\";a:0:{}s:14:\"uag_faq_layout\";b:0;}"],"_oembed_2fde8e53cdff869469ea0f39890a706e":["<iframe title=\"Oh Alfie Nylabone UK\" width=\"1080\" height=\"608\" src=\"https:\/\/www.youtube.com\/embed\/F-piPRJy9LU?feature=oembed\" frameborder=\"0\" allow=\"accelerometer; autoplay; clipboard-write; encrypted-media; gyroscope; picture-in-picture; web-share\" allowfullscreen><\/iframe>"],"_oembed_time_2fde8e53cdff869469ea0f39890a706e":["1698206929"],"_uag_css_file_name":["uag-css-16147.css"],"_wc_rating_count":[""],"_wc_review_count":[""],"_wc_average_rating":[0]},"uagb_featured_image_src":{"full":["https:\/\/nylabone.co.uk\/wp-content\/uploads\/2022\/05\/625ead0d493161.56532753-scaled.jpg",2048,2048,false],"thumbnail":["https:\/\/nylabone.co.uk\/wp-content\/uploads\/2022\/05\/625ead0d493161.56532753-150x150.jpg",150,150,true],"medium":["https:\/\/nylabone.co.uk\/wp-content\/uploads\/2022\/05\/625ead0d493161.56532753-300x300.jpg",300,300,true],"medium_large":["https:\/\/nylabone.co.uk\/wp-content\/uploads\/2022\/05\/625ead0d493161.56532753-768x768.jpg",768,768,true],"large":["https:\/\/nylabone.co.uk\/wp-content\/uploads\/2022\/05\/625ead0d493161.56532753-1024x1024.jpg",1024,1024,true],"blz_expanded_feature":["https:\/\/nylabone.co.uk\/wp-content\/uploads\/2022\/05\/625ead0d493161.56532753-275x220.jpg",275,220,true],"gs-tiny":["https:\/\/nylabone.co.uk\/wp-content\/uploads\/2022\/05\/625ead0d493161.56532753-scaled.jpg",50,50,false],"xl":["https:\/\/nylabone.co.uk\/wp-content\/uploads\/2022\/05\/625ead0d493161.56532753-1600x1600.jpg",1600,1600,true],"xxl":["https:\/\/nylabone.co.uk\/wp-content\/uploads\/2022\/05\/625ead0d493161.56532753-2200x2200.jpg",2200,2200,true],"xxxl":["https:\/\/nylabone.co.uk\/wp-content\/uploads\/2022\/05\/625ead0d493161.56532753-2800x2800.jpg",2800,2800,true],"xxxxl":["https:\/\/nylabone.co.uk\/wp-content\/uploads\/2022\/05\/625ead0d493161.56532753-scaled.jpg",2048,2048,false],"xxxxxl":["https:\/\/nylabone.co.uk\/wp-content\/uploads\/2022\/05\/625ead0d493161.56532753-scaled.jpg",2048,2048,false],"1536x1536":["https:\/\/nylabone.co.uk\/wp-content\/uploads\/2022\/05\/625ead0d493161.56532753-1536x1536.jpg",1536,1536,true],"2048x2048":["https:\/\/nylabone.co.uk\/wp-content\/uploads\/2022\/05\/625ead0d493161.56532753-2048x2048.jpg",2048,2048,true],"woocommerce_thumbnail":["https:\/\/nylabone.co.uk\/wp-content\/uploads\/2022\/05\/625ead0d493161.56532753-300x300.jpg",300,300,true],"woocommerce_single":["https:\/\/nylabone.co.uk\/wp-content\/uploads\/2022\/05\/625ead0d493161.56532753-600x600.jpg",600,600,true],"woocommerce_gallery_thumbnail":["https:\/\/nylabone.co.uk\/wp-content\/uploads\/2022\/05\/625ead0d493161.56532753-100x100.jpg",100,100,true]},"uagb_author_info":{"display_name":"admin","author_link":"https:\/\/nylabone.co.uk\/de\/author\/blaze\/"},"uagb_comment_info":0,"uagb_excerpt":"Knochen f\u00fcr jetzt, und wenn Ihr Welpe seine erwachsenen Z\u00e4hne bekommt!","featured_img":"https:\/\/nylabone.co.uk\/wp-content\/uploads\/2022\/05\/625ead0d493161.56532753-scaled.jpg","coauthors":[],"author_meta":{"author_link":"https:\/\/nylabone.co.uk\/de\/author\/blaze\/","display_name":"admin"},"relative_dates":{"created":"Posted 4 Jahren ago","modified":"Updated 4 Jahren ago"},"absolute_dates":{"created":"Posted on Mai 26, 2022","modified":"Updated on Mai 26, 2022"},"absolute_dates_time":{"created":"Posted on Mai 26, 2022 2:46 pm","modified":"Updated on Mai 26, 2022 2:46 pm"},"featured_img_caption":"","tax_additional":{"product_brand":{"linked":[],"unlinked":[],"slug":"product_brand","name":"Brands"},"product_type":{"linked":["<a href=\"https:\/\/nylabone.co.uk\/de\/?taxonomy=product_type&#038;term=simple\" class=\"advgb-post-tax-term\">simple<\/a>"],"unlinked":["<span class=\"advgb-post-tax-term\">simple<\/span>"],"slug":"product_type","name":"Produkttyp"},"product_visibility":{"linked":[],"unlinked":[],"slug":"product_visibility","name":"Sichtbarkeit des Produkts"},"product_cat":{"linked":["<a href=\"https:\/\/nylabone.co.uk\/de\/shop\/welpen-kauartikel\/\" class=\"advgb-post-tax-term\">Welpen Kauen<\/a>"],"unlinked":["<span class=\"advgb-post-tax-term\">Welpen Kauen<\/span>"],"slug":"product_cat","name":"Produkt-Kategorien"},"product_tag":{"linked":[],"unlinked":[],"slug":"product_tag","name":"Produkt Schlagw\u00f6rter"},"product_shipping_class":{"linked":[],"unlinked":[],"slug":"product_shipping_class","name":"Produkt Versandklasse"},"translation_priority":{"linked":["<a href=\"https:\/\/nylabone.co.uk\/de\/?taxonomy=translation_priority&#038;term=optional\" class=\"advgb-post-tax-term\">Optional<\/a>"],"unlinked":["<span class=\"advgb-post-tax-term\">Optional<\/span>"],"slug":"translation_priority","name":"\u00dcbersetzungspriorit\u00e4ten"},"inspiration_category":{"linked":[],"unlinked":[],"slug":"inspiration_category","name":"Inspiration Kategorien"}},"series_order":"","_links":{"self":[{"href":"https:\/\/nylabone.co.uk\/de\/wp-json\/wp\/v2\/product\/16147","targetHints":{"allow":["GET"]}}],"collection":[{"href":"https:\/\/nylabone.co.uk\/de\/wp-json\/wp\/v2\/product"}],"about":[{"href":"https:\/\/nylabone.co.uk\/de\/wp-json\/wp\/v2\/types\/product"}],"replies":[{"embeddable":true,"href":"https:\/\/nylabone.co.uk\/de\/wp-json\/wp\/v2\/comments?post=16147"}],"wp:featuredmedia":[{"embeddable":true,"href":"https:\/\/nylabone.co.uk\/de\/wp-json\/wp\/v2\/media\/10574"}],"wp:attachment":[{"href":"https:\/\/nylabone.co.uk\/de\/wp-json\/wp\/v2\/media?parent=16147"}],"wp:term":[{"taxonomy":"product_brand","embeddable":true,"href":"https:\/\/nylabone.co.uk\/de\/wp-json\/wp\/v2\/product_brand?post=16147"},{"taxonomy":"product_cat","embeddable":true,"href":"https:\/\/nylabone.co.uk\/de\/wp-json\/wp\/v2\/product_cat?post=16147"},{"taxonomy":"product_tag","embeddable":true,"href":"https:\/\/nylabone.co.uk\/de\/wp-json\/wp\/v2\/product_tag?post=16147"},{"taxonomy":"inspiration_category","embeddable":true,"href":"https:\/\/nylabone.co.uk\/de\/wp-json\/wp\/v2\/inspiration_category?post=16147"}],"curies":[{"name":"wp","href":"https:\/\/api.w.org\/{rel}","templated":true}]}}