{"id":16164,"date":"2022-03-09T09:16:57","date_gmt":"2022-03-09T09:16:57","guid":{"rendered":"https:\/\/nylabone.co.uk\/product\/unkategorisiert\/erdnussbutter-welpe-gefrierknochen-mit-waschlappen-medium\/"},"modified":"2022-03-09T09:16:57","modified_gmt":"2022-03-09T09:16:57","slug":"erdnussbutter-welpen-gefrierknochen-mit-waschtuch-mittel","status":"publish","type":"product","link":"https:\/\/nylabone.co.uk\/de\/product\/welpen-kauartikel\/erdnussbutter-welpen-gefrierknochen-mit-waschtuch-mittel\/","title":{"rendered":"Erdnussbutter Welpe Gefrierknochen mit Waschlappen &#8211; Medium"},"content":{"rendered":"<p>Ideal f\u00fcr zahnende Welpen, die auf allem kauen!<\/p>\n","protected":false},"excerpt":{"rendered":"<p>Ideal f\u00fcr zahnende Welpen, die auf allem kauen!<\/p>\n","protected":false},"author":1,"featured_media":9954,"comment_status":"closed","ping_status":"closed","template":"","meta":{"_acf_changed":false,"_relevanssi_hide_post":"","_relevanssi_hide_content":"","_relevanssi_pin_for_all":"","_relevanssi_pin_keywords":"","_relevanssi_unpin_keywords":"","_relevanssi_related_keywords":"","_relevanssi_related_include_ids":"","_relevanssi_related_exclude_ids":"","_relevanssi_related_no_append":"","_relevanssi_related_not_related":"","_relevanssi_related_posts":"","_relevanssi_noindex_reason":"","inline_featured_image":false,"_uag_custom_page_level_css":"","advgb_blocks_editor_width":"","advgb_blocks_columns_visual_guide":"","site-sidebar-layout":"default","site-content-layout":"","ast-site-content-layout":"default","site-content-style":"default","site-sidebar-style":"default","ast-global-header-display":"","ast-banner-title-visibility":"","ast-main-header-display":"","ast-hfb-above-header-display":"","ast-hfb-below-header-display":"","ast-hfb-mobile-header-display":"","site-post-title":"","ast-breadcrumbs-content":"","ast-featured-img":"","footer-sml-layout":"","ast-disable-related-posts":"","theme-transparent-header-meta":"","adv-header-id-meta":"","stick-header-meta":"","header-above-stick-meta":"","header-main-stick-meta":"","header-below-stick-meta":"","astra-migrate-meta-layouts":"default","ast-page-background-enabled":"default","ast-page-background-meta":{"desktop":{"background-color":"var(--ast-global-color-4)","background-image":"","background-repeat":"repeat","background-position":"center center","background-size":"auto","background-attachment":"scroll","background-type":"","background-media":"","overlay-type":"","overlay-color":"","overlay-opacity":"","overlay-gradient":""},"tablet":{"background-color":"","background-image":"","background-repeat":"repeat","background-position":"center center","background-size":"auto","background-attachment":"scroll","background-type":"","background-media":"","overlay-type":"","overlay-color":"","overlay-opacity":"","overlay-gradient":""},"mobile":{"background-color":"","background-image":"","background-repeat":"repeat","background-position":"center center","background-size":"auto","background-attachment":"scroll","background-type":"","background-media":"","overlay-type":"","overlay-color":"","overlay-opacity":"","overlay-gradient":""}},"ast-content-background-meta":{"desktop":{"background-color":"var(--ast-global-color-5)","background-image":"","background-repeat":"repeat","background-position":"center center","background-size":"auto","background-attachment":"scroll","background-type":"","background-media":"","overlay-type":"","overlay-color":"","overlay-opacity":"","overlay-gradient":""},"tablet":{"background-color":"var(--ast-global-color-5)","background-image":"","background-repeat":"repeat","background-position":"center center","background-size":"auto","background-attachment":"scroll","background-type":"","background-media":"","overlay-type":"","overlay-color":"","overlay-opacity":"","overlay-gradient":""},"mobile":{"background-color":"var(--ast-global-color-5)","background-image":"","background-repeat":"repeat","background-position":"center center","background-size":"auto","background-attachment":"scroll","background-type":"","background-media":"","overlay-type":"","overlay-color":"","overlay-opacity":"","overlay-gradient":""}}},"product_brand":[],"product_cat":[74],"product_tag":[],"inspiration_category":[],"class_list":{"0":"ranking_0","1":"post-16164","2":"product","3":"type-product","4":"status-publish","5":"has-post-thumbnail","7":"product_cat-welpen-kauartikel","8":"FACET-Pack_SIze=1 Packung","9":"FACET-Dog_Size=Mittlere Hunde (bis zu 16 kg)","10":"FACET-Facet_Flavour=Erdnussbutter","11":"FACET-Texture=Extra Textur","12":"FACET-Feature=Gefrierf\u00e4hig","13":"desktop-align-left","14":"tablet-align-left","15":"mobile-align-left","16":"ast-product-gallery-layout-horizontal","17":"ast-product-gallery-with-no-image","18":"ast-product-tabs-layout-horizontal","20":"first","21":"instock","22":"shipping-taxable","23":"purchasable","24":"product-type-simple"},"acf":[],"yoast_head":"<!-- This site is optimized with the Yoast SEO plugin v27.2 - https:\/\/yoast.com\/product\/yoast-seo-wordpress\/ -->\n<title>Erdnussbutter Welpe Gefrierknochen mit Waschlappen - Medium - Nylabone<\/title>\n<meta name=\"robots\" content=\"index, follow, max-snippet:-1, max-image-preview:large, max-video-preview:-1\" \/>\n<link rel=\"canonical\" href=\"https:\/\/nylabone.co.uk\/de\/product\/welpen-kauartikel\/erdnussbutter-welpen-gefrierknochen-mit-waschtuch-mittel\/\" \/>\n<meta property=\"og:locale\" content=\"de_DE\" \/>\n<meta property=\"og:type\" content=\"article\" \/>\n<meta property=\"og:title\" content=\"Erdnussbutter Welpe Gefrierknochen mit Waschlappen - Medium - Nylabone\" \/>\n<meta property=\"og:description\" content=\"Ideal f\u00fcr zahnende Welpen, die auf allem kauen!\" \/>\n<meta property=\"og:url\" content=\"https:\/\/nylabone.co.uk\/de\/product\/welpen-kauartikel\/erdnussbutter-welpen-gefrierknochen-mit-waschtuch-mittel\/\" \/>\n<meta property=\"og:site_name\" content=\"Nylabone\" \/>\n<meta name=\"twitter:card\" content=\"summary_large_image\" \/>\n<script type=\"application\/ld+json\" class=\"yoast-schema-graph\">{\"@context\":\"https:\/\/schema.org\",\"@graph\":[{\"@type\":\"WebPage\",\"@id\":\"https:\/\/nylabone.co.uk\/de\/product\/welpen-kauartikel\/erdnussbutter-welpen-gefrierknochen-mit-waschtuch-mittel\/\",\"url\":\"https:\/\/nylabone.co.uk\/de\/product\/welpen-kauartikel\/erdnussbutter-welpen-gefrierknochen-mit-waschtuch-mittel\/\",\"name\":\"Erdnussbutter Welpe Gefrierknochen mit Waschlappen - Medium - Nylabone\",\"isPartOf\":{\"@id\":\"https:\/\/nylabone.co.uk\/#website\"},\"primaryImageOfPage\":{\"@id\":\"https:\/\/nylabone.co.uk\/de\/product\/welpen-kauartikel\/erdnussbutter-welpen-gefrierknochen-mit-waschtuch-mittel\/#primaryimage\"},\"image\":{\"@id\":\"https:\/\/nylabone.co.uk\/de\/product\/welpen-kauartikel\/erdnussbutter-welpen-gefrierknochen-mit-waschtuch-mittel\/#primaryimage\"},\"thumbnailUrl\":\"https:\/\/nylabone.co.uk\/wp-content\/uploads\/2022\/02\/5e43f5be793be3.58703229.png\",\"datePublished\":\"2022-03-09T09:16:57+00:00\",\"breadcrumb\":{\"@id\":\"https:\/\/nylabone.co.uk\/de\/product\/welpen-kauartikel\/erdnussbutter-welpen-gefrierknochen-mit-waschtuch-mittel\/#breadcrumb\"},\"inLanguage\":\"de-DE\",\"potentialAction\":[{\"@type\":\"ReadAction\",\"target\":[\"https:\/\/nylabone.co.uk\/de\/product\/welpen-kauartikel\/erdnussbutter-welpen-gefrierknochen-mit-waschtuch-mittel\/\"]}]},{\"@type\":\"ImageObject\",\"inLanguage\":\"de-DE\",\"@id\":\"https:\/\/nylabone.co.uk\/de\/product\/welpen-kauartikel\/erdnussbutter-welpen-gefrierknochen-mit-waschtuch-mittel\/#primaryimage\",\"url\":\"https:\/\/nylabone.co.uk\/wp-content\/uploads\/2022\/02\/5e43f5be793be3.58703229.png\",\"contentUrl\":\"https:\/\/nylabone.co.uk\/wp-content\/uploads\/2022\/02\/5e43f5be793be3.58703229.png\",\"width\":768,\"height\":768},{\"@type\":\"BreadcrumbList\",\"@id\":\"https:\/\/nylabone.co.uk\/de\/product\/welpen-kauartikel\/erdnussbutter-welpen-gefrierknochen-mit-waschtuch-mittel\/#breadcrumb\",\"itemListElement\":[{\"@type\":\"ListItem\",\"position\":1,\"name\":\"Produkte\",\"item\":\"https:\/\/nylabone.co.uk\/de\/treffen-sie-die-nylabone-familie\/\"},{\"@type\":\"ListItem\",\"position\":2,\"name\":\"Welpen Kauen\",\"item\":\"https:\/\/nylabone.co.uk\/de\/shop\/welpen-kauartikel\/\"},{\"@type\":\"ListItem\",\"position\":3,\"name\":\"Erdnussbutter Welpe Gefrierknochen mit Waschlappen &#8211; Medium\"}]},{\"@type\":\"WebSite\",\"@id\":\"https:\/\/nylabone.co.uk\/#website\",\"url\":\"https:\/\/nylabone.co.uk\/\",\"name\":\"Nylabone\",\"description\":\"\",\"publisher\":{\"@id\":\"https:\/\/nylabone.co.uk\/#organization\"},\"potentialAction\":[{\"@type\":\"SearchAction\",\"target\":{\"@type\":\"EntryPoint\",\"urlTemplate\":\"https:\/\/nylabone.co.uk\/?s={search_term_string}\"},\"query-input\":{\"@type\":\"PropertyValueSpecification\",\"valueRequired\":true,\"valueName\":\"search_term_string\"}}],\"inLanguage\":\"de-DE\"},{\"@type\":\"Organization\",\"@id\":\"https:\/\/nylabone.co.uk\/#organization\",\"name\":\"Nylabone\",\"url\":\"https:\/\/nylabone.co.uk\/\",\"logo\":{\"@type\":\"ImageObject\",\"inLanguage\":\"de-DE\",\"@id\":\"https:\/\/nylabone.co.uk\/#\/schema\/logo\/image\/\",\"url\":\"https:\/\/nylabone.co.uk\/wp-content\/uploads\/2025\/08\/WEB_Nyla_70thLogoUpdates_BrandSiteTopLeftCorner_750x260.png\",\"contentUrl\":\"https:\/\/nylabone.co.uk\/wp-content\/uploads\/2025\/08\/WEB_Nyla_70thLogoUpdates_BrandSiteTopLeftCorner_750x260.png\",\"width\":750,\"height\":260,\"caption\":\"Nylabone\"},\"image\":{\"@id\":\"https:\/\/nylabone.co.uk\/#\/schema\/logo\/image\/\"}}]}<\/script>\n<!-- \/ Yoast SEO plugin. -->","yoast_head_json":{"title":"Erdnussbutter Welpe Gefrierknochen mit Waschlappen - Medium - Nylabone","robots":{"index":"index","follow":"follow","max-snippet":"max-snippet:-1","max-image-preview":"max-image-preview:large","max-video-preview":"max-video-preview:-1"},"canonical":"https:\/\/nylabone.co.uk\/de\/product\/welpen-kauartikel\/erdnussbutter-welpen-gefrierknochen-mit-waschtuch-mittel\/","og_locale":"de_DE","og_type":"article","og_title":"Erdnussbutter Welpe Gefrierknochen mit Waschlappen - Medium - Nylabone","og_description":"Ideal f\u00fcr zahnende Welpen, die auf allem kauen!","og_url":"https:\/\/nylabone.co.uk\/de\/product\/welpen-kauartikel\/erdnussbutter-welpen-gefrierknochen-mit-waschtuch-mittel\/","og_site_name":"Nylabone","twitter_card":"summary_large_image","schema":{"@context":"https:\/\/schema.org","@graph":[{"@type":"WebPage","@id":"https:\/\/nylabone.co.uk\/de\/product\/welpen-kauartikel\/erdnussbutter-welpen-gefrierknochen-mit-waschtuch-mittel\/","url":"https:\/\/nylabone.co.uk\/de\/product\/welpen-kauartikel\/erdnussbutter-welpen-gefrierknochen-mit-waschtuch-mittel\/","name":"Erdnussbutter Welpe Gefrierknochen mit Waschlappen - Medium - Nylabone","isPartOf":{"@id":"https:\/\/nylabone.co.uk\/#website"},"primaryImageOfPage":{"@id":"https:\/\/nylabone.co.uk\/de\/product\/welpen-kauartikel\/erdnussbutter-welpen-gefrierknochen-mit-waschtuch-mittel\/#primaryimage"},"image":{"@id":"https:\/\/nylabone.co.uk\/de\/product\/welpen-kauartikel\/erdnussbutter-welpen-gefrierknochen-mit-waschtuch-mittel\/#primaryimage"},"thumbnailUrl":"https:\/\/nylabone.co.uk\/wp-content\/uploads\/2022\/02\/5e43f5be793be3.58703229.png","datePublished":"2022-03-09T09:16:57+00:00","breadcrumb":{"@id":"https:\/\/nylabone.co.uk\/de\/product\/welpen-kauartikel\/erdnussbutter-welpen-gefrierknochen-mit-waschtuch-mittel\/#breadcrumb"},"inLanguage":"de-DE","potentialAction":[{"@type":"ReadAction","target":["https:\/\/nylabone.co.uk\/de\/product\/welpen-kauartikel\/erdnussbutter-welpen-gefrierknochen-mit-waschtuch-mittel\/"]}]},{"@type":"ImageObject","inLanguage":"de-DE","@id":"https:\/\/nylabone.co.uk\/de\/product\/welpen-kauartikel\/erdnussbutter-welpen-gefrierknochen-mit-waschtuch-mittel\/#primaryimage","url":"https:\/\/nylabone.co.uk\/wp-content\/uploads\/2022\/02\/5e43f5be793be3.58703229.png","contentUrl":"https:\/\/nylabone.co.uk\/wp-content\/uploads\/2022\/02\/5e43f5be793be3.58703229.png","width":768,"height":768},{"@type":"BreadcrumbList","@id":"https:\/\/nylabone.co.uk\/de\/product\/welpen-kauartikel\/erdnussbutter-welpen-gefrierknochen-mit-waschtuch-mittel\/#breadcrumb","itemListElement":[{"@type":"ListItem","position":1,"name":"Produkte","item":"https:\/\/nylabone.co.uk\/de\/treffen-sie-die-nylabone-familie\/"},{"@type":"ListItem","position":2,"name":"Welpen Kauen","item":"https:\/\/nylabone.co.uk\/de\/shop\/welpen-kauartikel\/"},{"@type":"ListItem","position":3,"name":"Erdnussbutter Welpe Gefrierknochen mit Waschlappen &#8211; Medium"}]},{"@type":"WebSite","@id":"https:\/\/nylabone.co.uk\/#website","url":"https:\/\/nylabone.co.uk\/","name":"Nylabone","description":"","publisher":{"@id":"https:\/\/nylabone.co.uk\/#organization"},"potentialAction":[{"@type":"SearchAction","target":{"@type":"EntryPoint","urlTemplate":"https:\/\/nylabone.co.uk\/?s={search_term_string}"},"query-input":{"@type":"PropertyValueSpecification","valueRequired":true,"valueName":"search_term_string"}}],"inLanguage":"de-DE"},{"@type":"Organization","@id":"https:\/\/nylabone.co.uk\/#organization","name":"Nylabone","url":"https:\/\/nylabone.co.uk\/","logo":{"@type":"ImageObject","inLanguage":"de-DE","@id":"https:\/\/nylabone.co.uk\/#\/schema\/logo\/image\/","url":"https:\/\/nylabone.co.uk\/wp-content\/uploads\/2025\/08\/WEB_Nyla_70thLogoUpdates_BrandSiteTopLeftCorner_750x260.png","contentUrl":"https:\/\/nylabone.co.uk\/wp-content\/uploads\/2025\/08\/WEB_Nyla_70thLogoUpdates_BrandSiteTopLeftCorner_750x260.png","width":750,"height":260,"caption":"Nylabone"},"image":{"@id":"https:\/\/nylabone.co.uk\/#\/schema\/logo\/image\/"}}]}},"spectra_custom_meta":{"_wcml_average_rating":[null],"_wcml_review_count":[null],"_wcml_rating_count":[null],"_backorders":["no"],"_download_limit":["-1"],"_download_expiry":["-1"],"_downloadable":["no"],"_manage_stock":["no"],"_sku":["984624"],"_stock_status":["instock"],"_sold_individually":["no"],"_tax_class":[""],"_tax_status":["taxable"],"_virtual":["no"],"total_sales":["0"],"_regular_price":["7.99"],"_price":["7.99"],"_wpml_media_duplicate":["1"],"_wpml_media_featured":["1"],"Favourites_Ranking":["0"],"_top_nav_excluded":[""],"_cms_nav_minihome":[""],"UPC_Code":["018214846246"],"Pack_Contains":["1 x Erdnussbutter Welpen Gefrierknochen mit Waschlappen - Medium"],"Why_buy_me":["Aus weichem, strapazierf\u00e4higem Nylon gefertigt, wurde dieses Spielzeug f\u00fcr Welpen mit den ersten Z\u00e4hnen entwickelt ~ Erdnussbuttergeschmack ~ Ideal f\u00fcr mittelgro\u00dfe Hunde bis 16 kg  "],"One_Line_Descriptor":["Ideal f\u00fcr zahnende Welpen, die auf allem kauen! "],"Expanded_Feature_1":["<strong>Einfrieren!  <\/strong><br>  Legen Sie das Kauen in den Gefrierschrank, um den Spa\u00df zu erh\u00f6hen."],"Expanded_Feature_2":["<strong>Ewig anhaltender Geschmack  <\/strong><br> Leckerer Erdnussbuttergeschmack, damit Ihr Welpe l\u00e4nger kauen kann"],"Expanded_Feature_3":["<strong>Ideal f\u00fcr die dentale Hygiene<\/strong><br>  Winzige Borsten heben sich beim Kauen vom Knochen ab, wie eine Mini-Zahnb\u00fcrste, um die Z\u00e4hne sauber zu halten und die Bildung von Zahnstein zu verhindern"],"Product_Page_Shelf_Video":["https:\/\/www.youtube.com\/watch?v=F-piPRJy9LU"],"Key_Features":["Befolgen Sie einige unserer Tipps, um das Beste aus Ihrem Welpen Nylabone ~ Um Ihren Welpen mit seinem neuen Kauartikel zu begeistern, kratzen Sie einfach an einer harten, rauen Oberfl\u00e4che, um den Geschmack zu beleben, erwecken Sie einen alten Knochen auf die gleiche Weise wieder zum Leben. ~ Legen Sie das Kauen in den Gefrierschrank, das Einfrieren macht noch mehr Spa\u00df. ~ Um Ihr Kauen sauber zu halten, schrubben Sie es mit einer B\u00fcrste unter warmem Wasser und verwenden Sie ein mildes, ungiftiges Reinigungsmittel, und sp\u00fclen Sie es gr\u00fcndlich aus. ~ \u00dcberpr\u00fcfen Sie das Kauen Ihres Welpen regelm\u00e4\u00dfig und vergewissern Sie sich, dass es ganz und intakt ist und keine Teile fehlen. Ersetzen Sie ihn immer, wenn die Enden der Kn\u00f6chel abgenutzt sind oder wenn er zu klein wird, um sicher zu kauen. ~ Diese nicht essbaren Kauen werden aus Nylon hergestellt. Sie sind NICHT zum Verzehr bestimmt.  "],"Weight_KG":["0.078"],"Related_Products":["980322EU, 983053, 981280EU, 984380EU"],"Warnings":["~ \u00dcberpr\u00fcfen Sie das Kauen Ihres Hundes regelm\u00e4\u00dfig und stellen Sie sicher, dass es ganz und intakt ist und keine Teile fehlen. ~ Ersetzen Sie ihn immer, wenn die Kn\u00f6chelenden abgenutzt sind oder wenn er zu klein wird, um sicher zu kauen. ~ Diese nicht essbaren Kauen werden aus Nylon hergestellt. Sie sind NICHT zum Verzehr bestimmt.  "],"Pack_SIze":["1 Packung"],"Available_For_Dosage_Calculator":["N"],"Dosage_Pod":["N"],"Dog_Size":["Mittlere Hunde (bis zu 16 kg)"],"Facet_Flavour":["Erdnussbutter"],"Texture":["Extra Textur"],"Feature":["Gefrierf\u00e4hig"],"Chew_Shape":["Knochen"],"Chew_Size":["Mittel"],"Dog_Weight":["Bis zu 16 kg"],"Flavour":["Erdnussbutter"],"Material":["Weiches thermoplastisches Polymer, Gewebe (Polyester), k\u00fcnstliches Erdnussbutteraroma"],"Product_Overview":["Die Welpenphase ist eine wichtige Gelegenheit, Ihrem Welpen gutes Kauen beizubringen. Welpen erforschen mit dem Maul ihre Umgebung, spielen und lindern vor allem Zahnungsbeschwerden. Mit positiver Verst\u00e4rkung lernen die Welpen, dass das Kauen auf Nylabone Puppy Chews nicht nur gef\u00f6rdert wird, sondern auch ein lustiger Zeitvertreib ist, den sie bis ins Erwachsenenalter genie\u00dfen k\u00f6nnen! Die Knochen und Kauspielzeuge von Nylabone Puppy sind genau das Richtige, wenn Ihr Hund noch seine ersten Z\u00e4hne hat und gerne kaut! Diese Kauspielzeuge f\u00fcr Welpen haben einen zus\u00e4tzlichen Geschmack, damit Ihr Welpe l\u00e4nger kauen kann. Dieser hat einen k\u00f6stlichen Erdnussbuttergeschmack, der so lange anh\u00e4lt, wie das Kauen dauert. Sie sind nicht bespr\u00fcht, getaucht oder in irgendeiner Weise beschichtet, so dass es keine Chance gibt, dass der leckere Geschmack abgeleckt wird! Die Materialien sind etwas weicher und flexibler als unsere Knochen der Extreme-Reihe, wodurch sie schonender f\u00fcr das Maul Ihres Welpen sind. Wir beherrschen die Herstellung von Kauspielzeug seit \u00fcber 50 Jahren und haben ein Herstellungsverfahren, das seinesgleichen sucht. Wir sorgen daf\u00fcr, dass das Spielzeug nicht splittert, sondern dass die sch\u00f6ne glatte Oberfl\u00e4che beim Kauen aufgeraut wird und sich winzige Borsten auf dem Knochen erheben, die wie eine Mini-Zahnb\u00fcrste wirken und dazu beitragen, dass die Z\u00e4hne Ihrer Welpen sauber bleiben und sich kein Zahnstein bildet. Falls Ihr Welpe doch etwas abbei\u00dft, sollte es immer nur so klein wie ein Reiskorn sein, und diese k\u00f6nnen beim Verschlucken weitergegeben werden, sie stellen keine Erstickungsgefahr dar.  "],"wcml_sync_hash":["a:1:{s:15:\"postmeta_fields\";s:32:\"1d7409b09c9f0be5a265b8fe1788b368\";}"],"attr_label_translations":["a:0:{}"],"_product_attributes":["a:0:{}"],"_thumbnail_id":["9954"],"_product_image_gallery":[""],"_default_attributes":["a:0:{}"],"_upsell_ids":["a:0:{}"],"_crosssell_ids":["a:0:{}"],"_children":["a:0:{}"],"_uag_page_assets":["a:9:{s:3:\"css\";s:263:\".uag-blocks-common-selector{z-index:var(--z-index-desktop) !important}@media (max-width: 976px){.uag-blocks-common-selector{z-index:var(--z-index-tablet) !important}}@media (max-width: 767px){.uag-blocks-common-selector{z-index:var(--z-index-mobile) !important}}\n\";s:2:\"js\";s:0:\"\";s:18:\"current_block_list\";a:11:{i:0;s:11:\"core\/search\";i:1;s:12:\"core\/heading\";i:2;s:14:\"core\/paragraph\";i:3;s:12:\"core\/columns\";i:4;s:11:\"core\/column\";i:5;s:10:\"core\/group\";i:6;s:12:\"core\/gallery\";i:7;s:10:\"core\/image\";i:8;s:14:\"core\/shortcode\";i:9;s:15:\"core\/categories\";i:10;s:13:\"core\/archives\";}s:8:\"uag_flag\";b:0;s:11:\"uag_version\";s:10:\"1775499819\";s:6:\"gfonts\";a:0:{}s:10:\"gfonts_url\";s:0:\"\";s:12:\"gfonts_files\";a:0:{}s:14:\"uag_faq_layout\";b:0;}"],"_oembed_2fde8e53cdff869469ea0f39890a706e":["<iframe title=\"Oh Alfie Nylabone UK\" width=\"1080\" height=\"608\" src=\"https:\/\/www.youtube.com\/embed\/F-piPRJy9LU?feature=oembed\" frameborder=\"0\" allow=\"accelerometer; autoplay; clipboard-write; encrypted-media; gyroscope; picture-in-picture; web-share\" allowfullscreen><\/iframe>"],"_oembed_time_2fde8e53cdff869469ea0f39890a706e":["1698287576"],"_uag_css_file_name":["uag-css-16164.css"],"_wc_rating_count":[""],"_wc_review_count":[""],"_wc_average_rating":[0]},"uagb_featured_image_src":{"full":["https:\/\/nylabone.co.uk\/wp-content\/uploads\/2022\/02\/5e43f5be793be3.58703229.png",768,768,false],"thumbnail":["https:\/\/nylabone.co.uk\/wp-content\/uploads\/2022\/02\/5e43f5be793be3.58703229-150x150.png",150,150,true],"medium":["https:\/\/nylabone.co.uk\/wp-content\/uploads\/2022\/02\/5e43f5be793be3.58703229-300x300.png",300,300,true],"medium_large":["https:\/\/nylabone.co.uk\/wp-content\/uploads\/2022\/02\/5e43f5be793be3.58703229.png",768,768,false],"large":["https:\/\/nylabone.co.uk\/wp-content\/uploads\/2022\/02\/5e43f5be793be3.58703229.png",768,768,false],"blz_expanded_feature":["https:\/\/nylabone.co.uk\/wp-content\/uploads\/2022\/02\/5e43f5be793be3.58703229-275x220.png",275,220,true],"gs-tiny":["https:\/\/nylabone.co.uk\/wp-content\/uploads\/2022\/02\/5e43f5be793be3.58703229.png",50,50,false],"xl":["https:\/\/nylabone.co.uk\/wp-content\/uploads\/2022\/02\/5e43f5be793be3.58703229.png",768,768,false],"xxl":["https:\/\/nylabone.co.uk\/wp-content\/uploads\/2022\/02\/5e43f5be793be3.58703229.png",768,768,false],"xxxl":["https:\/\/nylabone.co.uk\/wp-content\/uploads\/2022\/02\/5e43f5be793be3.58703229.png",768,768,false],"xxxxl":["https:\/\/nylabone.co.uk\/wp-content\/uploads\/2022\/02\/5e43f5be793be3.58703229.png",768,768,false],"xxxxxl":["https:\/\/nylabone.co.uk\/wp-content\/uploads\/2022\/02\/5e43f5be793be3.58703229.png",768,768,false],"1536x1536":["https:\/\/nylabone.co.uk\/wp-content\/uploads\/2022\/02\/5e43f5be793be3.58703229.png",768,768,false],"2048x2048":["https:\/\/nylabone.co.uk\/wp-content\/uploads\/2022\/02\/5e43f5be793be3.58703229.png",768,768,false],"woocommerce_thumbnail":["https:\/\/nylabone.co.uk\/wp-content\/uploads\/2022\/02\/5e43f5be793be3.58703229-300x300.png",300,300,true],"woocommerce_single":["https:\/\/nylabone.co.uk\/wp-content\/uploads\/2022\/02\/5e43f5be793be3.58703229-600x600.png",600,600,true],"woocommerce_gallery_thumbnail":["https:\/\/nylabone.co.uk\/wp-content\/uploads\/2022\/02\/5e43f5be793be3.58703229-100x100.png",100,100,true]},"uagb_author_info":{"display_name":"admin","author_link":"https:\/\/nylabone.co.uk\/de\/author\/blaze\/"},"uagb_comment_info":0,"uagb_excerpt":"Ideal f\u00fcr zahnende Welpen, die auf allem kauen!","featured_img":"https:\/\/nylabone.co.uk\/wp-content\/uploads\/2022\/02\/5e43f5be793be3.58703229.png","coauthors":[],"author_meta":{"author_link":"https:\/\/nylabone.co.uk\/de\/author\/blaze\/","display_name":"admin"},"relative_dates":{"created":"Posted 4 Jahren ago","modified":"Updated 4 Jahren ago"},"absolute_dates":{"created":"Posted on M\u00e4rz 9, 2022","modified":"Updated on M\u00e4rz 9, 2022"},"absolute_dates_time":{"created":"Posted on M\u00e4rz 9, 2022 9:16 am","modified":"Updated on M\u00e4rz 9, 2022 9:16 am"},"featured_img_caption":"","tax_additional":{"product_brand":{"linked":[],"unlinked":[],"slug":"product_brand","name":"Brands"},"product_type":{"linked":["<a href=\"https:\/\/nylabone.co.uk\/de\/?taxonomy=product_type&#038;term=simple\" class=\"advgb-post-tax-term\">simple<\/a>"],"unlinked":["<span class=\"advgb-post-tax-term\">simple<\/span>"],"slug":"product_type","name":"Produkttyp"},"product_visibility":{"linked":[],"unlinked":[],"slug":"product_visibility","name":"Sichtbarkeit des Produkts"},"product_cat":{"linked":["<a href=\"https:\/\/nylabone.co.uk\/de\/shop\/welpen-kauartikel\/\" class=\"advgb-post-tax-term\">Welpen Kauen<\/a>"],"unlinked":["<span class=\"advgb-post-tax-term\">Welpen Kauen<\/span>"],"slug":"product_cat","name":"Produkt-Kategorien"},"product_tag":{"linked":[],"unlinked":[],"slug":"product_tag","name":"Produkt Schlagw\u00f6rter"},"product_shipping_class":{"linked":[],"unlinked":[],"slug":"product_shipping_class","name":"Produkt Versandklasse"},"translation_priority":{"linked":["<a href=\"https:\/\/nylabone.co.uk\/de\/?taxonomy=translation_priority&#038;term=optional\" class=\"advgb-post-tax-term\">Optional<\/a>"],"unlinked":["<span class=\"advgb-post-tax-term\">Optional<\/span>"],"slug":"translation_priority","name":"\u00dcbersetzungspriorit\u00e4ten"},"inspiration_category":{"linked":[],"unlinked":[],"slug":"inspiration_category","name":"Inspiration Kategorien"}},"series_order":"","_links":{"self":[{"href":"https:\/\/nylabone.co.uk\/de\/wp-json\/wp\/v2\/product\/16164","targetHints":{"allow":["GET"]}}],"collection":[{"href":"https:\/\/nylabone.co.uk\/de\/wp-json\/wp\/v2\/product"}],"about":[{"href":"https:\/\/nylabone.co.uk\/de\/wp-json\/wp\/v2\/types\/product"}],"replies":[{"embeddable":true,"href":"https:\/\/nylabone.co.uk\/de\/wp-json\/wp\/v2\/comments?post=16164"}],"wp:featuredmedia":[{"embeddable":true,"href":"https:\/\/nylabone.co.uk\/de\/wp-json\/wp\/v2\/media\/9954"}],"wp:attachment":[{"href":"https:\/\/nylabone.co.uk\/de\/wp-json\/wp\/v2\/media?parent=16164"}],"wp:term":[{"taxonomy":"product_brand","embeddable":true,"href":"https:\/\/nylabone.co.uk\/de\/wp-json\/wp\/v2\/product_brand?post=16164"},{"taxonomy":"product_cat","embeddable":true,"href":"https:\/\/nylabone.co.uk\/de\/wp-json\/wp\/v2\/product_cat?post=16164"},{"taxonomy":"product_tag","embeddable":true,"href":"https:\/\/nylabone.co.uk\/de\/wp-json\/wp\/v2\/product_tag?post=16164"},{"taxonomy":"inspiration_category","embeddable":true,"href":"https:\/\/nylabone.co.uk\/de\/wp-json\/wp\/v2\/inspiration_category?post=16164"}],"curies":[{"name":"wp","href":"https:\/\/api.w.org\/{rel}","templated":true}]}}