{"id":16244,"date":"2022-03-09T09:11:53","date_gmt":"2022-03-09T09:11:53","guid":{"rendered":"https:\/\/nylabone.co.uk\/product\/unkategorisiert\/huhn-welpenknochen-ringknochen-doppelpack-x-klein\/"},"modified":"2025-02-04T15:14:10","modified_gmt":"2025-02-04T15:14:10","slug":"huhn-welpe-knochen-ring-knochen-zwillinge-pack-x-klein","status":"publish","type":"product","link":"https:\/\/nylabone.co.uk\/de\/product\/welpen-kauartikel\/huhn-welpe-knochen-ring-knochen-zwillinge-pack-x-klein\/","title":{"rendered":"Huhn Welpe Knochen &amp; Ringknochen Doppelpack &#8211; X-Kleine"},"content":{"rendered":"<p>Doppelt so viel Spa\u00df!<\/p>\n","protected":false},"excerpt":{"rendered":"<p>Doppelt so viel Spa\u00df!<\/p>\n","protected":false},"author":1,"featured_media":8918,"comment_status":"closed","ping_status":"closed","template":"","meta":{"_acf_changed":false,"_relevanssi_hide_post":"","_relevanssi_hide_content":"","_relevanssi_pin_for_all":"","_relevanssi_pin_keywords":"","_relevanssi_unpin_keywords":"","_relevanssi_related_keywords":"","_relevanssi_related_include_ids":"","_relevanssi_related_exclude_ids":"","_relevanssi_related_no_append":"","_relevanssi_related_not_related":"","_relevanssi_related_posts":"","_relevanssi_noindex_reason":"","inline_featured_image":false,"_uag_custom_page_level_css":"","advgb_blocks_editor_width":"","advgb_blocks_columns_visual_guide":"","site-sidebar-layout":"default","site-content-layout":"","ast-site-content-layout":"default","site-content-style":"default","site-sidebar-style":"default","ast-global-header-display":"","ast-banner-title-visibility":"","ast-main-header-display":"","ast-hfb-above-header-display":"","ast-hfb-below-header-display":"","ast-hfb-mobile-header-display":"","site-post-title":"","ast-breadcrumbs-content":"","ast-featured-img":"","footer-sml-layout":"","ast-disable-related-posts":"","theme-transparent-header-meta":"","adv-header-id-meta":"","stick-header-meta":"","header-above-stick-meta":"","header-main-stick-meta":"","header-below-stick-meta":"","astra-migrate-meta-layouts":"default","ast-page-background-enabled":"default","ast-page-background-meta":{"desktop":{"background-color":"var(--ast-global-color-4)","background-image":"","background-repeat":"repeat","background-position":"center center","background-size":"auto","background-attachment":"scroll","background-type":"","background-media":"","overlay-type":"","overlay-color":"","overlay-opacity":"","overlay-gradient":""},"tablet":{"background-color":"","background-image":"","background-repeat":"repeat","background-position":"center center","background-size":"auto","background-attachment":"scroll","background-type":"","background-media":"","overlay-type":"","overlay-color":"","overlay-opacity":"","overlay-gradient":""},"mobile":{"background-color":"","background-image":"","background-repeat":"repeat","background-position":"center center","background-size":"auto","background-attachment":"scroll","background-type":"","background-media":"","overlay-type":"","overlay-color":"","overlay-opacity":"","overlay-gradient":""}},"ast-content-background-meta":{"desktop":{"background-color":"var(--ast-global-color-5)","background-image":"","background-repeat":"repeat","background-position":"center center","background-size":"auto","background-attachment":"scroll","background-type":"","background-media":"","overlay-type":"","overlay-color":"","overlay-opacity":"","overlay-gradient":""},"tablet":{"background-color":"var(--ast-global-color-5)","background-image":"","background-repeat":"repeat","background-position":"center center","background-size":"auto","background-attachment":"scroll","background-type":"","background-media":"","overlay-type":"","overlay-color":"","overlay-opacity":"","overlay-gradient":""},"mobile":{"background-color":"var(--ast-global-color-5)","background-image":"","background-repeat":"repeat","background-position":"center center","background-size":"auto","background-attachment":"scroll","background-type":"","background-media":"","overlay-type":"","overlay-color":"","overlay-opacity":"","overlay-gradient":""}}},"product_brand":[],"product_cat":[74],"product_tag":[],"inspiration_category":[],"class_list":{"0":"ranking_0","1":"post-16244","2":"product","3":"type-product","4":"status-publish","5":"has-post-thumbnail","7":"product_cat-welpen-kauartikel","8":"FACET-Pack_SIze=2 Packungen","9":"FACET-Dog_Size=X-Kleine Hunde (bis zu 7 kg)","10":"FACET-Facet_Flavour=Huhn","11":"FACET-Texture=Extra Textur","12":"desktop-align-left","13":"tablet-align-left","14":"mobile-align-left","15":"ast-product-gallery-layout-horizontal","16":"ast-product-gallery-with-no-image","17":"ast-product-tabs-layout-horizontal","19":"first","20":"instock","21":"shipping-taxable","22":"purchasable","23":"product-type-simple"},"acf":[],"yoast_head":"<!-- This site is optimized with the Yoast SEO plugin v27.2 - https:\/\/yoast.com\/product\/yoast-seo-wordpress\/ -->\n<title>Huhn Welpe Knochen &amp; Ringknochen Doppelpack - X-Kleine - Nylabone<\/title>\n<meta name=\"robots\" content=\"index, follow, max-snippet:-1, max-image-preview:large, max-video-preview:-1\" \/>\n<link rel=\"canonical\" href=\"https:\/\/nylabone.co.uk\/de\/product\/welpen-kauartikel\/huhn-welpe-knochen-ring-knochen-zwillinge-pack-x-klein\/\" \/>\n<meta property=\"og:locale\" content=\"de_DE\" \/>\n<meta property=\"og:type\" content=\"article\" \/>\n<meta property=\"og:title\" content=\"Huhn Welpe Knochen &amp; Ringknochen Doppelpack - X-Kleine - Nylabone\" \/>\n<meta property=\"og:description\" content=\"Doppelt so viel Spa\u00df!\" \/>\n<meta property=\"og:url\" content=\"https:\/\/nylabone.co.uk\/de\/product\/welpen-kauartikel\/huhn-welpe-knochen-ring-knochen-zwillinge-pack-x-klein\/\" \/>\n<meta property=\"og:site_name\" content=\"Nylabone\" \/>\n<meta property=\"article:modified_time\" content=\"2025-02-04T15:14:10+00:00\" \/>\n<meta property=\"og:image\" content=\"https:\/\/nylabone.co.uk\/wp-content\/uploads\/2022\/02\/5e20379a8a63d1.59067973.jpg\" \/>\n\t<meta property=\"og:image:width\" content=\"768\" \/>\n\t<meta property=\"og:image:height\" content=\"768\" \/>\n\t<meta property=\"og:image:type\" content=\"image\/jpeg\" \/>\n<meta name=\"twitter:card\" content=\"summary_large_image\" \/>\n<script type=\"application\/ld+json\" class=\"yoast-schema-graph\">{\"@context\":\"https:\/\/schema.org\",\"@graph\":[{\"@type\":\"WebPage\",\"@id\":\"https:\/\/nylabone.co.uk\/de\/product\/welpen-kauartikel\/huhn-welpe-knochen-ring-knochen-zwillinge-pack-x-klein\/\",\"url\":\"https:\/\/nylabone.co.uk\/de\/product\/welpen-kauartikel\/huhn-welpe-knochen-ring-knochen-zwillinge-pack-x-klein\/\",\"name\":\"Huhn Welpe Knochen &amp; Ringknochen Doppelpack - X-Kleine - Nylabone\",\"isPartOf\":{\"@id\":\"https:\/\/nylabone.co.uk\/#website\"},\"primaryImageOfPage\":{\"@id\":\"https:\/\/nylabone.co.uk\/de\/product\/welpen-kauartikel\/huhn-welpe-knochen-ring-knochen-zwillinge-pack-x-klein\/#primaryimage\"},\"image\":{\"@id\":\"https:\/\/nylabone.co.uk\/de\/product\/welpen-kauartikel\/huhn-welpe-knochen-ring-knochen-zwillinge-pack-x-klein\/#primaryimage\"},\"thumbnailUrl\":\"https:\/\/nylabone.co.uk\/wp-content\/uploads\/2022\/02\/5e20379a8a63d1.59067973.jpg\",\"datePublished\":\"2022-03-09T09:11:53+00:00\",\"dateModified\":\"2025-02-04T15:14:10+00:00\",\"breadcrumb\":{\"@id\":\"https:\/\/nylabone.co.uk\/de\/product\/welpen-kauartikel\/huhn-welpe-knochen-ring-knochen-zwillinge-pack-x-klein\/#breadcrumb\"},\"inLanguage\":\"de-DE\",\"potentialAction\":[{\"@type\":\"ReadAction\",\"target\":[\"https:\/\/nylabone.co.uk\/de\/product\/welpen-kauartikel\/huhn-welpe-knochen-ring-knochen-zwillinge-pack-x-klein\/\"]}]},{\"@type\":\"ImageObject\",\"inLanguage\":\"de-DE\",\"@id\":\"https:\/\/nylabone.co.uk\/de\/product\/welpen-kauartikel\/huhn-welpe-knochen-ring-knochen-zwillinge-pack-x-klein\/#primaryimage\",\"url\":\"https:\/\/nylabone.co.uk\/wp-content\/uploads\/2022\/02\/5e20379a8a63d1.59067973.jpg\",\"contentUrl\":\"https:\/\/nylabone.co.uk\/wp-content\/uploads\/2022\/02\/5e20379a8a63d1.59067973.jpg\",\"width\":768,\"height\":768},{\"@type\":\"BreadcrumbList\",\"@id\":\"https:\/\/nylabone.co.uk\/de\/product\/welpen-kauartikel\/huhn-welpe-knochen-ring-knochen-zwillinge-pack-x-klein\/#breadcrumb\",\"itemListElement\":[{\"@type\":\"ListItem\",\"position\":1,\"name\":\"Produkte\",\"item\":\"https:\/\/nylabone.co.uk\/de\/treffen-sie-die-nylabone-familie\/\"},{\"@type\":\"ListItem\",\"position\":2,\"name\":\"Welpen Kauen\",\"item\":\"https:\/\/nylabone.co.uk\/de\/shop\/welpen-kauartikel\/\"},{\"@type\":\"ListItem\",\"position\":3,\"name\":\"Huhn Welpe Knochen &amp; Ringknochen Doppelpack &#8211; X-Kleine\"}]},{\"@type\":\"WebSite\",\"@id\":\"https:\/\/nylabone.co.uk\/#website\",\"url\":\"https:\/\/nylabone.co.uk\/\",\"name\":\"Nylabone\",\"description\":\"\",\"publisher\":{\"@id\":\"https:\/\/nylabone.co.uk\/#organization\"},\"potentialAction\":[{\"@type\":\"SearchAction\",\"target\":{\"@type\":\"EntryPoint\",\"urlTemplate\":\"https:\/\/nylabone.co.uk\/?s={search_term_string}\"},\"query-input\":{\"@type\":\"PropertyValueSpecification\",\"valueRequired\":true,\"valueName\":\"search_term_string\"}}],\"inLanguage\":\"de-DE\"},{\"@type\":\"Organization\",\"@id\":\"https:\/\/nylabone.co.uk\/#organization\",\"name\":\"Nylabone\",\"url\":\"https:\/\/nylabone.co.uk\/\",\"logo\":{\"@type\":\"ImageObject\",\"inLanguage\":\"de-DE\",\"@id\":\"https:\/\/nylabone.co.uk\/#\/schema\/logo\/image\/\",\"url\":\"https:\/\/nylabone.co.uk\/wp-content\/uploads\/2025\/08\/WEB_Nyla_70thLogoUpdates_BrandSiteTopLeftCorner_750x260.png\",\"contentUrl\":\"https:\/\/nylabone.co.uk\/wp-content\/uploads\/2025\/08\/WEB_Nyla_70thLogoUpdates_BrandSiteTopLeftCorner_750x260.png\",\"width\":750,\"height\":260,\"caption\":\"Nylabone\"},\"image\":{\"@id\":\"https:\/\/nylabone.co.uk\/#\/schema\/logo\/image\/\"}}]}<\/script>\n<!-- \/ Yoast SEO plugin. -->","yoast_head_json":{"title":"Huhn Welpe Knochen &amp; Ringknochen Doppelpack - X-Kleine - Nylabone","robots":{"index":"index","follow":"follow","max-snippet":"max-snippet:-1","max-image-preview":"max-image-preview:large","max-video-preview":"max-video-preview:-1"},"canonical":"https:\/\/nylabone.co.uk\/de\/product\/welpen-kauartikel\/huhn-welpe-knochen-ring-knochen-zwillinge-pack-x-klein\/","og_locale":"de_DE","og_type":"article","og_title":"Huhn Welpe Knochen &amp; Ringknochen Doppelpack - X-Kleine - Nylabone","og_description":"Doppelt so viel Spa\u00df!","og_url":"https:\/\/nylabone.co.uk\/de\/product\/welpen-kauartikel\/huhn-welpe-knochen-ring-knochen-zwillinge-pack-x-klein\/","og_site_name":"Nylabone","article_modified_time":"2025-02-04T15:14:10+00:00","og_image":[{"width":768,"height":768,"url":"https:\/\/nylabone.co.uk\/wp-content\/uploads\/2022\/02\/5e20379a8a63d1.59067973.jpg","type":"image\/jpeg"}],"twitter_card":"summary_large_image","schema":{"@context":"https:\/\/schema.org","@graph":[{"@type":"WebPage","@id":"https:\/\/nylabone.co.uk\/de\/product\/welpen-kauartikel\/huhn-welpe-knochen-ring-knochen-zwillinge-pack-x-klein\/","url":"https:\/\/nylabone.co.uk\/de\/product\/welpen-kauartikel\/huhn-welpe-knochen-ring-knochen-zwillinge-pack-x-klein\/","name":"Huhn Welpe Knochen &amp; Ringknochen Doppelpack - X-Kleine - Nylabone","isPartOf":{"@id":"https:\/\/nylabone.co.uk\/#website"},"primaryImageOfPage":{"@id":"https:\/\/nylabone.co.uk\/de\/product\/welpen-kauartikel\/huhn-welpe-knochen-ring-knochen-zwillinge-pack-x-klein\/#primaryimage"},"image":{"@id":"https:\/\/nylabone.co.uk\/de\/product\/welpen-kauartikel\/huhn-welpe-knochen-ring-knochen-zwillinge-pack-x-klein\/#primaryimage"},"thumbnailUrl":"https:\/\/nylabone.co.uk\/wp-content\/uploads\/2022\/02\/5e20379a8a63d1.59067973.jpg","datePublished":"2022-03-09T09:11:53+00:00","dateModified":"2025-02-04T15:14:10+00:00","breadcrumb":{"@id":"https:\/\/nylabone.co.uk\/de\/product\/welpen-kauartikel\/huhn-welpe-knochen-ring-knochen-zwillinge-pack-x-klein\/#breadcrumb"},"inLanguage":"de-DE","potentialAction":[{"@type":"ReadAction","target":["https:\/\/nylabone.co.uk\/de\/product\/welpen-kauartikel\/huhn-welpe-knochen-ring-knochen-zwillinge-pack-x-klein\/"]}]},{"@type":"ImageObject","inLanguage":"de-DE","@id":"https:\/\/nylabone.co.uk\/de\/product\/welpen-kauartikel\/huhn-welpe-knochen-ring-knochen-zwillinge-pack-x-klein\/#primaryimage","url":"https:\/\/nylabone.co.uk\/wp-content\/uploads\/2022\/02\/5e20379a8a63d1.59067973.jpg","contentUrl":"https:\/\/nylabone.co.uk\/wp-content\/uploads\/2022\/02\/5e20379a8a63d1.59067973.jpg","width":768,"height":768},{"@type":"BreadcrumbList","@id":"https:\/\/nylabone.co.uk\/de\/product\/welpen-kauartikel\/huhn-welpe-knochen-ring-knochen-zwillinge-pack-x-klein\/#breadcrumb","itemListElement":[{"@type":"ListItem","position":1,"name":"Produkte","item":"https:\/\/nylabone.co.uk\/de\/treffen-sie-die-nylabone-familie\/"},{"@type":"ListItem","position":2,"name":"Welpen Kauen","item":"https:\/\/nylabone.co.uk\/de\/shop\/welpen-kauartikel\/"},{"@type":"ListItem","position":3,"name":"Huhn Welpe Knochen &amp; Ringknochen Doppelpack &#8211; X-Kleine"}]},{"@type":"WebSite","@id":"https:\/\/nylabone.co.uk\/#website","url":"https:\/\/nylabone.co.uk\/","name":"Nylabone","description":"","publisher":{"@id":"https:\/\/nylabone.co.uk\/#organization"},"potentialAction":[{"@type":"SearchAction","target":{"@type":"EntryPoint","urlTemplate":"https:\/\/nylabone.co.uk\/?s={search_term_string}"},"query-input":{"@type":"PropertyValueSpecification","valueRequired":true,"valueName":"search_term_string"}}],"inLanguage":"de-DE"},{"@type":"Organization","@id":"https:\/\/nylabone.co.uk\/#organization","name":"Nylabone","url":"https:\/\/nylabone.co.uk\/","logo":{"@type":"ImageObject","inLanguage":"de-DE","@id":"https:\/\/nylabone.co.uk\/#\/schema\/logo\/image\/","url":"https:\/\/nylabone.co.uk\/wp-content\/uploads\/2025\/08\/WEB_Nyla_70thLogoUpdates_BrandSiteTopLeftCorner_750x260.png","contentUrl":"https:\/\/nylabone.co.uk\/wp-content\/uploads\/2025\/08\/WEB_Nyla_70thLogoUpdates_BrandSiteTopLeftCorner_750x260.png","width":750,"height":260,"caption":"Nylabone"},"image":{"@id":"https:\/\/nylabone.co.uk\/#\/schema\/logo\/image\/"}}]}},"spectra_custom_meta":{"_wcml_average_rating":[null],"_wcml_review_count":[null],"_wcml_rating_count":[null],"_backorders":["no"],"_download_limit":["-1"],"_download_expiry":["-1"],"_downloadable":["no"],"_manage_stock":["no"],"_sku":["983052"],"_stock_status":["instock"],"_sold_individually":["no"],"_tax_class":[""],"_tax_status":["taxable"],"_virtual":["no"],"total_sales":["0"],"_regular_price":["9.49"],"_price":["9.49"],"_wpml_media_duplicate":["1"],"_wpml_media_featured":["1"],"Favourites_Ranking":["0"],"_top_nav_excluded":[""],"_cms_nav_minihome":[""],"wcml_sync_hash":["a:1:{s:15:\"postmeta_fields\";s:32:\"da6d21f0a3255d9b4c5fa64c42792e82\";}"],"attr_label_translations":["a:0:{}"],"_product_attributes":["a:0:{}"],"_thumbnail_id":["8918"],"_product_image_gallery":[""],"_default_attributes":["a:0:{}"],"_upsell_ids":["a:0:{}"],"_crosssell_ids":["a:0:{}"],"_children":["a:0:{}"],"_oembed_2fde8e53cdff869469ea0f39890a706e":["<iframe title=\"Oh Alfie Nylabone UK\" width=\"1080\" height=\"608\" src=\"https:\/\/www.youtube.com\/embed\/F-piPRJy9LU?feature=oembed\" frameborder=\"0\" allow=\"accelerometer; autoplay; clipboard-write; encrypted-media; gyroscope; picture-in-picture; web-share\" allowfullscreen><\/iframe>"],"_oembed_time_2fde8e53cdff869469ea0f39890a706e":["1698221410"],"_last_translation_edit_mode":["translation-editor"],"Box_Contains":["~ 1 x Huhn Welpe Knochen Ringknochen Doppelpack - X-Kleine"],"UPC_Code":["018214830528"],"Pack_Contains":["1 x Huhn Welpe Knochen Ringknochen Doppelpack - X-Kleine"],"Why_buy_me":["Aus weichem, strapazierf\u00e4higem Nylon gefertigt, wurde dieses Spielzeug f\u00fcr Welpen mit den ersten Z\u00e4hnen entwickelt ~ Geschmacksrichtung Huhn ~ Ideal f\u00fcr besonders kleine Hunde bis 7 kg ~ 2er-Pack"],"One_Line_Descriptor":["Doppelt so viel Spa\u00df!"],"Expanded_Feature_1":["<strong>Ewig anhaltender Geschmack <\/strong><br> 2 k\u00f6stliche, durchgehend aromatisierte Knochen, die Ihren Hund l\u00e4nger am Kauen hindern"],"Expanded_Feature_2":["<strong>Ideal f\u00fcr die Hygiene dental <\/strong><br> Winzige Borsten heben sich beim Kauen am Knochen an, wie eine Mini-Zahnb\u00fcrste, um die Z\u00e4hne sauber zu halten und die Bildung von Zahnstein zu verhindern"],"Expanded_Feature_3":["<strong>Besiegen Sie die Langeweile<\/strong><br> Befriedigen Sie den nat\u00fcrlichen Drang Ihres Welpen nach Kauen und besch\u00e4ftigen Sie ihn mit etwas Leckerem und Langlebigem f\u00fcr Kauen "],"Product_Page_Shelf_Video":["https:\/\/www.youtube.com\/watch?v=F-piPRJy9LU"],"Key_Features":["Befolgen Sie einige unserer Tipps, um das Beste aus Ihrem Welpen Nylabone herauszuholen ~ Um Ihren welpe mit seinem neuen Kauen zu begeistern, kratzen Sie einfach an einer harten, rauen Oberfl\u00e4che, um den Geschmack zu beleben, erwecken Sie einen alten Knochen auf die gleiche Weise wieder zum Leben. ~ Um Ihr Kauen sauber zu halten, schrubben Sie es mit einer B\u00fcrste unter warmem Wasser mit einem milden, ungiftigen Reinigungsmittel und sp\u00fclen Sie es gr\u00fcndlich aus. ~ \u00dcberpr\u00fcfen Sie Ihren Welpen Kauen regelm\u00e4\u00dfig und stellen Sie sicher, dass er ganz und intakt ist und keine Teile fehlen. Ersetzen Sie es immer, wenn die Enden der Kn\u00f6chel abgenutzt sind oder wenn es zu klein wird, um sicher zu kauen. ~ Diese nicht essbaren Kauen werden aus Nylon hergestellt. Sie sind NICHT zum Verzehr bestimmt.  "],"Weight_KG":["0.1"],"Related_Products":["983239EU, 983238EU, 983661EU, 983742EU,  "],"Warnings":["~ \u00dcberpr\u00fcfen Sie Ihren Welpen Kauen regelm\u00e4\u00dfig und stellen Sie sicher, dass er ganz und intakt ist und keine Teile fehlen. ~ Ersetzen Sie sie immer, wenn die Kn\u00f6chelenden abgenutzt sind oder wenn sie zu klein werden, um sicher zu kauen. ~ Diese nicht essbaren Kauen werden aus Nylon hergestellt. Sie sind NICHT zum Verzehr bestimmt.  "],"Pack_SIze":["2 Packungen"],"Maximum_Flow_Rate_Litres_Hour":["Welpe Kauen: Weiches Thermoplastisches Polymer"],"Available_For_Dosage_Calculator":["N"],"Dosage_Pod":["N"],"Dog_Size":["X-Kleine Hunde (bis zu 7 kg)"],"Facet_Flavour":["Huhn"],"Texture":["Extra Textur"],"Actual_Product_Dimensions_mm_HxWxD":["100x65x15mm"],"Chew_Shape":["Ring Knochen\/Knochen  "],"Chew_Size":["X-Kleine"],"Dog_Weight":["Bis zu 7 kg"],"Flavour":["Huhn"],"Material":["<p>Welpe Kauen: Weiches Thermoplastisches Polymer, Nat\u00fcrlicher Geschmack<br>Dura Kauen: Nylon, Nat\u00fcrlicher Geschmack<\/p>\n"],"Languages_on_packaging":["Englisch"],"Bone_Length":["100mm"],"Product_Overview":["Die Welpenphase ist eine wichtige Gelegenheit, Ihrem Welpen gutes Kauen beizubringen. Welpen erforschen mit dem Maul ihre Umgebung, spielen und lindern vor allem Zahnungsbeschwerden. Mit positiver Verst\u00e4rkung lernen Welpen, dass das Kauen auf Nylabone Welpe Kauen nicht nur gef\u00f6rdert wird, sondern auch ein lustiger Zeitvertreib ist, den sie bis ins Erwachsenenalter genie\u00dfen k\u00f6nnen! Das Nylabone Welpe Sortiment an Knochen und Kauen Spielzeug ist genau das Richtige, wenn Ihr Hund noch seine ersten Z\u00e4hne hat und gerne Kauen kaut! Diese Welpe Kauen Spielzeuge haben einen zus\u00e4tzlichen Geschmack, damit Ihr welpe l\u00e4nger kauen kann. Diese Knochen haben einen k\u00f6stlichen Geschmack, der so lange anh\u00e4lt, wie Kauen es tut. Sie sind nicht bespr\u00fcht, getaucht oder in irgendeiner Weise beschichtet, so dass keine Gefahr besteht, dass der leckere Geschmack abgeleckt wird!    Die Materialien sind etwas weicher und flexibler als unsere Knochen der Extreme-Reihe, wodurch sie sanfter zum Maul Ihres Welpen sind. Wir beherrschen die Herstellung von Kauspielzeug seit \u00fcber 50 Jahren und verf\u00fcgen \u00fcber ein Herstellungsverfahren, das seinesgleichen sucht. Wir stellen sicher, dass das Spielzeug nicht splittert, sondern dass die sch\u00f6ne glatte Oberfl\u00e4che beim Kauen aufgeraut wird und sich winzige Borsten am Knochen erheben, die wie eine Mini-Zahnb\u00fcrste wirken und dazu beitragen, dass die Z\u00e4hne Ihrer Welpen sauber bleiben und sich kein Zahnstein bildet. Falls Ihr Welpe doch etwas abbei\u00dft, sollte es immer nur so klein wie ein Reiskorn sein, und diese k\u00f6nnen beim Verschlucken weitergegeben werden, sie stellen keine Erstickungsgefahr dar.  "],"_uag_page_assets":["a:9:{s:3:\"css\";s:263:\".uag-blocks-common-selector{z-index:var(--z-index-desktop) !important}@media (max-width: 976px){.uag-blocks-common-selector{z-index:var(--z-index-tablet) !important}}@media (max-width: 767px){.uag-blocks-common-selector{z-index:var(--z-index-mobile) !important}}\n\";s:2:\"js\";s:0:\"\";s:18:\"current_block_list\";a:11:{i:0;s:11:\"core\/search\";i:1;s:12:\"core\/heading\";i:2;s:14:\"core\/paragraph\";i:3;s:12:\"core\/columns\";i:4;s:11:\"core\/column\";i:5;s:10:\"core\/group\";i:6;s:12:\"core\/gallery\";i:7;s:10:\"core\/image\";i:8;s:14:\"core\/shortcode\";i:9;s:15:\"core\/categories\";i:10;s:13:\"core\/archives\";}s:8:\"uag_flag\";b:0;s:11:\"uag_version\";s:10:\"1776077742\";s:6:\"gfonts\";a:0:{}s:10:\"gfonts_url\";s:0:\"\";s:12:\"gfonts_files\";a:0:{}s:14:\"uag_faq_layout\";b:0;}"],"_uag_css_file_name":["uag-css-16244.css"],"_wc_rating_count":[""],"_wc_review_count":[""],"_wc_average_rating":[0]},"uagb_featured_image_src":{"full":["https:\/\/nylabone.co.uk\/wp-content\/uploads\/2022\/02\/5e20379a8a63d1.59067973.jpg",768,768,false],"thumbnail":["https:\/\/nylabone.co.uk\/wp-content\/uploads\/2022\/02\/5e20379a8a63d1.59067973-150x150.jpg",150,150,true],"medium":["https:\/\/nylabone.co.uk\/wp-content\/uploads\/2022\/02\/5e20379a8a63d1.59067973-300x300.jpg",300,300,true],"medium_large":["https:\/\/nylabone.co.uk\/wp-content\/uploads\/2022\/02\/5e20379a8a63d1.59067973.jpg",768,768,false],"large":["https:\/\/nylabone.co.uk\/wp-content\/uploads\/2022\/02\/5e20379a8a63d1.59067973.jpg",768,768,false],"blz_expanded_feature":["https:\/\/nylabone.co.uk\/wp-content\/uploads\/2022\/02\/5e20379a8a63d1.59067973-275x220.jpg",275,220,true],"gs-tiny":["https:\/\/nylabone.co.uk\/wp-content\/uploads\/2022\/02\/5e20379a8a63d1.59067973.jpg",50,50,false],"xl":["https:\/\/nylabone.co.uk\/wp-content\/uploads\/2022\/02\/5e20379a8a63d1.59067973.jpg",768,768,false],"xxl":["https:\/\/nylabone.co.uk\/wp-content\/uploads\/2022\/02\/5e20379a8a63d1.59067973.jpg",768,768,false],"xxxl":["https:\/\/nylabone.co.uk\/wp-content\/uploads\/2022\/02\/5e20379a8a63d1.59067973.jpg",768,768,false],"xxxxl":["https:\/\/nylabone.co.uk\/wp-content\/uploads\/2022\/02\/5e20379a8a63d1.59067973.jpg",768,768,false],"xxxxxl":["https:\/\/nylabone.co.uk\/wp-content\/uploads\/2022\/02\/5e20379a8a63d1.59067973.jpg",768,768,false],"1536x1536":["https:\/\/nylabone.co.uk\/wp-content\/uploads\/2022\/02\/5e20379a8a63d1.59067973.jpg",768,768,false],"2048x2048":["https:\/\/nylabone.co.uk\/wp-content\/uploads\/2022\/02\/5e20379a8a63d1.59067973.jpg",768,768,false],"woocommerce_thumbnail":["https:\/\/nylabone.co.uk\/wp-content\/uploads\/2022\/02\/5e20379a8a63d1.59067973-300x300.jpg",300,300,true],"woocommerce_single":["https:\/\/nylabone.co.uk\/wp-content\/uploads\/2022\/02\/5e20379a8a63d1.59067973-600x600.jpg",600,600,true],"woocommerce_gallery_thumbnail":["https:\/\/nylabone.co.uk\/wp-content\/uploads\/2022\/02\/5e20379a8a63d1.59067973-100x100.jpg",100,100,true]},"uagb_author_info":{"display_name":"admin","author_link":"https:\/\/nylabone.co.uk\/de\/author\/blaze\/"},"uagb_comment_info":0,"uagb_excerpt":"Doppelt so viel Spa\u00df!","featured_img":"https:\/\/nylabone.co.uk\/wp-content\/uploads\/2022\/02\/5e20379a8a63d1.59067973.jpg","coauthors":[],"author_meta":{"author_link":"https:\/\/nylabone.co.uk\/de\/author\/blaze\/","display_name":"admin"},"relative_dates":{"created":"Posted 4 Jahren ago","modified":"Updated 1 Jahr ago"},"absolute_dates":{"created":"Posted on M\u00e4rz 9, 2022","modified":"Updated on Februar 4, 2025"},"absolute_dates_time":{"created":"Posted on M\u00e4rz 9, 2022 9:11 am","modified":"Updated on Februar 4, 2025 3:14 pm"},"featured_img_caption":"","tax_additional":{"product_brand":{"linked":[],"unlinked":[],"slug":"product_brand","name":"Brands"},"product_type":{"linked":["<a href=\"https:\/\/nylabone.co.uk\/de\/?taxonomy=product_type&#038;term=simple\" class=\"advgb-post-tax-term\">simple<\/a>"],"unlinked":["<span class=\"advgb-post-tax-term\">simple<\/span>"],"slug":"product_type","name":"Produkttyp"},"product_visibility":{"linked":[],"unlinked":[],"slug":"product_visibility","name":"Sichtbarkeit des Produkts"},"product_cat":{"linked":["<a href=\"https:\/\/nylabone.co.uk\/de\/shop\/welpen-kauartikel\/\" class=\"advgb-post-tax-term\">Welpen Kauen<\/a>"],"unlinked":["<span class=\"advgb-post-tax-term\">Welpen Kauen<\/span>"],"slug":"product_cat","name":"Produkt-Kategorien"},"product_tag":{"linked":[],"unlinked":[],"slug":"product_tag","name":"Produkt Schlagw\u00f6rter"},"product_shipping_class":{"linked":[],"unlinked":[],"slug":"product_shipping_class","name":"Produkt Versandklasse"},"translation_priority":{"linked":["<a href=\"https:\/\/nylabone.co.uk\/de\/?taxonomy=translation_priority&#038;term=optional\" class=\"advgb-post-tax-term\">Optional<\/a>"],"unlinked":["<span class=\"advgb-post-tax-term\">Optional<\/span>"],"slug":"translation_priority","name":"\u00dcbersetzungspriorit\u00e4ten"},"inspiration_category":{"linked":[],"unlinked":[],"slug":"inspiration_category","name":"Inspiration Kategorien"}},"series_order":"","_links":{"self":[{"href":"https:\/\/nylabone.co.uk\/de\/wp-json\/wp\/v2\/product\/16244","targetHints":{"allow":["GET"]}}],"collection":[{"href":"https:\/\/nylabone.co.uk\/de\/wp-json\/wp\/v2\/product"}],"about":[{"href":"https:\/\/nylabone.co.uk\/de\/wp-json\/wp\/v2\/types\/product"}],"replies":[{"embeddable":true,"href":"https:\/\/nylabone.co.uk\/de\/wp-json\/wp\/v2\/comments?post=16244"}],"wp:featuredmedia":[{"embeddable":true,"href":"https:\/\/nylabone.co.uk\/de\/wp-json\/wp\/v2\/media\/8918"}],"wp:attachment":[{"href":"https:\/\/nylabone.co.uk\/de\/wp-json\/wp\/v2\/media?parent=16244"}],"wp:term":[{"taxonomy":"product_brand","embeddable":true,"href":"https:\/\/nylabone.co.uk\/de\/wp-json\/wp\/v2\/product_brand?post=16244"},{"taxonomy":"product_cat","embeddable":true,"href":"https:\/\/nylabone.co.uk\/de\/wp-json\/wp\/v2\/product_cat?post=16244"},{"taxonomy":"product_tag","embeddable":true,"href":"https:\/\/nylabone.co.uk\/de\/wp-json\/wp\/v2\/product_tag?post=16244"},{"taxonomy":"inspiration_category","embeddable":true,"href":"https:\/\/nylabone.co.uk\/de\/wp-json\/wp\/v2\/inspiration_category?post=16244"}],"curies":[{"name":"wp","href":"https:\/\/api.w.org\/{rel}","templated":true}]}}