{"id":16302,"date":"2022-03-09T09:09:16","date_gmt":"2022-03-09T09:09:16","guid":{"rendered":"https:\/\/nylabone.co.uk\/product\/unkategorisiert\/huhn-moderate-dental-knochen-x-kleine\/"},"modified":"2022-03-09T09:09:16","modified_gmt":"2022-03-09T09:09:16","slug":"chicken-moderate-dental-bone-x-small","status":"publish","type":"product","link":"https:\/\/nylabone.co.uk\/de\/product\/masiges-kauen\/chicken-moderate-dental-bone-x-small\/","title":{"rendered":"Huhn Moderate Dental-Knochen &#8211; X-Kleine"},"content":{"rendered":"<p>Hervorragend zur Reduzierung von Plaque und Zahnstein auf den Z\u00e4hnen Ihres Hundes!<\/p>\n","protected":false},"excerpt":{"rendered":"<p>Hervorragend zur Reduzierung von Plaque und Zahnstein auf den Z\u00e4hnen Ihres Hundes!<\/p>\n","protected":false},"author":1,"featured_media":8426,"comment_status":"closed","ping_status":"closed","template":"","meta":{"_acf_changed":false,"_relevanssi_hide_post":"","_relevanssi_hide_content":"","_relevanssi_pin_for_all":"","_relevanssi_pin_keywords":"","_relevanssi_unpin_keywords":"","_relevanssi_related_keywords":"","_relevanssi_related_include_ids":"","_relevanssi_related_exclude_ids":"","_relevanssi_related_no_append":"","_relevanssi_related_not_related":"","_relevanssi_related_posts":"","_relevanssi_noindex_reason":"","inline_featured_image":false,"_uag_custom_page_level_css":"","advgb_blocks_editor_width":"","advgb_blocks_columns_visual_guide":"","site-sidebar-layout":"default","site-content-layout":"","ast-site-content-layout":"default","site-content-style":"default","site-sidebar-style":"default","ast-global-header-display":"","ast-banner-title-visibility":"","ast-main-header-display":"","ast-hfb-above-header-display":"","ast-hfb-below-header-display":"","ast-hfb-mobile-header-display":"","site-post-title":"","ast-breadcrumbs-content":"","ast-featured-img":"","footer-sml-layout":"","ast-disable-related-posts":"","theme-transparent-header-meta":"","adv-header-id-meta":"","stick-header-meta":"","header-above-stick-meta":"","header-main-stick-meta":"","header-below-stick-meta":"","astra-migrate-meta-layouts":"default","ast-page-background-enabled":"default","ast-page-background-meta":{"desktop":{"background-color":"var(--ast-global-color-4)","background-image":"","background-repeat":"repeat","background-position":"center center","background-size":"auto","background-attachment":"scroll","background-type":"","background-media":"","overlay-type":"","overlay-color":"","overlay-opacity":"","overlay-gradient":""},"tablet":{"background-color":"","background-image":"","background-repeat":"repeat","background-position":"center center","background-size":"auto","background-attachment":"scroll","background-type":"","background-media":"","overlay-type":"","overlay-color":"","overlay-opacity":"","overlay-gradient":""},"mobile":{"background-color":"","background-image":"","background-repeat":"repeat","background-position":"center center","background-size":"auto","background-attachment":"scroll","background-type":"","background-media":"","overlay-type":"","overlay-color":"","overlay-opacity":"","overlay-gradient":""}},"ast-content-background-meta":{"desktop":{"background-color":"var(--ast-global-color-5)","background-image":"","background-repeat":"repeat","background-position":"center center","background-size":"auto","background-attachment":"scroll","background-type":"","background-media":"","overlay-type":"","overlay-color":"","overlay-opacity":"","overlay-gradient":""},"tablet":{"background-color":"var(--ast-global-color-5)","background-image":"","background-repeat":"repeat","background-position":"center center","background-size":"auto","background-attachment":"scroll","background-type":"","background-media":"","overlay-type":"","overlay-color":"","overlay-opacity":"","overlay-gradient":""},"mobile":{"background-color":"var(--ast-global-color-5)","background-image":"","background-repeat":"repeat","background-position":"center center","background-size":"auto","background-attachment":"scroll","background-type":"","background-media":"","overlay-type":"","overlay-color":"","overlay-opacity":"","overlay-gradient":""}}},"product_brand":[],"product_cat":[73],"product_tag":[],"inspiration_category":[],"class_list":{"0":"ranking_0","1":"post-16302","2":"product","3":"type-product","4":"status-publish","5":"has-post-thumbnail","7":"product_cat-masiges-kauen","8":"FACET-Pack_SIze=1 Packung","9":"FACET-Dog_Size=X-Kleine Hunde (bis zu 7 kg)","10":"FACET-Facet_Flavour=Huhn","11":"FACET-Texture=Extra Textur","12":"desktop-align-left","13":"tablet-align-left","14":"mobile-align-left","15":"ast-product-gallery-layout-horizontal","16":"ast-product-gallery-with-no-image","17":"ast-product-tabs-layout-horizontal","19":"first","20":"instock","21":"shipping-taxable","22":"purchasable","23":"product-type-simple"},"acf":[],"yoast_head":"<!-- This site is optimized with the Yoast SEO plugin v27.2 - https:\/\/yoast.com\/product\/yoast-seo-wordpress\/ -->\n<title>Huhn Moderate Dental-Knochen - X-Kleine - Nylabone<\/title>\n<meta name=\"robots\" content=\"index, follow, max-snippet:-1, max-image-preview:large, max-video-preview:-1\" \/>\n<link rel=\"canonical\" href=\"https:\/\/nylabone.co.uk\/product\/unkategorisiert\/huhn-moderate-dental-knochen-x-kleine\/\" \/>\n<meta property=\"og:locale\" content=\"de_DE\" \/>\n<meta property=\"og:type\" content=\"article\" \/>\n<meta property=\"og:title\" content=\"Huhn Moderate Dental-Knochen - X-Kleine - Nylabone\" \/>\n<meta property=\"og:description\" content=\"Hervorragend zur Reduzierung von Plaque und Zahnstein auf den Z\u00e4hnen Ihres Hundes!\" \/>\n<meta property=\"og:url\" content=\"https:\/\/nylabone.co.uk\/product\/unkategorisiert\/huhn-moderate-dental-knochen-x-kleine\/\" \/>\n<meta property=\"og:site_name\" content=\"Nylabone\" \/>\n<meta name=\"twitter:card\" content=\"summary_large_image\" \/>\n<script type=\"application\/ld+json\" class=\"yoast-schema-graph\">{\"@context\":\"https:\/\/schema.org\",\"@graph\":[{\"@type\":\"WebPage\",\"@id\":\"https:\/\/nylabone.co.uk\/product\/unkategorisiert\/huhn-moderate-dental-knochen-x-kleine\/\",\"url\":\"https:\/\/nylabone.co.uk\/product\/unkategorisiert\/huhn-moderate-dental-knochen-x-kleine\/\",\"name\":\"Huhn Moderate Dental-Knochen - X-Kleine - Nylabone\",\"isPartOf\":{\"@id\":\"https:\/\/nylabone.co.uk\/#website\"},\"primaryImageOfPage\":{\"@id\":\"https:\/\/nylabone.co.uk\/product\/unkategorisiert\/huhn-moderate-dental-knochen-x-kleine\/#primaryimage\"},\"image\":{\"@id\":\"https:\/\/nylabone.co.uk\/product\/unkategorisiert\/huhn-moderate-dental-knochen-x-kleine\/#primaryimage\"},\"thumbnailUrl\":\"https:\/\/nylabone.co.uk\/wp-content\/uploads\/2022\/02\/5dcc08f22ccf91.93572658.jpg\",\"datePublished\":\"2022-03-09T09:09:16+00:00\",\"breadcrumb\":{\"@id\":\"https:\/\/nylabone.co.uk\/product\/unkategorisiert\/huhn-moderate-dental-knochen-x-kleine\/#breadcrumb\"},\"inLanguage\":\"de-DE\",\"potentialAction\":[{\"@type\":\"ReadAction\",\"target\":[\"https:\/\/nylabone.co.uk\/product\/unkategorisiert\/huhn-moderate-dental-knochen-x-kleine\/\"]}]},{\"@type\":\"ImageObject\",\"inLanguage\":\"de-DE\",\"@id\":\"https:\/\/nylabone.co.uk\/product\/unkategorisiert\/huhn-moderate-dental-knochen-x-kleine\/#primaryimage\",\"url\":\"https:\/\/nylabone.co.uk\/wp-content\/uploads\/2022\/02\/5dcc08f22ccf91.93572658.jpg\",\"contentUrl\":\"https:\/\/nylabone.co.uk\/wp-content\/uploads\/2022\/02\/5dcc08f22ccf91.93572658.jpg\",\"width\":768,\"height\":768},{\"@type\":\"BreadcrumbList\",\"@id\":\"https:\/\/nylabone.co.uk\/product\/unkategorisiert\/huhn-moderate-dental-knochen-x-kleine\/#breadcrumb\",\"itemListElement\":[{\"@type\":\"ListItem\",\"position\":1,\"name\":\"Produkte\",\"item\":\"https:\/\/nylabone.co.uk\/de\/treffen-sie-die-nylabone-familie\/\"},{\"@type\":\"ListItem\",\"position\":2,\"name\":\"Huhn Moderate Dental-Knochen &#8211; X-Kleine\"}]},{\"@type\":\"WebSite\",\"@id\":\"https:\/\/nylabone.co.uk\/#website\",\"url\":\"https:\/\/nylabone.co.uk\/\",\"name\":\"Nylabone\",\"description\":\"\",\"publisher\":{\"@id\":\"https:\/\/nylabone.co.uk\/#organization\"},\"potentialAction\":[{\"@type\":\"SearchAction\",\"target\":{\"@type\":\"EntryPoint\",\"urlTemplate\":\"https:\/\/nylabone.co.uk\/?s={search_term_string}\"},\"query-input\":{\"@type\":\"PropertyValueSpecification\",\"valueRequired\":true,\"valueName\":\"search_term_string\"}}],\"inLanguage\":\"de-DE\"},{\"@type\":\"Organization\",\"@id\":\"https:\/\/nylabone.co.uk\/#organization\",\"name\":\"Nylabone\",\"url\":\"https:\/\/nylabone.co.uk\/\",\"logo\":{\"@type\":\"ImageObject\",\"inLanguage\":\"de-DE\",\"@id\":\"https:\/\/nylabone.co.uk\/#\/schema\/logo\/image\/\",\"url\":\"https:\/\/nylabone.co.uk\/wp-content\/uploads\/2025\/08\/WEB_Nyla_70thLogoUpdates_BrandSiteTopLeftCorner_750x260.png\",\"contentUrl\":\"https:\/\/nylabone.co.uk\/wp-content\/uploads\/2025\/08\/WEB_Nyla_70thLogoUpdates_BrandSiteTopLeftCorner_750x260.png\",\"width\":750,\"height\":260,\"caption\":\"Nylabone\"},\"image\":{\"@id\":\"https:\/\/nylabone.co.uk\/#\/schema\/logo\/image\/\"}}]}<\/script>\n<!-- \/ Yoast SEO plugin. -->","yoast_head_json":{"title":"Huhn Moderate Dental-Knochen - X-Kleine - Nylabone","robots":{"index":"index","follow":"follow","max-snippet":"max-snippet:-1","max-image-preview":"max-image-preview:large","max-video-preview":"max-video-preview:-1"},"canonical":"https:\/\/nylabone.co.uk\/product\/unkategorisiert\/huhn-moderate-dental-knochen-x-kleine\/","og_locale":"de_DE","og_type":"article","og_title":"Huhn Moderate Dental-Knochen - X-Kleine - Nylabone","og_description":"Hervorragend zur Reduzierung von Plaque und Zahnstein auf den Z\u00e4hnen Ihres Hundes!","og_url":"https:\/\/nylabone.co.uk\/product\/unkategorisiert\/huhn-moderate-dental-knochen-x-kleine\/","og_site_name":"Nylabone","twitter_card":"summary_large_image","schema":{"@context":"https:\/\/schema.org","@graph":[{"@type":"WebPage","@id":"https:\/\/nylabone.co.uk\/product\/unkategorisiert\/huhn-moderate-dental-knochen-x-kleine\/","url":"https:\/\/nylabone.co.uk\/product\/unkategorisiert\/huhn-moderate-dental-knochen-x-kleine\/","name":"Huhn Moderate Dental-Knochen - X-Kleine - Nylabone","isPartOf":{"@id":"https:\/\/nylabone.co.uk\/#website"},"primaryImageOfPage":{"@id":"https:\/\/nylabone.co.uk\/product\/unkategorisiert\/huhn-moderate-dental-knochen-x-kleine\/#primaryimage"},"image":{"@id":"https:\/\/nylabone.co.uk\/product\/unkategorisiert\/huhn-moderate-dental-knochen-x-kleine\/#primaryimage"},"thumbnailUrl":"https:\/\/nylabone.co.uk\/wp-content\/uploads\/2022\/02\/5dcc08f22ccf91.93572658.jpg","datePublished":"2022-03-09T09:09:16+00:00","breadcrumb":{"@id":"https:\/\/nylabone.co.uk\/product\/unkategorisiert\/huhn-moderate-dental-knochen-x-kleine\/#breadcrumb"},"inLanguage":"de-DE","potentialAction":[{"@type":"ReadAction","target":["https:\/\/nylabone.co.uk\/product\/unkategorisiert\/huhn-moderate-dental-knochen-x-kleine\/"]}]},{"@type":"ImageObject","inLanguage":"de-DE","@id":"https:\/\/nylabone.co.uk\/product\/unkategorisiert\/huhn-moderate-dental-knochen-x-kleine\/#primaryimage","url":"https:\/\/nylabone.co.uk\/wp-content\/uploads\/2022\/02\/5dcc08f22ccf91.93572658.jpg","contentUrl":"https:\/\/nylabone.co.uk\/wp-content\/uploads\/2022\/02\/5dcc08f22ccf91.93572658.jpg","width":768,"height":768},{"@type":"BreadcrumbList","@id":"https:\/\/nylabone.co.uk\/product\/unkategorisiert\/huhn-moderate-dental-knochen-x-kleine\/#breadcrumb","itemListElement":[{"@type":"ListItem","position":1,"name":"Produkte","item":"https:\/\/nylabone.co.uk\/de\/treffen-sie-die-nylabone-familie\/"},{"@type":"ListItem","position":2,"name":"Huhn Moderate Dental-Knochen &#8211; X-Kleine"}]},{"@type":"WebSite","@id":"https:\/\/nylabone.co.uk\/#website","url":"https:\/\/nylabone.co.uk\/","name":"Nylabone","description":"","publisher":{"@id":"https:\/\/nylabone.co.uk\/#organization"},"potentialAction":[{"@type":"SearchAction","target":{"@type":"EntryPoint","urlTemplate":"https:\/\/nylabone.co.uk\/?s={search_term_string}"},"query-input":{"@type":"PropertyValueSpecification","valueRequired":true,"valueName":"search_term_string"}}],"inLanguage":"de-DE"},{"@type":"Organization","@id":"https:\/\/nylabone.co.uk\/#organization","name":"Nylabone","url":"https:\/\/nylabone.co.uk\/","logo":{"@type":"ImageObject","inLanguage":"de-DE","@id":"https:\/\/nylabone.co.uk\/#\/schema\/logo\/image\/","url":"https:\/\/nylabone.co.uk\/wp-content\/uploads\/2025\/08\/WEB_Nyla_70thLogoUpdates_BrandSiteTopLeftCorner_750x260.png","contentUrl":"https:\/\/nylabone.co.uk\/wp-content\/uploads\/2025\/08\/WEB_Nyla_70thLogoUpdates_BrandSiteTopLeftCorner_750x260.png","width":750,"height":260,"caption":"Nylabone"},"image":{"@id":"https:\/\/nylabone.co.uk\/#\/schema\/logo\/image\/"}}]}},"spectra_custom_meta":{"_wcml_average_rating":[null],"_wcml_review_count":[null],"_wcml_rating_count":[null],"_backorders":["no"],"_download_limit":["-1"],"_download_expiry":["-1"],"_downloadable":["no"],"_manage_stock":["no"],"_sku":["981278EU"],"_stock_status":["instock"],"_sold_individually":["no"],"_tax_class":[""],"_tax_status":["taxable"],"_virtual":["no"],"total_sales":["0"],"_regular_price":["5.49"],"_price":["5.49"],"_wpml_media_duplicate":["1"],"_wpml_media_featured":["1"],"Favourites_Ranking":["0"],"_top_nav_excluded":[""],"_cms_nav_minihome":[""],"UPC_Code":["018214812784"],"Pack_Contains":["1 x Huhn Moderate Dental-Knochen - X-Kleine"],"Why_buy_me":["Hergestellt aus weichem, aber dennoch strapazierf\u00e4higem Nylon wurde dieses Spielzeug f\u00fcr sanfte Kauer entwickelt ~ Geschmacksrichtung Huhn ~ Ideal f\u00fcr besonders kleine Hunde bis zu 7 kg Erh\u00e4ltlich auch in <a href=\"\/Products\/Moderate-Chews\/Chicken-Moderate-Dental-Bone-Small\">Small<\/a>, <a href=\"\/Products\/Moderate-Chews\/Chicken-Moderate-Dental-Bone-Medium<\/a> und <a href=\"\/Products\/Moderate-Chews\/Chicken-Moderate-Dental-Bone-Large\">Large<\/a>"],"One_Line_Descriptor":["Hervorragend zur Reduzierung von Plaque und Zahnstein auf den Z\u00e4hnen Ihres Hundes!  "],"Expanded_Feature_1":["<strong>Extra Textur<\/strong><br>  Dieser Knochen ist mit vielen Noppen versehen, um die Langeweile Ihres Hundes zu vertreiben und seine Z\u00e4hne besonders sauber zu halten  "],"Expanded_Feature_2":["<strong>Ewig anhaltender Geschmack  <\/strong><br>  Leckerer H\u00e4hnchengeschmack, damit Ihr Hund l\u00e4nger kauen kann"],"Expanded_Feature_3":["<strong>Ideal f\u00fcr die dentale Hygiene<\/strong><br>  Winzige Borsten heben sich beim Kauen vom Knochen ab, wie eine Mini-Zahnb\u00fcrste, um die Z\u00e4hne sauber zu halten und die Bildung von Zahnstein zu verhindern"],"Product_Page_Shelf_Video":["https:\/\/www.youtube.com\/watch?v=F-piPRJy9LU"],"Key_Features":["Befolgen Sie einige unserer Tipps, um das Beste aus dem Nylabone Ihres Hundes herauszuholen ~ Um Ihren Hund mit seinem neuen Kauartikel zu begeistern, kratzen Sie einfach an einer harten, rauen Oberfl\u00e4che, um den Geschmack zu beleben, und erwecken Sie auf dieselbe Weise einen alten Knochen wieder zum Leben. ~ Um Ihr Kauen sauber zu halten, schrubben Sie es mit einer B\u00fcrste unter warmem Wasser und verwenden Sie ein mildes, ungiftiges Reinigungsmittel, und sp\u00fclen Sie es gr\u00fcndlich aus. ~ \u00dcberpr\u00fcfen Sie das Kauen Ihres Hundes regelm\u00e4\u00dfig und stellen Sie sicher, dass es ganz und intakt ist und keine Teile fehlen. Ersetzen Sie ihn immer, wenn die Enden der Kn\u00f6chel abgenutzt sind oder wenn er zu klein wird, um sicher zu kauen. ~ Diese nicht essbaren Kauen werden aus Nylon hergestellt. Sie sind NICHT zum Verzehr bestimmt.  "],"Weight_KG":["0.0302"],"Related_Products":["981204EU, 983913EU, 983326EU, 984107,  "],"Warnings":["~ \u00dcberpr\u00fcfen Sie das Kauen Ihres Hundes regelm\u00e4\u00dfig und stellen Sie sicher, dass es ganz und intakt ist und keine Teile fehlen. ~ Ersetzen Sie ihn immer, wenn die Kn\u00f6chelenden abgenutzt sind oder wenn er zu klein wird, um sicher zu kauen. ~ Diese nicht essbaren Kauen werden aus Nylon hergestellt. Sie sind NICHT zum Verzehr bestimmt.  "],"Pack_SIze":["1 Packung"],"Available_For_Dosage_Calculator":["N"],"Dosage_Pod":["N"],"Dog_Size":["X-Kleine Hunde (bis zu 7 kg)"],"Facet_Flavour":["Huhn"],"Texture":["Extra Textur"],"Actual_Product_Dimensions_mm_HxWxD":["95x25x19mm"],"Chew_Shape":["Knochen"],"Chew_Size":["X-Kleine"],"Dog_Weight":["Bis zu 7 kg"],"Flavour":["Huhn"],"Material":["Weiches Thermoplastisches Polymer, nat\u00fcrliches Aroma"],"Languages_on_packaging":["Englisch, Deutsch, Franz\u00f6sisch, Spanisch."],"Bone_Length":["95mm"],"Product_Overview":["Die Nylabone Moderate Reihe von Knochen und Kauspielzeug ist genau das Richtige f\u00fcr Ihren Hund, der ein sanfter, weniger aggressiver Kauer ist. Diese Kauspielzeuge haben einen k\u00f6stlichen H\u00fchnergeschmack, was bedeutet, dass der Geschmack so lange anh\u00e4lt, wie das Kauen dauert. Sie sind nicht bespr\u00fcht, getaucht oder in irgendeiner Weise beschichtet, so dass es keine Chance gibt, dass der leckere Geschmack abgeleckt wird! Die Materialien sind etwas weicher und flexibler als unsere Knochen der Extreme-Reihe, wodurch sie schonender f\u00fcr das Maul Ihres Hundes sind. Wir beherrschen die Herstellung von Kauspielzeug seit \u00fcber 50 Jahren und verf\u00fcgen \u00fcber ein Herstellungsverfahren, das seinesgleichen sucht. Wir stellen sicher, dass das Spielzeug nicht splittert, sondern dass die sch\u00f6ne glatte Oberfl\u00e4che beim Kauen aufgeraut wird und sich winzige Borsten am Knochen erheben, die wie eine Mini-Zahnb\u00fcrste wirken und dazu beitragen, dass die Z\u00e4hne Ihres Hundes sauber bleiben und sich kein Zahnstein bildet. Wenn Ihr Hund doch einmal etwas abbei\u00dft, sollte es nur so klein wie ein Reiskorn sein, und diese k\u00f6nnen verschluckt werden, stellen aber keine Erstickungsgefahr dar.  "],"wcml_sync_hash":["a:1:{s:15:\"postmeta_fields\";s:32:\"1c05fa0ff40b5d8222387674e30ad163\";}"],"attr_label_translations":["a:0:{}"],"_product_attributes":["a:0:{}"],"_thumbnail_id":["8426"],"_product_image_gallery":[""],"_default_attributes":["a:0:{}"],"_upsell_ids":["a:0:{}"],"_crosssell_ids":["a:0:{}"],"_children":["a:0:{}"],"_uag_page_assets":["a:9:{s:3:\"css\";s:263:\".uag-blocks-common-selector{z-index:var(--z-index-desktop) !important}@media (max-width: 976px){.uag-blocks-common-selector{z-index:var(--z-index-tablet) !important}}@media (max-width: 767px){.uag-blocks-common-selector{z-index:var(--z-index-mobile) !important}}\n\";s:2:\"js\";s:0:\"\";s:18:\"current_block_list\";a:11:{i:0;s:11:\"core\/search\";i:1;s:12:\"core\/heading\";i:2;s:14:\"core\/paragraph\";i:3;s:12:\"core\/columns\";i:4;s:11:\"core\/column\";i:5;s:10:\"core\/group\";i:6;s:12:\"core\/gallery\";i:7;s:10:\"core\/image\";i:8;s:14:\"core\/shortcode\";i:9;s:15:\"core\/categories\";i:10;s:13:\"core\/archives\";}s:8:\"uag_flag\";b:0;s:11:\"uag_version\";s:10:\"1775631463\";s:6:\"gfonts\";a:0:{}s:10:\"gfonts_url\";s:0:\"\";s:12:\"gfonts_files\";a:0:{}s:14:\"uag_faq_layout\";b:0;}"],"_oembed_2fde8e53cdff869469ea0f39890a706e":["<iframe title=\"Oh Alfie Nylabone UK\" width=\"1080\" height=\"608\" src=\"https:\/\/www.youtube.com\/embed\/F-piPRJy9LU?feature=oembed\" frameborder=\"0\" allow=\"accelerometer; autoplay; clipboard-write; encrypted-media; gyroscope; picture-in-picture; web-share\" allowfullscreen><\/iframe>"],"_oembed_time_2fde8e53cdff869469ea0f39890a706e":["1698197476"],"_uag_css_file_name":["uag-css-16302.css"],"_wc_rating_count":[""],"_wc_review_count":[""],"_wc_average_rating":[0]},"uagb_featured_image_src":{"full":["https:\/\/nylabone.co.uk\/wp-content\/uploads\/2022\/02\/5dcc08f22ccf91.93572658.jpg",768,768,false],"thumbnail":["https:\/\/nylabone.co.uk\/wp-content\/uploads\/2022\/02\/5dcc08f22ccf91.93572658-150x150.jpg",150,150,true],"medium":["https:\/\/nylabone.co.uk\/wp-content\/uploads\/2022\/02\/5dcc08f22ccf91.93572658-300x300.jpg",300,300,true],"medium_large":["https:\/\/nylabone.co.uk\/wp-content\/uploads\/2022\/02\/5dcc08f22ccf91.93572658.jpg",768,768,false],"large":["https:\/\/nylabone.co.uk\/wp-content\/uploads\/2022\/02\/5dcc08f22ccf91.93572658.jpg",768,768,false],"blz_expanded_feature":["https:\/\/nylabone.co.uk\/wp-content\/uploads\/2022\/02\/5dcc08f22ccf91.93572658-275x220.jpg",275,220,true],"gs-tiny":["https:\/\/nylabone.co.uk\/wp-content\/uploads\/2022\/02\/5dcc08f22ccf91.93572658.jpg",50,50,false],"xl":["https:\/\/nylabone.co.uk\/wp-content\/uploads\/2022\/02\/5dcc08f22ccf91.93572658.jpg",768,768,false],"xxl":["https:\/\/nylabone.co.uk\/wp-content\/uploads\/2022\/02\/5dcc08f22ccf91.93572658.jpg",768,768,false],"xxxl":["https:\/\/nylabone.co.uk\/wp-content\/uploads\/2022\/02\/5dcc08f22ccf91.93572658.jpg",768,768,false],"xxxxl":["https:\/\/nylabone.co.uk\/wp-content\/uploads\/2022\/02\/5dcc08f22ccf91.93572658.jpg",768,768,false],"xxxxxl":["https:\/\/nylabone.co.uk\/wp-content\/uploads\/2022\/02\/5dcc08f22ccf91.93572658.jpg",768,768,false],"1536x1536":["https:\/\/nylabone.co.uk\/wp-content\/uploads\/2022\/02\/5dcc08f22ccf91.93572658.jpg",768,768,false],"2048x2048":["https:\/\/nylabone.co.uk\/wp-content\/uploads\/2022\/02\/5dcc08f22ccf91.93572658.jpg",768,768,false],"woocommerce_thumbnail":["https:\/\/nylabone.co.uk\/wp-content\/uploads\/2022\/02\/5dcc08f22ccf91.93572658-300x300.jpg",300,300,true],"woocommerce_single":["https:\/\/nylabone.co.uk\/wp-content\/uploads\/2022\/02\/5dcc08f22ccf91.93572658-600x600.jpg",600,600,true],"woocommerce_gallery_thumbnail":["https:\/\/nylabone.co.uk\/wp-content\/uploads\/2022\/02\/5dcc08f22ccf91.93572658-100x100.jpg",100,100,true]},"uagb_author_info":{"display_name":"admin","author_link":"https:\/\/nylabone.co.uk\/de\/author\/blaze\/"},"uagb_comment_info":0,"uagb_excerpt":"Hervorragend zur Reduzierung von Plaque und Zahnstein auf den Z\u00e4hnen Ihres Hundes!","featured_img":"https:\/\/nylabone.co.uk\/wp-content\/uploads\/2022\/02\/5dcc08f22ccf91.93572658.jpg","coauthors":[],"author_meta":{"author_link":"https:\/\/nylabone.co.uk\/de\/author\/blaze\/","display_name":"admin"},"relative_dates":{"created":"Posted 4 Jahren ago","modified":"Updated 4 Jahren ago"},"absolute_dates":{"created":"Posted on M\u00e4rz 9, 2022","modified":"Updated on M\u00e4rz 9, 2022"},"absolute_dates_time":{"created":"Posted on M\u00e4rz 9, 2022 9:09 am","modified":"Updated on M\u00e4rz 9, 2022 9:09 am"},"featured_img_caption":"","tax_additional":{"product_brand":{"linked":[],"unlinked":[],"slug":"product_brand","name":"Brands"},"product_type":{"linked":["<a href=\"https:\/\/nylabone.co.uk\/de\/?taxonomy=product_type&#038;term=simple\" class=\"advgb-post-tax-term\">simple<\/a>"],"unlinked":["<span class=\"advgb-post-tax-term\">simple<\/span>"],"slug":"product_type","name":"Produkttyp"},"product_visibility":{"linked":[],"unlinked":[],"slug":"product_visibility","name":"Sichtbarkeit des Produkts"},"product_cat":{"linked":["<a href=\"https:\/\/nylabone.co.uk\/de\/shop\/masiges-kauen\/\" class=\"advgb-post-tax-term\">M\u00e4\u00dfiges Kauen<\/a>"],"unlinked":["<span class=\"advgb-post-tax-term\">M\u00e4\u00dfiges Kauen<\/span>"],"slug":"product_cat","name":"Produkt-Kategorien"},"product_tag":{"linked":[],"unlinked":[],"slug":"product_tag","name":"Produkt Schlagw\u00f6rter"},"product_shipping_class":{"linked":[],"unlinked":[],"slug":"product_shipping_class","name":"Produkt Versandklasse"},"translation_priority":{"linked":["<a href=\"https:\/\/nylabone.co.uk\/de\/?taxonomy=translation_priority&#038;term=optional\" class=\"advgb-post-tax-term\">Optional<\/a>"],"unlinked":["<span class=\"advgb-post-tax-term\">Optional<\/span>"],"slug":"translation_priority","name":"\u00dcbersetzungspriorit\u00e4ten"},"inspiration_category":{"linked":[],"unlinked":[],"slug":"inspiration_category","name":"Inspiration Kategorien"}},"series_order":"","_links":{"self":[{"href":"https:\/\/nylabone.co.uk\/de\/wp-json\/wp\/v2\/product\/16302","targetHints":{"allow":["GET"]}}],"collection":[{"href":"https:\/\/nylabone.co.uk\/de\/wp-json\/wp\/v2\/product"}],"about":[{"href":"https:\/\/nylabone.co.uk\/de\/wp-json\/wp\/v2\/types\/product"}],"replies":[{"embeddable":true,"href":"https:\/\/nylabone.co.uk\/de\/wp-json\/wp\/v2\/comments?post=16302"}],"wp:featuredmedia":[{"embeddable":true,"href":"https:\/\/nylabone.co.uk\/de\/wp-json\/wp\/v2\/media\/8426"}],"wp:attachment":[{"href":"https:\/\/nylabone.co.uk\/de\/wp-json\/wp\/v2\/media?parent=16302"}],"wp:term":[{"taxonomy":"product_brand","embeddable":true,"href":"https:\/\/nylabone.co.uk\/de\/wp-json\/wp\/v2\/product_brand?post=16302"},{"taxonomy":"product_cat","embeddable":true,"href":"https:\/\/nylabone.co.uk\/de\/wp-json\/wp\/v2\/product_cat?post=16302"},{"taxonomy":"product_tag","embeddable":true,"href":"https:\/\/nylabone.co.uk\/de\/wp-json\/wp\/v2\/product_tag?post=16302"},{"taxonomy":"inspiration_category","embeddable":true,"href":"https:\/\/nylabone.co.uk\/de\/wp-json\/wp\/v2\/inspiration_category?post=16302"}],"curies":[{"name":"wp","href":"https:\/\/api.w.org\/{rel}","templated":true}]}}