{"id":17957,"date":"2024-01-17T17:18:03","date_gmt":"2024-01-17T17:18:03","guid":{"rendered":"https:\/\/nylabone.co.uk\/product\/unkategorisiert\/speck-steak-extrem-kauen-gebackener-knochen-x-grosse\/"},"modified":"2025-02-13T13:12:51","modified_gmt":"2025-02-13T13:12:51","slug":"speck-steak-extrem-kauen-knochen-x-grose","status":"publish","type":"product","link":"https:\/\/nylabone.co.uk\/de\/product\/extremes-kauen\/speck-steak-extrem-kauen-knochen-x-grose\/","title":{"rendered":"Speck &amp; Steak Extrem Gebratener Knochen &#8211; X-Gro\u00dfe"},"content":{"rendered":"<p>Es ist an der Zeit, dass Ihr Hund den Brei probiert!<\/p>\n","protected":false},"excerpt":{"rendered":"<p>Es ist an der Zeit, dass Ihr Hund den Brei probiert!<\/p>\n","protected":false},"author":4,"featured_media":20191,"comment_status":"closed","ping_status":"closed","template":"","meta":{"_acf_changed":false,"_relevanssi_hide_post":"","_relevanssi_hide_content":"","_relevanssi_pin_for_all":"","_relevanssi_pin_keywords":"","_relevanssi_unpin_keywords":"","_relevanssi_related_keywords":"","_relevanssi_related_include_ids":"","_relevanssi_related_exclude_ids":"","_relevanssi_related_no_append":"","_relevanssi_related_not_related":"","_relevanssi_related_posts":"","_relevanssi_noindex_reason":"","inline_featured_image":false,"_uag_custom_page_level_css":"","advgb_blocks_editor_width":"","advgb_blocks_columns_visual_guide":"","site-sidebar-layout":"default","site-content-layout":"","ast-site-content-layout":"default","site-content-style":"default","site-sidebar-style":"default","ast-global-header-display":"","ast-banner-title-visibility":"","ast-main-header-display":"","ast-hfb-above-header-display":"","ast-hfb-below-header-display":"","ast-hfb-mobile-header-display":"","site-post-title":"","ast-breadcrumbs-content":"","ast-featured-img":"","footer-sml-layout":"","ast-disable-related-posts":"","theme-transparent-header-meta":"","adv-header-id-meta":"","stick-header-meta":"","header-above-stick-meta":"","header-main-stick-meta":"","header-below-stick-meta":"","astra-migrate-meta-layouts":"default","ast-page-background-enabled":"default","ast-page-background-meta":{"desktop":{"background-color":"var(--ast-global-color-4)","background-image":"","background-repeat":"repeat","background-position":"center center","background-size":"auto","background-attachment":"scroll","background-type":"","background-media":"","overlay-type":"","overlay-color":"","overlay-opacity":"","overlay-gradient":""},"tablet":{"background-color":"","background-image":"","background-repeat":"repeat","background-position":"center center","background-size":"auto","background-attachment":"scroll","background-type":"","background-media":"","overlay-type":"","overlay-color":"","overlay-opacity":"","overlay-gradient":""},"mobile":{"background-color":"","background-image":"","background-repeat":"repeat","background-position":"center center","background-size":"auto","background-attachment":"scroll","background-type":"","background-media":"","overlay-type":"","overlay-color":"","overlay-opacity":"","overlay-gradient":""}},"ast-content-background-meta":{"desktop":{"background-color":"var(--ast-global-color-5)","background-image":"","background-repeat":"repeat","background-position":"center center","background-size":"auto","background-attachment":"scroll","background-type":"","background-media":"","overlay-type":"","overlay-color":"","overlay-opacity":"","overlay-gradient":""},"tablet":{"background-color":"var(--ast-global-color-5)","background-image":"","background-repeat":"repeat","background-position":"center center","background-size":"auto","background-attachment":"scroll","background-type":"","background-media":"","overlay-type":"","overlay-color":"","overlay-opacity":"","overlay-gradient":""},"mobile":{"background-color":"var(--ast-global-color-5)","background-image":"","background-repeat":"repeat","background-position":"center center","background-size":"auto","background-attachment":"scroll","background-type":"","background-media":"","overlay-type":"","overlay-color":"","overlay-opacity":"","overlay-gradient":""}}},"product_brand":[],"product_cat":[112],"product_tag":[],"inspiration_category":[],"class_list":{"0":"ranking_100","1":"post-17957","2":"product","3":"type-product","4":"status-publish","5":"has-post-thumbnail","7":"product_cat-extremes-kauen","8":"FACET-Type=Extrem Kauen","9":"FACET-Pack_SIze=1 Packung","10":"FACET-Dog_Size=X-Gro\u00dfe Hunde (23kg +)","11":"FACET-Texture=Extra Textur","12":"desktop-align-left","13":"tablet-align-left","14":"mobile-align-left","15":"ast-product-gallery-layout-horizontal","16":"ast-product-gallery-with-no-image","17":"ast-product-tabs-layout-horizontal","19":"first","20":"instock","21":"shipping-taxable","22":"purchasable","23":"product-type-simple"},"acf":[],"yoast_head":"<!-- This site is optimized with the Yoast SEO plugin v27.2 - https:\/\/yoast.com\/product\/yoast-seo-wordpress\/ -->\n<title>Speck &amp; Steak Extrem Gebratener Knochen - X-Gro\u00dfe - Nylabone<\/title>\n<meta name=\"robots\" content=\"index, follow, max-snippet:-1, max-image-preview:large, max-video-preview:-1\" \/>\n<link rel=\"canonical\" href=\"https:\/\/nylabone.co.uk\/de\/product\/extremes-kauen\/speck-steak-extrem-kauen-knochen-x-grose\/\" \/>\n<meta property=\"og:locale\" content=\"de_DE\" \/>\n<meta property=\"og:type\" content=\"article\" \/>\n<meta property=\"og:title\" content=\"Speck &amp; Steak Extrem Gebratener Knochen - X-Gro\u00dfe - Nylabone\" \/>\n<meta property=\"og:description\" content=\"Es ist an der Zeit, dass Ihr Hund den Brei probiert!\" \/>\n<meta property=\"og:url\" content=\"https:\/\/nylabone.co.uk\/de\/product\/extremes-kauen\/speck-steak-extrem-kauen-knochen-x-grose\/\" \/>\n<meta property=\"og:site_name\" content=\"Nylabone\" \/>\n<meta property=\"article:modified_time\" content=\"2025-02-13T13:12:51+00:00\" \/>\n<meta property=\"og:image\" content=\"https:\/\/nylabone.co.uk\/wp-content\/uploads\/2025\/02\/65a8ec62ab8243.41004070.jpg\" \/>\n\t<meta property=\"og:image:width\" content=\"1500\" \/>\n\t<meta property=\"og:image:height\" content=\"1500\" \/>\n\t<meta property=\"og:image:type\" content=\"image\/jpeg\" \/>\n<meta name=\"twitter:card\" content=\"summary_large_image\" \/>\n<script type=\"application\/ld+json\" class=\"yoast-schema-graph\">{\"@context\":\"https:\/\/schema.org\",\"@graph\":[{\"@type\":\"WebPage\",\"@id\":\"https:\/\/nylabone.co.uk\/de\/product\/extremes-kauen\/speck-steak-extrem-kauen-knochen-x-grose\/\",\"url\":\"https:\/\/nylabone.co.uk\/de\/product\/extremes-kauen\/speck-steak-extrem-kauen-knochen-x-grose\/\",\"name\":\"Speck &amp; Steak Extrem Gebratener Knochen - X-Gro\u00dfe - Nylabone\",\"isPartOf\":{\"@id\":\"https:\/\/nylabone.co.uk\/#website\"},\"primaryImageOfPage\":{\"@id\":\"https:\/\/nylabone.co.uk\/de\/product\/extremes-kauen\/speck-steak-extrem-kauen-knochen-x-grose\/#primaryimage\"},\"image\":{\"@id\":\"https:\/\/nylabone.co.uk\/de\/product\/extremes-kauen\/speck-steak-extrem-kauen-knochen-x-grose\/#primaryimage\"},\"thumbnailUrl\":\"https:\/\/nylabone.co.uk\/wp-content\/uploads\/2025\/02\/65a8ec62ab8243.41004070.jpg\",\"datePublished\":\"2024-01-17T17:18:03+00:00\",\"dateModified\":\"2025-02-13T13:12:51+00:00\",\"breadcrumb\":{\"@id\":\"https:\/\/nylabone.co.uk\/de\/product\/extremes-kauen\/speck-steak-extrem-kauen-knochen-x-grose\/#breadcrumb\"},\"inLanguage\":\"de-DE\",\"potentialAction\":[{\"@type\":\"ReadAction\",\"target\":[\"https:\/\/nylabone.co.uk\/de\/product\/extremes-kauen\/speck-steak-extrem-kauen-knochen-x-grose\/\"]}]},{\"@type\":\"ImageObject\",\"inLanguage\":\"de-DE\",\"@id\":\"https:\/\/nylabone.co.uk\/de\/product\/extremes-kauen\/speck-steak-extrem-kauen-knochen-x-grose\/#primaryimage\",\"url\":\"https:\/\/nylabone.co.uk\/wp-content\/uploads\/2025\/02\/65a8ec62ab8243.41004070.jpg\",\"contentUrl\":\"https:\/\/nylabone.co.uk\/wp-content\/uploads\/2025\/02\/65a8ec62ab8243.41004070.jpg\",\"width\":1500,\"height\":1500},{\"@type\":\"BreadcrumbList\",\"@id\":\"https:\/\/nylabone.co.uk\/de\/product\/extremes-kauen\/speck-steak-extrem-kauen-knochen-x-grose\/#breadcrumb\",\"itemListElement\":[{\"@type\":\"ListItem\",\"position\":1,\"name\":\"Produkte\",\"item\":\"https:\/\/nylabone.co.uk\/de\/treffen-sie-die-nylabone-familie\/\"},{\"@type\":\"ListItem\",\"position\":2,\"name\":\"Extremes Kauen\",\"item\":\"https:\/\/nylabone.co.uk\/de\/shop\/extremes-kauen\/\"},{\"@type\":\"ListItem\",\"position\":3,\"name\":\"Speck &amp; Steak Extrem Gebratener Knochen &#8211; X-Gro\u00dfe\"}]},{\"@type\":\"WebSite\",\"@id\":\"https:\/\/nylabone.co.uk\/#website\",\"url\":\"https:\/\/nylabone.co.uk\/\",\"name\":\"Nylabone\",\"description\":\"\",\"publisher\":{\"@id\":\"https:\/\/nylabone.co.uk\/#organization\"},\"potentialAction\":[{\"@type\":\"SearchAction\",\"target\":{\"@type\":\"EntryPoint\",\"urlTemplate\":\"https:\/\/nylabone.co.uk\/?s={search_term_string}\"},\"query-input\":{\"@type\":\"PropertyValueSpecification\",\"valueRequired\":true,\"valueName\":\"search_term_string\"}}],\"inLanguage\":\"de-DE\"},{\"@type\":\"Organization\",\"@id\":\"https:\/\/nylabone.co.uk\/#organization\",\"name\":\"Nylabone\",\"url\":\"https:\/\/nylabone.co.uk\/\",\"logo\":{\"@type\":\"ImageObject\",\"inLanguage\":\"de-DE\",\"@id\":\"https:\/\/nylabone.co.uk\/#\/schema\/logo\/image\/\",\"url\":\"https:\/\/nylabone.co.uk\/wp-content\/uploads\/2025\/08\/WEB_Nyla_70thLogoUpdates_BrandSiteTopLeftCorner_750x260.png\",\"contentUrl\":\"https:\/\/nylabone.co.uk\/wp-content\/uploads\/2025\/08\/WEB_Nyla_70thLogoUpdates_BrandSiteTopLeftCorner_750x260.png\",\"width\":750,\"height\":260,\"caption\":\"Nylabone\"},\"image\":{\"@id\":\"https:\/\/nylabone.co.uk\/#\/schema\/logo\/image\/\"}}]}<\/script>\n<!-- \/ Yoast SEO plugin. -->","yoast_head_json":{"title":"Speck &amp; Steak Extrem Gebratener Knochen - X-Gro\u00dfe - Nylabone","robots":{"index":"index","follow":"follow","max-snippet":"max-snippet:-1","max-image-preview":"max-image-preview:large","max-video-preview":"max-video-preview:-1"},"canonical":"https:\/\/nylabone.co.uk\/de\/product\/extremes-kauen\/speck-steak-extrem-kauen-knochen-x-grose\/","og_locale":"de_DE","og_type":"article","og_title":"Speck &amp; Steak Extrem Gebratener Knochen - X-Gro\u00dfe - Nylabone","og_description":"Es ist an der Zeit, dass Ihr Hund den Brei probiert!","og_url":"https:\/\/nylabone.co.uk\/de\/product\/extremes-kauen\/speck-steak-extrem-kauen-knochen-x-grose\/","og_site_name":"Nylabone","article_modified_time":"2025-02-13T13:12:51+00:00","og_image":[{"width":1500,"height":1500,"url":"https:\/\/nylabone.co.uk\/wp-content\/uploads\/2025\/02\/65a8ec62ab8243.41004070.jpg","type":"image\/jpeg"}],"twitter_card":"summary_large_image","schema":{"@context":"https:\/\/schema.org","@graph":[{"@type":"WebPage","@id":"https:\/\/nylabone.co.uk\/de\/product\/extremes-kauen\/speck-steak-extrem-kauen-knochen-x-grose\/","url":"https:\/\/nylabone.co.uk\/de\/product\/extremes-kauen\/speck-steak-extrem-kauen-knochen-x-grose\/","name":"Speck &amp; Steak Extrem Gebratener Knochen - X-Gro\u00dfe - Nylabone","isPartOf":{"@id":"https:\/\/nylabone.co.uk\/#website"},"primaryImageOfPage":{"@id":"https:\/\/nylabone.co.uk\/de\/product\/extremes-kauen\/speck-steak-extrem-kauen-knochen-x-grose\/#primaryimage"},"image":{"@id":"https:\/\/nylabone.co.uk\/de\/product\/extremes-kauen\/speck-steak-extrem-kauen-knochen-x-grose\/#primaryimage"},"thumbnailUrl":"https:\/\/nylabone.co.uk\/wp-content\/uploads\/2025\/02\/65a8ec62ab8243.41004070.jpg","datePublished":"2024-01-17T17:18:03+00:00","dateModified":"2025-02-13T13:12:51+00:00","breadcrumb":{"@id":"https:\/\/nylabone.co.uk\/de\/product\/extremes-kauen\/speck-steak-extrem-kauen-knochen-x-grose\/#breadcrumb"},"inLanguage":"de-DE","potentialAction":[{"@type":"ReadAction","target":["https:\/\/nylabone.co.uk\/de\/product\/extremes-kauen\/speck-steak-extrem-kauen-knochen-x-grose\/"]}]},{"@type":"ImageObject","inLanguage":"de-DE","@id":"https:\/\/nylabone.co.uk\/de\/product\/extremes-kauen\/speck-steak-extrem-kauen-knochen-x-grose\/#primaryimage","url":"https:\/\/nylabone.co.uk\/wp-content\/uploads\/2025\/02\/65a8ec62ab8243.41004070.jpg","contentUrl":"https:\/\/nylabone.co.uk\/wp-content\/uploads\/2025\/02\/65a8ec62ab8243.41004070.jpg","width":1500,"height":1500},{"@type":"BreadcrumbList","@id":"https:\/\/nylabone.co.uk\/de\/product\/extremes-kauen\/speck-steak-extrem-kauen-knochen-x-grose\/#breadcrumb","itemListElement":[{"@type":"ListItem","position":1,"name":"Produkte","item":"https:\/\/nylabone.co.uk\/de\/treffen-sie-die-nylabone-familie\/"},{"@type":"ListItem","position":2,"name":"Extremes Kauen","item":"https:\/\/nylabone.co.uk\/de\/shop\/extremes-kauen\/"},{"@type":"ListItem","position":3,"name":"Speck &amp; Steak Extrem Gebratener Knochen &#8211; X-Gro\u00dfe"}]},{"@type":"WebSite","@id":"https:\/\/nylabone.co.uk\/#website","url":"https:\/\/nylabone.co.uk\/","name":"Nylabone","description":"","publisher":{"@id":"https:\/\/nylabone.co.uk\/#organization"},"potentialAction":[{"@type":"SearchAction","target":{"@type":"EntryPoint","urlTemplate":"https:\/\/nylabone.co.uk\/?s={search_term_string}"},"query-input":{"@type":"PropertyValueSpecification","valueRequired":true,"valueName":"search_term_string"}}],"inLanguage":"de-DE"},{"@type":"Organization","@id":"https:\/\/nylabone.co.uk\/#organization","name":"Nylabone","url":"https:\/\/nylabone.co.uk\/","logo":{"@type":"ImageObject","inLanguage":"de-DE","@id":"https:\/\/nylabone.co.uk\/#\/schema\/logo\/image\/","url":"https:\/\/nylabone.co.uk\/wp-content\/uploads\/2025\/08\/WEB_Nyla_70thLogoUpdates_BrandSiteTopLeftCorner_750x260.png","contentUrl":"https:\/\/nylabone.co.uk\/wp-content\/uploads\/2025\/08\/WEB_Nyla_70thLogoUpdates_BrandSiteTopLeftCorner_750x260.png","width":750,"height":260,"caption":"Nylabone"},"image":{"@id":"https:\/\/nylabone.co.uk\/#\/schema\/logo\/image\/"}}]}},"spectra_custom_meta":{"_wcml_average_rating":[null],"_wcml_review_count":[null],"_wcml_rating_count":[null],"_backorders":["no"],"_download_limit":["-1"],"_download_expiry":["-1"],"_downloadable":["no"],"_manage_stock":["no"],"_sku":["985074EU"],"_stock_status":["instock"],"_sold_individually":["no"],"_tax_class":[""],"_tax_status":["taxable"],"_virtual":["no"],"total_sales":["0"],"_regular_price":["15.49"],"_price":["15.49"],"Favourites_Ranking":["100"],"_top_nav_excluded":[""],"_cms_nav_minihome":[""],"wcml_sync_hash":["a:1:{s:15:\"postmeta_fields\";s:32:\"6a33002f2e995f29f7da086e31d22ee2\";}"],"attr_label_translations":["a:0:{}"],"_product_attributes":["a:0:{}"],"_thumbnail_id":["20191"],"_product_image_gallery":[""],"_default_attributes":["a:0:{}"],"_upsell_ids":["a:0:{}"],"_crosssell_ids":["a:0:{}"],"_children":["a:0:{}"],"_stock":[null],"_wc_average_rating":[0],"_wc_review_count":["0"],"_product_version":["9.4.3"],"image_id_product_only":["20188"],"image_id_lifestyle":["20192"],"image_id_product_with_parts":["20196"],"image_id_icons":["20200"],"image_id_feature_image_1":["20204"],"image_id_feature_image_2":["20208"],"image_id_feature_image_3":["20212"],"_last_translation_edit_mode":["translation-editor"],"UPC_Code":["018214855231"],"Pack_Contains":["1x Speck & Steak Extreme Bone - Extra gro\u00df"],"Why_buy_me":["\n          <p>Unser Spielzeug Basted Blast Kauen besteht aus robustem, langlebigem Nylon und wurde f\u00fcr extreme Kauer entwickelt. Mit 2 Geschmacksschichten wird Ihr Hund den leckeren Geschmack von Basted Speck auf der Au\u00dfenseite genie\u00dfen, bevor er schlie\u00dflich die darunter liegende Schicht Steak erreicht, die durchgehend aromatisiert ist und f\u00fcr endlosen Kaugenuss sorgt. <\/p>\n          \n\n          <p>~ Speck Geschmack auf der Au\u00dfenseite, Steak-Geschmack auf der Innenseite<br>~ Hilft, die Z\u00e4hne zu reinigen und den Atem zu erfrischen mit jedem Kauen<br> ~ Ideal f\u00fcr extra gro\u00dfe Hunde bis zu 23+kg<\/p>\n          \n\n        "],"One_Line_Descriptor":["Es ist an der Zeit, dass Ihr Hund den Brei probiert!"],"Expanded_Feature_1":["\n          <p>Doppeltes Aroma, doppelter Geschmack<br>K\u00f6stlicher speck Geschmack auf der Au\u00dfenseite, leckerer Steakgeschmack auf der Innenseite und im Inneren, damit Ihr Hund l\u00e4nger kauen kann<\/p>\n          \n\n        "],"Expanded_Feature_2":["\n          <p>Ewig anhaltender Geschmack<br>K\u00f6stlicher Steakgeschmack, der Ihren Hund l\u00e4nger am Kauen h\u00e4lt<\/p>\n          \n\n        "],"Expanded_Feature_3":["\n          <p>Ideal f\u00fcr die Hygiene dental<br> Winzige Borsten heben sich beim Kauen am Knochen an, wie eine Mini-Zahnb\u00fcrste, um die Z\u00e4hne sauber zu halten und die Bildung von Zahnstein zu verhindern<\/p>\n          \n\n        "],"Key_Features":["\n          <p>Befolgen Sie einige unserer Tipps, um das Beste aus dem Nylabone Ihres Hundes herauszuholen.<br>~ Um Ihren Hund mit seinem neuen Kauen zu begeistern, kratzen Sie einfach an einer harten, rauen Oberfl\u00e4che, um den Geschmack zu beleben, und erwecken Sie einen alten Knochen auf dieselbe Weise wieder zum Leben.<br>~ Um Ihren Kauen sauber zu halten, schrubben Sie ihn mit einer B\u00fcrste unter warmem Wasser und verwenden Sie ein mildes, ungiftiges Reinigungsmittel, und sp\u00fclen Sie ihn gr\u00fcndlich aus.<br>~ \u00dcberpr\u00fcfen Sie Ihren Hund Kauen regelm\u00e4\u00dfig und stellen Sie sicher, dass er ganz und intakt ist und keine St\u00fccke fehlen. Wenn Ihr Hund doch einmal etwas abbei\u00dft, sollte es nur so klein wie ein Reiskorn sein, und diese k\u00f6nnen verschluckt werden, stellen aber keine Erstickungsgefahr dar. Ersetzen Sie es immer, wenn die Enden der Kn\u00f6chel abgenutzt sind oder wenn es zu klein wird, um sicher zu kauen.<br>~ Diese nicht essbaren Kauen werden aus Nylon hergestellt. Sie sind NICHT zum Verzehr bestimmt.  <\/p>\n          \n\n        "],"Related_Products":["985070EU, 985071EU, 985072EU, 985073EU"],"Warnings":["Es ist wichtig, dass Sie die richtige Gr\u00f6\u00dfe und Art von Kauen f\u00fcr das Alter, das Gewicht und die Kaukraft Ihres Hundes ausw\u00e4hlen. Nicht essbare Kauen sollten gro\u00df genug sein, um das Kauen von der Seite und nicht von oben oder unten zu f\u00f6rdern. Wenn Sie mehr als einen Hund in Ihrem Haushalt haben, w\u00e4hlen Sie Kauen f\u00fcr den gr\u00f6\u00dften und st\u00e4rksten Kauer. Beaufsichtigen Sie immer die Verwendung aller Kauen & Spielzeuge. Die Produkte sind nicht zum Fressen oder Verschlucken bestimmt. Wenn Sie glauben, dass Ihr Hund ein St\u00fcck verschluckt hat, nehmen Sie das Produkt weg und wenden Sie sich an Ihren Tierarzt. \u00dcberpr\u00fcfen Sie das Produkt, bevor Sie es Ihrem Hund geben, um sicherzustellen, dass es ganz und intakt ist. \u00dcberpr\u00fcfen Sie es regelm\u00e4\u00dfig und ersetzen Sie es, wenn es abgenutzt oder besch\u00e4digt ist oder wenn es zu klein wird, um es sicher zu Kauen. Waschen Sie das Produkt von Hand mit warmem Seifenwasser und sp\u00fclen Sie es gr\u00fcndlich aus.        "],"Type":["Extrem Kauen"],"Pack_SIze":["1 Packung"],"Available_For_Dosage_Calculator":["N"],"Dosage_Pod":["N"],"Dog_Size":["X-Gro\u00dfe Hunde (23kg +)"],"Texture":["Extra Textur"],"Chew_Size":["Extra gro\u00df"],"Dog_Weight":["23kg+"],"Flavour":["Speck & Steak"],"Material":["Nylon, nat\u00fcrlicher Speck und Steakgeschmack"],"Languages_on_packaging":["Englisch, Deutsch, Franz\u00f6sisch, Italienisch, Niederl\u00e4ndisch, Spanisch, D\u00e4nisch, Polnisch, Ungarisch"],"Bone_Length":["19,5 cm"],"Product_Overview":["\n          <p>Das Nylabone Extreme Sortiment an Knochen und Kauspielzeug ist genau das Richtige f\u00fcr Ihren Hund, wenn er gerne und gut kaut! Diese Kauspielzeuge haben einen k\u00f6stlichen Speck-Geschmack, der au\u00dfen mit leckerem Steak-Geschmack durchzogen ist, was bedeutet, dass der Geschmack so lange anh\u00e4lt, wie das Kauen dauert! Die Materialien sind so robust wie echte Knochen, bergen aber nicht die gleichen Gefahren.<\/p>\n          \n\n          <p>Wir beherrschen die Herstellung von Kauspielzeug seit \u00fcber 50 Jahren und verf\u00fcgen \u00fcber ein Herstellungsverfahren, das seinesgleichen sucht. Wir stellen sicher, dass sie nicht splittern, sondern dass die sch\u00f6ne glatte Oberfl\u00e4che beim Kauen aufgeraut wird und sich winzige Borsten am Knochen erheben, die wie eine Mini-Zahnb\u00fcrste wirken und dazu beitragen, dass die Z\u00e4hne Ihres Hundes sauber bleiben und sich kein Zahnstein bildet. Wenn Ihr Hund doch einmal etwas abbei\u00dft, sollte es nur so klein wie ein Reiskorn sein, und diese k\u00f6nnen verschluckt werden, stellen aber keine Erstickungsgefahr dar.  <\/p>\n          \n\n        "],"_uag_page_assets":["a:9:{s:3:\"css\";s:263:\".uag-blocks-common-selector{z-index:var(--z-index-desktop) !important}@media (max-width: 976px){.uag-blocks-common-selector{z-index:var(--z-index-tablet) !important}}@media (max-width: 767px){.uag-blocks-common-selector{z-index:var(--z-index-mobile) !important}}\n\";s:2:\"js\";s:0:\"\";s:18:\"current_block_list\";a:11:{i:0;s:11:\"core\/search\";i:1;s:12:\"core\/heading\";i:2;s:14:\"core\/paragraph\";i:3;s:12:\"core\/columns\";i:4;s:11:\"core\/column\";i:5;s:10:\"core\/group\";i:6;s:12:\"core\/gallery\";i:7;s:10:\"core\/image\";i:8;s:14:\"core\/shortcode\";i:9;s:15:\"core\/categories\";i:10;s:13:\"core\/archives\";}s:8:\"uag_flag\";b:0;s:11:\"uag_version\";s:10:\"1775092183\";s:6:\"gfonts\";a:0:{}s:10:\"gfonts_url\";s:0:\"\";s:12:\"gfonts_files\";a:0:{}s:14:\"uag_faq_layout\";b:0;}"],"_uag_css_file_name":["uag-css-17957.css"],"_wc_rating_count":[""]},"uagb_featured_image_src":{"full":["https:\/\/nylabone.co.uk\/wp-content\/uploads\/2025\/02\/65a8ec62ab8243.41004070.jpg",1500,1500,false],"thumbnail":["https:\/\/nylabone.co.uk\/wp-content\/uploads\/2025\/02\/65a8ec62ab8243.41004070-150x150.jpg",150,150,true],"medium":["https:\/\/nylabone.co.uk\/wp-content\/uploads\/2025\/02\/65a8ec62ab8243.41004070-300x300.jpg",300,300,true],"medium_large":["https:\/\/nylabone.co.uk\/wp-content\/uploads\/2025\/02\/65a8ec62ab8243.41004070-768x768.jpg",768,768,true],"large":["https:\/\/nylabone.co.uk\/wp-content\/uploads\/2025\/02\/65a8ec62ab8243.41004070-1024x1024.jpg",1024,1024,true],"blz_expanded_feature":["https:\/\/nylabone.co.uk\/wp-content\/uploads\/2025\/02\/65a8ec62ab8243.41004070-275x220.jpg",275,220,true],"gs-tiny":["https:\/\/nylabone.co.uk\/wp-content\/uploads\/2025\/02\/65a8ec62ab8243.41004070-50x50.jpg",50,50,true],"xl":["https:\/\/nylabone.co.uk\/wp-content\/uploads\/2025\/02\/65a8ec62ab8243.41004070.jpg",1500,1500,false],"xxl":["https:\/\/nylabone.co.uk\/wp-content\/uploads\/2025\/02\/65a8ec62ab8243.41004070.jpg",1500,1500,false],"xxxl":["https:\/\/nylabone.co.uk\/wp-content\/uploads\/2025\/02\/65a8ec62ab8243.41004070.jpg",1500,1500,false],"xxxxl":["https:\/\/nylabone.co.uk\/wp-content\/uploads\/2025\/02\/65a8ec62ab8243.41004070.jpg",1500,1500,false],"xxxxxl":["https:\/\/nylabone.co.uk\/wp-content\/uploads\/2025\/02\/65a8ec62ab8243.41004070.jpg",1500,1500,false],"1536x1536":["https:\/\/nylabone.co.uk\/wp-content\/uploads\/2025\/02\/65a8ec62ab8243.41004070.jpg",1500,1500,false],"2048x2048":["https:\/\/nylabone.co.uk\/wp-content\/uploads\/2025\/02\/65a8ec62ab8243.41004070.jpg",1500,1500,false],"woocommerce_thumbnail":["https:\/\/nylabone.co.uk\/wp-content\/uploads\/2025\/02\/65a8ec62ab8243.41004070-300x300.jpg",300,300,true],"woocommerce_single":["https:\/\/nylabone.co.uk\/wp-content\/uploads\/2025\/02\/65a8ec62ab8243.41004070-600x600.jpg",600,600,true],"woocommerce_gallery_thumbnail":["https:\/\/nylabone.co.uk\/wp-content\/uploads\/2025\/02\/65a8ec62ab8243.41004070-100x100.jpg",100,100,true]},"uagb_author_info":{"display_name":"Hazz Scott","author_link":"https:\/\/nylabone.co.uk\/de\/author\/hazz-scott\/"},"uagb_comment_info":0,"uagb_excerpt":"Es ist an der Zeit, dass Ihr Hund den Brei probiert!","featured_img":"https:\/\/nylabone.co.uk\/wp-content\/uploads\/2025\/02\/65a8ec62ab8243.41004070.jpg","coauthors":[],"author_meta":{"author_link":"https:\/\/nylabone.co.uk\/de\/author\/hazz-scott\/","display_name":"Hazz Scott"},"relative_dates":{"created":"Posted 2 Jahren ago","modified":"Updated 1 Jahr ago"},"absolute_dates":{"created":"Posted on Januar 17, 2024","modified":"Updated on Februar 13, 2025"},"absolute_dates_time":{"created":"Posted on Januar 17, 2024 5:18 pm","modified":"Updated on Februar 13, 2025 1:12 pm"},"featured_img_caption":"","tax_additional":{"product_brand":{"linked":[],"unlinked":[],"slug":"product_brand","name":"Brands"},"product_type":{"linked":["<a href=\"https:\/\/nylabone.co.uk\/de\/?taxonomy=product_type&#038;term=simple\" class=\"advgb-post-tax-term\">simple<\/a>"],"unlinked":["<span class=\"advgb-post-tax-term\">simple<\/span>"],"slug":"product_type","name":"Produkttyp"},"product_visibility":{"linked":[],"unlinked":[],"slug":"product_visibility","name":"Sichtbarkeit des Produkts"},"product_cat":{"linked":["<a href=\"https:\/\/nylabone.co.uk\/de\/shop\/extremes-kauen\/\" class=\"advgb-post-tax-term\">Extremes Kauen<\/a>"],"unlinked":["<span class=\"advgb-post-tax-term\">Extremes Kauen<\/span>"],"slug":"product_cat","name":"Produkt-Kategorien"},"product_tag":{"linked":[],"unlinked":[],"slug":"product_tag","name":"Produkt Schlagw\u00f6rter"},"product_shipping_class":{"linked":[],"unlinked":[],"slug":"product_shipping_class","name":"Produkt Versandklasse"},"translation_priority":{"linked":["<a href=\"https:\/\/nylabone.co.uk\/de\/?taxonomy=translation_priority&#038;term=optional\" class=\"advgb-post-tax-term\">Optional<\/a>"],"unlinked":["<span class=\"advgb-post-tax-term\">Optional<\/span>"],"slug":"translation_priority","name":"\u00dcbersetzungspriorit\u00e4ten"},"inspiration_category":{"linked":[],"unlinked":[],"slug":"inspiration_category","name":"Inspiration Kategorien"}},"series_order":"","_links":{"self":[{"href":"https:\/\/nylabone.co.uk\/de\/wp-json\/wp\/v2\/product\/17957","targetHints":{"allow":["GET"]}}],"collection":[{"href":"https:\/\/nylabone.co.uk\/de\/wp-json\/wp\/v2\/product"}],"about":[{"href":"https:\/\/nylabone.co.uk\/de\/wp-json\/wp\/v2\/types\/product"}],"replies":[{"embeddable":true,"href":"https:\/\/nylabone.co.uk\/de\/wp-json\/wp\/v2\/comments?post=17957"}],"wp:featuredmedia":[{"embeddable":true,"href":"https:\/\/nylabone.co.uk\/de\/wp-json\/wp\/v2\/media\/20191"}],"wp:attachment":[{"href":"https:\/\/nylabone.co.uk\/de\/wp-json\/wp\/v2\/media?parent=17957"}],"wp:term":[{"taxonomy":"product_brand","embeddable":true,"href":"https:\/\/nylabone.co.uk\/de\/wp-json\/wp\/v2\/product_brand?post=17957"},{"taxonomy":"product_cat","embeddable":true,"href":"https:\/\/nylabone.co.uk\/de\/wp-json\/wp\/v2\/product_cat?post=17957"},{"taxonomy":"product_tag","embeddable":true,"href":"https:\/\/nylabone.co.uk\/de\/wp-json\/wp\/v2\/product_tag?post=17957"},{"taxonomy":"inspiration_category","embeddable":true,"href":"https:\/\/nylabone.co.uk\/de\/wp-json\/wp\/v2\/inspiration_category?post=17957"}],"curies":[{"name":"wp","href":"https:\/\/api.w.org\/{rel}","templated":true}]}}