{"id":20852,"date":"2025-02-13T10:55:57","date_gmt":"2025-02-13T10:55:57","guid":{"rendered":"https:\/\/nylabone.co.uk\/product\/unkategorisiert\/erdnussbutter-starkes-leckerli-spielzeug-medium\/"},"modified":"2025-02-19T15:10:17","modified_gmt":"2025-02-19T15:10:17","slug":"erdnussbutter-starkes-leckerli-spielzeug-medium","status":"publish","type":"product","link":"https:\/\/nylabone.co.uk\/de\/product\/starkes-kaue\/erdnussbutter-starkes-leckerli-spielzeug-medium\/","title":{"rendered":"Erdnussbutter Starkes Leckerli-Spielzeug &#8211; Medium"},"content":{"rendered":"<p>F\u00fcllen Sie ihn mit Leckereien und Brotaufstrichen!<\/p>\n","protected":false},"excerpt":{"rendered":"<p>F\u00fcllen Sie ihn mit Leckereien und Brotaufstrichen!<\/p>\n","protected":false},"author":4,"featured_media":21031,"comment_status":"closed","ping_status":"closed","template":"","meta":{"_acf_changed":false,"_relevanssi_hide_post":"","_relevanssi_hide_content":"","_relevanssi_pin_for_all":"","_relevanssi_pin_keywords":"","_relevanssi_unpin_keywords":"","_relevanssi_related_keywords":"","_relevanssi_related_include_ids":"","_relevanssi_related_exclude_ids":"","_relevanssi_related_no_append":"","_relevanssi_related_not_related":"","_relevanssi_related_posts":"","_relevanssi_noindex_reason":"","inline_featured_image":false,"_uag_custom_page_level_css":"","advgb_blocks_editor_width":"","advgb_blocks_columns_visual_guide":"","site-sidebar-layout":"default","site-content-layout":"","ast-site-content-layout":"default","site-content-style":"default","site-sidebar-style":"default","ast-global-header-display":"","ast-banner-title-visibility":"","ast-main-header-display":"","ast-hfb-above-header-display":"","ast-hfb-below-header-display":"","ast-hfb-mobile-header-display":"","site-post-title":"","ast-breadcrumbs-content":"","ast-featured-img":"","footer-sml-layout":"","ast-disable-related-posts":"","theme-transparent-header-meta":"","adv-header-id-meta":"","stick-header-meta":"","header-above-stick-meta":"","header-main-stick-meta":"","header-below-stick-meta":"","astra-migrate-meta-layouts":"default","ast-page-background-enabled":"default","ast-page-background-meta":{"desktop":{"background-color":"var(--ast-global-color-4)","background-image":"","background-repeat":"repeat","background-position":"center center","background-size":"auto","background-attachment":"scroll","background-type":"","background-media":"","overlay-type":"","overlay-color":"","overlay-opacity":"","overlay-gradient":""},"tablet":{"background-color":"","background-image":"","background-repeat":"repeat","background-position":"center center","background-size":"auto","background-attachment":"scroll","background-type":"","background-media":"","overlay-type":"","overlay-color":"","overlay-opacity":"","overlay-gradient":""},"mobile":{"background-color":"","background-image":"","background-repeat":"repeat","background-position":"center center","background-size":"auto","background-attachment":"scroll","background-type":"","background-media":"","overlay-type":"","overlay-color":"","overlay-opacity":"","overlay-gradient":""}},"ast-content-background-meta":{"desktop":{"background-color":"var(--ast-global-color-5)","background-image":"","background-repeat":"repeat","background-position":"center center","background-size":"auto","background-attachment":"scroll","background-type":"","background-media":"","overlay-type":"","overlay-color":"","overlay-opacity":"","overlay-gradient":""},"tablet":{"background-color":"var(--ast-global-color-5)","background-image":"","background-repeat":"repeat","background-position":"center center","background-size":"auto","background-attachment":"scroll","background-type":"","background-media":"","overlay-type":"","overlay-color":"","overlay-opacity":"","overlay-gradient":""},"mobile":{"background-color":"var(--ast-global-color-5)","background-image":"","background-repeat":"repeat","background-position":"center center","background-size":"auto","background-attachment":"scroll","background-type":"","background-media":"","overlay-type":"","overlay-color":"","overlay-opacity":"","overlay-gradient":""}}},"product_brand":[],"product_cat":[78],"product_tag":[],"inspiration_category":[127],"class_list":{"0":"ranking_101","1":"post-20852","2":"product","3":"type-product","4":"status-publish","5":"has-post-thumbnail","7":"product_cat-starkes-kaue","8":"inspiration_category-neu","9":"FACET-Type=Stark Kauen","10":"FACET-Pack_SIze=1 Packung","11":"FACET-Dog_Size=Mittlere Hunde (bis zu 16 kg)","12":"FACET-Texture=Extra Textur","13":"desktop-align-left","14":"tablet-align-left","15":"mobile-align-left","16":"ast-product-gallery-layout-horizontal","17":"ast-product-gallery-with-no-image","18":"ast-product-tabs-layout-horizontal","20":"first","21":"instock","22":"shipping-taxable","23":"purchasable","24":"product-type-simple"},"acf":[],"yoast_head":"<!-- This site is optimized with the Yoast SEO plugin v27.2 - https:\/\/yoast.com\/product\/yoast-seo-wordpress\/ -->\n<title>Erdnussbutter Starkes Leckerli-Spielzeug - Medium - Nylabone<\/title>\n<meta name=\"robots\" content=\"index, follow, max-snippet:-1, max-image-preview:large, max-video-preview:-1\" \/>\n<link rel=\"canonical\" href=\"https:\/\/nylabone.co.uk\/de\/product\/starkes-kaue\/erdnussbutter-starkes-leckerli-spielzeug-medium\/\" \/>\n<meta property=\"og:locale\" content=\"de_DE\" \/>\n<meta property=\"og:type\" content=\"article\" \/>\n<meta property=\"og:title\" content=\"Erdnussbutter Starkes Leckerli-Spielzeug - Medium - Nylabone\" \/>\n<meta property=\"og:description\" content=\"F\u00fcllen Sie ihn mit Leckereien und Brotaufstrichen!\" \/>\n<meta property=\"og:url\" content=\"https:\/\/nylabone.co.uk\/de\/product\/starkes-kaue\/erdnussbutter-starkes-leckerli-spielzeug-medium\/\" \/>\n<meta property=\"og:site_name\" content=\"Nylabone\" \/>\n<meta property=\"article:modified_time\" content=\"2025-02-19T15:10:17+00:00\" \/>\n<meta property=\"og:image\" content=\"https:\/\/nylabone.co.uk\/wp-content\/uploads\/2025\/02\/67aca6b83c7963.18972678.jpg\" \/>\n\t<meta property=\"og:image:width\" content=\"1500\" \/>\n\t<meta property=\"og:image:height\" content=\"1500\" \/>\n\t<meta property=\"og:image:type\" content=\"image\/jpeg\" \/>\n<meta name=\"twitter:card\" content=\"summary_large_image\" \/>\n<script type=\"application\/ld+json\" class=\"yoast-schema-graph\">{\"@context\":\"https:\/\/schema.org\",\"@graph\":[{\"@type\":\"WebPage\",\"@id\":\"https:\/\/nylabone.co.uk\/de\/product\/starkes-kaue\/erdnussbutter-starkes-leckerli-spielzeug-medium\/\",\"url\":\"https:\/\/nylabone.co.uk\/de\/product\/starkes-kaue\/erdnussbutter-starkes-leckerli-spielzeug-medium\/\",\"name\":\"Erdnussbutter Starkes Leckerli-Spielzeug - Medium - Nylabone\",\"isPartOf\":{\"@id\":\"https:\/\/nylabone.co.uk\/#website\"},\"primaryImageOfPage\":{\"@id\":\"https:\/\/nylabone.co.uk\/de\/product\/starkes-kaue\/erdnussbutter-starkes-leckerli-spielzeug-medium\/#primaryimage\"},\"image\":{\"@id\":\"https:\/\/nylabone.co.uk\/de\/product\/starkes-kaue\/erdnussbutter-starkes-leckerli-spielzeug-medium\/#primaryimage\"},\"thumbnailUrl\":\"https:\/\/nylabone.co.uk\/wp-content\/uploads\/2025\/02\/67aca6b83c7963.18972678-1.jpg\",\"datePublished\":\"2025-02-13T10:55:57+00:00\",\"dateModified\":\"2025-02-19T15:10:17+00:00\",\"breadcrumb\":{\"@id\":\"https:\/\/nylabone.co.uk\/de\/product\/starkes-kaue\/erdnussbutter-starkes-leckerli-spielzeug-medium\/#breadcrumb\"},\"inLanguage\":\"de-DE\",\"potentialAction\":[{\"@type\":\"ReadAction\",\"target\":[\"https:\/\/nylabone.co.uk\/de\/product\/starkes-kaue\/erdnussbutter-starkes-leckerli-spielzeug-medium\/\"]}]},{\"@type\":\"ImageObject\",\"inLanguage\":\"de-DE\",\"@id\":\"https:\/\/nylabone.co.uk\/de\/product\/starkes-kaue\/erdnussbutter-starkes-leckerli-spielzeug-medium\/#primaryimage\",\"url\":\"https:\/\/nylabone.co.uk\/wp-content\/uploads\/2025\/02\/67aca6b83c7963.18972678-1.jpg\",\"contentUrl\":\"https:\/\/nylabone.co.uk\/wp-content\/uploads\/2025\/02\/67aca6b83c7963.18972678-1.jpg\",\"width\":1500,\"height\":1500},{\"@type\":\"BreadcrumbList\",\"@id\":\"https:\/\/nylabone.co.uk\/de\/product\/starkes-kaue\/erdnussbutter-starkes-leckerli-spielzeug-medium\/#breadcrumb\",\"itemListElement\":[{\"@type\":\"ListItem\",\"position\":1,\"name\":\"Produkte\",\"item\":\"https:\/\/nylabone.co.uk\/de\/treffen-sie-die-nylabone-familie\/\"},{\"@type\":\"ListItem\",\"position\":2,\"name\":\"Starkes Kauen\",\"item\":\"https:\/\/nylabone.co.uk\/de\/shop\/starkes-kaue\/\"},{\"@type\":\"ListItem\",\"position\":3,\"name\":\"Erdnussbutter Starkes Leckerli-Spielzeug &#8211; Medium\"}]},{\"@type\":\"WebSite\",\"@id\":\"https:\/\/nylabone.co.uk\/#website\",\"url\":\"https:\/\/nylabone.co.uk\/\",\"name\":\"Nylabone\",\"description\":\"\",\"publisher\":{\"@id\":\"https:\/\/nylabone.co.uk\/#organization\"},\"potentialAction\":[{\"@type\":\"SearchAction\",\"target\":{\"@type\":\"EntryPoint\",\"urlTemplate\":\"https:\/\/nylabone.co.uk\/?s={search_term_string}\"},\"query-input\":{\"@type\":\"PropertyValueSpecification\",\"valueRequired\":true,\"valueName\":\"search_term_string\"}}],\"inLanguage\":\"de-DE\"},{\"@type\":\"Organization\",\"@id\":\"https:\/\/nylabone.co.uk\/#organization\",\"name\":\"Nylabone\",\"url\":\"https:\/\/nylabone.co.uk\/\",\"logo\":{\"@type\":\"ImageObject\",\"inLanguage\":\"de-DE\",\"@id\":\"https:\/\/nylabone.co.uk\/#\/schema\/logo\/image\/\",\"url\":\"https:\/\/nylabone.co.uk\/wp-content\/uploads\/2025\/08\/WEB_Nyla_70thLogoUpdates_BrandSiteTopLeftCorner_750x260.png\",\"contentUrl\":\"https:\/\/nylabone.co.uk\/wp-content\/uploads\/2025\/08\/WEB_Nyla_70thLogoUpdates_BrandSiteTopLeftCorner_750x260.png\",\"width\":750,\"height\":260,\"caption\":\"Nylabone\"},\"image\":{\"@id\":\"https:\/\/nylabone.co.uk\/#\/schema\/logo\/image\/\"}}]}<\/script>\n<!-- \/ Yoast SEO plugin. -->","yoast_head_json":{"title":"Erdnussbutter Starkes Leckerli-Spielzeug - Medium - Nylabone","robots":{"index":"index","follow":"follow","max-snippet":"max-snippet:-1","max-image-preview":"max-image-preview:large","max-video-preview":"max-video-preview:-1"},"canonical":"https:\/\/nylabone.co.uk\/de\/product\/starkes-kaue\/erdnussbutter-starkes-leckerli-spielzeug-medium\/","og_locale":"de_DE","og_type":"article","og_title":"Erdnussbutter Starkes Leckerli-Spielzeug - Medium - Nylabone","og_description":"F\u00fcllen Sie ihn mit Leckereien und Brotaufstrichen!","og_url":"https:\/\/nylabone.co.uk\/de\/product\/starkes-kaue\/erdnussbutter-starkes-leckerli-spielzeug-medium\/","og_site_name":"Nylabone","article_modified_time":"2025-02-19T15:10:17+00:00","og_image":[{"width":1500,"height":1500,"url":"https:\/\/nylabone.co.uk\/wp-content\/uploads\/2025\/02\/67aca6b83c7963.18972678.jpg","type":"image\/jpeg"}],"twitter_card":"summary_large_image","schema":{"@context":"https:\/\/schema.org","@graph":[{"@type":"WebPage","@id":"https:\/\/nylabone.co.uk\/de\/product\/starkes-kaue\/erdnussbutter-starkes-leckerli-spielzeug-medium\/","url":"https:\/\/nylabone.co.uk\/de\/product\/starkes-kaue\/erdnussbutter-starkes-leckerli-spielzeug-medium\/","name":"Erdnussbutter Starkes Leckerli-Spielzeug - Medium - Nylabone","isPartOf":{"@id":"https:\/\/nylabone.co.uk\/#website"},"primaryImageOfPage":{"@id":"https:\/\/nylabone.co.uk\/de\/product\/starkes-kaue\/erdnussbutter-starkes-leckerli-spielzeug-medium\/#primaryimage"},"image":{"@id":"https:\/\/nylabone.co.uk\/de\/product\/starkes-kaue\/erdnussbutter-starkes-leckerli-spielzeug-medium\/#primaryimage"},"thumbnailUrl":"https:\/\/nylabone.co.uk\/wp-content\/uploads\/2025\/02\/67aca6b83c7963.18972678-1.jpg","datePublished":"2025-02-13T10:55:57+00:00","dateModified":"2025-02-19T15:10:17+00:00","breadcrumb":{"@id":"https:\/\/nylabone.co.uk\/de\/product\/starkes-kaue\/erdnussbutter-starkes-leckerli-spielzeug-medium\/#breadcrumb"},"inLanguage":"de-DE","potentialAction":[{"@type":"ReadAction","target":["https:\/\/nylabone.co.uk\/de\/product\/starkes-kaue\/erdnussbutter-starkes-leckerli-spielzeug-medium\/"]}]},{"@type":"ImageObject","inLanguage":"de-DE","@id":"https:\/\/nylabone.co.uk\/de\/product\/starkes-kaue\/erdnussbutter-starkes-leckerli-spielzeug-medium\/#primaryimage","url":"https:\/\/nylabone.co.uk\/wp-content\/uploads\/2025\/02\/67aca6b83c7963.18972678-1.jpg","contentUrl":"https:\/\/nylabone.co.uk\/wp-content\/uploads\/2025\/02\/67aca6b83c7963.18972678-1.jpg","width":1500,"height":1500},{"@type":"BreadcrumbList","@id":"https:\/\/nylabone.co.uk\/de\/product\/starkes-kaue\/erdnussbutter-starkes-leckerli-spielzeug-medium\/#breadcrumb","itemListElement":[{"@type":"ListItem","position":1,"name":"Produkte","item":"https:\/\/nylabone.co.uk\/de\/treffen-sie-die-nylabone-familie\/"},{"@type":"ListItem","position":2,"name":"Starkes Kauen","item":"https:\/\/nylabone.co.uk\/de\/shop\/starkes-kaue\/"},{"@type":"ListItem","position":3,"name":"Erdnussbutter Starkes Leckerli-Spielzeug &#8211; Medium"}]},{"@type":"WebSite","@id":"https:\/\/nylabone.co.uk\/#website","url":"https:\/\/nylabone.co.uk\/","name":"Nylabone","description":"","publisher":{"@id":"https:\/\/nylabone.co.uk\/#organization"},"potentialAction":[{"@type":"SearchAction","target":{"@type":"EntryPoint","urlTemplate":"https:\/\/nylabone.co.uk\/?s={search_term_string}"},"query-input":{"@type":"PropertyValueSpecification","valueRequired":true,"valueName":"search_term_string"}}],"inLanguage":"de-DE"},{"@type":"Organization","@id":"https:\/\/nylabone.co.uk\/#organization","name":"Nylabone","url":"https:\/\/nylabone.co.uk\/","logo":{"@type":"ImageObject","inLanguage":"de-DE","@id":"https:\/\/nylabone.co.uk\/#\/schema\/logo\/image\/","url":"https:\/\/nylabone.co.uk\/wp-content\/uploads\/2025\/08\/WEB_Nyla_70thLogoUpdates_BrandSiteTopLeftCorner_750x260.png","contentUrl":"https:\/\/nylabone.co.uk\/wp-content\/uploads\/2025\/08\/WEB_Nyla_70thLogoUpdates_BrandSiteTopLeftCorner_750x260.png","width":750,"height":260,"caption":"Nylabone"},"image":{"@id":"https:\/\/nylabone.co.uk\/#\/schema\/logo\/image\/"}}]}},"spectra_custom_meta":{"_wcml_average_rating":[null],"_wcml_review_count":[null],"_wcml_rating_count":[null],"_backorders":["no"],"_download_limit":["-1"],"_download_expiry":["-1"],"_downloadable":["no"],"_manage_stock":["no"],"_sku":["985082EU"],"_stock_status":["instock"],"_sold_individually":["no"],"_tax_class":[""],"_tax_status":["taxable"],"_virtual":["no"],"total_sales":["0"],"_regular_price":["12.99"],"_price":["12.99"],"_top_nav_excluded":[""],"_cms_nav_minihome":[""],"wcml_sync_hash":["a:1:{s:15:\"postmeta_fields\";s:32:\"1aba13bd451d0321a1bdb71cfb350673\";}"],"attr_label_translations":["a:0:{}"],"_product_attributes":["a:0:{}"],"_thumbnail_id":["21031"],"_product_image_gallery":[""],"_default_attributes":["a:0:{}"],"_upsell_ids":["a:0:{}"],"_crosssell_ids":["a:0:{}"],"_children":["a:0:{}"],"Favourites_Ranking":["101"],"_last_translation_edit_mode":["translation-editor"],"UPC_Code":["018214856177"],"Pack_Contains":["1x Erdnussbutter Starkes Kauen Erdnuss Leckerli Spielzeug - Medium"],"Why_buy_me":["\n          <p>Beobachten Sie, wie Ihr Welpe verr\u00fcckt wird nach diesem spannenden Spielzeug, das sich perfekt zum Verteilen und F\u00fcllen mit seinen Lieblingsleckerlis eignet. Es besteht aus robustem Gummi und hat die niedliche Form einer Erdnuss. So kann Ihr Hund lange Zeit nach Leckerlis suchen und sie ablecken. Sie k\u00f6nnen dieses Spielzeug aus Naturkautschuk mit den Leckerlis sogar einfrieren, um eine noch l\u00e4nger anhaltende Bereicherung zu erhalten. Geben Sie Ihrem Hund dieses Spielzeug, um ein gesundes, nicht destruktives Kauen zu f\u00f6rdern und sein Gehirn zu stimulieren.   <\/p>\n          \n\n          <p>~ Allergenfrei Erdnussbutter Geschmack<br>~ Hilft bei der Reinigung der Z\u00e4hne und erfrischt den Atem mit jedem Kauen<br> ~ Ideal f\u00fcr gro\u00dfe Hunde bis zu 16kg  <\/p>\n          \n\n        "],"One_Line_Descriptor":["F\u00fcllen Sie ihn mit Leckereien und Brotaufstrichen!"],"Expanded_Feature_1":["\n          <p>F\u00fcllen Sie ihn mit Leckereien<br>F\u00fcllen Sie ihn mit Leckereien und Aufstrichen, wie Kibble und Erdnussbutter<\/p>\n          \n\n        "],"Expanded_Feature_2":["\n          <p>Ewig anhaltender Geschmack<br>K\u00f6stlicher Erdnussbutter-Geschmack, damit Ihr Hund l\u00e4nger Freude an seinem Spielzeug hat<\/p>\n          \n\n        "],"Expanded_Feature_3":["\n          <p>Besiegen Sie die Langeweile<br>Befriedigen Sie den nat\u00fcrlichen Drang Ihres Hundes nach Kauen und besch\u00e4ftigen Sie ihn mit etwas Leckerem und Langlebigem, an dem er sich erfreuen kann Kauen <\/p>\n          \n\n        "],"Key_Features":["\n          <p>Befolgen Sie einige unserer Tipps, um das Beste aus dem Nylabone Ihres Hundes herauszuholen:<br>~ Um Ihren Hund mit seinem neuen Spielzeug zu begeistern, f\u00fcllen Sie ihn mit seinen Lieblingsleckerlis und -aufstrichen wie Trockenfutter und Erdnussbutter.<br>~ Das Spielzeug kann kann f\u00fcr zus\u00e4tzlichen Spa\u00df eingefroren werden.<br>~ Um Ihre Kauen sauber zu halten, schrubben Sie sie mit einer B\u00fcrste unter warmem Wasser und verwenden Sie ein mildes, ungiftiges Reinigungsmittel und sp\u00fclen Sie sie gr\u00fcndlich aus.<br>~ \u00dcberpr\u00fcfen Sie Ihren Hund Kauen regelm\u00e4\u00dfig und vergewissern Sie sich, dass er ganz und intakt ist und keine Teile fehlen. Wenn Ihr Hund doch einmal etwas abbei\u00dft, sollte es nur so klein wie ein Reiskorn sein, und diese k\u00f6nnen verschluckt werden, stellen aber keine Erstickungsgefahr dar. Ersetzen Sie ihn immer, wenn er abgenutzt ist oder zu klein wird, um sicher zu kauen.<br>~ Diese nicht essbaren Kauen werden aus Nylon hergestellt. Sie sind NICHT zum Verzehr bestimmt.  <\/p>\n          \n\n        "],"Related_Products":["984654, 985055EU, 985058EU, 985334EU"],"Warnings":["Es ist wichtig, dass Sie die richtige Gr\u00f6\u00dfe und Art von Kauen f\u00fcr das Alter, das Gewicht und die Kaukraft Ihres Hundes ausw\u00e4hlen. Nicht essbare Kauen sollten gro\u00df genug sein, um das Kauen von der Seite und nicht von oben oder unten zu f\u00f6rdern. Wenn Sie mehr als einen Hund in Ihrem Haushalt haben, w\u00e4hlen Sie Kauen f\u00fcr den gr\u00f6\u00dften und st\u00e4rksten Kauer. Beaufsichtigen Sie immer die Verwendung aller Kauen & Spielzeuge. Die Produkte sind nicht zum Fressen oder Verschlucken bestimmt. Wenn Sie glauben, dass Ihr Hund ein St\u00fcck verschluckt hat, nehmen Sie das Produkt weg und wenden Sie sich an Ihren Tierarzt. \u00dcberpr\u00fcfen Sie das Produkt, bevor Sie es Ihrem Hund geben, um sicherzustellen, dass es ganz und intakt ist. \u00dcberpr\u00fcfen Sie es regelm\u00e4\u00dfig und ersetzen Sie es, wenn es abgenutzt oder besch\u00e4digt ist oder wenn es zu klein wird, um es sicher zu Kauen. Waschen Sie das Produkt von Hand mit warmem Seifenwasser und sp\u00fclen Sie es gr\u00fcndlich aus.        "],"Type":["Stark Kauen"],"Pack_SIze":["1 Packung"],"Available_For_Dosage_Calculator":["N"],"Dosage_Pod":["N"],"Dog_Size":["Mittlere Hunde (bis zu 16 kg)"],"Texture":["Extra Textur"],"Chew_Size":["Mittel"],"Dog_Weight":["Bis zu 16 kg"],"Flavour":["Erdnussbutter"],"Material":["Gummi, Erdnussbutter Geschmack (allergenfrei)"],"Languages_on_packaging":["Englisch, Deutsch, Franz\u00f6sisch"],"Bone_Length":["12.6cm"],"Product_Overview":["Das Nylabone Erdnussbutter Leckerli-Spielzeug ist ein gro\u00dfartiges Bereicherungsspielzeug, da es sich hervorragend mit den Lieblingsleckerlis Ihres Hundes f\u00fcllen l\u00e4sst. Das Gummimaterial l\u00e4sst sich beim Kauen leicht biegen und nachgeben, und die Form ist leicht zu greifen. Diese stopfbaren Kauen Spielzeuge haben einen k\u00f6stlichen Erdnussbuttergeschmack, der so lange anh\u00e4lt, wie die Kauen. Sie sind nicht bespr\u00fcht, getaucht oder in irgendeiner Weise beschichtet, so dass es keine Chance gibt, dass der leckere Geschmack abgeleckt wird! Das verwendete Material ist ein hochwertiges Naturkautschuk, mit viel Sprungkraft! Die Nylabone Gummispielzeuge machen nicht nur Spa\u00df, sondern helfen auch, die Z\u00e4hne Ihres Hundes sauber zu halten und die Bildung von Zahnstein zu verhindern. Sie kann sogar eingefroren werden, um sie l\u00e4nger haltbar zu machen!"],"_uag_page_assets":["a:9:{s:3:\"css\";s:263:\".uag-blocks-common-selector{z-index:var(--z-index-desktop) !important}@media (max-width: 976px){.uag-blocks-common-selector{z-index:var(--z-index-tablet) !important}}@media (max-width: 767px){.uag-blocks-common-selector{z-index:var(--z-index-mobile) !important}}\n\";s:2:\"js\";s:0:\"\";s:18:\"current_block_list\";a:11:{i:0;s:11:\"core\/search\";i:1;s:12:\"core\/heading\";i:2;s:14:\"core\/paragraph\";i:3;s:12:\"core\/columns\";i:4;s:11:\"core\/column\";i:5;s:10:\"core\/group\";i:6;s:12:\"core\/gallery\";i:7;s:10:\"core\/image\";i:8;s:14:\"core\/shortcode\";i:9;s:15:\"core\/categories\";i:10;s:13:\"core\/archives\";}s:8:\"uag_flag\";b:0;s:11:\"uag_version\";s:10:\"1775816274\";s:6:\"gfonts\";a:0:{}s:10:\"gfonts_url\";s:0:\"\";s:12:\"gfonts_files\";a:0:{}s:14:\"uag_faq_layout\";b:0;}"],"_stock":[null],"_wc_average_rating":[0],"_wc_review_count":["0"],"_product_version":["9.4.3"],"image_id_product_only":["21028"],"image_id_lifestyle":["21032"],"image_id_product_with_parts":["21036"],"image_id_icons":["21040"],"image_id_feature_image_1":["21044"],"image_id_feature_image_2":["21048"],"image_id_feature_image_3":["21052"],"_uag_css_file_name":["uag-css-20852.css"],"_wc_rating_count":[""]},"uagb_featured_image_src":{"full":["https:\/\/nylabone.co.uk\/wp-content\/uploads\/2025\/02\/67aca6b83c7963.18972678-1.jpg",1500,1500,false],"thumbnail":["https:\/\/nylabone.co.uk\/wp-content\/uploads\/2025\/02\/67aca6b83c7963.18972678-1-150x150.jpg",150,150,true],"medium":["https:\/\/nylabone.co.uk\/wp-content\/uploads\/2025\/02\/67aca6b83c7963.18972678-1-300x300.jpg",300,300,true],"medium_large":["https:\/\/nylabone.co.uk\/wp-content\/uploads\/2025\/02\/67aca6b83c7963.18972678-1-768x768.jpg",768,768,true],"large":["https:\/\/nylabone.co.uk\/wp-content\/uploads\/2025\/02\/67aca6b83c7963.18972678-1-1024x1024.jpg",1024,1024,true],"blz_expanded_feature":["https:\/\/nylabone.co.uk\/wp-content\/uploads\/2025\/02\/67aca6b83c7963.18972678-1-275x220.jpg",275,220,true],"gs-tiny":["https:\/\/nylabone.co.uk\/wp-content\/uploads\/2025\/02\/67aca6b83c7963.18972678-1-50x50.jpg",50,50,true],"xl":["https:\/\/nylabone.co.uk\/wp-content\/uploads\/2025\/02\/67aca6b83c7963.18972678-1.jpg",1500,1500,false],"xxl":["https:\/\/nylabone.co.uk\/wp-content\/uploads\/2025\/02\/67aca6b83c7963.18972678-1.jpg",1500,1500,false],"xxxl":["https:\/\/nylabone.co.uk\/wp-content\/uploads\/2025\/02\/67aca6b83c7963.18972678-1.jpg",1500,1500,false],"xxxxl":["https:\/\/nylabone.co.uk\/wp-content\/uploads\/2025\/02\/67aca6b83c7963.18972678-1.jpg",1500,1500,false],"xxxxxl":["https:\/\/nylabone.co.uk\/wp-content\/uploads\/2025\/02\/67aca6b83c7963.18972678-1.jpg",1500,1500,false],"1536x1536":["https:\/\/nylabone.co.uk\/wp-content\/uploads\/2025\/02\/67aca6b83c7963.18972678-1.jpg",1500,1500,false],"2048x2048":["https:\/\/nylabone.co.uk\/wp-content\/uploads\/2025\/02\/67aca6b83c7963.18972678-1.jpg",1500,1500,false],"woocommerce_thumbnail":["https:\/\/nylabone.co.uk\/wp-content\/uploads\/2025\/02\/67aca6b83c7963.18972678-1-300x300.jpg",300,300,true],"woocommerce_single":["https:\/\/nylabone.co.uk\/wp-content\/uploads\/2025\/02\/67aca6b83c7963.18972678-1-600x600.jpg",600,600,true],"woocommerce_gallery_thumbnail":["https:\/\/nylabone.co.uk\/wp-content\/uploads\/2025\/02\/67aca6b83c7963.18972678-1-100x100.jpg",100,100,true]},"uagb_author_info":{"display_name":"Hazz Scott","author_link":"https:\/\/nylabone.co.uk\/de\/author\/hazz-scott\/"},"uagb_comment_info":0,"uagb_excerpt":"F\u00fcllen Sie ihn mit Leckereien und Brotaufstrichen!","featured_img":"https:\/\/nylabone.co.uk\/wp-content\/uploads\/2025\/02\/67aca6b83c7963.18972678-1.jpg","coauthors":[],"author_meta":{"author_link":"https:\/\/nylabone.co.uk\/de\/author\/hazz-scott\/","display_name":"Hazz Scott"},"relative_dates":{"created":"Posted 1 Jahr ago","modified":"Updated 1 Jahr ago"},"absolute_dates":{"created":"Posted on Februar 13, 2025","modified":"Updated on Februar 19, 2025"},"absolute_dates_time":{"created":"Posted on Februar 13, 2025 10:55 am","modified":"Updated on Februar 19, 2025 3:10 pm"},"featured_img_caption":"","tax_additional":{"product_brand":{"linked":[],"unlinked":[],"slug":"product_brand","name":"Brands"},"product_type":{"linked":["<a href=\"https:\/\/nylabone.co.uk\/de\/?taxonomy=product_type&#038;term=simple\" class=\"advgb-post-tax-term\">simple<\/a>"],"unlinked":["<span class=\"advgb-post-tax-term\">simple<\/span>"],"slug":"product_type","name":"Produkttyp"},"product_visibility":{"linked":[],"unlinked":[],"slug":"product_visibility","name":"Sichtbarkeit des Produkts"},"product_cat":{"linked":["<a href=\"https:\/\/nylabone.co.uk\/de\/shop\/starkes-kaue\/\" class=\"advgb-post-tax-term\">Starkes Kauen<\/a>"],"unlinked":["<span class=\"advgb-post-tax-term\">Starkes Kauen<\/span>"],"slug":"product_cat","name":"Produkt-Kategorien"},"product_tag":{"linked":[],"unlinked":[],"slug":"product_tag","name":"Produkt Schlagw\u00f6rter"},"product_shipping_class":{"linked":[],"unlinked":[],"slug":"product_shipping_class","name":"Produkt Versandklasse"},"translation_priority":{"linked":["<a href=\"https:\/\/nylabone.co.uk\/de\/?taxonomy=translation_priority&#038;term=optional\" class=\"advgb-post-tax-term\">Optional<\/a>"],"unlinked":["<span class=\"advgb-post-tax-term\">Optional<\/span>"],"slug":"translation_priority","name":"\u00dcbersetzungspriorit\u00e4ten"},"inspiration_category":{"linked":["<a href=\"https:\/\/nylabone.co.uk\/de\/we-recommend\/neu\/\" class=\"advgb-post-tax-term\">Neu<\/a>"],"unlinked":["<span class=\"advgb-post-tax-term\">Neu<\/span>"],"slug":"inspiration_category","name":"Inspiration Kategorien"}},"series_order":"","_links":{"self":[{"href":"https:\/\/nylabone.co.uk\/de\/wp-json\/wp\/v2\/product\/20852","targetHints":{"allow":["GET"]}}],"collection":[{"href":"https:\/\/nylabone.co.uk\/de\/wp-json\/wp\/v2\/product"}],"about":[{"href":"https:\/\/nylabone.co.uk\/de\/wp-json\/wp\/v2\/types\/product"}],"replies":[{"embeddable":true,"href":"https:\/\/nylabone.co.uk\/de\/wp-json\/wp\/v2\/comments?post=20852"}],"wp:featuredmedia":[{"embeddable":true,"href":"https:\/\/nylabone.co.uk\/de\/wp-json\/wp\/v2\/media\/21031"}],"wp:attachment":[{"href":"https:\/\/nylabone.co.uk\/de\/wp-json\/wp\/v2\/media?parent=20852"}],"wp:term":[{"taxonomy":"product_brand","embeddable":true,"href":"https:\/\/nylabone.co.uk\/de\/wp-json\/wp\/v2\/product_brand?post=20852"},{"taxonomy":"product_cat","embeddable":true,"href":"https:\/\/nylabone.co.uk\/de\/wp-json\/wp\/v2\/product_cat?post=20852"},{"taxonomy":"product_tag","embeddable":true,"href":"https:\/\/nylabone.co.uk\/de\/wp-json\/wp\/v2\/product_tag?post=20852"},{"taxonomy":"inspiration_category","embeddable":true,"href":"https:\/\/nylabone.co.uk\/de\/wp-json\/wp\/v2\/inspiration_category?post=20852"}],"curies":[{"name":"wp","href":"https:\/\/api.w.org\/{rel}","templated":true}]}}