{"id":12755,"date":"2022-03-09T09:09:14","date_gmt":"2022-03-09T09:09:14","guid":{"rendered":"https:\/\/nylabone.co.uk\/product\/non%20class\u00e9\/os-de-poulet-boeuf-modere-x-small\/"},"modified":"2023-12-06T10:10:39","modified_gmt":"2023-12-06T10:10:39","slug":"chicken-beef-moderate-bone-twin-pack-x-small","status":"publish","type":"product","link":"https:\/\/nylabone.co.uk\/fr\/product\/maches-moderees\/chicken-beef-moderate-bone-twin-pack-x-small\/","title":{"rendered":"Os de poulet \/ b\u0153uf mod\u00e9r\u00e9 &#8211; X-Small"},"content":{"rendered":"<p>Doublez le plaisir !<\/p>\n","protected":false},"excerpt":{"rendered":"<p>Doublez le plaisir !<\/p>\n","protected":false},"author":1,"featured_media":8415,"comment_status":"closed","ping_status":"closed","template":"","meta":{"_acf_changed":false,"_relevanssi_hide_post":"","_relevanssi_hide_content":"","_relevanssi_pin_for_all":"","_relevanssi_pin_keywords":"","_relevanssi_unpin_keywords":"","_relevanssi_related_keywords":"","_relevanssi_related_include_ids":"","_relevanssi_related_exclude_ids":"","_relevanssi_related_no_append":"","_relevanssi_related_not_related":"","_relevanssi_related_posts":"","_relevanssi_noindex_reason":"","inline_featured_image":false,"_uag_custom_page_level_css":"","advgb_blocks_editor_width":"","advgb_blocks_columns_visual_guide":"","site-sidebar-layout":"default","site-content-layout":"","ast-site-content-layout":"default","site-content-style":"default","site-sidebar-style":"default","ast-global-header-display":"","ast-banner-title-visibility":"","ast-main-header-display":"","ast-hfb-above-header-display":"","ast-hfb-below-header-display":"","ast-hfb-mobile-header-display":"","site-post-title":"","ast-breadcrumbs-content":"","ast-featured-img":"","footer-sml-layout":"","ast-disable-related-posts":"","theme-transparent-header-meta":"default","adv-header-id-meta":"","stick-header-meta":"default","header-above-stick-meta":"","header-main-stick-meta":"","header-below-stick-meta":"","astra-migrate-meta-layouts":"default","ast-page-background-enabled":"default","ast-page-background-meta":{"desktop":{"background-color":"var(--ast-global-color-4)","background-image":"","background-repeat":"repeat","background-position":"center center","background-size":"auto","background-attachment":"scroll","background-type":"","background-media":"","overlay-type":"","overlay-color":"","overlay-opacity":"","overlay-gradient":""},"tablet":{"background-color":"","background-image":"","background-repeat":"repeat","background-position":"center center","background-size":"auto","background-attachment":"scroll","background-type":"","background-media":"","overlay-type":"","overlay-color":"","overlay-opacity":"","overlay-gradient":""},"mobile":{"background-color":"","background-image":"","background-repeat":"repeat","background-position":"center center","background-size":"auto","background-attachment":"scroll","background-type":"","background-media":"","overlay-type":"","overlay-color":"","overlay-opacity":"","overlay-gradient":""}},"ast-content-background-meta":{"desktop":{"background-color":"var(--ast-global-color-5)","background-image":"","background-repeat":"repeat","background-position":"center center","background-size":"auto","background-attachment":"scroll","background-type":"","background-media":"","overlay-type":"","overlay-color":"","overlay-opacity":"","overlay-gradient":""},"tablet":{"background-color":"var(--ast-global-color-5)","background-image":"","background-repeat":"repeat","background-position":"center center","background-size":"auto","background-attachment":"scroll","background-type":"","background-media":"","overlay-type":"","overlay-color":"","overlay-opacity":"","overlay-gradient":""},"mobile":{"background-color":"var(--ast-global-color-5)","background-image":"","background-repeat":"repeat","background-position":"center center","background-size":"auto","background-attachment":"scroll","background-type":"","background-media":"","overlay-type":"","overlay-color":"","overlay-opacity":"","overlay-gradient":""}}},"product_brand":[],"product_cat":[72],"product_tag":[],"inspiration_category":[],"class_list":{"0":"ranking_0","1":"post-12755","2":"product","3":"type-product","4":"status-publish","5":"has-post-thumbnail","7":"product_cat-maches-moderees","8":"FACET-Pack_SIze=2 packs","9":"FACET-Dog_Size=X-Petits chiens (jusqu'\u00e0 7 kg)","10":"FACET-Facet_Flavour=Paquet de saveurs vari\u00e9es","11":"FACET-Texture=Lisse","12":"desktop-align-left","13":"tablet-align-left","14":"mobile-align-left","15":"ast-product-gallery-layout-horizontal","16":"ast-product-gallery-with-no-image","17":"ast-product-tabs-layout-horizontal","19":"first","20":"instock","21":"shipping-taxable","22":"purchasable","23":"product-type-simple"},"acf":[],"yoast_head":"<!-- This site is optimized with the Yoast SEO plugin v27.2 - https:\/\/yoast.com\/product\/yoast-seo-wordpress\/ -->\n<title>Os de poulet \/ b\u0153uf mod\u00e9r\u00e9 - X-Small - Nylabone<\/title>\n<meta name=\"robots\" content=\"index, follow, max-snippet:-1, max-image-preview:large, max-video-preview:-1\" \/>\n<link rel=\"canonical\" href=\"https:\/\/nylabone.co.uk\/fr\/product\/maches-moderees\/chicken-beef-moderate-bone-twin-pack-x-small\/\" \/>\n<meta property=\"og:locale\" content=\"fr_FR\" \/>\n<meta property=\"og:type\" content=\"article\" \/>\n<meta property=\"og:title\" content=\"Os de poulet \/ b\u0153uf mod\u00e9r\u00e9 - X-Small - Nylabone\" \/>\n<meta property=\"og:description\" content=\"Doublez le plaisir !\" \/>\n<meta property=\"og:url\" content=\"https:\/\/nylabone.co.uk\/fr\/product\/maches-moderees\/chicken-beef-moderate-bone-twin-pack-x-small\/\" \/>\n<meta property=\"og:site_name\" content=\"Nylabone\" \/>\n<meta property=\"article:modified_time\" content=\"2023-12-06T10:10:39+00:00\" \/>\n<meta property=\"og:image\" content=\"https:\/\/nylabone.co.uk\/wp-content\/uploads\/2022\/02\/5dcc08f1abf8b7.25425854.jpg\" \/>\n\t<meta property=\"og:image:width\" content=\"768\" \/>\n\t<meta property=\"og:image:height\" content=\"768\" \/>\n\t<meta property=\"og:image:type\" content=\"image\/jpeg\" \/>\n<meta name=\"twitter:card\" content=\"summary_large_image\" \/>\n<script type=\"application\/ld+json\" class=\"yoast-schema-graph\">{\"@context\":\"https:\/\/schema.org\",\"@graph\":[{\"@type\":\"WebPage\",\"@id\":\"https:\/\/nylabone.co.uk\/fr\/product\/maches-moderees\/chicken-beef-moderate-bone-twin-pack-x-small\/\",\"url\":\"https:\/\/nylabone.co.uk\/fr\/product\/maches-moderees\/chicken-beef-moderate-bone-twin-pack-x-small\/\",\"name\":\"Os de poulet \/ b\u0153uf mod\u00e9r\u00e9 - X-Small - Nylabone\",\"isPartOf\":{\"@id\":\"https:\/\/nylabone.co.uk\/#website\"},\"primaryImageOfPage\":{\"@id\":\"https:\/\/nylabone.co.uk\/fr\/product\/maches-moderees\/chicken-beef-moderate-bone-twin-pack-x-small\/#primaryimage\"},\"image\":{\"@id\":\"https:\/\/nylabone.co.uk\/fr\/product\/maches-moderees\/chicken-beef-moderate-bone-twin-pack-x-small\/#primaryimage\"},\"thumbnailUrl\":\"https:\/\/nylabone.co.uk\/wp-content\/uploads\/2022\/02\/5dcc08f1abf8b7.25425854.jpg\",\"datePublished\":\"2022-03-09T09:09:14+00:00\",\"dateModified\":\"2023-12-06T10:10:39+00:00\",\"breadcrumb\":{\"@id\":\"https:\/\/nylabone.co.uk\/fr\/product\/maches-moderees\/chicken-beef-moderate-bone-twin-pack-x-small\/#breadcrumb\"},\"inLanguage\":\"fr-FR\",\"potentialAction\":[{\"@type\":\"ReadAction\",\"target\":[\"https:\/\/nylabone.co.uk\/fr\/product\/maches-moderees\/chicken-beef-moderate-bone-twin-pack-x-small\/\"]}]},{\"@type\":\"ImageObject\",\"inLanguage\":\"fr-FR\",\"@id\":\"https:\/\/nylabone.co.uk\/fr\/product\/maches-moderees\/chicken-beef-moderate-bone-twin-pack-x-small\/#primaryimage\",\"url\":\"https:\/\/nylabone.co.uk\/wp-content\/uploads\/2022\/02\/5dcc08f1abf8b7.25425854.jpg\",\"contentUrl\":\"https:\/\/nylabone.co.uk\/wp-content\/uploads\/2022\/02\/5dcc08f1abf8b7.25425854.jpg\",\"width\":768,\"height\":768},{\"@type\":\"BreadcrumbList\",\"@id\":\"https:\/\/nylabone.co.uk\/fr\/product\/maches-moderees\/chicken-beef-moderate-bone-twin-pack-x-small\/#breadcrumb\",\"itemListElement\":[{\"@type\":\"ListItem\",\"position\":1,\"name\":\"Produits\",\"item\":\"https:\/\/nylabone.co.uk\/fr\/boutique\/\"},{\"@type\":\"ListItem\",\"position\":2,\"name\":\"M\u00e2ches mod\u00e9r\u00e9es\",\"item\":\"https:\/\/nylabone.co.uk\/fr\/products\/maches-moderees\/\"},{\"@type\":\"ListItem\",\"position\":3,\"name\":\"Os de poulet \/ b\u0153uf mod\u00e9r\u00e9 &#8211; X-Small\"}]},{\"@type\":\"WebSite\",\"@id\":\"https:\/\/nylabone.co.uk\/#website\",\"url\":\"https:\/\/nylabone.co.uk\/\",\"name\":\"Nylabone\",\"description\":\"\",\"publisher\":{\"@id\":\"https:\/\/nylabone.co.uk\/#organization\"},\"potentialAction\":[{\"@type\":\"SearchAction\",\"target\":{\"@type\":\"EntryPoint\",\"urlTemplate\":\"https:\/\/nylabone.co.uk\/?s={search_term_string}\"},\"query-input\":{\"@type\":\"PropertyValueSpecification\",\"valueRequired\":true,\"valueName\":\"search_term_string\"}}],\"inLanguage\":\"fr-FR\"},{\"@type\":\"Organization\",\"@id\":\"https:\/\/nylabone.co.uk\/#organization\",\"name\":\"Nylabone\",\"url\":\"https:\/\/nylabone.co.uk\/\",\"logo\":{\"@type\":\"ImageObject\",\"inLanguage\":\"fr-FR\",\"@id\":\"https:\/\/nylabone.co.uk\/#\/schema\/logo\/image\/\",\"url\":\"https:\/\/nylabone.co.uk\/wp-content\/uploads\/2025\/08\/WEB_Nyla_70thLogoUpdates_BrandSiteTopLeftCorner_750x260.png\",\"contentUrl\":\"https:\/\/nylabone.co.uk\/wp-content\/uploads\/2025\/08\/WEB_Nyla_70thLogoUpdates_BrandSiteTopLeftCorner_750x260.png\",\"width\":750,\"height\":260,\"caption\":\"Nylabone\"},\"image\":{\"@id\":\"https:\/\/nylabone.co.uk\/#\/schema\/logo\/image\/\"}}]}<\/script>\n<!-- \/ Yoast SEO plugin. -->","yoast_head_json":{"title":"Os de poulet \/ b\u0153uf mod\u00e9r\u00e9 - X-Small - Nylabone","robots":{"index":"index","follow":"follow","max-snippet":"max-snippet:-1","max-image-preview":"max-image-preview:large","max-video-preview":"max-video-preview:-1"},"canonical":"https:\/\/nylabone.co.uk\/fr\/product\/maches-moderees\/chicken-beef-moderate-bone-twin-pack-x-small\/","og_locale":"fr_FR","og_type":"article","og_title":"Os de poulet \/ b\u0153uf mod\u00e9r\u00e9 - X-Small - Nylabone","og_description":"Doublez le plaisir !","og_url":"https:\/\/nylabone.co.uk\/fr\/product\/maches-moderees\/chicken-beef-moderate-bone-twin-pack-x-small\/","og_site_name":"Nylabone","article_modified_time":"2023-12-06T10:10:39+00:00","og_image":[{"width":768,"height":768,"url":"https:\/\/nylabone.co.uk\/wp-content\/uploads\/2022\/02\/5dcc08f1abf8b7.25425854.jpg","type":"image\/jpeg"}],"twitter_card":"summary_large_image","schema":{"@context":"https:\/\/schema.org","@graph":[{"@type":"WebPage","@id":"https:\/\/nylabone.co.uk\/fr\/product\/maches-moderees\/chicken-beef-moderate-bone-twin-pack-x-small\/","url":"https:\/\/nylabone.co.uk\/fr\/product\/maches-moderees\/chicken-beef-moderate-bone-twin-pack-x-small\/","name":"Os de poulet \/ b\u0153uf mod\u00e9r\u00e9 - X-Small - Nylabone","isPartOf":{"@id":"https:\/\/nylabone.co.uk\/#website"},"primaryImageOfPage":{"@id":"https:\/\/nylabone.co.uk\/fr\/product\/maches-moderees\/chicken-beef-moderate-bone-twin-pack-x-small\/#primaryimage"},"image":{"@id":"https:\/\/nylabone.co.uk\/fr\/product\/maches-moderees\/chicken-beef-moderate-bone-twin-pack-x-small\/#primaryimage"},"thumbnailUrl":"https:\/\/nylabone.co.uk\/wp-content\/uploads\/2022\/02\/5dcc08f1abf8b7.25425854.jpg","datePublished":"2022-03-09T09:09:14+00:00","dateModified":"2023-12-06T10:10:39+00:00","breadcrumb":{"@id":"https:\/\/nylabone.co.uk\/fr\/product\/maches-moderees\/chicken-beef-moderate-bone-twin-pack-x-small\/#breadcrumb"},"inLanguage":"fr-FR","potentialAction":[{"@type":"ReadAction","target":["https:\/\/nylabone.co.uk\/fr\/product\/maches-moderees\/chicken-beef-moderate-bone-twin-pack-x-small\/"]}]},{"@type":"ImageObject","inLanguage":"fr-FR","@id":"https:\/\/nylabone.co.uk\/fr\/product\/maches-moderees\/chicken-beef-moderate-bone-twin-pack-x-small\/#primaryimage","url":"https:\/\/nylabone.co.uk\/wp-content\/uploads\/2022\/02\/5dcc08f1abf8b7.25425854.jpg","contentUrl":"https:\/\/nylabone.co.uk\/wp-content\/uploads\/2022\/02\/5dcc08f1abf8b7.25425854.jpg","width":768,"height":768},{"@type":"BreadcrumbList","@id":"https:\/\/nylabone.co.uk\/fr\/product\/maches-moderees\/chicken-beef-moderate-bone-twin-pack-x-small\/#breadcrumb","itemListElement":[{"@type":"ListItem","position":1,"name":"Produits","item":"https:\/\/nylabone.co.uk\/fr\/boutique\/"},{"@type":"ListItem","position":2,"name":"M\u00e2ches mod\u00e9r\u00e9es","item":"https:\/\/nylabone.co.uk\/fr\/products\/maches-moderees\/"},{"@type":"ListItem","position":3,"name":"Os de poulet \/ b\u0153uf mod\u00e9r\u00e9 &#8211; X-Small"}]},{"@type":"WebSite","@id":"https:\/\/nylabone.co.uk\/#website","url":"https:\/\/nylabone.co.uk\/","name":"Nylabone","description":"","publisher":{"@id":"https:\/\/nylabone.co.uk\/#organization"},"potentialAction":[{"@type":"SearchAction","target":{"@type":"EntryPoint","urlTemplate":"https:\/\/nylabone.co.uk\/?s={search_term_string}"},"query-input":{"@type":"PropertyValueSpecification","valueRequired":true,"valueName":"search_term_string"}}],"inLanguage":"fr-FR"},{"@type":"Organization","@id":"https:\/\/nylabone.co.uk\/#organization","name":"Nylabone","url":"https:\/\/nylabone.co.uk\/","logo":{"@type":"ImageObject","inLanguage":"fr-FR","@id":"https:\/\/nylabone.co.uk\/#\/schema\/logo\/image\/","url":"https:\/\/nylabone.co.uk\/wp-content\/uploads\/2025\/08\/WEB_Nyla_70thLogoUpdates_BrandSiteTopLeftCorner_750x260.png","contentUrl":"https:\/\/nylabone.co.uk\/wp-content\/uploads\/2025\/08\/WEB_Nyla_70thLogoUpdates_BrandSiteTopLeftCorner_750x260.png","width":750,"height":260,"caption":"Nylabone"},"image":{"@id":"https:\/\/nylabone.co.uk\/#\/schema\/logo\/image\/"}}]}},"spectra_custom_meta":{"_backorders":["no"],"_download_limit":["-1"],"_download_expiry":["-1"],"_downloadable":["no"],"_manage_stock":["no"],"_sku":["981204EU"],"_stock_status":["instock"],"_sold_individually":["no"],"_tax_class":[""],"_tax_status":["taxable"],"_virtual":["no"],"total_sales":["0"],"_regular_price":["7.49"],"_price":["7.49"],"_wpml_media_duplicate":["1"],"_wpml_media_featured":["1"],"_top_nav_excluded":[""],"_cms_nav_minihome":[""],"wcml_sync_hash":["a:1:{s:15:\"postmeta_fields\";s:32:\"6d36bc0c493ccf8425b2fc8f1d3fab97\";}"],"attr_label_translations":["a:0:{}"],"_product_attributes":["a:0:{}"],"_thumbnail_id":["8415"],"_product_image_gallery":[""],"_default_attributes":["a:0:{}"],"_upsell_ids":["a:0:{}"],"_crosssell_ids":["a:0:{}"],"_children":["a:0:{}"],"_wpml_word_count":["{\"total\":645,\"to_translate\":{\"en\":645,\"de\":645}}"],"_oembed_2fde8e53cdff869469ea0f39890a706e":["<iframe title=\"Oh Alfie Nylabone UK\" width=\"1080\" height=\"608\" src=\"https:\/\/www.youtube.com\/embed\/F-piPRJy9LU?feature=oembed\" frameborder=\"0\" allow=\"accelerometer; autoplay; clipboard-write; encrypted-media; gyroscope; picture-in-picture\" allowfullscreen><\/iframe>"],"_oembed_time_2fde8e53cdff869469ea0f39890a706e":["1667900327"],"_last_translation_edit_mode":["translation-editor"],"_wcml_average_rating":[null],"_wcml_review_count":[null],"_wcml_rating_count":[null],"stick-header-meta":["default"],"site-sidebar-layout":["default"],"theme-transparent-header-meta":["default"],"Favourites_Ranking":["0"],"Box_Contains":["~ 1 x Os de poulet mod\u00e9r\u00e9 - X-Small ~ 1 x Os de boeuf mod\u00e9r\u00e9 - X-Small"],"UPC_Code":["018214812043"],"Pack_Contains":["1 x Os de poulet mod\u00e9r\u00e9 - X-petit 1 x Os de boeuf mod\u00e9r\u00e9 - X-petit"],"Why_buy_me":["Fabriqu\u00e9s en nylon doux mais durable, ces jouets ont \u00e9t\u00e9 con\u00e7us pour les chiens \u00e0 m\u00e2cher en douceur ~ Go\u00fbt de poulet et de b\u0153uf ~ Id\u00e9al pour les chiens de tr\u00e8s petite taille jusqu'\u00e0 7 kg ~ Lot de 2 jouets"],"One_Line_Descriptor":["Doublez le plaisir !  "],"Expanded_Feature_1":["<strong>Une saveur qui dure pour toujours  <\/strong><br>  2 d\u00e9licieux os aromatis\u00e9s, que votre chien m\u00e2chera plus longtemps."],"Expanded_Feature_2":["<strong>Id\u00e9al pour l'hygi\u00e8ne dentaire<\/strong><br>  De minuscules poils se soul\u00e8vent sur l'os pendant la mastication, comme une mini-brosse \u00e0 dents, pour aider \u00e0 garder les dents propres et pr\u00e9venir la formation de tartre."],"Expanded_Feature_3":["<strong>Combattre l'ennui<\/strong><br>  Satisfaites le besoin naturel de votre chien de m\u00e2cher et gardez-le occup\u00e9 avec quelque chose de savoureux et de durable \u00e0 m\u00e2cher."],"Product_Page_Shelf_Video":["https:\/\/www.youtube.com\/watch?v=F-piPRJy9LU"],"Key_Features":["Suivez quelques-uns de nos conseils pour tirer le meilleur parti de votre chien Nylabone ~ Pour exciter votre chien avec son nouveau produit \u00e0 m\u00e2cher, il suffit de gratter sur une surface dure et rugueuse pour en raviver le go\u00fbt. Faites revivre un vieil os de la m\u00eame mani\u00e8re. ~ Pour garder vos produits \u00e0 m\u00e2cher propres, frottez-les avec une brosse sous l'eau chaude, en utilisant un d\u00e9tergent doux et non toxique, et rincez-les soigneusement. ~ V\u00e9rifiez r\u00e9guli\u00e8rement les produits \u00e0 m\u00e2cher de votre chien, assurez-vous qu'ils sont entiers et intacts, sans morceaux manquants. Remplacez-la toujours si les extr\u00e9mit\u00e9s des articulations sont us\u00e9es ou si elle devient trop petite pour \u00eatre m\u00e2ch\u00e9e en toute s\u00e9curit\u00e9. ~ Ces produits \u00e0 m\u00e2cher non comestibles sont fabriqu\u00e9s en nylon. Ils ne sont PAS destin\u00e9s \u00e0 \u00eatre consomm\u00e9s.  "],"Weight_KG":["0.0545"],"Related_Products":["981278EU, 983913EU, 984107, 983326EU,  "],"Warnings":["~ V\u00e9rifiez r\u00e9guli\u00e8rement les produits \u00e0 m\u00e2cher de votre chien, assurez-vous qu'ils sont entiers et intacts, sans morceaux manquants. ~ Toujours le remplacer si les extr\u00e9mit\u00e9s des articulations sont us\u00e9es, ou s'il devient trop petit pour \u00eatre m\u00e2ch\u00e9 en toute s\u00e9curit\u00e9. ~ Ces produits \u00e0 m\u00e2cher non comestibles sont fabriqu\u00e9s en nylon. Ils ne sont PAS destin\u00e9s \u00e0 \u00eatre consomm\u00e9s.  "],"Pack_SIze":["2 packs"],"Maximum_Flow_Rate_Litres_Hour":["Polym\u00e8re thermoplastique souple"],"Available_For_Dosage_Calculator":["N"],"Dosage_Pod":["N"],"Dog_Size":["X-Petits chiens (jusqu'\u00e0 7 kg)"],"Facet_Flavour":["Paquet de saveurs vari\u00e9es"],"Texture":["Lisse"],"Actual_Product_Dimensions_mm_HxWxD":["95x25x19mm"],"Chew_Shape":["Os"],"Chew_Size":["X-Small"],"Dog_Weight":["Jusqu'\u00e0 7 kg"],"Flavour":["Poulet \/ B\u0153uf  "],"Material":["Polym\u00e8re thermoplastique souple, ar\u00f4me naturel de poulet"],"Languages_on_packaging":["Anglais, allemand, fran\u00e7ais, espagnol."],"Bone_Length":["95mm"],"Product_Overview":["La gamme d'os et de jouets \u00e0 m\u00e2cher Nylabone Moderate convient parfaitement \u00e0 votre chien qui est un m\u00e2cheur doux et moins agressif. Ces jouets \u00e0 m\u00e2cher ont une saveur d\u00e9licieuse tout au long du parcours, ce qui signifie que la saveur persiste aussi longtemps que le jouet est \u00e0 m\u00e2cher. Ils ne sont pas pulv\u00e9ris\u00e9s, tremp\u00e9s ou enduits de quelque fa\u00e7on que ce soit, donc il n'y a aucune chance que cette saveur savoureuse soit l\u00e9ch\u00e9e ! Les mat\u00e9riaux sont l\u00e9g\u00e8rement plus souples et plus flexibles que ceux de notre gamme d'os Extreme, ce qui les rend plus doux pour la bouche de votre chien. Nous ma\u00eetrisons la fabrication de jouets \u00e0 m\u00e2cher depuis plus de 50 ans et avons un processus de fabrication unique en son genre. Nous veillons \u00e0 ce que les jouets ne se brisent pas en \u00e9clats, mais la surface lisse et agr\u00e9able devient rugueuse lorsqu'elle est m\u00e2ch\u00e9e et de minuscules poils se dressent sur l'os, agissant comme une mini-brosse \u00e0 dents qui aidera \u00e0 garder les dents de votre chien propres et \u00e0 pr\u00e9venir la formation de tartre. Si votre chien r\u00e9ussit \u00e0 en arracher un, il ne doit pas \u00eatre plus petit qu'un grain de riz et peut \u00eatre \u00e9vacu\u00e9 s'il l'avale.  "],"_uag_page_assets":["a:9:{s:3:\"css\";s:263:\".uag-blocks-common-selector{z-index:var(--z-index-desktop) !important}@media (max-width: 976px){.uag-blocks-common-selector{z-index:var(--z-index-tablet) !important}}@media (max-width: 767px){.uag-blocks-common-selector{z-index:var(--z-index-mobile) !important}}\n\";s:2:\"js\";s:0:\"\";s:18:\"current_block_list\";a:11:{i:0;s:11:\"core\/search\";i:1;s:12:\"core\/heading\";i:2;s:14:\"core\/paragraph\";i:3;s:12:\"core\/columns\";i:4;s:11:\"core\/column\";i:5;s:10:\"core\/group\";i:6;s:12:\"core\/gallery\";i:7;s:10:\"core\/image\";i:8;s:14:\"core\/shortcode\";i:9;s:15:\"core\/categories\";i:10;s:13:\"core\/archives\";}s:8:\"uag_flag\";b:0;s:11:\"uag_version\";s:10:\"1775816274\";s:6:\"gfonts\";a:0:{}s:10:\"gfonts_url\";s:0:\"\";s:12:\"gfonts_files\";a:0:{}s:14:\"uag_faq_layout\";b:0;}"],"_uag_css_file_name":["uag-css-12755.css"],"_wc_rating_count":[""],"_wc_review_count":[""],"_wc_average_rating":[0]},"uagb_featured_image_src":{"full":["https:\/\/nylabone.co.uk\/wp-content\/uploads\/2022\/02\/5dcc08f1abf8b7.25425854.jpg",768,768,false],"thumbnail":["https:\/\/nylabone.co.uk\/wp-content\/uploads\/2022\/02\/5dcc08f1abf8b7.25425854-150x150.jpg",150,150,true],"medium":["https:\/\/nylabone.co.uk\/wp-content\/uploads\/2022\/02\/5dcc08f1abf8b7.25425854-300x300.jpg",300,300,true],"medium_large":["https:\/\/nylabone.co.uk\/wp-content\/uploads\/2022\/02\/5dcc08f1abf8b7.25425854.jpg",768,768,false],"large":["https:\/\/nylabone.co.uk\/wp-content\/uploads\/2022\/02\/5dcc08f1abf8b7.25425854.jpg",768,768,false],"blz_expanded_feature":["https:\/\/nylabone.co.uk\/wp-content\/uploads\/2022\/02\/5dcc08f1abf8b7.25425854-275x220.jpg",275,220,true],"gs-tiny":["https:\/\/nylabone.co.uk\/wp-content\/uploads\/2022\/02\/5dcc08f1abf8b7.25425854.jpg",50,50,false],"xl":["https:\/\/nylabone.co.uk\/wp-content\/uploads\/2022\/02\/5dcc08f1abf8b7.25425854.jpg",768,768,false],"xxl":["https:\/\/nylabone.co.uk\/wp-content\/uploads\/2022\/02\/5dcc08f1abf8b7.25425854.jpg",768,768,false],"xxxl":["https:\/\/nylabone.co.uk\/wp-content\/uploads\/2022\/02\/5dcc08f1abf8b7.25425854.jpg",768,768,false],"xxxxl":["https:\/\/nylabone.co.uk\/wp-content\/uploads\/2022\/02\/5dcc08f1abf8b7.25425854.jpg",768,768,false],"xxxxxl":["https:\/\/nylabone.co.uk\/wp-content\/uploads\/2022\/02\/5dcc08f1abf8b7.25425854.jpg",768,768,false],"1536x1536":["https:\/\/nylabone.co.uk\/wp-content\/uploads\/2022\/02\/5dcc08f1abf8b7.25425854.jpg",768,768,false],"2048x2048":["https:\/\/nylabone.co.uk\/wp-content\/uploads\/2022\/02\/5dcc08f1abf8b7.25425854.jpg",768,768,false],"woocommerce_thumbnail":["https:\/\/nylabone.co.uk\/wp-content\/uploads\/2022\/02\/5dcc08f1abf8b7.25425854-300x300.jpg",300,300,true],"woocommerce_single":["https:\/\/nylabone.co.uk\/wp-content\/uploads\/2022\/02\/5dcc08f1abf8b7.25425854-600x600.jpg",600,600,true],"woocommerce_gallery_thumbnail":["https:\/\/nylabone.co.uk\/wp-content\/uploads\/2022\/02\/5dcc08f1abf8b7.25425854-100x100.jpg",100,100,true]},"uagb_author_info":{"display_name":"admin","author_link":"https:\/\/nylabone.co.uk\/fr\/author\/blaze\/"},"uagb_comment_info":0,"uagb_excerpt":"Doublez le plaisir !","featured_img":"https:\/\/nylabone.co.uk\/wp-content\/uploads\/2022\/02\/5dcc08f1abf8b7.25425854.jpg","coauthors":[],"author_meta":{"author_link":"https:\/\/nylabone.co.uk\/fr\/author\/blaze\/","display_name":"admin"},"relative_dates":{"created":"Publi\u00e9 4 ans il y a","modified":"Mis \u00e0 jour 2 ans il y a"},"absolute_dates":{"created":"Publi\u00e9 le mars 9, 2022","modified":"Mise \u00e0 jour le d\u00e9cembre 6, 2023"},"absolute_dates_time":{"created":"Publi\u00e9 le mars 9, 2022 9:09  ","modified":"Mise \u00e0 jour le d\u00e9cembre 6, 2023 10:10  "},"featured_img_caption":"","tax_additional":{"product_brand":{"linked":[],"unlinked":[],"slug":"product_brand","name":"Brands"},"product_type":{"linked":["<a href=\"https:\/\/nylabone.co.uk\/fr\/?taxonomy=product_type&#038;term=simple\" class=\"advgb-post-tax-term\">simple<\/a>"],"unlinked":["<span class=\"advgb-post-tax-term\">simple<\/span>"],"slug":"product_type","name":"Type de produit"},"product_visibility":{"linked":[],"unlinked":[],"slug":"product_visibility","name":"Visibilit\u00e9 du produit"},"product_cat":{"linked":["<a href=\"https:\/\/nylabone.co.uk\/fr\/products\/maches-moderees\/\" class=\"advgb-post-tax-term\">M\u00e2ches mod\u00e9r\u00e9es<\/a>"],"unlinked":["<span class=\"advgb-post-tax-term\">M\u00e2ches mod\u00e9r\u00e9es<\/span>"],"slug":"product_cat","name":"Cat\u00e9gories de produits"},"product_tag":{"linked":[],"unlinked":[],"slug":"product_tag","name":"\u00c9tiquettes produit"},"product_shipping_class":{"linked":[],"unlinked":[],"slug":"product_shipping_class","name":"Classe d\u2019exp\u00e9dition du produit"},"translation_priority":{"linked":["<a href=\"https:\/\/nylabone.co.uk\/fr\/?taxonomy=translation_priority&#038;term=facultatif-fr\" class=\"advgb-post-tax-term\">Facultatif<\/a>"],"unlinked":["<span class=\"advgb-post-tax-term\">Facultatif<\/span>"],"slug":"translation_priority","name":"Priorit\u00e9s de traduction"},"inspiration_category":{"linked":[],"unlinked":[],"slug":"inspiration_category","name":"Cat\u00e9gories d&#039;inspiration"}},"series_order":"","_links":{"self":[{"href":"https:\/\/nylabone.co.uk\/fr\/wp-json\/wp\/v2\/product\/12755","targetHints":{"allow":["GET"]}}],"collection":[{"href":"https:\/\/nylabone.co.uk\/fr\/wp-json\/wp\/v2\/product"}],"about":[{"href":"https:\/\/nylabone.co.uk\/fr\/wp-json\/wp\/v2\/types\/product"}],"replies":[{"embeddable":true,"href":"https:\/\/nylabone.co.uk\/fr\/wp-json\/wp\/v2\/comments?post=12755"}],"wp:featuredmedia":[{"embeddable":true,"href":"https:\/\/nylabone.co.uk\/fr\/wp-json\/wp\/v2\/media\/8415"}],"wp:attachment":[{"href":"https:\/\/nylabone.co.uk\/fr\/wp-json\/wp\/v2\/media?parent=12755"}],"wp:term":[{"taxonomy":"product_brand","embeddable":true,"href":"https:\/\/nylabone.co.uk\/fr\/wp-json\/wp\/v2\/product_brand?post=12755"},{"taxonomy":"product_cat","embeddable":true,"href":"https:\/\/nylabone.co.uk\/fr\/wp-json\/wp\/v2\/product_cat?post=12755"},{"taxonomy":"product_tag","embeddable":true,"href":"https:\/\/nylabone.co.uk\/fr\/wp-json\/wp\/v2\/product_tag?post=12755"},{"taxonomy":"inspiration_category","embeddable":true,"href":"https:\/\/nylabone.co.uk\/fr\/wp-json\/wp\/v2\/inspiration_category?post=12755"}],"curies":[{"name":"wp","href":"https:\/\/api.w.org\/{rel}","templated":true}]}}