{"id":12831,"date":"2022-03-09T09:11:08","date_gmt":"2022-03-09T09:11:08","guid":{"rendered":"https:\/\/nylabone.co.uk\/product\/non%20class\u00e9\/vanilla-puppy-rhino-chew-small-petit\/"},"modified":"2023-01-25T17:08:17","modified_gmt":"2023-01-25T17:08:17","slug":"vanille-chiot-rhino-chew-petit","status":"publish","type":"product","link":"https:\/\/nylabone.co.uk\/fr\/product\/chiot-a-macher\/vanille-chiot-rhino-chew-petit\/","title":{"rendered":"Vanilla Puppy Rhino Chew &#8211; Small (Petit)"},"content":{"rendered":"<p>Des jouets qui rebondissent !<\/p>\n","protected":false},"excerpt":{"rendered":"<p>Des jouets qui rebondissent !<\/p>\n","protected":false},"author":1,"featured_media":8745,"comment_status":"closed","ping_status":"closed","template":"","meta":{"_acf_changed":false,"_relevanssi_hide_post":"","_relevanssi_hide_content":"","_relevanssi_pin_for_all":"","_relevanssi_pin_keywords":"","_relevanssi_unpin_keywords":"","_relevanssi_related_keywords":"","_relevanssi_related_include_ids":"","_relevanssi_related_exclude_ids":"","_relevanssi_related_no_append":"","_relevanssi_related_not_related":"","_relevanssi_related_posts":"","_relevanssi_noindex_reason":"","inline_featured_image":false,"_uag_custom_page_level_css":"","advgb_blocks_editor_width":"","advgb_blocks_columns_visual_guide":"","site-sidebar-layout":"default","site-content-layout":"","ast-site-content-layout":"default","site-content-style":"default","site-sidebar-style":"default","ast-global-header-display":"","ast-banner-title-visibility":"","ast-main-header-display":"","ast-hfb-above-header-display":"","ast-hfb-below-header-display":"","ast-hfb-mobile-header-display":"","site-post-title":"","ast-breadcrumbs-content":"","ast-featured-img":"","footer-sml-layout":"","ast-disable-related-posts":"","theme-transparent-header-meta":"","adv-header-id-meta":"","stick-header-meta":"","header-above-stick-meta":"","header-main-stick-meta":"","header-below-stick-meta":"","astra-migrate-meta-layouts":"default","ast-page-background-enabled":"default","ast-page-background-meta":{"desktop":{"background-color":"var(--ast-global-color-4)","background-image":"","background-repeat":"repeat","background-position":"center center","background-size":"auto","background-attachment":"scroll","background-type":"","background-media":"","overlay-type":"","overlay-color":"","overlay-opacity":"","overlay-gradient":""},"tablet":{"background-color":"","background-image":"","background-repeat":"repeat","background-position":"center center","background-size":"auto","background-attachment":"scroll","background-type":"","background-media":"","overlay-type":"","overlay-color":"","overlay-opacity":"","overlay-gradient":""},"mobile":{"background-color":"","background-image":"","background-repeat":"repeat","background-position":"center center","background-size":"auto","background-attachment":"scroll","background-type":"","background-media":"","overlay-type":"","overlay-color":"","overlay-opacity":"","overlay-gradient":""}},"ast-content-background-meta":{"desktop":{"background-color":"var(--ast-global-color-5)","background-image":"","background-repeat":"repeat","background-position":"center center","background-size":"auto","background-attachment":"scroll","background-type":"","background-media":"","overlay-type":"","overlay-color":"","overlay-opacity":"","overlay-gradient":""},"tablet":{"background-color":"var(--ast-global-color-5)","background-image":"","background-repeat":"repeat","background-position":"center center","background-size":"auto","background-attachment":"scroll","background-type":"","background-media":"","overlay-type":"","overlay-color":"","overlay-opacity":"","overlay-gradient":""},"mobile":{"background-color":"var(--ast-global-color-5)","background-image":"","background-repeat":"repeat","background-position":"center center","background-size":"auto","background-attachment":"scroll","background-type":"","background-media":"","overlay-type":"","overlay-color":"","overlay-opacity":"","overlay-gradient":""}}},"product_brand":[],"product_cat":[69],"product_tag":[],"inspiration_category":[],"class_list":{"0":"ranking_","1":"post-12831","2":"product","3":"type-product","4":"status-publish","5":"has-post-thumbnail","7":"product_cat-chiot-a-macher","8":"FACET-Pack_SIze=1 paquet","9":"FACET-Dog_Size=Petits chiens (jusqu'\u00e0 11 kg)","10":"FACET-Facet_Flavour=Bacon","11":"FACET-Texture=Texture suppl\u00e9mentaire","12":"desktop-align-left","13":"tablet-align-left","14":"mobile-align-left","15":"ast-product-gallery-layout-horizontal","16":"ast-product-gallery-with-no-image","17":"ast-product-tabs-layout-horizontal","19":"first","20":"instock","21":"shipping-taxable","22":"purchasable","23":"product-type-simple"},"acf":[],"yoast_head":"<!-- This site is optimized with the Yoast SEO plugin v27.2 - https:\/\/yoast.com\/product\/yoast-seo-wordpress\/ -->\n<title>Vanilla Puppy Rhino Chew - Small (Petit) - Nylabone<\/title>\n<meta name=\"robots\" content=\"index, follow, max-snippet:-1, max-image-preview:large, max-video-preview:-1\" \/>\n<link rel=\"canonical\" href=\"https:\/\/nylabone.co.uk\/fr\/product\/chiot-a-macher\/vanille-chiot-rhino-chew-petit\/\" \/>\n<meta property=\"og:locale\" content=\"fr_FR\" \/>\n<meta property=\"og:type\" content=\"article\" \/>\n<meta property=\"og:title\" content=\"Vanilla Puppy Rhino Chew - Small (Petit) - Nylabone\" \/>\n<meta property=\"og:description\" content=\"Des jouets qui rebondissent !\" \/>\n<meta property=\"og:url\" content=\"https:\/\/nylabone.co.uk\/fr\/product\/chiot-a-macher\/vanille-chiot-rhino-chew-petit\/\" \/>\n<meta property=\"og:site_name\" content=\"Nylabone\" \/>\n<meta property=\"article:modified_time\" content=\"2023-01-25T17:08:17+00:00\" \/>\n<meta property=\"og:image\" content=\"https:\/\/nylabone.co.uk\/wp-content\/uploads\/2022\/02\/5e2037955acdf6.57863789.jpg\" \/>\n\t<meta property=\"og:image:width\" content=\"768\" \/>\n\t<meta property=\"og:image:height\" content=\"768\" \/>\n\t<meta property=\"og:image:type\" content=\"image\/jpeg\" \/>\n<meta name=\"twitter:card\" content=\"summary_large_image\" \/>\n<script type=\"application\/ld+json\" class=\"yoast-schema-graph\">{\"@context\":\"https:\/\/schema.org\",\"@graph\":[{\"@type\":\"WebPage\",\"@id\":\"https:\/\/nylabone.co.uk\/fr\/product\/chiot-a-macher\/vanille-chiot-rhino-chew-petit\/\",\"url\":\"https:\/\/nylabone.co.uk\/fr\/product\/chiot-a-macher\/vanille-chiot-rhino-chew-petit\/\",\"name\":\"Vanilla Puppy Rhino Chew - Small (Petit) - Nylabone\",\"isPartOf\":{\"@id\":\"https:\/\/nylabone.co.uk\/#website\"},\"primaryImageOfPage\":{\"@id\":\"https:\/\/nylabone.co.uk\/fr\/product\/chiot-a-macher\/vanille-chiot-rhino-chew-petit\/#primaryimage\"},\"image\":{\"@id\":\"https:\/\/nylabone.co.uk\/fr\/product\/chiot-a-macher\/vanille-chiot-rhino-chew-petit\/#primaryimage\"},\"thumbnailUrl\":\"https:\/\/nylabone.co.uk\/wp-content\/uploads\/2022\/02\/5e2037955acdf6.57863789.jpg\",\"datePublished\":\"2022-03-09T09:11:08+00:00\",\"dateModified\":\"2023-01-25T17:08:17+00:00\",\"breadcrumb\":{\"@id\":\"https:\/\/nylabone.co.uk\/fr\/product\/chiot-a-macher\/vanille-chiot-rhino-chew-petit\/#breadcrumb\"},\"inLanguage\":\"fr-FR\",\"potentialAction\":[{\"@type\":\"ReadAction\",\"target\":[\"https:\/\/nylabone.co.uk\/fr\/product\/chiot-a-macher\/vanille-chiot-rhino-chew-petit\/\"]}]},{\"@type\":\"ImageObject\",\"inLanguage\":\"fr-FR\",\"@id\":\"https:\/\/nylabone.co.uk\/fr\/product\/chiot-a-macher\/vanille-chiot-rhino-chew-petit\/#primaryimage\",\"url\":\"https:\/\/nylabone.co.uk\/wp-content\/uploads\/2022\/02\/5e2037955acdf6.57863789.jpg\",\"contentUrl\":\"https:\/\/nylabone.co.uk\/wp-content\/uploads\/2022\/02\/5e2037955acdf6.57863789.jpg\",\"width\":768,\"height\":768},{\"@type\":\"BreadcrumbList\",\"@id\":\"https:\/\/nylabone.co.uk\/fr\/product\/chiot-a-macher\/vanille-chiot-rhino-chew-petit\/#breadcrumb\",\"itemListElement\":[{\"@type\":\"ListItem\",\"position\":1,\"name\":\"Produits\",\"item\":\"https:\/\/nylabone.co.uk\/fr\/boutique\/\"},{\"@type\":\"ListItem\",\"position\":2,\"name\":\"Chiot \u00e0 m\u00e2cher\",\"item\":\"https:\/\/nylabone.co.uk\/fr\/products\/chiot-a-macher\/\"},{\"@type\":\"ListItem\",\"position\":3,\"name\":\"Vanilla Puppy Rhino Chew &#8211; Small (Petit)\"}]},{\"@type\":\"WebSite\",\"@id\":\"https:\/\/nylabone.co.uk\/#website\",\"url\":\"https:\/\/nylabone.co.uk\/\",\"name\":\"Nylabone\",\"description\":\"\",\"publisher\":{\"@id\":\"https:\/\/nylabone.co.uk\/#organization\"},\"potentialAction\":[{\"@type\":\"SearchAction\",\"target\":{\"@type\":\"EntryPoint\",\"urlTemplate\":\"https:\/\/nylabone.co.uk\/?s={search_term_string}\"},\"query-input\":{\"@type\":\"PropertyValueSpecification\",\"valueRequired\":true,\"valueName\":\"search_term_string\"}}],\"inLanguage\":\"fr-FR\"},{\"@type\":\"Organization\",\"@id\":\"https:\/\/nylabone.co.uk\/#organization\",\"name\":\"Nylabone\",\"url\":\"https:\/\/nylabone.co.uk\/\",\"logo\":{\"@type\":\"ImageObject\",\"inLanguage\":\"fr-FR\",\"@id\":\"https:\/\/nylabone.co.uk\/#\/schema\/logo\/image\/\",\"url\":\"https:\/\/nylabone.co.uk\/wp-content\/uploads\/2025\/08\/WEB_Nyla_70thLogoUpdates_BrandSiteTopLeftCorner_750x260.png\",\"contentUrl\":\"https:\/\/nylabone.co.uk\/wp-content\/uploads\/2025\/08\/WEB_Nyla_70thLogoUpdates_BrandSiteTopLeftCorner_750x260.png\",\"width\":750,\"height\":260,\"caption\":\"Nylabone\"},\"image\":{\"@id\":\"https:\/\/nylabone.co.uk\/#\/schema\/logo\/image\/\"}}]}<\/script>\n<!-- \/ Yoast SEO plugin. -->","yoast_head_json":{"title":"Vanilla Puppy Rhino Chew - Small (Petit) - Nylabone","robots":{"index":"index","follow":"follow","max-snippet":"max-snippet:-1","max-image-preview":"max-image-preview:large","max-video-preview":"max-video-preview:-1"},"canonical":"https:\/\/nylabone.co.uk\/fr\/product\/chiot-a-macher\/vanille-chiot-rhino-chew-petit\/","og_locale":"fr_FR","og_type":"article","og_title":"Vanilla Puppy Rhino Chew - Small (Petit) - Nylabone","og_description":"Des jouets qui rebondissent !","og_url":"https:\/\/nylabone.co.uk\/fr\/product\/chiot-a-macher\/vanille-chiot-rhino-chew-petit\/","og_site_name":"Nylabone","article_modified_time":"2023-01-25T17:08:17+00:00","og_image":[{"width":768,"height":768,"url":"https:\/\/nylabone.co.uk\/wp-content\/uploads\/2022\/02\/5e2037955acdf6.57863789.jpg","type":"image\/jpeg"}],"twitter_card":"summary_large_image","schema":{"@context":"https:\/\/schema.org","@graph":[{"@type":"WebPage","@id":"https:\/\/nylabone.co.uk\/fr\/product\/chiot-a-macher\/vanille-chiot-rhino-chew-petit\/","url":"https:\/\/nylabone.co.uk\/fr\/product\/chiot-a-macher\/vanille-chiot-rhino-chew-petit\/","name":"Vanilla Puppy Rhino Chew - Small (Petit) - Nylabone","isPartOf":{"@id":"https:\/\/nylabone.co.uk\/#website"},"primaryImageOfPage":{"@id":"https:\/\/nylabone.co.uk\/fr\/product\/chiot-a-macher\/vanille-chiot-rhino-chew-petit\/#primaryimage"},"image":{"@id":"https:\/\/nylabone.co.uk\/fr\/product\/chiot-a-macher\/vanille-chiot-rhino-chew-petit\/#primaryimage"},"thumbnailUrl":"https:\/\/nylabone.co.uk\/wp-content\/uploads\/2022\/02\/5e2037955acdf6.57863789.jpg","datePublished":"2022-03-09T09:11:08+00:00","dateModified":"2023-01-25T17:08:17+00:00","breadcrumb":{"@id":"https:\/\/nylabone.co.uk\/fr\/product\/chiot-a-macher\/vanille-chiot-rhino-chew-petit\/#breadcrumb"},"inLanguage":"fr-FR","potentialAction":[{"@type":"ReadAction","target":["https:\/\/nylabone.co.uk\/fr\/product\/chiot-a-macher\/vanille-chiot-rhino-chew-petit\/"]}]},{"@type":"ImageObject","inLanguage":"fr-FR","@id":"https:\/\/nylabone.co.uk\/fr\/product\/chiot-a-macher\/vanille-chiot-rhino-chew-petit\/#primaryimage","url":"https:\/\/nylabone.co.uk\/wp-content\/uploads\/2022\/02\/5e2037955acdf6.57863789.jpg","contentUrl":"https:\/\/nylabone.co.uk\/wp-content\/uploads\/2022\/02\/5e2037955acdf6.57863789.jpg","width":768,"height":768},{"@type":"BreadcrumbList","@id":"https:\/\/nylabone.co.uk\/fr\/product\/chiot-a-macher\/vanille-chiot-rhino-chew-petit\/#breadcrumb","itemListElement":[{"@type":"ListItem","position":1,"name":"Produits","item":"https:\/\/nylabone.co.uk\/fr\/boutique\/"},{"@type":"ListItem","position":2,"name":"Chiot \u00e0 m\u00e2cher","item":"https:\/\/nylabone.co.uk\/fr\/products\/chiot-a-macher\/"},{"@type":"ListItem","position":3,"name":"Vanilla Puppy Rhino Chew &#8211; Small (Petit)"}]},{"@type":"WebSite","@id":"https:\/\/nylabone.co.uk\/#website","url":"https:\/\/nylabone.co.uk\/","name":"Nylabone","description":"","publisher":{"@id":"https:\/\/nylabone.co.uk\/#organization"},"potentialAction":[{"@type":"SearchAction","target":{"@type":"EntryPoint","urlTemplate":"https:\/\/nylabone.co.uk\/?s={search_term_string}"},"query-input":{"@type":"PropertyValueSpecification","valueRequired":true,"valueName":"search_term_string"}}],"inLanguage":"fr-FR"},{"@type":"Organization","@id":"https:\/\/nylabone.co.uk\/#organization","name":"Nylabone","url":"https:\/\/nylabone.co.uk\/","logo":{"@type":"ImageObject","inLanguage":"fr-FR","@id":"https:\/\/nylabone.co.uk\/#\/schema\/logo\/image\/","url":"https:\/\/nylabone.co.uk\/wp-content\/uploads\/2025\/08\/WEB_Nyla_70thLogoUpdates_BrandSiteTopLeftCorner_750x260.png","contentUrl":"https:\/\/nylabone.co.uk\/wp-content\/uploads\/2025\/08\/WEB_Nyla_70thLogoUpdates_BrandSiteTopLeftCorner_750x260.png","width":750,"height":260,"caption":"Nylabone"},"image":{"@id":"https:\/\/nylabone.co.uk\/#\/schema\/logo\/image\/"}}]}},"spectra_custom_meta":{"_backorders":["no"],"_download_limit":["-1"],"_download_expiry":["-1"],"_downloadable":["no"],"_manage_stock":["no"],"_sku":["982330"],"_stock_status":["instock"],"_sold_individually":["no"],"_tax_class":[""],"_tax_status":["taxable"],"_virtual":["no"],"total_sales":["0"],"_regular_price":["10.49"],"_price":["10.49"],"_wpml_media_duplicate":["1"],"_wpml_media_featured":["1"],"_top_nav_excluded":[""],"_cms_nav_minihome":[""],"wcml_sync_hash":["a:1:{s:15:\"postmeta_fields\";s:32:\"0ab28baa560d1bf79db93adb1db675b1\";}"],"attr_label_translations":["a:0:{}"],"_product_attributes":["a:0:{}"],"_thumbnail_id":["8745"],"_product_image_gallery":[""],"_default_attributes":["a:0:{}"],"_upsell_ids":["a:0:{}"],"_crosssell_ids":["a:0:{}"],"_children":["a:0:{}"],"_wpml_word_count":["{\"total\":405,\"to_translate\":{\"en\":405,\"de\":405}}"],"_oembed_2fde8e53cdff869469ea0f39890a706e":["<iframe title=\"Oh Alfie Nylabone UK\" width=\"1080\" height=\"608\" src=\"https:\/\/www.youtube.com\/embed\/F-piPRJy9LU?feature=oembed\" frameborder=\"0\" allow=\"accelerometer; autoplay; clipboard-write; encrypted-media; gyroscope; picture-in-picture\" allowfullscreen><\/iframe>"],"_oembed_time_2fde8e53cdff869469ea0f39890a706e":["1667805485"],"_last_translation_edit_mode":["translation-editor"],"Box_Contains":["~ 1 x Bacon Puppy Rhino Chew - Petit"],"UPC_Code":["018214823308"],"Pack_Contains":["1 x Bacon Puppy Rhino Chew - Petit"],"Why_buy_me":["Fabriqu\u00e9s en caoutchouc souple et durable, ces jouets ont \u00e9t\u00e9 con\u00e7us pour les chiots qui ont leur toute premi\u00e8re dentition ~ Go\u00fbt de vanille ~ Id\u00e9al pour les petits chiens jusqu'\u00e0 11 kg  "],"One_Line_Descriptor":["Des jouets qui rebondissent !  "],"Expanded_Feature_1":["<strong>Une saveur qui dure pour toujours  <\/strong><br>  Un d\u00e9licieux go\u00fbt de vanille pour que votre chien puisse m\u00e2cher plus longtemps."],"Expanded_Feature_2":["<strong>Combattre l'ennui<\/strong><br>  Satisfaites le besoin naturel de votre chien de m\u00e2cher et gardez-le occup\u00e9 avec quelque chose de savoureux et de durable \u00e0 m\u00e2cher."],"Expanded_Feature_3":["<strong>Id\u00e9al pour l'hygi\u00e8ne dentaire<\/strong><br>  La mastication aide \u00e0 garder les dents propres et \u00e0 pr\u00e9venir la formation de tartre."],"Product_Page_Shelf_Video":["https:\/\/www.youtube.com\/watch?v=F-piPRJy9LU"],"Key_Features":["Suivez quelques-uns de nos conseils pour tirer le meilleur parti de votre chiot Nylabone ~ Pour garder vos jouets propres, frottez-les avec une brosse sous l'eau chaude, en utilisant un d\u00e9tergent doux et non toxique, et rincez-les soigneusement. ~ V\u00e9rifiez r\u00e9guli\u00e8rement le jouet de votre chiot, assurez-vous qu'il est entier et intact, sans pi\u00e8ces manquantes. Remplacez-la toujours si elle est endommag\u00e9e. ~ Ces jouets non comestibles sont fabriqu\u00e9s en nylon. Ils ne sont PAS destin\u00e9s \u00e0 \u00eatre consomm\u00e9s.  "],"Weight_KG":["0.05"],"Related_Products":["981384EU, 982294, 984168, 983912EU,  "],"Warnings":["~ V\u00e9rifiez r\u00e9guli\u00e8rement que vos chiots m\u00e2chent, assurez-vous qu'ils sont entiers et intacts, sans morceaux manquants. ~ Toujours le remplacer si les extr\u00e9mit\u00e9s des articulations sont us\u00e9es, ou s'il devient trop petit pour \u00eatre m\u00e2ch\u00e9 en toute s\u00e9curit\u00e9. ~ Ces produits \u00e0 m\u00e2cher non comestibles sont fabriqu\u00e9s en nylon. Ils ne sont PAS destin\u00e9s \u00e0 \u00eatre consomm\u00e9s.  "],"Pack_SIze":["1 paquet"],"Maximum_Flow_Rate_Litres_Hour":["Caoutchouc"],"Available_For_Dosage_Calculator":["N"],"Dosage_Pod":["N"],"Dog_Size":["Petits chiens (jusqu'\u00e0 11 kg)"],"Facet_Flavour":["Bacon"],"Texture":["Texture suppl\u00e9mentaire"],"Actual_Product_Dimensions_mm_HxWxD":["100x75x40mm"],"Chew_Shape":["Sucette"],"Chew_Size":["Petit"],"Dog_Weight":["Jusqu'\u00e0 11 kg"],"Flavour":["Bacon"],"Material":["Caoutchouc"],"Languages_on_packaging":["Anglais"],"Bone_Length":["100mm"],"Product_Overview":["Le stade du chiot est une occasion cruciale d'enseigner \u00e0 votre chiot de bonnes habitudes de jeu. Les chiots utilisent leur bouche pour explorer leur environnement, pour jouer, et surtout pour soulager l'inconfort de la dentition. Gr\u00e2ce au renforcement positif, les chiots apprendront que le temps de jeu n'est pas seulement encourag\u00e9, mais qu'il s'agit \u00e9galement d'un passe-temps amusant dont ils pourront profiter \u00e0 l'\u00e2ge adulte ! Ces jouets Nylabone sont fabriqu\u00e9s en caoutchouc souple et flexible, ce qui les rend doux pour la gueule de votre chiot.  "],"_uag_page_assets":["a:9:{s:3:\"css\";s:263:\".uag-blocks-common-selector{z-index:var(--z-index-desktop) !important}@media (max-width: 976px){.uag-blocks-common-selector{z-index:var(--z-index-tablet) !important}}@media (max-width: 767px){.uag-blocks-common-selector{z-index:var(--z-index-mobile) !important}}\n\";s:2:\"js\";s:0:\"\";s:18:\"current_block_list\";a:11:{i:0;s:11:\"core\/search\";i:1;s:12:\"core\/heading\";i:2;s:14:\"core\/paragraph\";i:3;s:12:\"core\/columns\";i:4;s:11:\"core\/column\";i:5;s:10:\"core\/group\";i:6;s:12:\"core\/gallery\";i:7;s:10:\"core\/image\";i:8;s:14:\"core\/shortcode\";i:9;s:15:\"core\/categories\";i:10;s:13:\"core\/archives\";}s:8:\"uag_flag\";b:0;s:11:\"uag_version\";s:10:\"1776223672\";s:6:\"gfonts\";a:0:{}s:10:\"gfonts_url\";s:0:\"\";s:12:\"gfonts_files\";a:0:{}s:14:\"uag_faq_layout\";b:0;}"],"_wcml_average_rating":[null],"_wcml_review_count":[null],"_wcml_rating_count":[null],"_uag_css_file_name":["uag-css-12831.css"],"_wc_rating_count":[""],"_wc_review_count":[""],"_wc_average_rating":[0]},"uagb_featured_image_src":{"full":["https:\/\/nylabone.co.uk\/wp-content\/uploads\/2022\/02\/5e2037955acdf6.57863789.jpg",768,768,false],"thumbnail":["https:\/\/nylabone.co.uk\/wp-content\/uploads\/2022\/02\/5e2037955acdf6.57863789-150x150.jpg",150,150,true],"medium":["https:\/\/nylabone.co.uk\/wp-content\/uploads\/2022\/02\/5e2037955acdf6.57863789-300x300.jpg",300,300,true],"medium_large":["https:\/\/nylabone.co.uk\/wp-content\/uploads\/2022\/02\/5e2037955acdf6.57863789.jpg",768,768,false],"large":["https:\/\/nylabone.co.uk\/wp-content\/uploads\/2022\/02\/5e2037955acdf6.57863789.jpg",768,768,false],"blz_expanded_feature":["https:\/\/nylabone.co.uk\/wp-content\/uploads\/2022\/02\/5e2037955acdf6.57863789-275x220.jpg",275,220,true],"gs-tiny":["https:\/\/nylabone.co.uk\/wp-content\/uploads\/2022\/02\/5e2037955acdf6.57863789.jpg",50,50,false],"xl":["https:\/\/nylabone.co.uk\/wp-content\/uploads\/2022\/02\/5e2037955acdf6.57863789.jpg",768,768,false],"xxl":["https:\/\/nylabone.co.uk\/wp-content\/uploads\/2022\/02\/5e2037955acdf6.57863789.jpg",768,768,false],"xxxl":["https:\/\/nylabone.co.uk\/wp-content\/uploads\/2022\/02\/5e2037955acdf6.57863789.jpg",768,768,false],"xxxxl":["https:\/\/nylabone.co.uk\/wp-content\/uploads\/2022\/02\/5e2037955acdf6.57863789.jpg",768,768,false],"xxxxxl":["https:\/\/nylabone.co.uk\/wp-content\/uploads\/2022\/02\/5e2037955acdf6.57863789.jpg",768,768,false],"1536x1536":["https:\/\/nylabone.co.uk\/wp-content\/uploads\/2022\/02\/5e2037955acdf6.57863789.jpg",768,768,false],"2048x2048":["https:\/\/nylabone.co.uk\/wp-content\/uploads\/2022\/02\/5e2037955acdf6.57863789.jpg",768,768,false],"woocommerce_thumbnail":["https:\/\/nylabone.co.uk\/wp-content\/uploads\/2022\/02\/5e2037955acdf6.57863789-300x300.jpg",300,300,true],"woocommerce_single":["https:\/\/nylabone.co.uk\/wp-content\/uploads\/2022\/02\/5e2037955acdf6.57863789-600x600.jpg",600,600,true],"woocommerce_gallery_thumbnail":["https:\/\/nylabone.co.uk\/wp-content\/uploads\/2022\/02\/5e2037955acdf6.57863789-100x100.jpg",100,100,true]},"uagb_author_info":{"display_name":"admin","author_link":"https:\/\/nylabone.co.uk\/fr\/author\/blaze\/"},"uagb_comment_info":0,"uagb_excerpt":"Des jouets qui rebondissent !","featured_img":"https:\/\/nylabone.co.uk\/wp-content\/uploads\/2022\/02\/5e2037955acdf6.57863789.jpg","coauthors":[],"author_meta":{"author_link":"https:\/\/nylabone.co.uk\/fr\/author\/blaze\/","display_name":"admin"},"relative_dates":{"created":"Publi\u00e9 4 ans il y a","modified":"Mis \u00e0 jour 3 ans il y a"},"absolute_dates":{"created":"Publi\u00e9 le mars 9, 2022","modified":"Mise \u00e0 jour le janvier 25, 2023"},"absolute_dates_time":{"created":"Publi\u00e9 le mars 9, 2022 9:11  ","modified":"Mise \u00e0 jour le janvier 25, 2023 5:08  "},"featured_img_caption":"","tax_additional":{"product_brand":{"linked":[],"unlinked":[],"slug":"product_brand","name":"Brands"},"product_type":{"linked":["<a href=\"https:\/\/nylabone.co.uk\/fr\/?taxonomy=product_type&#038;term=simple\" class=\"advgb-post-tax-term\">simple<\/a>"],"unlinked":["<span class=\"advgb-post-tax-term\">simple<\/span>"],"slug":"product_type","name":"Type de produit"},"product_visibility":{"linked":[],"unlinked":[],"slug":"product_visibility","name":"Visibilit\u00e9 du produit"},"product_cat":{"linked":["<a href=\"https:\/\/nylabone.co.uk\/fr\/products\/chiot-a-macher\/\" class=\"advgb-post-tax-term\">Chiot \u00e0 m\u00e2cher<\/a>"],"unlinked":["<span class=\"advgb-post-tax-term\">Chiot \u00e0 m\u00e2cher<\/span>"],"slug":"product_cat","name":"Cat\u00e9gories de produits"},"product_tag":{"linked":[],"unlinked":[],"slug":"product_tag","name":"\u00c9tiquettes produit"},"product_shipping_class":{"linked":[],"unlinked":[],"slug":"product_shipping_class","name":"Classe d\u2019exp\u00e9dition du produit"},"translation_priority":{"linked":["<a href=\"https:\/\/nylabone.co.uk\/fr\/?taxonomy=translation_priority&#038;term=facultatif-fr\" class=\"advgb-post-tax-term\">Facultatif<\/a>"],"unlinked":["<span class=\"advgb-post-tax-term\">Facultatif<\/span>"],"slug":"translation_priority","name":"Priorit\u00e9s de traduction"},"inspiration_category":{"linked":[],"unlinked":[],"slug":"inspiration_category","name":"Cat\u00e9gories d&#039;inspiration"}},"series_order":"","_links":{"self":[{"href":"https:\/\/nylabone.co.uk\/fr\/wp-json\/wp\/v2\/product\/12831","targetHints":{"allow":["GET"]}}],"collection":[{"href":"https:\/\/nylabone.co.uk\/fr\/wp-json\/wp\/v2\/product"}],"about":[{"href":"https:\/\/nylabone.co.uk\/fr\/wp-json\/wp\/v2\/types\/product"}],"replies":[{"embeddable":true,"href":"https:\/\/nylabone.co.uk\/fr\/wp-json\/wp\/v2\/comments?post=12831"}],"wp:featuredmedia":[{"embeddable":true,"href":"https:\/\/nylabone.co.uk\/fr\/wp-json\/wp\/v2\/media\/8745"}],"wp:attachment":[{"href":"https:\/\/nylabone.co.uk\/fr\/wp-json\/wp\/v2\/media?parent=12831"}],"wp:term":[{"taxonomy":"product_brand","embeddable":true,"href":"https:\/\/nylabone.co.uk\/fr\/wp-json\/wp\/v2\/product_brand?post=12831"},{"taxonomy":"product_cat","embeddable":true,"href":"https:\/\/nylabone.co.uk\/fr\/wp-json\/wp\/v2\/product_cat?post=12831"},{"taxonomy":"product_tag","embeddable":true,"href":"https:\/\/nylabone.co.uk\/fr\/wp-json\/wp\/v2\/product_tag?post=12831"},{"taxonomy":"inspiration_category","embeddable":true,"href":"https:\/\/nylabone.co.uk\/fr\/wp-json\/wp\/v2\/inspiration_category?post=12831"}],"curies":[{"name":"wp","href":"https:\/\/api.w.org\/{rel}","templated":true}]}}