{"id":14744,"date":"2022-06-20T13:01:22","date_gmt":"2022-06-20T13:01:22","guid":{"rendered":"https:\/\/nylabone.co.uk\/product\/non%20class\u00e9\/chiot-bleu-chicken-wishbone-x-small\/"},"modified":"2025-02-13T10:46:50","modified_gmt":"2025-02-13T10:46:50","slug":"chicken-blue-puppy-wishbone-x-small","status":"publish","type":"product","link":"https:\/\/nylabone.co.uk\/fr\/product\/chiot-a-macher\/chicken-blue-puppy-wishbone-x-small\/","title":{"rendered":"Chiot Bleu Chicken Wishbone &#8211; X-Small"},"content":{"rendered":"<p>Id\u00e9al pour les chiots qui font leurs dents, ceux qui M\u00e2cher sur tout !<\/p>\n","protected":false},"excerpt":{"rendered":"<p>Id\u00e9al pour les chiots qui font leurs dents, ceux qui M\u00e2cher sur tout !<\/p>\n","protected":false},"author":1,"featured_media":19760,"comment_status":"closed","ping_status":"closed","template":"","meta":{"_acf_changed":false,"_relevanssi_hide_post":"","_relevanssi_hide_content":"","_relevanssi_pin_for_all":"","_relevanssi_pin_keywords":"","_relevanssi_unpin_keywords":"","_relevanssi_related_keywords":"","_relevanssi_related_include_ids":"","_relevanssi_related_exclude_ids":"","_relevanssi_related_no_append":"","_relevanssi_related_not_related":"","_relevanssi_related_posts":"","_relevanssi_noindex_reason":"","inline_featured_image":false,"_uag_custom_page_level_css":"","advgb_blocks_editor_width":"","advgb_blocks_columns_visual_guide":"","site-sidebar-layout":"default","site-content-layout":"","ast-site-content-layout":"default","site-content-style":"default","site-sidebar-style":"default","ast-global-header-display":"","ast-banner-title-visibility":"","ast-main-header-display":"","ast-hfb-above-header-display":"","ast-hfb-below-header-display":"","ast-hfb-mobile-header-display":"","site-post-title":"","ast-breadcrumbs-content":"","ast-featured-img":"","footer-sml-layout":"","ast-disable-related-posts":"","theme-transparent-header-meta":"","adv-header-id-meta":"","stick-header-meta":"","header-above-stick-meta":"","header-main-stick-meta":"","header-below-stick-meta":"","astra-migrate-meta-layouts":"default","ast-page-background-enabled":"default","ast-page-background-meta":{"desktop":{"background-color":"var(--ast-global-color-4)","background-image":"","background-repeat":"repeat","background-position":"center center","background-size":"auto","background-attachment":"scroll","background-type":"","background-media":"","overlay-type":"","overlay-color":"","overlay-opacity":"","overlay-gradient":""},"tablet":{"background-color":"","background-image":"","background-repeat":"repeat","background-position":"center center","background-size":"auto","background-attachment":"scroll","background-type":"","background-media":"","overlay-type":"","overlay-color":"","overlay-opacity":"","overlay-gradient":""},"mobile":{"background-color":"","background-image":"","background-repeat":"repeat","background-position":"center center","background-size":"auto","background-attachment":"scroll","background-type":"","background-media":"","overlay-type":"","overlay-color":"","overlay-opacity":"","overlay-gradient":""}},"ast-content-background-meta":{"desktop":{"background-color":"var(--ast-global-color-5)","background-image":"","background-repeat":"repeat","background-position":"center center","background-size":"auto","background-attachment":"scroll","background-type":"","background-media":"","overlay-type":"","overlay-color":"","overlay-opacity":"","overlay-gradient":""},"tablet":{"background-color":"var(--ast-global-color-5)","background-image":"","background-repeat":"repeat","background-position":"center center","background-size":"auto","background-attachment":"scroll","background-type":"","background-media":"","overlay-type":"","overlay-color":"","overlay-opacity":"","overlay-gradient":""},"mobile":{"background-color":"var(--ast-global-color-5)","background-image":"","background-repeat":"repeat","background-position":"center center","background-size":"auto","background-attachment":"scroll","background-type":"","background-media":"","overlay-type":"","overlay-color":"","overlay-opacity":"","overlay-gradient":""}}},"product_brand":[],"product_cat":[69],"product_tag":[],"inspiration_category":[],"class_list":{"0":"ranking_100","1":"post-14744","2":"product","3":"type-product","4":"status-publish","5":"has-post-thumbnail","7":"product_cat-chiot-a-macher","8":"FACET-Type=Chiot M\u00e2cher","9":"FACET-Pack_SIze=1 paquet","10":"FACET-Dog_Size=Chiens de tr\u00e8s petite taille (jusqu'\u00e0 7 kg)","11":"FACET-Texture=Lisse","12":"desktop-align-left","13":"tablet-align-left","14":"mobile-align-left","15":"ast-product-gallery-layout-horizontal","16":"ast-product-gallery-with-no-image","17":"ast-product-tabs-layout-horizontal","19":"first","20":"instock","21":"shipping-taxable","22":"purchasable","23":"product-type-simple"},"acf":[],"yoast_head":"<!-- This site is optimized with the Yoast SEO plugin v27.2 - https:\/\/yoast.com\/product\/yoast-seo-wordpress\/ -->\n<title>Chiot Bleu Chicken Wishbone - X-Small - Nylabone<\/title>\n<meta name=\"robots\" content=\"index, follow, max-snippet:-1, max-image-preview:large, max-video-preview:-1\" \/>\n<link rel=\"canonical\" href=\"https:\/\/nylabone.co.uk\/fr\/product\/chiot-a-macher\/chicken-blue-puppy-wishbone-x-small\/\" \/>\n<meta property=\"og:locale\" content=\"fr_FR\" \/>\n<meta property=\"og:type\" content=\"article\" \/>\n<meta property=\"og:title\" content=\"Chiot Bleu Chicken Wishbone - X-Small - Nylabone\" \/>\n<meta property=\"og:description\" content=\"Id\u00e9al pour les chiots qui font leurs dents, ceux qui M\u00e2cher sur tout !\" \/>\n<meta property=\"og:url\" content=\"https:\/\/nylabone.co.uk\/fr\/product\/chiot-a-macher\/chicken-blue-puppy-wishbone-x-small\/\" \/>\n<meta property=\"og:site_name\" content=\"Nylabone\" \/>\n<meta property=\"article:modified_time\" content=\"2025-02-13T10:46:50+00:00\" \/>\n<meta property=\"og:image\" content=\"https:\/\/nylabone.co.uk\/wp-content\/uploads\/2025\/02\/629736b52e2309.81756895-scaled.jpg\" \/>\n\t<meta property=\"og:image:width\" content=\"2048\" \/>\n\t<meta property=\"og:image:height\" content=\"2048\" \/>\n\t<meta property=\"og:image:type\" content=\"image\/jpeg\" \/>\n<meta name=\"twitter:card\" content=\"summary_large_image\" \/>\n<script type=\"application\/ld+json\" class=\"yoast-schema-graph\">{\"@context\":\"https:\/\/schema.org\",\"@graph\":[{\"@type\":\"WebPage\",\"@id\":\"https:\/\/nylabone.co.uk\/fr\/product\/chiot-a-macher\/chicken-blue-puppy-wishbone-x-small\/\",\"url\":\"https:\/\/nylabone.co.uk\/fr\/product\/chiot-a-macher\/chicken-blue-puppy-wishbone-x-small\/\",\"name\":\"Chiot Bleu Chicken Wishbone - X-Small - Nylabone\",\"isPartOf\":{\"@id\":\"https:\/\/nylabone.co.uk\/#website\"},\"primaryImageOfPage\":{\"@id\":\"https:\/\/nylabone.co.uk\/fr\/product\/chiot-a-macher\/chicken-blue-puppy-wishbone-x-small\/#primaryimage\"},\"image\":{\"@id\":\"https:\/\/nylabone.co.uk\/fr\/product\/chiot-a-macher\/chicken-blue-puppy-wishbone-x-small\/#primaryimage\"},\"thumbnailUrl\":\"https:\/\/nylabone.co.uk\/wp-content\/uploads\/2025\/02\/629736b52e2309.81756895-scaled.jpg\",\"datePublished\":\"2022-06-20T13:01:22+00:00\",\"dateModified\":\"2025-02-13T10:46:50+00:00\",\"breadcrumb\":{\"@id\":\"https:\/\/nylabone.co.uk\/fr\/product\/chiot-a-macher\/chicken-blue-puppy-wishbone-x-small\/#breadcrumb\"},\"inLanguage\":\"fr-FR\",\"potentialAction\":[{\"@type\":\"ReadAction\",\"target\":[\"https:\/\/nylabone.co.uk\/fr\/product\/chiot-a-macher\/chicken-blue-puppy-wishbone-x-small\/\"]}]},{\"@type\":\"ImageObject\",\"inLanguage\":\"fr-FR\",\"@id\":\"https:\/\/nylabone.co.uk\/fr\/product\/chiot-a-macher\/chicken-blue-puppy-wishbone-x-small\/#primaryimage\",\"url\":\"https:\/\/nylabone.co.uk\/wp-content\/uploads\/2025\/02\/629736b52e2309.81756895-scaled.jpg\",\"contentUrl\":\"https:\/\/nylabone.co.uk\/wp-content\/uploads\/2025\/02\/629736b52e2309.81756895-scaled.jpg\",\"width\":2048,\"height\":2048},{\"@type\":\"BreadcrumbList\",\"@id\":\"https:\/\/nylabone.co.uk\/fr\/product\/chiot-a-macher\/chicken-blue-puppy-wishbone-x-small\/#breadcrumb\",\"itemListElement\":[{\"@type\":\"ListItem\",\"position\":1,\"name\":\"Produits\",\"item\":\"https:\/\/nylabone.co.uk\/fr\/boutique\/\"},{\"@type\":\"ListItem\",\"position\":2,\"name\":\"Chiot \u00e0 m\u00e2cher\",\"item\":\"https:\/\/nylabone.co.uk\/fr\/products\/chiot-a-macher\/\"},{\"@type\":\"ListItem\",\"position\":3,\"name\":\"Chiot Bleu Chicken Wishbone &#8211; X-Small\"}]},{\"@type\":\"WebSite\",\"@id\":\"https:\/\/nylabone.co.uk\/#website\",\"url\":\"https:\/\/nylabone.co.uk\/\",\"name\":\"Nylabone\",\"description\":\"\",\"publisher\":{\"@id\":\"https:\/\/nylabone.co.uk\/#organization\"},\"potentialAction\":[{\"@type\":\"SearchAction\",\"target\":{\"@type\":\"EntryPoint\",\"urlTemplate\":\"https:\/\/nylabone.co.uk\/?s={search_term_string}\"},\"query-input\":{\"@type\":\"PropertyValueSpecification\",\"valueRequired\":true,\"valueName\":\"search_term_string\"}}],\"inLanguage\":\"fr-FR\"},{\"@type\":\"Organization\",\"@id\":\"https:\/\/nylabone.co.uk\/#organization\",\"name\":\"Nylabone\",\"url\":\"https:\/\/nylabone.co.uk\/\",\"logo\":{\"@type\":\"ImageObject\",\"inLanguage\":\"fr-FR\",\"@id\":\"https:\/\/nylabone.co.uk\/#\/schema\/logo\/image\/\",\"url\":\"https:\/\/nylabone.co.uk\/wp-content\/uploads\/2025\/08\/WEB_Nyla_70thLogoUpdates_BrandSiteTopLeftCorner_750x260.png\",\"contentUrl\":\"https:\/\/nylabone.co.uk\/wp-content\/uploads\/2025\/08\/WEB_Nyla_70thLogoUpdates_BrandSiteTopLeftCorner_750x260.png\",\"width\":750,\"height\":260,\"caption\":\"Nylabone\"},\"image\":{\"@id\":\"https:\/\/nylabone.co.uk\/#\/schema\/logo\/image\/\"}}]}<\/script>\n<!-- \/ Yoast SEO plugin. -->","yoast_head_json":{"title":"Chiot Bleu Chicken Wishbone - X-Small - Nylabone","robots":{"index":"index","follow":"follow","max-snippet":"max-snippet:-1","max-image-preview":"max-image-preview:large","max-video-preview":"max-video-preview:-1"},"canonical":"https:\/\/nylabone.co.uk\/fr\/product\/chiot-a-macher\/chicken-blue-puppy-wishbone-x-small\/","og_locale":"fr_FR","og_type":"article","og_title":"Chiot Bleu Chicken Wishbone - X-Small - Nylabone","og_description":"Id\u00e9al pour les chiots qui font leurs dents, ceux qui M\u00e2cher sur tout !","og_url":"https:\/\/nylabone.co.uk\/fr\/product\/chiot-a-macher\/chicken-blue-puppy-wishbone-x-small\/","og_site_name":"Nylabone","article_modified_time":"2025-02-13T10:46:50+00:00","og_image":[{"width":2048,"height":2048,"url":"https:\/\/nylabone.co.uk\/wp-content\/uploads\/2025\/02\/629736b52e2309.81756895-scaled.jpg","type":"image\/jpeg"}],"twitter_card":"summary_large_image","schema":{"@context":"https:\/\/schema.org","@graph":[{"@type":"WebPage","@id":"https:\/\/nylabone.co.uk\/fr\/product\/chiot-a-macher\/chicken-blue-puppy-wishbone-x-small\/","url":"https:\/\/nylabone.co.uk\/fr\/product\/chiot-a-macher\/chicken-blue-puppy-wishbone-x-small\/","name":"Chiot Bleu Chicken Wishbone - X-Small - Nylabone","isPartOf":{"@id":"https:\/\/nylabone.co.uk\/#website"},"primaryImageOfPage":{"@id":"https:\/\/nylabone.co.uk\/fr\/product\/chiot-a-macher\/chicken-blue-puppy-wishbone-x-small\/#primaryimage"},"image":{"@id":"https:\/\/nylabone.co.uk\/fr\/product\/chiot-a-macher\/chicken-blue-puppy-wishbone-x-small\/#primaryimage"},"thumbnailUrl":"https:\/\/nylabone.co.uk\/wp-content\/uploads\/2025\/02\/629736b52e2309.81756895-scaled.jpg","datePublished":"2022-06-20T13:01:22+00:00","dateModified":"2025-02-13T10:46:50+00:00","breadcrumb":{"@id":"https:\/\/nylabone.co.uk\/fr\/product\/chiot-a-macher\/chicken-blue-puppy-wishbone-x-small\/#breadcrumb"},"inLanguage":"fr-FR","potentialAction":[{"@type":"ReadAction","target":["https:\/\/nylabone.co.uk\/fr\/product\/chiot-a-macher\/chicken-blue-puppy-wishbone-x-small\/"]}]},{"@type":"ImageObject","inLanguage":"fr-FR","@id":"https:\/\/nylabone.co.uk\/fr\/product\/chiot-a-macher\/chicken-blue-puppy-wishbone-x-small\/#primaryimage","url":"https:\/\/nylabone.co.uk\/wp-content\/uploads\/2025\/02\/629736b52e2309.81756895-scaled.jpg","contentUrl":"https:\/\/nylabone.co.uk\/wp-content\/uploads\/2025\/02\/629736b52e2309.81756895-scaled.jpg","width":2048,"height":2048},{"@type":"BreadcrumbList","@id":"https:\/\/nylabone.co.uk\/fr\/product\/chiot-a-macher\/chicken-blue-puppy-wishbone-x-small\/#breadcrumb","itemListElement":[{"@type":"ListItem","position":1,"name":"Produits","item":"https:\/\/nylabone.co.uk\/fr\/boutique\/"},{"@type":"ListItem","position":2,"name":"Chiot \u00e0 m\u00e2cher","item":"https:\/\/nylabone.co.uk\/fr\/products\/chiot-a-macher\/"},{"@type":"ListItem","position":3,"name":"Chiot Bleu Chicken Wishbone &#8211; X-Small"}]},{"@type":"WebSite","@id":"https:\/\/nylabone.co.uk\/#website","url":"https:\/\/nylabone.co.uk\/","name":"Nylabone","description":"","publisher":{"@id":"https:\/\/nylabone.co.uk\/#organization"},"potentialAction":[{"@type":"SearchAction","target":{"@type":"EntryPoint","urlTemplate":"https:\/\/nylabone.co.uk\/?s={search_term_string}"},"query-input":{"@type":"PropertyValueSpecification","valueRequired":true,"valueName":"search_term_string"}}],"inLanguage":"fr-FR"},{"@type":"Organization","@id":"https:\/\/nylabone.co.uk\/#organization","name":"Nylabone","url":"https:\/\/nylabone.co.uk\/","logo":{"@type":"ImageObject","inLanguage":"fr-FR","@id":"https:\/\/nylabone.co.uk\/#\/schema\/logo\/image\/","url":"https:\/\/nylabone.co.uk\/wp-content\/uploads\/2025\/08\/WEB_Nyla_70thLogoUpdates_BrandSiteTopLeftCorner_750x260.png","contentUrl":"https:\/\/nylabone.co.uk\/wp-content\/uploads\/2025\/08\/WEB_Nyla_70thLogoUpdates_BrandSiteTopLeftCorner_750x260.png","width":750,"height":260,"caption":"Nylabone"},"image":{"@id":"https:\/\/nylabone.co.uk\/#\/schema\/logo\/image\/"}}]}},"spectra_custom_meta":{"_backorders":["no"],"_download_limit":["-1"],"_download_expiry":["-1"],"_downloadable":["no"],"_manage_stock":["no"],"_sku":["985002EU"],"_stock_status":["instock"],"_sold_individually":["no"],"_tax_class":[""],"_tax_status":["taxable"],"_virtual":["no"],"total_sales":["0"],"_wpml_media_duplicate":["1"],"_wpml_media_featured":["1"],"_top_nav_excluded":[""],"_cms_nav_minihome":[""],"wcml_sync_hash":["a:1:{s:15:\"postmeta_fields\";s:32:\"09459bec5d68586b668595a91cdef284\";}"],"attr_label_translations":["a:0:{}"],"_product_attributes":["a:0:{}"],"_thumbnail_id":["19760"],"_product_image_gallery":[""],"_default_attributes":["a:0:{}"],"_upsell_ids":["a:0:{}"],"_crosssell_ids":["a:0:{}"],"_children":["a:0:{}"],"_wpml_word_count":["{\"total\":698,\"to_translate\":{\"en\":698,\"de\":698}}"],"_last_translation_edit_mode":["translation-editor"],"_wcml_average_rating":[null],"_wcml_review_count":[null],"_wcml_rating_count":[null],"_wp_old_slug":["chicken-blue-puppy-wishbone-x-small__trashed"],"_stock":[null],"_wc_average_rating":[0],"_wc_review_count":["0"],"_product_version":["9.4.3"],"image_id_product_only":["19758"],"image_id_icons":["19762"],"image_id_feature_image_1":["19766"],"image_id_feature_image_2":["19770"],"image_id_feature_image_3":["19774"],"_regular_price":["6.59"],"_price":["6.59"],"Favourites_Ranking":["100"],"UPC_Code":["018214851844"],"Pack_Contains":["1 x \u00c9pine dorsale bleue pour chiot Chicken - X-Small"],"Why_buy_me":["\n          <p>Fabriqu\u00e9s en nylon doux et durable, ces jouets ont \u00e9t\u00e9 con\u00e7us pour les chiots qui ont leur toute premi\u00e8re dentition.<\/p>\n          \n\n          <p>~ Ar\u00f4me de poulet<br>~ Aide \u00e0 nettoyer les dents et \u00e0 rafra\u00eechir l'haleine \u00e0 chaque M\u00e2cher<br> ~ Id\u00e9al pour les tr\u00e8s petits chiens jusqu'\u00e0 7 kg<\/p>\n          \n\n          <p>Existe aussi en rose<\/p>\n          \n\n        "],"One_Line_Descriptor":["Id\u00e9al pour les chiots qui font leurs dents, ceux qui M\u00e2cher sur tout !"],"Expanded_Feature_1":["\n          <p>Une saveur durable<br>Une d\u00e9licieuse saveur de poulet, qui permet \u00e0 votre chiot de m\u00e2cher plus longtemps.<\/p>\n          \n\n        "],"Expanded_Feature_2":["\n          <p>Id\u00e9al pour l'hygi\u00e8ne dentaire<br>De minuscules M\u00e2ches se soul\u00e8vent sur l'os pendant la mastication, comme une mini-brosse \u00e0 dents, pour aider \u00e0 garder les dents propres et \u00e0 pr\u00e9venir l'accumulation de tartre.<\/p>\n          \n\n        "],"Expanded_Feature_3":["\n          <p>Combattez l'ennui<br>Satisfaites le besoin naturel de votre chiot de M\u00e2cher et gardez-le occup\u00e9 avec quelque chose de savoureux et de durable \u00e0 M\u00e2cher.<\/p>\n          \n\n        "],"Key_Features":["\n          <p>Suivez nos conseils pour obtenir le meilleur de votre chiot Nylabone<br>~ Pour exciter votre chiot avec son nouveau M\u00e2cher, grattez simplement sur une surface dure et rugueuse pour relever le go\u00fbt.<br>~ Pour garder votre M\u00e2cher propre, frottez-le avec une brosse sous l'eau ti\u00e8de, en utilisant un d\u00e9tergent doux et non toxique, et rincez-le soigneusement.<br>~ V\u00e9rifiez r\u00e9guli\u00e8rement le M\u00e2cher de votre chiot, assurez-vous qu'il est entier et intact, et qu'il ne manque aucun morceau. Si votre chien parvient \u00e0 en mordre un, il ne doit pas \u00eatre plus petit qu'un grain de riz et il peut \u00eatre \u00e9limin\u00e9 s'il l'avale, mais il ne pr\u00e9sente pas de risque d'\u00e9touffement. Il faut toujours le remplacer si les extr\u00e9mit\u00e9s des articulations sont us\u00e9es ou s'il devient trop petit pour \u00eatre m\u00e2ch\u00e9 en toute s\u00e9curit\u00e9.<br>~ Ces M\u00e2ches non comestibles sont fabriqu\u00e9s en polym\u00e8re thermoplastique souple. Ils ne sont PAS destin\u00e9s \u00e0 \u00eatre consomm\u00e9s.  <\/p>\n          \n\n        "],"Weight_KG":["0.03"],"Related_Products":["983661EU, 985001EU, 983052, 983742EU"],"Warnings":["M\u00e2cher Il est important de choisir la taille et le type de M\u00e2ches adapt\u00e9s \u00e0 l'\u00e2ge, au poids et \u00e0 la force de mastication de votre chien. M\u00e2cher Les M\u00e2ches non comestibles doivent \u00eatre suffisamment grandes pour encourager votre chien \u00e0 les m\u00e2cher par le c\u00f4t\u00e9 plut\u00f4t que par le haut et le bas. Si vous avez plus d'un chien dans votre foyer, choisissez M\u00e2cher en fonction du plus grand et du plus fort m\u00e2cheur. Surveillez toujours l'utilisation de M\u00e2cher et des jouets. Les produits ne sont pas destin\u00e9s \u00e0 \u00eatre mang\u00e9s ou ing\u00e9r\u00e9s. Si vous pensez que votre chien a aval\u00e9 un morceau, retirez le produit et contactez votre v\u00e9t\u00e9rinaire. Inspectez le produit avant de le donner \u00e0 votre chien pour vous assurer qu'il est entier et intact. V\u00e9rifiez fr\u00e9quemment et remplacez le produit s'il est us\u00e9 ou endommag\u00e9 ou s'il devient trop petit pour \u00eatre donn\u00e9 \u00e0 M\u00e2cher en toute s\u00e9curit\u00e9. Lavez \u00e0 la main avec de l'eau savonneuse ti\u00e8de et rincez abondamment.        "],"Type":["Chiot M\u00e2cher"],"Pack_SIze":["1 paquet"],"Available_For_Dosage_Calculator":["N"],"Dosage_Pod":["N"],"Dog_Size":["Chiens de tr\u00e8s petite taille (jusqu'\u00e0 7 kg)"],"Texture":["Lisse"],"Chew_Size":["Extra small"],"Dog_Weight":["Jusqu'\u00e0 7 kg"],"Flavour":["Poulet"],"Material":["Polym\u00e8re thermoplastique souple, ar\u00f4me naturel de poulet"],"Languages_on_packaging":["Anglais, allemand, fran\u00e7ais, italien"],"Bone_Length":["8,5 cm"],"Product_Overview":["\n          <p>L'\u00e9tape du chiot est une occasion cruciale d'enseigner \u00e0 votre chiot de bonnes habitudes de M\u00e2cher. Les chiots utilisent leur bouche pour explorer leur environnement, pour jouer et surtout pour soulager l'inconfort des pouss\u00e9es dentaires. Gr\u00e2ce au renforcement positif, les chiots apprendront que m\u00e2cher Nylabone Puppy M\u00e2che n'est pas seulement encourag\u00e9, mais que c'est aussi un passe-temps amusant dont ils profiteront jusqu'\u00e0 l'\u00e2ge adulte ! La gamme d'os et de jouets M\u00e2cher de Nylabone Puppy est id\u00e9ale si votre chien a encore ses premi\u00e8res dents et aime M\u00e2cher! Ces jouets Puppy M\u00e2cher ont une saveur suppl\u00e9mentaire pour que votre chiot continue \u00e0 m\u00e2cher plus longtemps. Celui-ci a un d\u00e9licieux go\u00fbt de poulet, ce qui signifie que le go\u00fbt reste aussi longtemps que le M\u00e2cher. Ils ne sont pas vaporis\u00e9s, tremp\u00e9s ou enduits de quelque mani\u00e8re que ce soit, il n'y a donc aucune chance que ce go\u00fbt savoureux soit l\u00e9ch\u00e9 !    Les mat\u00e9riaux sont l\u00e9g\u00e8rement plus souples et plus flexibles que ceux de notre gamme d'os Extreme, ce qui les rend plus doux pour la bouche de votre chiot.<\/p>\n          \n\n          <p>Nous ma\u00eetrisons la fabrication des jouets \u00e0 m\u00e2cher depuis plus de 50 ans et nous avons un processus de fabrication sans pareil. Nous nous assurons que les jouets ne se brisent pas en \u00e9clats, mais que leur surface lisse se rugit lorsqu'ils sont m\u00e2ch\u00e9s et que de minuscules m\u00e2choires se dressent sur l'os, agissant comme une mini-brosse \u00e0 dents qui aidera \u00e0 garder les dents de votre chiot propres et \u00e0 pr\u00e9venir l'accumulation de tartre. Si votre chiot parvient \u00e0 en mordre un, il ne doit pas \u00eatre plus petit qu'un grain de riz et il peut \u00eatre \u00e9limin\u00e9 s'il l'avale.  <\/p>\n          \n\n        "],"_uag_page_assets":["a:9:{s:3:\"css\";s:263:\".uag-blocks-common-selector{z-index:var(--z-index-desktop) !important}@media (max-width: 976px){.uag-blocks-common-selector{z-index:var(--z-index-tablet) !important}}@media (max-width: 767px){.uag-blocks-common-selector{z-index:var(--z-index-mobile) !important}}\n\";s:2:\"js\";s:0:\"\";s:18:\"current_block_list\";a:11:{i:0;s:11:\"core\/search\";i:1;s:12:\"core\/heading\";i:2;s:14:\"core\/paragraph\";i:3;s:12:\"core\/columns\";i:4;s:11:\"core\/column\";i:5;s:10:\"core\/group\";i:6;s:12:\"core\/gallery\";i:7;s:10:\"core\/image\";i:8;s:14:\"core\/shortcode\";i:9;s:15:\"core\/categories\";i:10;s:13:\"core\/archives\";}s:8:\"uag_flag\";b:0;s:11:\"uag_version\";s:10:\"1775356252\";s:6:\"gfonts\";a:0:{}s:10:\"gfonts_url\";s:0:\"\";s:12:\"gfonts_files\";a:0:{}s:14:\"uag_faq_layout\";b:0;}"],"_uag_css_file_name":["uag-css-14744.css"],"_wc_rating_count":[""]},"uagb_featured_image_src":{"full":["https:\/\/nylabone.co.uk\/wp-content\/uploads\/2025\/02\/629736b52e2309.81756895-scaled.jpg",2048,2048,false],"thumbnail":["https:\/\/nylabone.co.uk\/wp-content\/uploads\/2025\/02\/629736b52e2309.81756895-150x150.jpg",150,150,true],"medium":["https:\/\/nylabone.co.uk\/wp-content\/uploads\/2025\/02\/629736b52e2309.81756895-300x300.jpg",300,300,true],"medium_large":["https:\/\/nylabone.co.uk\/wp-content\/uploads\/2025\/02\/629736b52e2309.81756895-768x768.jpg",768,768,true],"large":["https:\/\/nylabone.co.uk\/wp-content\/uploads\/2025\/02\/629736b52e2309.81756895-1024x1024.jpg",1024,1024,true],"blz_expanded_feature":["https:\/\/nylabone.co.uk\/wp-content\/uploads\/2025\/02\/629736b52e2309.81756895-275x220.jpg",275,220,true],"gs-tiny":["https:\/\/nylabone.co.uk\/wp-content\/uploads\/2025\/02\/629736b52e2309.81756895-50x50.jpg",50,50,true],"xl":["https:\/\/nylabone.co.uk\/wp-content\/uploads\/2025\/02\/629736b52e2309.81756895-1600x1600.jpg",1600,1600,true],"xxl":["https:\/\/nylabone.co.uk\/wp-content\/uploads\/2025\/02\/629736b52e2309.81756895-2200x2200.jpg",2200,2200,true],"xxxl":["https:\/\/nylabone.co.uk\/wp-content\/uploads\/2025\/02\/629736b52e2309.81756895-2800x2800.jpg",2800,2800,true],"xxxxl":["https:\/\/nylabone.co.uk\/wp-content\/uploads\/2025\/02\/629736b52e2309.81756895-3400x3400.jpg",3400,3400,true],"xxxxxl":["https:\/\/nylabone.co.uk\/wp-content\/uploads\/2025\/02\/629736b52e2309.81756895-4000x4000.jpg",4000,4000,true],"1536x1536":["https:\/\/nylabone.co.uk\/wp-content\/uploads\/2025\/02\/629736b52e2309.81756895-1536x1536.jpg",1536,1536,true],"2048x2048":["https:\/\/nylabone.co.uk\/wp-content\/uploads\/2025\/02\/629736b52e2309.81756895-2048x2048.jpg",2048,2048,true],"woocommerce_thumbnail":["https:\/\/nylabone.co.uk\/wp-content\/uploads\/2025\/02\/629736b52e2309.81756895-300x300.jpg",300,300,true],"woocommerce_single":["https:\/\/nylabone.co.uk\/wp-content\/uploads\/2025\/02\/629736b52e2309.81756895-600x600.jpg",600,600,true],"woocommerce_gallery_thumbnail":["https:\/\/nylabone.co.uk\/wp-content\/uploads\/2025\/02\/629736b52e2309.81756895-100x100.jpg",100,100,true]},"uagb_author_info":{"display_name":"admin","author_link":"https:\/\/nylabone.co.uk\/fr\/author\/blaze\/"},"uagb_comment_info":0,"uagb_excerpt":"Id\u00e9al pour les chiots qui font leurs dents, ceux qui M\u00e2cher sur tout !","featured_img":"https:\/\/nylabone.co.uk\/wp-content\/uploads\/2025\/02\/629736b52e2309.81756895-scaled.jpg","coauthors":[],"author_meta":{"author_link":"https:\/\/nylabone.co.uk\/fr\/author\/blaze\/","display_name":"admin"},"relative_dates":{"created":"Publi\u00e9 4 ans il y a","modified":"Mis \u00e0 jour 1 an il y a"},"absolute_dates":{"created":"Publi\u00e9 le juin 20, 2022","modified":"Mise \u00e0 jour le f\u00e9vrier 13, 2025"},"absolute_dates_time":{"created":"Publi\u00e9 le juin 20, 2022 1:01  ","modified":"Mise \u00e0 jour le f\u00e9vrier 13, 2025 10:46  "},"featured_img_caption":"","tax_additional":{"product_brand":{"linked":[],"unlinked":[],"slug":"product_brand","name":"Brands"},"product_type":{"linked":["<a href=\"https:\/\/nylabone.co.uk\/fr\/?taxonomy=product_type&#038;term=simple\" class=\"advgb-post-tax-term\">simple<\/a>"],"unlinked":["<span class=\"advgb-post-tax-term\">simple<\/span>"],"slug":"product_type","name":"Type de produit"},"product_visibility":{"linked":[],"unlinked":[],"slug":"product_visibility","name":"Visibilit\u00e9 du produit"},"product_cat":{"linked":["<a href=\"https:\/\/nylabone.co.uk\/fr\/products\/chiot-a-macher\/\" class=\"advgb-post-tax-term\">Chiot \u00e0 m\u00e2cher<\/a>"],"unlinked":["<span class=\"advgb-post-tax-term\">Chiot \u00e0 m\u00e2cher<\/span>"],"slug":"product_cat","name":"Cat\u00e9gories de produits"},"product_tag":{"linked":[],"unlinked":[],"slug":"product_tag","name":"\u00c9tiquettes produit"},"product_shipping_class":{"linked":[],"unlinked":[],"slug":"product_shipping_class","name":"Classe d\u2019exp\u00e9dition du produit"},"translation_priority":{"linked":["<a href=\"https:\/\/nylabone.co.uk\/fr\/?taxonomy=translation_priority&#038;term=facultatif-fr\" class=\"advgb-post-tax-term\">Facultatif<\/a>"],"unlinked":["<span class=\"advgb-post-tax-term\">Facultatif<\/span>"],"slug":"translation_priority","name":"Priorit\u00e9s de traduction"},"inspiration_category":{"linked":[],"unlinked":[],"slug":"inspiration_category","name":"Cat\u00e9gories d&#039;inspiration"}},"series_order":"","_links":{"self":[{"href":"https:\/\/nylabone.co.uk\/fr\/wp-json\/wp\/v2\/product\/14744","targetHints":{"allow":["GET"]}}],"collection":[{"href":"https:\/\/nylabone.co.uk\/fr\/wp-json\/wp\/v2\/product"}],"about":[{"href":"https:\/\/nylabone.co.uk\/fr\/wp-json\/wp\/v2\/types\/product"}],"replies":[{"embeddable":true,"href":"https:\/\/nylabone.co.uk\/fr\/wp-json\/wp\/v2\/comments?post=14744"}],"wp:featuredmedia":[{"embeddable":true,"href":"https:\/\/nylabone.co.uk\/fr\/wp-json\/wp\/v2\/media\/19760"}],"wp:attachment":[{"href":"https:\/\/nylabone.co.uk\/fr\/wp-json\/wp\/v2\/media?parent=14744"}],"wp:term":[{"taxonomy":"product_brand","embeddable":true,"href":"https:\/\/nylabone.co.uk\/fr\/wp-json\/wp\/v2\/product_brand?post=14744"},{"taxonomy":"product_cat","embeddable":true,"href":"https:\/\/nylabone.co.uk\/fr\/wp-json\/wp\/v2\/product_cat?post=14744"},{"taxonomy":"product_tag","embeddable":true,"href":"https:\/\/nylabone.co.uk\/fr\/wp-json\/wp\/v2\/product_tag?post=14744"},{"taxonomy":"inspiration_category","embeddable":true,"href":"https:\/\/nylabone.co.uk\/fr\/wp-json\/wp\/v2\/inspiration_category?post=14744"}],"curies":[{"name":"wp","href":"https:\/\/api.w.org\/{rel}","templated":true}]}}