{"id":16088,"date":"2022-03-09T09:18:04","date_gmt":"2022-03-09T09:18:04","guid":{"rendered":"https:\/\/nylabone.co.uk\/product\/non class\u00e9\/beef-max-strong-cone-chew-large\/"},"modified":"2022-03-09T09:18:04","modified_gmt":"2022-03-09T09:18:04","slug":"boeuf-max-fort-cone-chew-large","status":"publish","type":"product","link":"https:\/\/nylabone.co.uk\/fr\/product\/strong-chews-fr\/boeuf-max-fort-cone-chew-large\/","title":{"rendered":"Beef MAX Strong Cone Chew &#8211; Large"},"content":{"rendered":"<p>Remplissez-le de friandises et de p\u00e2tes \u00e0 tartiner !<\/p>\n","protected":false},"excerpt":{"rendered":"<p>Remplissez-le de friandises et de p\u00e2tes \u00e0 tartiner !<\/p>\n","protected":false},"author":1,"featured_media":10245,"comment_status":"closed","ping_status":"closed","template":"","meta":{"_acf_changed":false,"_relevanssi_hide_post":"","_relevanssi_hide_content":"","_relevanssi_pin_for_all":"","_relevanssi_pin_keywords":"","_relevanssi_unpin_keywords":"","_relevanssi_related_keywords":"","_relevanssi_related_include_ids":"","_relevanssi_related_exclude_ids":"","_relevanssi_related_no_append":"","_relevanssi_related_not_related":"","_relevanssi_related_posts":"","_relevanssi_noindex_reason":"","inline_featured_image":false,"_uag_custom_page_level_css":"","advgb_blocks_editor_width":"","advgb_blocks_columns_visual_guide":"","site-sidebar-layout":"default","site-content-layout":"","ast-site-content-layout":"default","site-content-style":"default","site-sidebar-style":"default","ast-global-header-display":"","ast-banner-title-visibility":"","ast-main-header-display":"","ast-hfb-above-header-display":"","ast-hfb-below-header-display":"","ast-hfb-mobile-header-display":"","site-post-title":"","ast-breadcrumbs-content":"","ast-featured-img":"","footer-sml-layout":"","ast-disable-related-posts":"","theme-transparent-header-meta":"","adv-header-id-meta":"","stick-header-meta":"","header-above-stick-meta":"","header-main-stick-meta":"","header-below-stick-meta":"","astra-migrate-meta-layouts":"default","ast-page-background-enabled":"default","ast-page-background-meta":{"desktop":{"background-color":"var(--ast-global-color-4)","background-image":"","background-repeat":"repeat","background-position":"center center","background-size":"auto","background-attachment":"scroll","background-type":"","background-media":"","overlay-type":"","overlay-color":"","overlay-opacity":"","overlay-gradient":""},"tablet":{"background-color":"","background-image":"","background-repeat":"repeat","background-position":"center center","background-size":"auto","background-attachment":"scroll","background-type":"","background-media":"","overlay-type":"","overlay-color":"","overlay-opacity":"","overlay-gradient":""},"mobile":{"background-color":"","background-image":"","background-repeat":"repeat","background-position":"center center","background-size":"auto","background-attachment":"scroll","background-type":"","background-media":"","overlay-type":"","overlay-color":"","overlay-opacity":"","overlay-gradient":""}},"ast-content-background-meta":{"desktop":{"background-color":"var(--ast-global-color-5)","background-image":"","background-repeat":"repeat","background-position":"center center","background-size":"auto","background-attachment":"scroll","background-type":"","background-media":"","overlay-type":"","overlay-color":"","overlay-opacity":"","overlay-gradient":""},"tablet":{"background-color":"var(--ast-global-color-5)","background-image":"","background-repeat":"repeat","background-position":"center center","background-size":"auto","background-attachment":"scroll","background-type":"","background-media":"","overlay-type":"","overlay-color":"","overlay-opacity":"","overlay-gradient":""},"mobile":{"background-color":"var(--ast-global-color-5)","background-image":"","background-repeat":"repeat","background-position":"center center","background-size":"auto","background-attachment":"scroll","background-type":"","background-media":"","overlay-type":"","overlay-color":"","overlay-opacity":"","overlay-gradient":""}}},"product_brand":[],"product_cat":[77],"product_tag":[],"inspiration_category":[],"class_list":{"0":"ranking_0","1":"post-16088","2":"product","3":"type-product","4":"status-publish","5":"has-post-thumbnail","7":"product_cat-strong-chews-fr","8":"FACET-Pack_SIze=1 paquet","9":"FACET-Dog_Size=Grands chiens (jusqu'\u00e0 16 kg)","10":"FACET-Texture=Texture suppl\u00e9mentaire","11":"FACET-Feature=Remplir de friandises","12":"desktop-align-left","13":"tablet-align-left","14":"mobile-align-left","15":"ast-product-gallery-layout-horizontal","16":"ast-product-gallery-with-no-image","17":"ast-product-tabs-layout-horizontal","19":"first","20":"instock","21":"shipping-taxable","22":"purchasable","23":"product-type-simple"},"acf":[],"yoast_head":"<!-- This site is optimized with the Yoast SEO plugin v27.2 - https:\/\/yoast.com\/product\/yoast-seo-wordpress\/ -->\n<title>Beef MAX Strong Cone Chew - Large - Nylabone<\/title>\n<meta name=\"robots\" content=\"index, follow, max-snippet:-1, max-image-preview:large, max-video-preview:-1\" \/>\n<link rel=\"canonical\" href=\"https:\/\/nylabone.co.uk\/product\/non%20class\u00e9\/beef-max-strong-cone-chew-large\/\" \/>\n<meta property=\"og:locale\" content=\"fr_FR\" \/>\n<meta property=\"og:type\" content=\"article\" \/>\n<meta property=\"og:title\" content=\"Beef MAX Strong Cone Chew - Large - Nylabone\" \/>\n<meta property=\"og:description\" content=\"Remplissez-le de friandises et de p\u00e2tes \u00e0 tartiner !\" \/>\n<meta property=\"og:url\" content=\"https:\/\/nylabone.co.uk\/product\/non class\u00e9\/beef-max-strong-cone-chew-large\/\" \/>\n<meta property=\"og:site_name\" content=\"Nylabone\" \/>\n<meta name=\"twitter:card\" content=\"summary_large_image\" \/>\n<script type=\"application\/ld+json\" class=\"yoast-schema-graph\">{\"@context\":\"https:\/\/schema.org\",\"@graph\":[{\"@type\":\"WebPage\",\"@id\":\"https:\/\/nylabone.co.uk\/product\/non class\u00e9\/beef-max-strong-cone-chew-large\/\",\"url\":\"https:\/\/nylabone.co.uk\/product\/non class\u00e9\/beef-max-strong-cone-chew-large\/\",\"name\":\"Beef MAX Strong Cone Chew - Large - Nylabone\",\"isPartOf\":{\"@id\":\"https:\/\/nylabone.co.uk\/#website\"},\"primaryImageOfPage\":{\"@id\":\"https:\/\/nylabone.co.uk\/product\/non class\u00e9\/beef-max-strong-cone-chew-large\/#primaryimage\"},\"image\":{\"@id\":\"https:\/\/nylabone.co.uk\/product\/non class\u00e9\/beef-max-strong-cone-chew-large\/#primaryimage\"},\"thumbnailUrl\":\"https:\/\/nylabone.co.uk\/wp-content\/uploads\/2022\/02\/615ae17450f4a5.04676947-scaled.jpg\",\"datePublished\":\"2022-03-09T09:18:04+00:00\",\"breadcrumb\":{\"@id\":\"https:\/\/nylabone.co.uk\/product\/non class\u00e9\/beef-max-strong-cone-chew-large\/#breadcrumb\"},\"inLanguage\":\"fr-FR\",\"potentialAction\":[{\"@type\":\"ReadAction\",\"target\":[\"https:\/\/nylabone.co.uk\/product\/non class\u00e9\/beef-max-strong-cone-chew-large\/\"]}]},{\"@type\":\"ImageObject\",\"inLanguage\":\"fr-FR\",\"@id\":\"https:\/\/nylabone.co.uk\/product\/non class\u00e9\/beef-max-strong-cone-chew-large\/#primaryimage\",\"url\":\"https:\/\/nylabone.co.uk\/wp-content\/uploads\/2022\/02\/615ae17450f4a5.04676947-scaled.jpg\",\"contentUrl\":\"https:\/\/nylabone.co.uk\/wp-content\/uploads\/2022\/02\/615ae17450f4a5.04676947-scaled.jpg\",\"width\":2560,\"height\":2560},{\"@type\":\"BreadcrumbList\",\"@id\":\"https:\/\/nylabone.co.uk\/product\/non class\u00e9\/beef-max-strong-cone-chew-large\/#breadcrumb\",\"itemListElement\":[{\"@type\":\"ListItem\",\"position\":1,\"name\":\"Produits\",\"item\":\"https:\/\/nylabone.co.uk\/fr\/boutique\/\"},{\"@type\":\"ListItem\",\"position\":2,\"name\":\"Beef MAX Strong Cone Chew &#8211; Large\"}]},{\"@type\":\"WebSite\",\"@id\":\"https:\/\/nylabone.co.uk\/#website\",\"url\":\"https:\/\/nylabone.co.uk\/\",\"name\":\"Nylabone\",\"description\":\"\",\"publisher\":{\"@id\":\"https:\/\/nylabone.co.uk\/#organization\"},\"potentialAction\":[{\"@type\":\"SearchAction\",\"target\":{\"@type\":\"EntryPoint\",\"urlTemplate\":\"https:\/\/nylabone.co.uk\/?s={search_term_string}\"},\"query-input\":{\"@type\":\"PropertyValueSpecification\",\"valueRequired\":true,\"valueName\":\"search_term_string\"}}],\"inLanguage\":\"fr-FR\"},{\"@type\":\"Organization\",\"@id\":\"https:\/\/nylabone.co.uk\/#organization\",\"name\":\"Nylabone\",\"url\":\"https:\/\/nylabone.co.uk\/\",\"logo\":{\"@type\":\"ImageObject\",\"inLanguage\":\"fr-FR\",\"@id\":\"https:\/\/nylabone.co.uk\/#\/schema\/logo\/image\/\",\"url\":\"https:\/\/nylabone.co.uk\/wp-content\/uploads\/2025\/08\/WEB_Nyla_70thLogoUpdates_BrandSiteTopLeftCorner_750x260.png\",\"contentUrl\":\"https:\/\/nylabone.co.uk\/wp-content\/uploads\/2025\/08\/WEB_Nyla_70thLogoUpdates_BrandSiteTopLeftCorner_750x260.png\",\"width\":750,\"height\":260,\"caption\":\"Nylabone\"},\"image\":{\"@id\":\"https:\/\/nylabone.co.uk\/#\/schema\/logo\/image\/\"}}]}<\/script>\n<!-- \/ Yoast SEO plugin. -->","yoast_head_json":{"title":"Beef MAX Strong Cone Chew - Large - Nylabone","robots":{"index":"index","follow":"follow","max-snippet":"max-snippet:-1","max-image-preview":"max-image-preview:large","max-video-preview":"max-video-preview:-1"},"canonical":"https:\/\/nylabone.co.uk\/product\/non class\u00e9\/beef-max-strong-cone-chew-large\/","og_locale":"fr_FR","og_type":"article","og_title":"Beef MAX Strong Cone Chew - Large - Nylabone","og_description":"Remplissez-le de friandises et de p\u00e2tes \u00e0 tartiner !","og_url":"https:\/\/nylabone.co.uk\/product\/non class\u00e9\/beef-max-strong-cone-chew-large\/","og_site_name":"Nylabone","twitter_card":"summary_large_image","schema":{"@context":"https:\/\/schema.org","@graph":[{"@type":"WebPage","@id":"https:\/\/nylabone.co.uk\/product\/non class\u00e9\/beef-max-strong-cone-chew-large\/","url":"https:\/\/nylabone.co.uk\/product\/non class\u00e9\/beef-max-strong-cone-chew-large\/","name":"Beef MAX Strong Cone Chew - Large - Nylabone","isPartOf":{"@id":"https:\/\/nylabone.co.uk\/#website"},"primaryImageOfPage":{"@id":"https:\/\/nylabone.co.uk\/product\/non class\u00e9\/beef-max-strong-cone-chew-large\/#primaryimage"},"image":{"@id":"https:\/\/nylabone.co.uk\/product\/non class\u00e9\/beef-max-strong-cone-chew-large\/#primaryimage"},"thumbnailUrl":"https:\/\/nylabone.co.uk\/wp-content\/uploads\/2022\/02\/615ae17450f4a5.04676947-scaled.jpg","datePublished":"2022-03-09T09:18:04+00:00","breadcrumb":{"@id":"https:\/\/nylabone.co.uk\/product\/non class\u00e9\/beef-max-strong-cone-chew-large\/#breadcrumb"},"inLanguage":"fr-FR","potentialAction":[{"@type":"ReadAction","target":["https:\/\/nylabone.co.uk\/product\/non class\u00e9\/beef-max-strong-cone-chew-large\/"]}]},{"@type":"ImageObject","inLanguage":"fr-FR","@id":"https:\/\/nylabone.co.uk\/product\/non class\u00e9\/beef-max-strong-cone-chew-large\/#primaryimage","url":"https:\/\/nylabone.co.uk\/wp-content\/uploads\/2022\/02\/615ae17450f4a5.04676947-scaled.jpg","contentUrl":"https:\/\/nylabone.co.uk\/wp-content\/uploads\/2022\/02\/615ae17450f4a5.04676947-scaled.jpg","width":2560,"height":2560},{"@type":"BreadcrumbList","@id":"https:\/\/nylabone.co.uk\/product\/non class\u00e9\/beef-max-strong-cone-chew-large\/#breadcrumb","itemListElement":[{"@type":"ListItem","position":1,"name":"Produits","item":"https:\/\/nylabone.co.uk\/fr\/boutique\/"},{"@type":"ListItem","position":2,"name":"Beef MAX Strong Cone Chew &#8211; Large"}]},{"@type":"WebSite","@id":"https:\/\/nylabone.co.uk\/#website","url":"https:\/\/nylabone.co.uk\/","name":"Nylabone","description":"","publisher":{"@id":"https:\/\/nylabone.co.uk\/#organization"},"potentialAction":[{"@type":"SearchAction","target":{"@type":"EntryPoint","urlTemplate":"https:\/\/nylabone.co.uk\/?s={search_term_string}"},"query-input":{"@type":"PropertyValueSpecification","valueRequired":true,"valueName":"search_term_string"}}],"inLanguage":"fr-FR"},{"@type":"Organization","@id":"https:\/\/nylabone.co.uk\/#organization","name":"Nylabone","url":"https:\/\/nylabone.co.uk\/","logo":{"@type":"ImageObject","inLanguage":"fr-FR","@id":"https:\/\/nylabone.co.uk\/#\/schema\/logo\/image\/","url":"https:\/\/nylabone.co.uk\/wp-content\/uploads\/2025\/08\/WEB_Nyla_70thLogoUpdates_BrandSiteTopLeftCorner_750x260.png","contentUrl":"https:\/\/nylabone.co.uk\/wp-content\/uploads\/2025\/08\/WEB_Nyla_70thLogoUpdates_BrandSiteTopLeftCorner_750x260.png","width":750,"height":260,"caption":"Nylabone"},"image":{"@id":"https:\/\/nylabone.co.uk\/#\/schema\/logo\/image\/"}}]}},"spectra_custom_meta":{"_wcml_average_rating":[null],"_wcml_review_count":[null],"_wcml_rating_count":[null],"_backorders":["no"],"_download_limit":["-1"],"_download_expiry":["-1"],"_downloadable":["no"],"_manage_stock":["no"],"_sku":["985056EU"],"_stock_status":["instock"],"_sold_individually":["no"],"_tax_class":[""],"_tax_status":["taxable"],"_virtual":["no"],"total_sales":["0"],"_regular_price":["16.99"],"_price":["16.99"],"_wpml_media_duplicate":["1"],"_wpml_media_featured":["1"],"Favourites_Ranking":["0"],"_top_nav_excluded":[""],"_cms_nav_minihome":[""],"UPC_Code":["018214851899"],"Pack_Contains":["1 x Crochet \u00e0 m\u00e2cher Beef MAX Strong Cone - Large"],"Why_buy_me":["Fabriqu\u00e9s \u00e0 partir de caoutchouc r\u00e9sistant et durable MAX, ces jouets ont \u00e9t\u00e9 con\u00e7us pour les m\u00e2cheurs qui appr\u00e9cient un peu de souplesse et d'\u00e9lasticit\u00e9 ~ Go\u00fbt de b\u0153uf ~ Id\u00e9al pour les gros chiens jusqu'\u00e0 23 kg  "],"One_Line_Descriptor":["Remplissez-le de friandises et de p\u00e2tes \u00e0 tartiner !"],"Expanded_Feature_1":["<strong>Remplissez-le de friandises<\/strong><br>  Remplissez-le de friandises et de p\u00e2tes \u00e0 tartiner, comme des croquettes et du beurre de cacahu\u00e8te."],"Expanded_Feature_2":["<strong>Une saveur qui dure pour toujours  <\/strong><br>  Un d\u00e9licieux go\u00fbt de b\u0153uf pour que votre chien appr\u00e9cie son jouet plus longtemps."],"Expanded_Feature_3":["<strong>Texture suppl\u00e9mentaire<\/strong><br>  Recouvert de nombreux picots pour vaincre l'ennui de votre chien et garder ses dents tr\u00e8s propres.  "],"Key_Features":["Suivez quelques-uns de nos conseils pour tirer le meilleur parti de votre chien Nylabone ~ Pour exciter votre chien avec son nouveau jouet d'enrichissement, remplissez-le de ses friandises et p\u00e2tes \u00e0 tartiner pr\u00e9f\u00e9r\u00e9es, comme des croquettes et du beurre de cacahu\u00e8te. ~ La peluche peut \u00eatre congel\u00e9e pour plus de plaisir. ~ Pour garder vos produits \u00e0 m\u00e2cher propres, frottez-les avec une brosse sous l'eau chaude, en utilisant un d\u00e9tergent doux et non toxique, et rincez-les soigneusement. ~ V\u00e9rifiez r\u00e9guli\u00e8rement les produits \u00e0 m\u00e2cher de votre chien, assurez-vous qu'ils sont entiers et intacts, sans morceaux manquants. Remplacez-le toujours s'il est us\u00e9 ou s'il devient trop petit pour \u00eatre m\u00e2ch\u00e9 en toute s\u00e9curit\u00e9. ~ Ces produits \u00e0 m\u00e2cher non comestibles sont fabriqu\u00e9s en caoutchouc. Ils ne sont PAS destin\u00e9s \u00e0 \u00eatre consomm\u00e9s.  "],"Weight_KG":["0.4005"],"Related_Products":["984656, 983029EU, 983771EU, 984102EU"],"Warnings":["~ V\u00e9rifiez r\u00e9guli\u00e8rement le c\u00f4ne de votre chien, assurez-vous qu'il est entier et intact, sans pi\u00e8ces manquantes. ~ Toujours remplacer s'il manque des pi\u00e8ces. ~ Ces produits \u00e0 m\u00e2cher non comestibles sont fabriqu\u00e9s en caoutchouc. Ils ne sont PAS destin\u00e9s \u00e0 \u00eatre consomm\u00e9s.  "],"Pack_SIze":["1 paquet"],"Available_For_Dosage_Calculator":["N"],"Dosage_Pod":["N"],"Dog_Size":["Grands chiens (jusqu'\u00e0 16 kg)"],"Texture":["Texture suppl\u00e9mentaire"],"Feature":["Remplir de friandises"],"Chew_Size":["Grands chiens"],"Dog_Weight":["Jusqu'\u00e0 16 kg"],"Flavour":["B\u0153uf"],"Material":["Caoutchouc, ar\u00f4me artificiel de b\u0153uf fabriqu\u00e9 \u00e0 partir d'ingr\u00e9dients non animaux."],"Languages_on_packaging":["GB, DE, FR, IT, NL, ES"],"Bone_Length":["12.4cm"],"Product_Overview":["Les c\u00f4nes forts de Nylabone sont le jouet d'enrichissement parfait, ils sont parfaits pour \u00eatre remplis avec les friandises pr\u00e9f\u00e9r\u00e9es de votre chien. Le mat\u00e9riau en caoutchouc naturel le plus solide pr\u00e9sente un peu de souplesse et de flexibilit\u00e9 lors de la mastication, et sa forme est facile \u00e0 saisir. Ces jouets \u00e0 m\u00e2cher farcis ont une d\u00e9licieuse saveur de b\u0153uf, ce qui signifie que la saveur persiste aussi longtemps que le jouet \u00e0 m\u00e2cher. Ils ne sont pas vaporis\u00e9s, tremp\u00e9s ou enduits de quelque fa\u00e7on que ce soit, donc il n'y a aucune chance que cette savoureuse saveur soit l\u00e9ch\u00e9e ! Le mat\u00e9riau utilis\u00e9 est un caoutchouc naturel de haute qualit\u00e9, avec beaucoup de rebondissement ! Les jouets en caoutchouc Nylabone ne sont pas seulement amusants, ils aident aussi \u00e0 garder les dents de votre chien propres et \u00e0 pr\u00e9venir la formation de tartre."],"wcml_sync_hash":["a:1:{s:15:\"postmeta_fields\";s:32:\"2d07ffd18d33d9c8ef8280a847938a86\";}"],"attr_label_translations":["a:0:{}"],"_product_attributes":["a:0:{}"],"_thumbnail_id":["10245"],"_product_image_gallery":[""],"_default_attributes":["a:0:{}"],"_upsell_ids":["a:0:{}"],"_crosssell_ids":["a:0:{}"],"_children":["a:0:{}"],"_uag_page_assets":["a:9:{s:3:\"css\";s:263:\".uag-blocks-common-selector{z-index:var(--z-index-desktop) !important}@media (max-width: 976px){.uag-blocks-common-selector{z-index:var(--z-index-tablet) !important}}@media (max-width: 767px){.uag-blocks-common-selector{z-index:var(--z-index-mobile) !important}}\n\";s:2:\"js\";s:0:\"\";s:18:\"current_block_list\";a:11:{i:0;s:11:\"core\/search\";i:1;s:12:\"core\/heading\";i:2;s:14:\"core\/paragraph\";i:3;s:12:\"core\/columns\";i:4;s:11:\"core\/column\";i:5;s:10:\"core\/group\";i:6;s:12:\"core\/gallery\";i:7;s:10:\"core\/image\";i:8;s:14:\"core\/shortcode\";i:9;s:15:\"core\/categories\";i:10;s:13:\"core\/archives\";}s:8:\"uag_flag\";b:0;s:11:\"uag_version\";s:10:\"1776419215\";s:6:\"gfonts\";a:0:{}s:10:\"gfonts_url\";s:0:\"\";s:12:\"gfonts_files\";a:0:{}s:14:\"uag_faq_layout\";b:0;}"],"_uag_css_file_name":["uag-css-16088.css"],"_wc_rating_count":[""],"_wc_review_count":[""],"_wc_average_rating":[0]},"uagb_featured_image_src":{"full":["https:\/\/nylabone.co.uk\/wp-content\/uploads\/2022\/02\/615ae17450f4a5.04676947-scaled.jpg",2560,2560,false],"thumbnail":["https:\/\/nylabone.co.uk\/wp-content\/uploads\/2022\/02\/615ae17450f4a5.04676947-scaled.jpg",150,150,false],"medium":["https:\/\/nylabone.co.uk\/wp-content\/uploads\/2022\/02\/615ae17450f4a5.04676947-scaled.jpg",300,300,false],"medium_large":["https:\/\/nylabone.co.uk\/wp-content\/uploads\/2022\/02\/615ae17450f4a5.04676947-scaled.jpg",768,768,false],"large":["https:\/\/nylabone.co.uk\/wp-content\/uploads\/2022\/02\/615ae17450f4a5.04676947-scaled.jpg",1024,1024,false],"blz_expanded_feature":["https:\/\/nylabone.co.uk\/wp-content\/uploads\/2022\/02\/615ae17450f4a5.04676947-scaled.jpg",220,220,false],"gs-tiny":["https:\/\/nylabone.co.uk\/wp-content\/uploads\/2022\/02\/615ae17450f4a5.04676947-scaled.jpg",50,50,false],"xl":["https:\/\/nylabone.co.uk\/wp-content\/uploads\/2022\/02\/615ae17450f4a5.04676947-scaled.jpg",1600,1600,false],"xxl":["https:\/\/nylabone.co.uk\/wp-content\/uploads\/2022\/02\/615ae17450f4a5.04676947-scaled.jpg",2200,2200,false],"xxxl":["https:\/\/nylabone.co.uk\/wp-content\/uploads\/2022\/02\/615ae17450f4a5.04676947-scaled.jpg",2560,2560,false],"xxxxl":["https:\/\/nylabone.co.uk\/wp-content\/uploads\/2022\/02\/615ae17450f4a5.04676947-scaled.jpg",2560,2560,false],"xxxxxl":["https:\/\/nylabone.co.uk\/wp-content\/uploads\/2022\/02\/615ae17450f4a5.04676947-scaled.jpg",2560,2560,false],"1536x1536":["https:\/\/nylabone.co.uk\/wp-content\/uploads\/2022\/02\/615ae17450f4a5.04676947-scaled.jpg",1536,1536,false],"2048x2048":["https:\/\/nylabone.co.uk\/wp-content\/uploads\/2022\/02\/615ae17450f4a5.04676947-scaled.jpg",2048,2048,false],"woocommerce_thumbnail":["https:\/\/nylabone.co.uk\/wp-content\/uploads\/2022\/02\/615ae17450f4a5.04676947-scaled-300x300.jpg",300,300,true],"woocommerce_single":["https:\/\/nylabone.co.uk\/wp-content\/uploads\/2022\/02\/615ae17450f4a5.04676947-scaled-600x600.jpg",600,600,true],"woocommerce_gallery_thumbnail":["https:\/\/nylabone.co.uk\/wp-content\/uploads\/2022\/02\/615ae17450f4a5.04676947-scaled-100x100.jpg",100,100,true]},"uagb_author_info":{"display_name":"admin","author_link":"https:\/\/nylabone.co.uk\/fr\/author\/blaze\/"},"uagb_comment_info":0,"uagb_excerpt":"Remplissez-le de friandises et de p\u00e2tes \u00e0 tartiner !","featured_img":"https:\/\/nylabone.co.uk\/wp-content\/uploads\/2022\/02\/615ae17450f4a5.04676947-scaled.jpg","coauthors":[],"author_meta":{"author_link":"https:\/\/nylabone.co.uk\/fr\/author\/blaze\/","display_name":"admin"},"relative_dates":{"created":"Publi\u00e9 4 ans il y a","modified":"Mis \u00e0 jour 4 ans il y a"},"absolute_dates":{"created":"Publi\u00e9 le mars 9, 2022","modified":"Mise \u00e0 jour le mars 9, 2022"},"absolute_dates_time":{"created":"Publi\u00e9 le mars 9, 2022 9:18  ","modified":"Mise \u00e0 jour le mars 9, 2022 9:18  "},"featured_img_caption":"","tax_additional":{"product_brand":{"linked":[],"unlinked":[],"slug":"product_brand","name":"Brands"},"product_type":{"linked":["<a href=\"https:\/\/nylabone.co.uk\/fr\/?taxonomy=product_type&#038;term=simple\" class=\"advgb-post-tax-term\">simple<\/a>"],"unlinked":["<span class=\"advgb-post-tax-term\">simple<\/span>"],"slug":"product_type","name":"Type de produit"},"product_visibility":{"linked":[],"unlinked":[],"slug":"product_visibility","name":"Visibilit\u00e9 du produit"},"product_cat":{"linked":["<a href=\"https:\/\/nylabone.co.uk\/fr\/products\/strong-chews-fr\/\" class=\"advgb-post-tax-term\">Strong Chews<\/a>"],"unlinked":["<span class=\"advgb-post-tax-term\">Strong Chews<\/span>"],"slug":"product_cat","name":"Cat\u00e9gories de produits"},"product_tag":{"linked":[],"unlinked":[],"slug":"product_tag","name":"\u00c9tiquettes produit"},"product_shipping_class":{"linked":[],"unlinked":[],"slug":"product_shipping_class","name":"Classe d\u2019exp\u00e9dition du produit"},"translation_priority":{"linked":["<a href=\"https:\/\/nylabone.co.uk\/fr\/?taxonomy=translation_priority&#038;term=facultatif-fr\" class=\"advgb-post-tax-term\">Facultatif<\/a>"],"unlinked":["<span class=\"advgb-post-tax-term\">Facultatif<\/span>"],"slug":"translation_priority","name":"Priorit\u00e9s de traduction"},"inspiration_category":{"linked":[],"unlinked":[],"slug":"inspiration_category","name":"Cat\u00e9gories d&#039;inspiration"}},"series_order":"","_links":{"self":[{"href":"https:\/\/nylabone.co.uk\/fr\/wp-json\/wp\/v2\/product\/16088","targetHints":{"allow":["GET"]}}],"collection":[{"href":"https:\/\/nylabone.co.uk\/fr\/wp-json\/wp\/v2\/product"}],"about":[{"href":"https:\/\/nylabone.co.uk\/fr\/wp-json\/wp\/v2\/types\/product"}],"replies":[{"embeddable":true,"href":"https:\/\/nylabone.co.uk\/fr\/wp-json\/wp\/v2\/comments?post=16088"}],"wp:featuredmedia":[{"embeddable":true,"href":"https:\/\/nylabone.co.uk\/fr\/wp-json\/wp\/v2\/media\/10245"}],"wp:attachment":[{"href":"https:\/\/nylabone.co.uk\/fr\/wp-json\/wp\/v2\/media?parent=16088"}],"wp:term":[{"taxonomy":"product_brand","embeddable":true,"href":"https:\/\/nylabone.co.uk\/fr\/wp-json\/wp\/v2\/product_brand?post=16088"},{"taxonomy":"product_cat","embeddable":true,"href":"https:\/\/nylabone.co.uk\/fr\/wp-json\/wp\/v2\/product_cat?post=16088"},{"taxonomy":"product_tag","embeddable":true,"href":"https:\/\/nylabone.co.uk\/fr\/wp-json\/wp\/v2\/product_tag?post=16088"},{"taxonomy":"inspiration_category","embeddable":true,"href":"https:\/\/nylabone.co.uk\/fr\/wp-json\/wp\/v2\/inspiration_category?post=16088"}],"curies":[{"name":"wp","href":"https:\/\/api.w.org\/{rel}","templated":true}]}}