{"id":17824,"date":"2024-01-17T17:15:39","date_gmt":"2024-01-17T17:15:39","guid":{"rendered":"https:\/\/nylabone.co.uk\/product\/non%20class\u00e9\/lard-strong-chew-sneaky-snacker-moyen\/"},"modified":"2025-02-13T13:13:07","modified_gmt":"2025-02-13T13:13:07","slug":"lard-macher-gras-moyen","status":"publish","type":"product","link":"https:\/\/nylabone.co.uk\/fr\/product\/strong-chews-fr\/lard-macher-gras-moyen\/","title":{"rendered":"Lard Strong Sneaky Snacker &#8211; Moyen"},"content":{"rendered":"<p>Remplissez-le de friandises et de p\u00e2tes \u00e0 tartiner !<\/p>\n","protected":false},"excerpt":{"rendered":"<p>Remplissez-le de friandises et de p\u00e2tes \u00e0 tartiner !<\/p>\n","protected":false},"author":4,"featured_media":19948,"comment_status":"closed","ping_status":"closed","template":"","meta":{"_acf_changed":false,"_relevanssi_hide_post":"","_relevanssi_hide_content":"","_relevanssi_pin_for_all":"","_relevanssi_pin_keywords":"","_relevanssi_unpin_keywords":"","_relevanssi_related_keywords":"","_relevanssi_related_include_ids":"","_relevanssi_related_exclude_ids":"","_relevanssi_related_no_append":"","_relevanssi_related_not_related":"","_relevanssi_related_posts":"","_relevanssi_noindex_reason":"","inline_featured_image":false,"_uag_custom_page_level_css":"","advgb_blocks_editor_width":"","advgb_blocks_columns_visual_guide":"","site-sidebar-layout":"default","site-content-layout":"","ast-site-content-layout":"default","site-content-style":"default","site-sidebar-style":"default","ast-global-header-display":"","ast-banner-title-visibility":"","ast-main-header-display":"","ast-hfb-above-header-display":"","ast-hfb-below-header-display":"","ast-hfb-mobile-header-display":"","site-post-title":"","ast-breadcrumbs-content":"","ast-featured-img":"","footer-sml-layout":"","ast-disable-related-posts":"","theme-transparent-header-meta":"","adv-header-id-meta":"","stick-header-meta":"","header-above-stick-meta":"","header-main-stick-meta":"","header-below-stick-meta":"","astra-migrate-meta-layouts":"default","ast-page-background-enabled":"default","ast-page-background-meta":{"desktop":{"background-color":"var(--ast-global-color-4)","background-image":"","background-repeat":"repeat","background-position":"center center","background-size":"auto","background-attachment":"scroll","background-type":"","background-media":"","overlay-type":"","overlay-color":"","overlay-opacity":"","overlay-gradient":""},"tablet":{"background-color":"","background-image":"","background-repeat":"repeat","background-position":"center center","background-size":"auto","background-attachment":"scroll","background-type":"","background-media":"","overlay-type":"","overlay-color":"","overlay-opacity":"","overlay-gradient":""},"mobile":{"background-color":"","background-image":"","background-repeat":"repeat","background-position":"center center","background-size":"auto","background-attachment":"scroll","background-type":"","background-media":"","overlay-type":"","overlay-color":"","overlay-opacity":"","overlay-gradient":""}},"ast-content-background-meta":{"desktop":{"background-color":"var(--ast-global-color-5)","background-image":"","background-repeat":"repeat","background-position":"center center","background-size":"auto","background-attachment":"scroll","background-type":"","background-media":"","overlay-type":"","overlay-color":"","overlay-opacity":"","overlay-gradient":""},"tablet":{"background-color":"var(--ast-global-color-5)","background-image":"","background-repeat":"repeat","background-position":"center center","background-size":"auto","background-attachment":"scroll","background-type":"","background-media":"","overlay-type":"","overlay-color":"","overlay-opacity":"","overlay-gradient":""},"mobile":{"background-color":"var(--ast-global-color-5)","background-image":"","background-repeat":"repeat","background-position":"center center","background-size":"auto","background-attachment":"scroll","background-type":"","background-media":"","overlay-type":"","overlay-color":"","overlay-opacity":"","overlay-gradient":""}}},"product_brand":[],"product_cat":[77],"product_tag":[],"inspiration_category":[],"class_list":{"0":"ranking_100","1":"post-17824","2":"product","3":"type-product","4":"status-publish","5":"has-post-thumbnail","7":"product_cat-strong-chews-fr","8":"FACET-Type=Fort M\u00e2cher","9":"FACET-Pack_SIze=1 paquet","10":"FACET-Dog_Size=Chiens de taille moyenne (jusqu'\u00e0 16 kg)","11":"FACET-Texture=Texture suppl\u00e9mentaire","12":"desktop-align-left","13":"tablet-align-left","14":"mobile-align-left","15":"ast-product-gallery-layout-horizontal","16":"ast-product-gallery-with-no-image","17":"ast-product-tabs-layout-horizontal","19":"first","20":"instock","21":"shipping-taxable","22":"purchasable","23":"product-type-simple"},"acf":[],"yoast_head":"<!-- This site is optimized with the Yoast SEO plugin v27.2 - https:\/\/yoast.com\/product\/yoast-seo-wordpress\/ -->\n<title>Lard Strong Sneaky Snacker - Moyen - Nylabone<\/title>\n<meta name=\"robots\" content=\"index, follow, max-snippet:-1, max-image-preview:large, max-video-preview:-1\" \/>\n<link rel=\"canonical\" href=\"https:\/\/nylabone.co.uk\/fr\/product\/strong-chews-fr\/lard-macher-gras-moyen\/\" \/>\n<meta property=\"og:locale\" content=\"fr_FR\" \/>\n<meta property=\"og:type\" content=\"article\" \/>\n<meta property=\"og:title\" content=\"Lard Strong Sneaky Snacker - Moyen - Nylabone\" \/>\n<meta property=\"og:description\" content=\"Remplissez-le de friandises et de p\u00e2tes \u00e0 tartiner !\" \/>\n<meta property=\"og:url\" content=\"https:\/\/nylabone.co.uk\/fr\/product\/strong-chews-fr\/lard-macher-gras-moyen\/\" \/>\n<meta property=\"og:site_name\" content=\"Nylabone\" \/>\n<meta property=\"article:modified_time\" content=\"2025-02-13T13:13:07+00:00\" \/>\n<meta property=\"og:image\" content=\"https:\/\/nylabone.co.uk\/wp-content\/uploads\/2025\/02\/65a8ec8f535ba5.24369314.jpg\" \/>\n\t<meta property=\"og:image:width\" content=\"1500\" \/>\n\t<meta property=\"og:image:height\" content=\"1500\" \/>\n\t<meta property=\"og:image:type\" content=\"image\/jpeg\" \/>\n<meta name=\"twitter:card\" content=\"summary_large_image\" \/>\n<script type=\"application\/ld+json\" class=\"yoast-schema-graph\">{\"@context\":\"https:\/\/schema.org\",\"@graph\":[{\"@type\":\"WebPage\",\"@id\":\"https:\/\/nylabone.co.uk\/fr\/product\/strong-chews-fr\/lard-macher-gras-moyen\/\",\"url\":\"https:\/\/nylabone.co.uk\/fr\/product\/strong-chews-fr\/lard-macher-gras-moyen\/\",\"name\":\"Lard Strong Sneaky Snacker - Moyen - Nylabone\",\"isPartOf\":{\"@id\":\"https:\/\/nylabone.co.uk\/#website\"},\"primaryImageOfPage\":{\"@id\":\"https:\/\/nylabone.co.uk\/fr\/product\/strong-chews-fr\/lard-macher-gras-moyen\/#primaryimage\"},\"image\":{\"@id\":\"https:\/\/nylabone.co.uk\/fr\/product\/strong-chews-fr\/lard-macher-gras-moyen\/#primaryimage\"},\"thumbnailUrl\":\"https:\/\/nylabone.co.uk\/wp-content\/uploads\/2025\/02\/65a8ec8f535ba5.24369314.jpg\",\"datePublished\":\"2024-01-17T17:15:39+00:00\",\"dateModified\":\"2025-02-13T13:13:07+00:00\",\"breadcrumb\":{\"@id\":\"https:\/\/nylabone.co.uk\/fr\/product\/strong-chews-fr\/lard-macher-gras-moyen\/#breadcrumb\"},\"inLanguage\":\"fr-FR\",\"potentialAction\":[{\"@type\":\"ReadAction\",\"target\":[\"https:\/\/nylabone.co.uk\/fr\/product\/strong-chews-fr\/lard-macher-gras-moyen\/\"]}]},{\"@type\":\"ImageObject\",\"inLanguage\":\"fr-FR\",\"@id\":\"https:\/\/nylabone.co.uk\/fr\/product\/strong-chews-fr\/lard-macher-gras-moyen\/#primaryimage\",\"url\":\"https:\/\/nylabone.co.uk\/wp-content\/uploads\/2025\/02\/65a8ec8f535ba5.24369314.jpg\",\"contentUrl\":\"https:\/\/nylabone.co.uk\/wp-content\/uploads\/2025\/02\/65a8ec8f535ba5.24369314.jpg\",\"width\":1500,\"height\":1500},{\"@type\":\"BreadcrumbList\",\"@id\":\"https:\/\/nylabone.co.uk\/fr\/product\/strong-chews-fr\/lard-macher-gras-moyen\/#breadcrumb\",\"itemListElement\":[{\"@type\":\"ListItem\",\"position\":1,\"name\":\"Produits\",\"item\":\"https:\/\/nylabone.co.uk\/fr\/boutique\/\"},{\"@type\":\"ListItem\",\"position\":2,\"name\":\"Strong Chews\",\"item\":\"https:\/\/nylabone.co.uk\/fr\/products\/strong-chews-fr\/\"},{\"@type\":\"ListItem\",\"position\":3,\"name\":\"Lard Strong Sneaky Snacker &#8211; Moyen\"}]},{\"@type\":\"WebSite\",\"@id\":\"https:\/\/nylabone.co.uk\/#website\",\"url\":\"https:\/\/nylabone.co.uk\/\",\"name\":\"Nylabone\",\"description\":\"\",\"publisher\":{\"@id\":\"https:\/\/nylabone.co.uk\/#organization\"},\"potentialAction\":[{\"@type\":\"SearchAction\",\"target\":{\"@type\":\"EntryPoint\",\"urlTemplate\":\"https:\/\/nylabone.co.uk\/?s={search_term_string}\"},\"query-input\":{\"@type\":\"PropertyValueSpecification\",\"valueRequired\":true,\"valueName\":\"search_term_string\"}}],\"inLanguage\":\"fr-FR\"},{\"@type\":\"Organization\",\"@id\":\"https:\/\/nylabone.co.uk\/#organization\",\"name\":\"Nylabone\",\"url\":\"https:\/\/nylabone.co.uk\/\",\"logo\":{\"@type\":\"ImageObject\",\"inLanguage\":\"fr-FR\",\"@id\":\"https:\/\/nylabone.co.uk\/#\/schema\/logo\/image\/\",\"url\":\"https:\/\/nylabone.co.uk\/wp-content\/uploads\/2025\/08\/WEB_Nyla_70thLogoUpdates_BrandSiteTopLeftCorner_750x260.png\",\"contentUrl\":\"https:\/\/nylabone.co.uk\/wp-content\/uploads\/2025\/08\/WEB_Nyla_70thLogoUpdates_BrandSiteTopLeftCorner_750x260.png\",\"width\":750,\"height\":260,\"caption\":\"Nylabone\"},\"image\":{\"@id\":\"https:\/\/nylabone.co.uk\/#\/schema\/logo\/image\/\"}}]}<\/script>\n<!-- \/ Yoast SEO plugin. -->","yoast_head_json":{"title":"Lard Strong Sneaky Snacker - Moyen - Nylabone","robots":{"index":"index","follow":"follow","max-snippet":"max-snippet:-1","max-image-preview":"max-image-preview:large","max-video-preview":"max-video-preview:-1"},"canonical":"https:\/\/nylabone.co.uk\/fr\/product\/strong-chews-fr\/lard-macher-gras-moyen\/","og_locale":"fr_FR","og_type":"article","og_title":"Lard Strong Sneaky Snacker - Moyen - Nylabone","og_description":"Remplissez-le de friandises et de p\u00e2tes \u00e0 tartiner !","og_url":"https:\/\/nylabone.co.uk\/fr\/product\/strong-chews-fr\/lard-macher-gras-moyen\/","og_site_name":"Nylabone","article_modified_time":"2025-02-13T13:13:07+00:00","og_image":[{"width":1500,"height":1500,"url":"https:\/\/nylabone.co.uk\/wp-content\/uploads\/2025\/02\/65a8ec8f535ba5.24369314.jpg","type":"image\/jpeg"}],"twitter_card":"summary_large_image","schema":{"@context":"https:\/\/schema.org","@graph":[{"@type":"WebPage","@id":"https:\/\/nylabone.co.uk\/fr\/product\/strong-chews-fr\/lard-macher-gras-moyen\/","url":"https:\/\/nylabone.co.uk\/fr\/product\/strong-chews-fr\/lard-macher-gras-moyen\/","name":"Lard Strong Sneaky Snacker - Moyen - Nylabone","isPartOf":{"@id":"https:\/\/nylabone.co.uk\/#website"},"primaryImageOfPage":{"@id":"https:\/\/nylabone.co.uk\/fr\/product\/strong-chews-fr\/lard-macher-gras-moyen\/#primaryimage"},"image":{"@id":"https:\/\/nylabone.co.uk\/fr\/product\/strong-chews-fr\/lard-macher-gras-moyen\/#primaryimage"},"thumbnailUrl":"https:\/\/nylabone.co.uk\/wp-content\/uploads\/2025\/02\/65a8ec8f535ba5.24369314.jpg","datePublished":"2024-01-17T17:15:39+00:00","dateModified":"2025-02-13T13:13:07+00:00","breadcrumb":{"@id":"https:\/\/nylabone.co.uk\/fr\/product\/strong-chews-fr\/lard-macher-gras-moyen\/#breadcrumb"},"inLanguage":"fr-FR","potentialAction":[{"@type":"ReadAction","target":["https:\/\/nylabone.co.uk\/fr\/product\/strong-chews-fr\/lard-macher-gras-moyen\/"]}]},{"@type":"ImageObject","inLanguage":"fr-FR","@id":"https:\/\/nylabone.co.uk\/fr\/product\/strong-chews-fr\/lard-macher-gras-moyen\/#primaryimage","url":"https:\/\/nylabone.co.uk\/wp-content\/uploads\/2025\/02\/65a8ec8f535ba5.24369314.jpg","contentUrl":"https:\/\/nylabone.co.uk\/wp-content\/uploads\/2025\/02\/65a8ec8f535ba5.24369314.jpg","width":1500,"height":1500},{"@type":"BreadcrumbList","@id":"https:\/\/nylabone.co.uk\/fr\/product\/strong-chews-fr\/lard-macher-gras-moyen\/#breadcrumb","itemListElement":[{"@type":"ListItem","position":1,"name":"Produits","item":"https:\/\/nylabone.co.uk\/fr\/boutique\/"},{"@type":"ListItem","position":2,"name":"Strong Chews","item":"https:\/\/nylabone.co.uk\/fr\/products\/strong-chews-fr\/"},{"@type":"ListItem","position":3,"name":"Lard Strong Sneaky Snacker &#8211; Moyen"}]},{"@type":"WebSite","@id":"https:\/\/nylabone.co.uk\/#website","url":"https:\/\/nylabone.co.uk\/","name":"Nylabone","description":"","publisher":{"@id":"https:\/\/nylabone.co.uk\/#organization"},"potentialAction":[{"@type":"SearchAction","target":{"@type":"EntryPoint","urlTemplate":"https:\/\/nylabone.co.uk\/?s={search_term_string}"},"query-input":{"@type":"PropertyValueSpecification","valueRequired":true,"valueName":"search_term_string"}}],"inLanguage":"fr-FR"},{"@type":"Organization","@id":"https:\/\/nylabone.co.uk\/#organization","name":"Nylabone","url":"https:\/\/nylabone.co.uk\/","logo":{"@type":"ImageObject","inLanguage":"fr-FR","@id":"https:\/\/nylabone.co.uk\/#\/schema\/logo\/image\/","url":"https:\/\/nylabone.co.uk\/wp-content\/uploads\/2025\/08\/WEB_Nyla_70thLogoUpdates_BrandSiteTopLeftCorner_750x260.png","contentUrl":"https:\/\/nylabone.co.uk\/wp-content\/uploads\/2025\/08\/WEB_Nyla_70thLogoUpdates_BrandSiteTopLeftCorner_750x260.png","width":750,"height":260,"caption":"Nylabone"},"image":{"@id":"https:\/\/nylabone.co.uk\/#\/schema\/logo\/image\/"}}]}},"spectra_custom_meta":{"_wcml_average_rating":[null],"_wcml_review_count":[null],"_wcml_rating_count":[null],"_backorders":["no"],"_download_limit":["-1"],"_download_expiry":["-1"],"_downloadable":["no"],"_manage_stock":["no"],"_sku":["985058EU"],"_stock_status":["instock"],"_sold_individually":["no"],"_tax_class":[""],"_tax_status":["taxable"],"_virtual":["no"],"total_sales":["0"],"_top_nav_excluded":[""],"_cms_nav_minihome":[""],"wcml_sync_hash":["a:1:{s:15:\"postmeta_fields\";s:32:\"767f82cb7255c5d72a93de11d1e4f8b7\";}"],"attr_label_translations":["a:0:{}"],"_product_attributes":["a:0:{}"],"_thumbnail_id":["19948"],"_product_image_gallery":[""],"_default_attributes":["a:0:{}"],"_upsell_ids":["a:0:{}"],"_crosssell_ids":["a:0:{}"],"_children":["a:0:{}"],"_last_translation_edit_mode":["translation-editor"],"_stock":[null],"_wc_average_rating":[0],"_wc_review_count":["0"],"_product_version":["9.4.3"],"image_id_product_only":["19946"],"image_id_lifestyle":["19950"],"image_id_product_with_parts":["19954"],"image_id_feature_image_1":["19958"],"image_id_feature_image_2":["19962"],"image_id_feature_image_3":["19966"],"_regular_price":["10.99"],"_price":["10.99"],"Favourites_Ranking":["100"],"UPC_Code":["018214855323"],"Pack_Contains":["1x Lard Strong Sneaker Snacker - Medium"],"Why_buy_me":["\n          <p>Jouet d'enrichissement parfait pour les chiens qui ont besoin d'un temps plus stimulant sur M\u00e2cher. Ce jouet amusant a un centre flexible qui s'ouvre pour ajouter les friandises pr\u00e9f\u00e9r\u00e9es de votre chien ou se r\u00e9pand avec de petites ouvertures pour inciter votre chien \u00e0 ronger son chemin vers une r\u00e9compense. Les extr\u00e9mit\u00e9s textur\u00e9es sont fabriqu\u00e9es en nylon r\u00e9sistant et durable pour les m\u00e2cheurs extr\u00eames afin de satisfaire le besoin naturel de votre chien de M\u00e2cher.  <\/p>\n          \n\n          <p>~ Lard saveur<br>~ Aide \u00e0 nettoyer les dents et \u00e0 rafra\u00eechir l'haleine \u00e0 chaque fois M\u00e2cher<br> ~ Id\u00e9al pour les chiens de taille moyenne jusqu'\u00e0 16 kg  <\/p>\n          \n\n        "],"One_Line_Descriptor":["Remplissez-le de friandises et de p\u00e2tes \u00e0 tartiner !"],"Expanded_Feature_1":["\n          <p>Remplir de friandises !<br>Remplir de friandises et de p\u00e2tes \u00e0 tartiner, comme des croquettes et du beurre de cacahu\u00e8te.<\/p>\n          \n\n        "],"Expanded_Feature_2":["\n          <p>Une saveur durable<br>Une d\u00e9licieuse saveur de lard qui permet \u00e0 votre chien de m\u00e2cher plus longtemps.<\/p>\n          \n\n        "],"Expanded_Feature_3":["\n          <p>Id\u00e9al pour l'hygi\u00e8ne dentaire<br>De minuscules M\u00e2ches se soul\u00e8vent sur l'os pendant la mastication, comme une mini-brosse \u00e0 dents, pour aider \u00e0 garder les dents propres et \u00e0 pr\u00e9venir l'accumulation de tartre.<\/p>\n          \n\n        "],"Key_Features":["\n          <p>Suivez nos conseils pour tirer le meilleur parti du Nylabone de votre chien :<br>~ Pour que votre chien s'amuse avec son nouveau jouet d'enrichissement, remplissez-le de ses friandises et p\u00e2tes \u00e0 tartiner pr\u00e9f\u00e9r\u00e9es, comme des croquettes et du beurre de cacahu\u00e8te.<br>~ Le jouet en peluche peut \u00eatre congel\u00e9 pour plus d'amusement.<br>~ Pour garder votre M\u00e2cher propre, frottez-le avec une brosse sous l'eau ti\u00e8de, en utilisant un d\u00e9tergent doux et non toxique, et rincez-le soigneusement.<br>~ V\u00e9rifiez r\u00e9guli\u00e8rement le M\u00e2cher de votre chien, assurez-vous qu'il est entier et intact, et qu'il ne manque aucun morceau. Si votre chien parvient \u00e0 en mordre un, il ne doit pas \u00eatre plus petit qu'un grain de riz et il peut \u00eatre \u00e9limin\u00e9 s'il l'avale, mais il ne pr\u00e9sente pas de risque d'\u00e9touffement. Remplacez-la toujours si elle est us\u00e9e ou si elle devient trop petite pour \u00eatre m\u00e2ch\u00e9e en toute s\u00e9curit\u00e9.<br>~ Ces M\u00e2ches non comestibles sont fabriqu\u00e9s en nylon. Ils ne sont PAS destin\u00e9s \u00e0 \u00eatre consomm\u00e9s.  <\/p>\n          \n\n        "],"Related_Products":["985059EU"],"Warnings":["M\u00e2cher Il est important de choisir la taille et le type de M\u00e2ches adapt\u00e9s \u00e0 l'\u00e2ge, au poids et \u00e0 la force de mastication de votre chien. M\u00e2cher Les M\u00e2ches non comestibles doivent \u00eatre suffisamment grandes pour encourager votre chien \u00e0 les m\u00e2cher par le c\u00f4t\u00e9 plut\u00f4t que par le haut et le bas. Si vous avez plus d'un chien dans votre foyer, choisissez M\u00e2cher en fonction du plus grand et du plus fort m\u00e2cheur. Surveillez toujours l'utilisation de M\u00e2cher et des jouets. Les produits ne sont pas destin\u00e9s \u00e0 \u00eatre mang\u00e9s ou ing\u00e9r\u00e9s. Si vous pensez que votre chien a aval\u00e9 un morceau, retirez le produit et contactez votre v\u00e9t\u00e9rinaire. Inspectez le produit avant de le donner \u00e0 votre chien pour vous assurer qu'il est entier et intact. V\u00e9rifiez fr\u00e9quemment et remplacez le produit s'il est us\u00e9 ou endommag\u00e9 ou s'il devient trop petit pour \u00eatre donn\u00e9 \u00e0 M\u00e2cher en toute s\u00e9curit\u00e9. Lavez \u00e0 la main avec de l'eau savonneuse ti\u00e8de et rincez abondamment.        "],"Type":["Fort M\u00e2cher"],"Pack_SIze":["1 paquet"],"Available_For_Dosage_Calculator":["N"],"Dosage_Pod":["N"],"Dog_Size":["Chiens de taille moyenne (jusqu'\u00e0 16 kg)"],"Texture":["Texture suppl\u00e9mentaire"],"Chew_Size":["Moyen"],"Dog_Weight":["Jusqu'\u00e0 16 kg"],"Flavour":["Lard"],"Material":["Polym\u00e8re thermoplastique souple et nylon, ar\u00f4me artificiel de Lard"],"Languages_on_packaging":["Anglais, allemand, fran\u00e7ais, italien, n\u00e9erlandais, espagnol"],"Bone_Length":["15,5 cm"],"Product_Overview":["Les Sneaker Snackers de Nylabone sont le jouet \u00e0 m\u00e2cher d'enrichissement parfait, car ils offrent les avantages d'un nylon r\u00e9sistant \u00e0 chaque extr\u00e9mit\u00e9 pour les m\u00e2cheurs extr\u00eames, avec le milieu doux qui s'ouvre pour remplir les friandises pr\u00e9f\u00e9r\u00e9es de votre chien. Le mat\u00e9riau en caoutchouc souple au centre offre un peu de souplesse et de flexibilit\u00e9 lorsque l'on m\u00e2che, et la forme est facile \u00e0 saisir. Ces jouets \u00e0 m\u00e2cher farcis ont un d\u00e9licieux go\u00fbt de bacon, ce qui signifie que le go\u00fbt persiste aussi longtemps que le M\u00e2cher. Ils ne sont pas vaporis\u00e9s, tremp\u00e9s ou enduits de quelque mani\u00e8re que ce soit, il n'y a donc aucune chance que ce go\u00fbt savoureux soit l\u00e9ch\u00e9 ! Non seulement les Sneaky Snackers de Nylabone sont parfaits pour fournir l'enrichissement naturel dont tous les chiens ont besoin, mais ils aident \u00e9galement \u00e0 garder les dents de votre chien propres et \u00e0 pr\u00e9venir la formation de tartre."],"_uag_page_assets":["a:9:{s:3:\"css\";s:263:\".uag-blocks-common-selector{z-index:var(--z-index-desktop) !important}@media (max-width: 976px){.uag-blocks-common-selector{z-index:var(--z-index-tablet) !important}}@media (max-width: 767px){.uag-blocks-common-selector{z-index:var(--z-index-mobile) !important}}\n\";s:2:\"js\";s:0:\"\";s:18:\"current_block_list\";a:11:{i:0;s:11:\"core\/search\";i:1;s:12:\"core\/heading\";i:2;s:14:\"core\/paragraph\";i:3;s:12:\"core\/columns\";i:4;s:11:\"core\/column\";i:5;s:10:\"core\/group\";i:6;s:12:\"core\/gallery\";i:7;s:10:\"core\/image\";i:8;s:14:\"core\/shortcode\";i:9;s:15:\"core\/categories\";i:10;s:13:\"core\/archives\";}s:8:\"uag_flag\";b:0;s:11:\"uag_version\";s:10:\"1775816274\";s:6:\"gfonts\";a:0:{}s:10:\"gfonts_url\";s:0:\"\";s:12:\"gfonts_files\";a:0:{}s:14:\"uag_faq_layout\";b:0;}"],"_uag_css_file_name":["uag-css-17824.css"],"_wc_rating_count":[""]},"uagb_featured_image_src":{"full":["https:\/\/nylabone.co.uk\/wp-content\/uploads\/2025\/02\/65a8ec8f535ba5.24369314.jpg",1500,1500,false],"thumbnail":["https:\/\/nylabone.co.uk\/wp-content\/uploads\/2025\/02\/65a8ec8f535ba5.24369314-150x150.jpg",150,150,true],"medium":["https:\/\/nylabone.co.uk\/wp-content\/uploads\/2025\/02\/65a8ec8f535ba5.24369314-300x300.jpg",300,300,true],"medium_large":["https:\/\/nylabone.co.uk\/wp-content\/uploads\/2025\/02\/65a8ec8f535ba5.24369314-768x768.jpg",768,768,true],"large":["https:\/\/nylabone.co.uk\/wp-content\/uploads\/2025\/02\/65a8ec8f535ba5.24369314-1024x1024.jpg",1024,1024,true],"blz_expanded_feature":["https:\/\/nylabone.co.uk\/wp-content\/uploads\/2025\/02\/65a8ec8f535ba5.24369314-275x220.jpg",275,220,true],"gs-tiny":["https:\/\/nylabone.co.uk\/wp-content\/uploads\/2025\/02\/65a8ec8f535ba5.24369314-50x50.jpg",50,50,true],"xl":["https:\/\/nylabone.co.uk\/wp-content\/uploads\/2025\/02\/65a8ec8f535ba5.24369314.jpg",1500,1500,false],"xxl":["https:\/\/nylabone.co.uk\/wp-content\/uploads\/2025\/02\/65a8ec8f535ba5.24369314.jpg",1500,1500,false],"xxxl":["https:\/\/nylabone.co.uk\/wp-content\/uploads\/2025\/02\/65a8ec8f535ba5.24369314.jpg",1500,1500,false],"xxxxl":["https:\/\/nylabone.co.uk\/wp-content\/uploads\/2025\/02\/65a8ec8f535ba5.24369314.jpg",1500,1500,false],"xxxxxl":["https:\/\/nylabone.co.uk\/wp-content\/uploads\/2025\/02\/65a8ec8f535ba5.24369314.jpg",1500,1500,false],"1536x1536":["https:\/\/nylabone.co.uk\/wp-content\/uploads\/2025\/02\/65a8ec8f535ba5.24369314.jpg",1500,1500,false],"2048x2048":["https:\/\/nylabone.co.uk\/wp-content\/uploads\/2025\/02\/65a8ec8f535ba5.24369314.jpg",1500,1500,false],"woocommerce_thumbnail":["https:\/\/nylabone.co.uk\/wp-content\/uploads\/2025\/02\/65a8ec8f535ba5.24369314-300x300.jpg",300,300,true],"woocommerce_single":["https:\/\/nylabone.co.uk\/wp-content\/uploads\/2025\/02\/65a8ec8f535ba5.24369314-600x600.jpg",600,600,true],"woocommerce_gallery_thumbnail":["https:\/\/nylabone.co.uk\/wp-content\/uploads\/2025\/02\/65a8ec8f535ba5.24369314-100x100.jpg",100,100,true]},"uagb_author_info":{"display_name":"Hazz Scott","author_link":"https:\/\/nylabone.co.uk\/fr\/author\/hazz-scott\/"},"uagb_comment_info":0,"uagb_excerpt":"Remplissez-le de friandises et de p\u00e2tes \u00e0 tartiner !","featured_img":"https:\/\/nylabone.co.uk\/wp-content\/uploads\/2025\/02\/65a8ec8f535ba5.24369314.jpg","coauthors":[],"author_meta":{"author_link":"https:\/\/nylabone.co.uk\/fr\/author\/hazz-scott\/","display_name":"Hazz Scott"},"relative_dates":{"created":"Publi\u00e9 2 ans il y a","modified":"Mis \u00e0 jour 1 an il y a"},"absolute_dates":{"created":"Publi\u00e9 le janvier 17, 2024","modified":"Mise \u00e0 jour le f\u00e9vrier 13, 2025"},"absolute_dates_time":{"created":"Publi\u00e9 le janvier 17, 2024 5:15  ","modified":"Mise \u00e0 jour le f\u00e9vrier 13, 2025 1:13  "},"featured_img_caption":"","tax_additional":{"product_brand":{"linked":[],"unlinked":[],"slug":"product_brand","name":"Brands"},"product_type":{"linked":["<a href=\"https:\/\/nylabone.co.uk\/fr\/?taxonomy=product_type&#038;term=simple\" class=\"advgb-post-tax-term\">simple<\/a>"],"unlinked":["<span class=\"advgb-post-tax-term\">simple<\/span>"],"slug":"product_type","name":"Type de produit"},"product_visibility":{"linked":[],"unlinked":[],"slug":"product_visibility","name":"Visibilit\u00e9 du produit"},"product_cat":{"linked":["<a href=\"https:\/\/nylabone.co.uk\/fr\/products\/strong-chews-fr\/\" class=\"advgb-post-tax-term\">Strong Chews<\/a>"],"unlinked":["<span class=\"advgb-post-tax-term\">Strong Chews<\/span>"],"slug":"product_cat","name":"Cat\u00e9gories de produits"},"product_tag":{"linked":[],"unlinked":[],"slug":"product_tag","name":"\u00c9tiquettes produit"},"product_shipping_class":{"linked":[],"unlinked":[],"slug":"product_shipping_class","name":"Classe d\u2019exp\u00e9dition du produit"},"translation_priority":{"linked":["<a href=\"https:\/\/nylabone.co.uk\/fr\/?taxonomy=translation_priority&#038;term=facultatif-fr\" class=\"advgb-post-tax-term\">Facultatif<\/a>"],"unlinked":["<span class=\"advgb-post-tax-term\">Facultatif<\/span>"],"slug":"translation_priority","name":"Priorit\u00e9s de traduction"},"inspiration_category":{"linked":[],"unlinked":[],"slug":"inspiration_category","name":"Cat\u00e9gories d&#039;inspiration"}},"series_order":"","_links":{"self":[{"href":"https:\/\/nylabone.co.uk\/fr\/wp-json\/wp\/v2\/product\/17824","targetHints":{"allow":["GET"]}}],"collection":[{"href":"https:\/\/nylabone.co.uk\/fr\/wp-json\/wp\/v2\/product"}],"about":[{"href":"https:\/\/nylabone.co.uk\/fr\/wp-json\/wp\/v2\/types\/product"}],"replies":[{"embeddable":true,"href":"https:\/\/nylabone.co.uk\/fr\/wp-json\/wp\/v2\/comments?post=17824"}],"wp:featuredmedia":[{"embeddable":true,"href":"https:\/\/nylabone.co.uk\/fr\/wp-json\/wp\/v2\/media\/19948"}],"wp:attachment":[{"href":"https:\/\/nylabone.co.uk\/fr\/wp-json\/wp\/v2\/media?parent=17824"}],"wp:term":[{"taxonomy":"product_brand","embeddable":true,"href":"https:\/\/nylabone.co.uk\/fr\/wp-json\/wp\/v2\/product_brand?post=17824"},{"taxonomy":"product_cat","embeddable":true,"href":"https:\/\/nylabone.co.uk\/fr\/wp-json\/wp\/v2\/product_cat?post=17824"},{"taxonomy":"product_tag","embeddable":true,"href":"https:\/\/nylabone.co.uk\/fr\/wp-json\/wp\/v2\/product_tag?post=17824"},{"taxonomy":"inspiration_category","embeddable":true,"href":"https:\/\/nylabone.co.uk\/fr\/wp-json\/wp\/v2\/inspiration_category?post=17824"}],"curies":[{"name":"wp","href":"https:\/\/api.w.org\/{rel}","templated":true}]}}