{"id":17969,"date":"2024-01-17T17:16:34","date_gmt":"2024-01-17T17:16:34","guid":{"rendered":"https:\/\/nylabone.co.uk\/product\/non%20class\u00e9\/lard-steak-extreme-chew-os-basted-twin-pack-x-small\/"},"modified":"2025-02-13T13:13:00","modified_gmt":"2025-02-13T13:13:00","slug":"bacon-steak-extreme-chew-basted-bone-twin-pack-x-small","status":"publish","type":"product","link":"https:\/\/nylabone.co.uk\/fr\/product\/extreme-macher\/bacon-steak-extreme-chew-basted-bone-twin-pack-x-small\/","title":{"rendered":"Lard &amp; Steak Extreme Basted Bone Twin Pack &#8211; X-Small"},"content":{"rendered":"<p>Il est temps pour votre chien de go\u00fbter \u00e0 la sauce !<\/p>\n","protected":false},"excerpt":{"rendered":"<p>Il est temps pour votre chien de go\u00fbter \u00e0 la sauce !<\/p>\n","protected":false},"author":4,"featured_media":20049,"comment_status":"closed","ping_status":"closed","template":"","meta":{"_acf_changed":false,"_relevanssi_hide_post":"","_relevanssi_hide_content":"","_relevanssi_pin_for_all":"","_relevanssi_pin_keywords":"","_relevanssi_unpin_keywords":"","_relevanssi_related_keywords":"","_relevanssi_related_include_ids":"","_relevanssi_related_exclude_ids":"","_relevanssi_related_no_append":"","_relevanssi_related_not_related":"","_relevanssi_related_posts":"","_relevanssi_noindex_reason":"","inline_featured_image":false,"_uag_custom_page_level_css":"","advgb_blocks_editor_width":"","advgb_blocks_columns_visual_guide":"","site-sidebar-layout":"default","site-content-layout":"","ast-site-content-layout":"default","site-content-style":"default","site-sidebar-style":"default","ast-global-header-display":"","ast-banner-title-visibility":"","ast-main-header-display":"","ast-hfb-above-header-display":"","ast-hfb-below-header-display":"","ast-hfb-mobile-header-display":"","site-post-title":"","ast-breadcrumbs-content":"","ast-featured-img":"","footer-sml-layout":"","ast-disable-related-posts":"","theme-transparent-header-meta":"","adv-header-id-meta":"","stick-header-meta":"","header-above-stick-meta":"","header-main-stick-meta":"","header-below-stick-meta":"","astra-migrate-meta-layouts":"default","ast-page-background-enabled":"default","ast-page-background-meta":{"desktop":{"background-color":"var(--ast-global-color-4)","background-image":"","background-repeat":"repeat","background-position":"center center","background-size":"auto","background-attachment":"scroll","background-type":"","background-media":"","overlay-type":"","overlay-color":"","overlay-opacity":"","overlay-gradient":""},"tablet":{"background-color":"","background-image":"","background-repeat":"repeat","background-position":"center center","background-size":"auto","background-attachment":"scroll","background-type":"","background-media":"","overlay-type":"","overlay-color":"","overlay-opacity":"","overlay-gradient":""},"mobile":{"background-color":"","background-image":"","background-repeat":"repeat","background-position":"center center","background-size":"auto","background-attachment":"scroll","background-type":"","background-media":"","overlay-type":"","overlay-color":"","overlay-opacity":"","overlay-gradient":""}},"ast-content-background-meta":{"desktop":{"background-color":"var(--ast-global-color-5)","background-image":"","background-repeat":"repeat","background-position":"center center","background-size":"auto","background-attachment":"scroll","background-type":"","background-media":"","overlay-type":"","overlay-color":"","overlay-opacity":"","overlay-gradient":""},"tablet":{"background-color":"var(--ast-global-color-5)","background-image":"","background-repeat":"repeat","background-position":"center center","background-size":"auto","background-attachment":"scroll","background-type":"","background-media":"","overlay-type":"","overlay-color":"","overlay-opacity":"","overlay-gradient":""},"mobile":{"background-color":"var(--ast-global-color-5)","background-image":"","background-repeat":"repeat","background-position":"center center","background-size":"auto","background-attachment":"scroll","background-type":"","background-media":"","overlay-type":"","overlay-color":"","overlay-opacity":"","overlay-gradient":""}}},"product_brand":[],"product_cat":[111],"product_tag":[],"inspiration_category":[],"class_list":{"0":"ranking_100","1":"post-17969","2":"product","3":"type-product","4":"status-publish","5":"has-post-thumbnail","7":"product_cat-extreme-macher","8":"FACET-Type=Extr\u00eame M\u00e2cher","9":"FACET-Pack_SIze=2 packs","10":"FACET-Dog_Size=Chiens de tr\u00e8s petite taille (jusqu'\u00e0 7 kg)","11":"FACET-Texture=Texture suppl\u00e9mentaire","12":"desktop-align-left","13":"tablet-align-left","14":"mobile-align-left","15":"ast-product-gallery-layout-horizontal","16":"ast-product-gallery-with-no-image","17":"ast-product-tabs-layout-horizontal","19":"first","20":"instock","21":"shipping-taxable","22":"purchasable","23":"product-type-simple"},"acf":[],"yoast_head":"<!-- This site is optimized with the Yoast SEO plugin v27.2 - https:\/\/yoast.com\/product\/yoast-seo-wordpress\/ -->\n<title>Lard &amp; Steak Extreme Basted Bone Twin Pack - X-Small - Nylabone<\/title>\n<meta name=\"robots\" content=\"index, follow, max-snippet:-1, max-image-preview:large, max-video-preview:-1\" \/>\n<link rel=\"canonical\" href=\"https:\/\/nylabone.co.uk\/fr\/product\/extreme-macher\/bacon-steak-extreme-chew-basted-bone-twin-pack-x-small\/\" \/>\n<meta property=\"og:locale\" content=\"fr_FR\" \/>\n<meta property=\"og:type\" content=\"article\" \/>\n<meta property=\"og:title\" content=\"Lard &amp; Steak Extreme Basted Bone Twin Pack - X-Small - Nylabone\" \/>\n<meta property=\"og:description\" content=\"Il est temps pour votre chien de go\u00fbter \u00e0 la sauce !\" \/>\n<meta property=\"og:url\" content=\"https:\/\/nylabone.co.uk\/fr\/product\/extreme-macher\/bacon-steak-extreme-chew-basted-bone-twin-pack-x-small\/\" \/>\n<meta property=\"og:site_name\" content=\"Nylabone\" \/>\n<meta property=\"article:modified_time\" content=\"2025-02-13T13:13:00+00:00\" \/>\n<meta property=\"og:image\" content=\"https:\/\/nylabone.co.uk\/wp-content\/uploads\/2025\/02\/65a8ec5d7bd511.47816215.jpg\" \/>\n\t<meta property=\"og:image:width\" content=\"1500\" \/>\n\t<meta property=\"og:image:height\" content=\"1500\" \/>\n\t<meta property=\"og:image:type\" content=\"image\/jpeg\" \/>\n<meta name=\"twitter:card\" content=\"summary_large_image\" \/>\n<script type=\"application\/ld+json\" class=\"yoast-schema-graph\">{\"@context\":\"https:\/\/schema.org\",\"@graph\":[{\"@type\":\"WebPage\",\"@id\":\"https:\/\/nylabone.co.uk\/fr\/product\/extreme-macher\/bacon-steak-extreme-chew-basted-bone-twin-pack-x-small\/\",\"url\":\"https:\/\/nylabone.co.uk\/fr\/product\/extreme-macher\/bacon-steak-extreme-chew-basted-bone-twin-pack-x-small\/\",\"name\":\"Lard &amp; Steak Extreme Basted Bone Twin Pack - X-Small - Nylabone\",\"isPartOf\":{\"@id\":\"https:\/\/nylabone.co.uk\/#website\"},\"primaryImageOfPage\":{\"@id\":\"https:\/\/nylabone.co.uk\/fr\/product\/extreme-macher\/bacon-steak-extreme-chew-basted-bone-twin-pack-x-small\/#primaryimage\"},\"image\":{\"@id\":\"https:\/\/nylabone.co.uk\/fr\/product\/extreme-macher\/bacon-steak-extreme-chew-basted-bone-twin-pack-x-small\/#primaryimage\"},\"thumbnailUrl\":\"https:\/\/nylabone.co.uk\/wp-content\/uploads\/2025\/02\/65a8ec5d7bd511.47816215.jpg\",\"datePublished\":\"2024-01-17T17:16:34+00:00\",\"dateModified\":\"2025-02-13T13:13:00+00:00\",\"breadcrumb\":{\"@id\":\"https:\/\/nylabone.co.uk\/fr\/product\/extreme-macher\/bacon-steak-extreme-chew-basted-bone-twin-pack-x-small\/#breadcrumb\"},\"inLanguage\":\"fr-FR\",\"potentialAction\":[{\"@type\":\"ReadAction\",\"target\":[\"https:\/\/nylabone.co.uk\/fr\/product\/extreme-macher\/bacon-steak-extreme-chew-basted-bone-twin-pack-x-small\/\"]}]},{\"@type\":\"ImageObject\",\"inLanguage\":\"fr-FR\",\"@id\":\"https:\/\/nylabone.co.uk\/fr\/product\/extreme-macher\/bacon-steak-extreme-chew-basted-bone-twin-pack-x-small\/#primaryimage\",\"url\":\"https:\/\/nylabone.co.uk\/wp-content\/uploads\/2025\/02\/65a8ec5d7bd511.47816215.jpg\",\"contentUrl\":\"https:\/\/nylabone.co.uk\/wp-content\/uploads\/2025\/02\/65a8ec5d7bd511.47816215.jpg\",\"width\":1500,\"height\":1500},{\"@type\":\"BreadcrumbList\",\"@id\":\"https:\/\/nylabone.co.uk\/fr\/product\/extreme-macher\/bacon-steak-extreme-chew-basted-bone-twin-pack-x-small\/#breadcrumb\",\"itemListElement\":[{\"@type\":\"ListItem\",\"position\":1,\"name\":\"Produits\",\"item\":\"https:\/\/nylabone.co.uk\/fr\/boutique\/\"},{\"@type\":\"ListItem\",\"position\":2,\"name\":\"Extreme M\u00e2cher\",\"item\":\"https:\/\/nylabone.co.uk\/fr\/products\/extreme-macher\/\"},{\"@type\":\"ListItem\",\"position\":3,\"name\":\"Lard &amp; Steak Extreme Basted Bone Twin Pack &#8211; X-Small\"}]},{\"@type\":\"WebSite\",\"@id\":\"https:\/\/nylabone.co.uk\/#website\",\"url\":\"https:\/\/nylabone.co.uk\/\",\"name\":\"Nylabone\",\"description\":\"\",\"publisher\":{\"@id\":\"https:\/\/nylabone.co.uk\/#organization\"},\"potentialAction\":[{\"@type\":\"SearchAction\",\"target\":{\"@type\":\"EntryPoint\",\"urlTemplate\":\"https:\/\/nylabone.co.uk\/?s={search_term_string}\"},\"query-input\":{\"@type\":\"PropertyValueSpecification\",\"valueRequired\":true,\"valueName\":\"search_term_string\"}}],\"inLanguage\":\"fr-FR\"},{\"@type\":\"Organization\",\"@id\":\"https:\/\/nylabone.co.uk\/#organization\",\"name\":\"Nylabone\",\"url\":\"https:\/\/nylabone.co.uk\/\",\"logo\":{\"@type\":\"ImageObject\",\"inLanguage\":\"fr-FR\",\"@id\":\"https:\/\/nylabone.co.uk\/#\/schema\/logo\/image\/\",\"url\":\"https:\/\/nylabone.co.uk\/wp-content\/uploads\/2025\/08\/WEB_Nyla_70thLogoUpdates_BrandSiteTopLeftCorner_750x260.png\",\"contentUrl\":\"https:\/\/nylabone.co.uk\/wp-content\/uploads\/2025\/08\/WEB_Nyla_70thLogoUpdates_BrandSiteTopLeftCorner_750x260.png\",\"width\":750,\"height\":260,\"caption\":\"Nylabone\"},\"image\":{\"@id\":\"https:\/\/nylabone.co.uk\/#\/schema\/logo\/image\/\"}}]}<\/script>\n<!-- \/ Yoast SEO plugin. -->","yoast_head_json":{"title":"Lard &amp; Steak Extreme Basted Bone Twin Pack - X-Small - Nylabone","robots":{"index":"index","follow":"follow","max-snippet":"max-snippet:-1","max-image-preview":"max-image-preview:large","max-video-preview":"max-video-preview:-1"},"canonical":"https:\/\/nylabone.co.uk\/fr\/product\/extreme-macher\/bacon-steak-extreme-chew-basted-bone-twin-pack-x-small\/","og_locale":"fr_FR","og_type":"article","og_title":"Lard &amp; Steak Extreme Basted Bone Twin Pack - X-Small - Nylabone","og_description":"Il est temps pour votre chien de go\u00fbter \u00e0 la sauce !","og_url":"https:\/\/nylabone.co.uk\/fr\/product\/extreme-macher\/bacon-steak-extreme-chew-basted-bone-twin-pack-x-small\/","og_site_name":"Nylabone","article_modified_time":"2025-02-13T13:13:00+00:00","og_image":[{"width":1500,"height":1500,"url":"https:\/\/nylabone.co.uk\/wp-content\/uploads\/2025\/02\/65a8ec5d7bd511.47816215.jpg","type":"image\/jpeg"}],"twitter_card":"summary_large_image","schema":{"@context":"https:\/\/schema.org","@graph":[{"@type":"WebPage","@id":"https:\/\/nylabone.co.uk\/fr\/product\/extreme-macher\/bacon-steak-extreme-chew-basted-bone-twin-pack-x-small\/","url":"https:\/\/nylabone.co.uk\/fr\/product\/extreme-macher\/bacon-steak-extreme-chew-basted-bone-twin-pack-x-small\/","name":"Lard &amp; Steak Extreme Basted Bone Twin Pack - X-Small - Nylabone","isPartOf":{"@id":"https:\/\/nylabone.co.uk\/#website"},"primaryImageOfPage":{"@id":"https:\/\/nylabone.co.uk\/fr\/product\/extreme-macher\/bacon-steak-extreme-chew-basted-bone-twin-pack-x-small\/#primaryimage"},"image":{"@id":"https:\/\/nylabone.co.uk\/fr\/product\/extreme-macher\/bacon-steak-extreme-chew-basted-bone-twin-pack-x-small\/#primaryimage"},"thumbnailUrl":"https:\/\/nylabone.co.uk\/wp-content\/uploads\/2025\/02\/65a8ec5d7bd511.47816215.jpg","datePublished":"2024-01-17T17:16:34+00:00","dateModified":"2025-02-13T13:13:00+00:00","breadcrumb":{"@id":"https:\/\/nylabone.co.uk\/fr\/product\/extreme-macher\/bacon-steak-extreme-chew-basted-bone-twin-pack-x-small\/#breadcrumb"},"inLanguage":"fr-FR","potentialAction":[{"@type":"ReadAction","target":["https:\/\/nylabone.co.uk\/fr\/product\/extreme-macher\/bacon-steak-extreme-chew-basted-bone-twin-pack-x-small\/"]}]},{"@type":"ImageObject","inLanguage":"fr-FR","@id":"https:\/\/nylabone.co.uk\/fr\/product\/extreme-macher\/bacon-steak-extreme-chew-basted-bone-twin-pack-x-small\/#primaryimage","url":"https:\/\/nylabone.co.uk\/wp-content\/uploads\/2025\/02\/65a8ec5d7bd511.47816215.jpg","contentUrl":"https:\/\/nylabone.co.uk\/wp-content\/uploads\/2025\/02\/65a8ec5d7bd511.47816215.jpg","width":1500,"height":1500},{"@type":"BreadcrumbList","@id":"https:\/\/nylabone.co.uk\/fr\/product\/extreme-macher\/bacon-steak-extreme-chew-basted-bone-twin-pack-x-small\/#breadcrumb","itemListElement":[{"@type":"ListItem","position":1,"name":"Produits","item":"https:\/\/nylabone.co.uk\/fr\/boutique\/"},{"@type":"ListItem","position":2,"name":"Extreme M\u00e2cher","item":"https:\/\/nylabone.co.uk\/fr\/products\/extreme-macher\/"},{"@type":"ListItem","position":3,"name":"Lard &amp; Steak Extreme Basted Bone Twin Pack &#8211; X-Small"}]},{"@type":"WebSite","@id":"https:\/\/nylabone.co.uk\/#website","url":"https:\/\/nylabone.co.uk\/","name":"Nylabone","description":"","publisher":{"@id":"https:\/\/nylabone.co.uk\/#organization"},"potentialAction":[{"@type":"SearchAction","target":{"@type":"EntryPoint","urlTemplate":"https:\/\/nylabone.co.uk\/?s={search_term_string}"},"query-input":{"@type":"PropertyValueSpecification","valueRequired":true,"valueName":"search_term_string"}}],"inLanguage":"fr-FR"},{"@type":"Organization","@id":"https:\/\/nylabone.co.uk\/#organization","name":"Nylabone","url":"https:\/\/nylabone.co.uk\/","logo":{"@type":"ImageObject","inLanguage":"fr-FR","@id":"https:\/\/nylabone.co.uk\/#\/schema\/logo\/image\/","url":"https:\/\/nylabone.co.uk\/wp-content\/uploads\/2025\/08\/WEB_Nyla_70thLogoUpdates_BrandSiteTopLeftCorner_750x260.png","contentUrl":"https:\/\/nylabone.co.uk\/wp-content\/uploads\/2025\/08\/WEB_Nyla_70thLogoUpdates_BrandSiteTopLeftCorner_750x260.png","width":750,"height":260,"caption":"Nylabone"},"image":{"@id":"https:\/\/nylabone.co.uk\/#\/schema\/logo\/image\/"}}]}},"spectra_custom_meta":{"_wcml_average_rating":[null],"_wcml_review_count":[null],"_wcml_rating_count":[null],"_backorders":["no"],"_download_limit":["-1"],"_download_expiry":["-1"],"_downloadable":["no"],"_manage_stock":["no"],"_sku":["985070EU"],"_stock_status":["instock"],"_sold_individually":["no"],"_tax_class":[""],"_tax_status":["taxable"],"_virtual":["no"],"total_sales":["0"],"_regular_price":["9.49"],"_price":["9.49"],"Favourites_Ranking":["100"],"_top_nav_excluded":[""],"_cms_nav_minihome":[""],"wcml_sync_hash":["a:1:{s:15:\"postmeta_fields\";s:32:\"f0faf51d4196d3693336b0427a324163\";}"],"attr_label_translations":["a:0:{}"],"_product_attributes":["a:0:{}"],"_thumbnail_id":["20049"],"_product_image_gallery":[""],"_default_attributes":["a:0:{}"],"_upsell_ids":["a:0:{}"],"_crosssell_ids":["a:0:{}"],"_children":["a:0:{}"],"_stock":[null],"_wc_average_rating":[0],"_wc_review_count":["0"],"_product_version":["9.4.3"],"image_id_product_only":["20047"],"image_id_lifestyle":["20051"],"image_id_product_with_parts":["20055"],"image_id_icons":["20059"],"image_id_feature_image_1":["20063"],"image_id_feature_image_2":["20067"],"image_id_feature_image_3":["20071"],"_last_translation_edit_mode":["translation-editor"],"UPC_Code":["018214855194"],"Pack_Contains":["2x Lard & Steak Extreme Bone - Extra Small"],"Why_buy_me":["\n          <p>Fabriqu\u00e9s avec un nylon r\u00e9sistant et durable, nos jouets Basted Blast M\u00e2cher ont \u00e9t\u00e9 con\u00e7us pour les m\u00e2cheurs extr\u00eames. Avec deux couches de saveur, votre chien appr\u00e9ciera la saveur savoureuse du Basted Lard \u00e0 l'ext\u00e9rieur avant d'atteindre la couche inf\u00e9rieure de M\u00e2che qui est aromatis\u00e9e dans son ensemble pour une satisfaction de mastication savoureuse sans fin. <\/p>\n          \n\n          <p>~ Go\u00fbt de Lard \u00e0 l'ext\u00e9rieur, go\u00fbt de steak \u00e0 l'int\u00e9rieur<br>~ Aide \u00e0 nettoyer les dents et \u00e0 rafra\u00eechir l'haleine \u00e0 chaque fois M\u00e2cher<br> ~ Id\u00e9al pour les tr\u00e8s petits chiens jusqu'\u00e0 7 kg<\/p>\n          \n\n        "],"One_Line_Descriptor":["Il est temps pour votre chien de go\u00fbter \u00e0 la sauce !"],"Expanded_Feature_1":["\n          <p>lard Double saveur, double go\u00fbt<br>D\u00e9licieuse saveur de M\u00e2ch\u00e9 \u00e0 l'ext\u00e9rieur, savoureuse saveur de steak \u00e0 l'int\u00e9rieur et sur toute la surface, pour que votre chien m\u00e2che plus longtemps.<\/p>\n          \n\n        "],"Expanded_Feature_2":["\n          <p>Une saveur durable<br>Une d\u00e9licieuse saveur de steak, pour que votre chien continue \u00e0 m\u00e2cher plus longtemps.<\/p>\n          \n\n        "],"Expanded_Feature_3":["\n          <p>Id\u00e9al pour l'hygi\u00e8ne dentaire<br>De minuscules M\u00e2ches se soul\u00e8vent sur l'os pendant la mastication, comme une mini-brosse \u00e0 dents, pour aider \u00e0 garder les dents propres et \u00e0 pr\u00e9venir l'accumulation de tartre.<\/p>\n          \n\n        "],"Key_Features":["\n          <p>Suivez nos conseils pour tirer le meilleur parti de votre Nylabone<br>~ Pour exciter votre chien avec son nouveau M\u00e2cher, grattez simplement sur une surface dure et rugueuse pour relever le go\u00fbt.<br>~ Pour garder votre M\u00e2cher propre, frottez-le avec une brosse sous l'eau ti\u00e8de, en utilisant un d\u00e9tergent doux et non toxique, et rincez-le soigneusement.<br>~ V\u00e9rifiez r\u00e9guli\u00e8rement le M\u00e2cher de votre chien, assurez-vous qu'il est entier et intact, et qu'il ne manque pas de morceaux. Si votre chien parvient \u00e0 en mordre un, il ne doit pas \u00eatre plus petit qu'un grain de riz et il peut \u00eatre \u00e9limin\u00e9 s'il l'avale, mais il ne pr\u00e9sente pas de risque d'\u00e9touffement. Il faut toujours le remplacer si les extr\u00e9mit\u00e9s des articulations sont us\u00e9es ou s'il devient trop petit pour \u00eatre m\u00e2ch\u00e9 en toute s\u00e9curit\u00e9.<br>~ Ces M\u00e2ches non comestibles sont fabriqu\u00e9s en nylon. Ils ne sont PAS destin\u00e9s \u00e0 \u00eatre consomm\u00e9s.  <\/p>\n          \n\n        "],"Related_Products":["985071EU, 985072EU, 985073EU, 985074EU"],"Warnings":["M\u00e2cher Il est important de choisir la taille et le type de M\u00e2ches adapt\u00e9s \u00e0 l'\u00e2ge, au poids et \u00e0 la force de mastication de votre chien. M\u00e2cher Les M\u00e2ches non comestibles doivent \u00eatre suffisamment grandes pour encourager votre chien \u00e0 les m\u00e2cher par le c\u00f4t\u00e9 plut\u00f4t que par le haut et le bas. Si vous avez plus d'un chien dans votre foyer, choisissez M\u00e2cher en fonction du plus grand et du plus fort m\u00e2cheur. Surveillez toujours l'utilisation de M\u00e2cher et des jouets. Les produits ne sont pas destin\u00e9s \u00e0 \u00eatre mang\u00e9s ou ing\u00e9r\u00e9s. Si vous pensez que votre chien a aval\u00e9 un morceau, retirez le produit et contactez votre v\u00e9t\u00e9rinaire. Inspectez le produit avant de le donner \u00e0 votre chien pour vous assurer qu'il est entier et intact. V\u00e9rifiez fr\u00e9quemment et remplacez le produit s'il est us\u00e9 ou endommag\u00e9 ou s'il devient trop petit pour \u00eatre donn\u00e9 \u00e0 M\u00e2cher en toute s\u00e9curit\u00e9. Lavez \u00e0 la main avec de l'eau savonneuse ti\u00e8de et rincez abondamment.        "],"Type":["Extr\u00eame M\u00e2cher"],"Pack_SIze":["2 packs"],"Available_For_Dosage_Calculator":["N"],"Dosage_Pod":["N"],"Dog_Size":["Chiens de tr\u00e8s petite taille (jusqu'\u00e0 7 kg)"],"Texture":["Texture suppl\u00e9mentaire"],"Chew_Size":["Extra small"],"Dog_Weight":["Jusqu'\u00e0 7 kg"],"Flavour":["Lard et steak"],"Material":["Nylon, ar\u00f4me naturel de lard et de steak"],"Languages_on_packaging":["Anglais, allemand, fran\u00e7ais, italien, n\u00e9erlandais, espagnol, danois, polonais"],"Bone_Length":["9,5 cm"],"Product_Overview":["\n          <p>La gamme d'os et de jouets \u00e0 m\u00e2cher Nylabone Extreme convient parfaitement \u00e0 votre chien s'il adore m\u00e2cher, et s'il est tr\u00e8s dou\u00e9 pour cela ! Ces jouets \u00e0 m\u00e2cher ont un d\u00e9licieux go\u00fbt de lard \u00e0 l'ext\u00e9rieur et un succulent go\u00fbt de steak \u00e0 l'int\u00e9rieur, ce qui signifie que le go\u00fbt persiste aussi longtemps que le jouet \u00e0 m\u00e2cher ! Les mat\u00e9riaux sont aussi r\u00e9sistants que les vrais os, mais ils ne pr\u00e9sentent pas les m\u00eames dangers.<\/p>\n          \n\n          <p>Nous ma\u00eetrisons la fabrication des jouets \u00e0 m\u00e2cher depuis plus de 50 ans et nous avons un processus de fabrication unique, nous nous assurons qu'ils ne se fendent pas, au lieu de cela, la belle surface lisse se rugit lorsqu'elle est m\u00e2ch\u00e9e et de minuscules poils se soul\u00e8vent sur l'os, agissant comme une mini brosse \u00e0 dents qui aidera \u00e0 garder les dents de votre chien propres et \u00e0 pr\u00e9venir l'accumulation de tartre. Si votre chien r\u00e9ussit \u00e0 en arracher un, il ne doit pas \u00eatre plus petit qu'un grain de riz et peut \u00eatre \u00e9vacu\u00e9 s'il l'avale.  <\/p>\n          \n\n        "],"_uag_page_assets":["a:9:{s:3:\"css\";s:263:\".uag-blocks-common-selector{z-index:var(--z-index-desktop) !important}@media (max-width: 976px){.uag-blocks-common-selector{z-index:var(--z-index-tablet) !important}}@media (max-width: 767px){.uag-blocks-common-selector{z-index:var(--z-index-mobile) !important}}\n\";s:2:\"js\";s:0:\"\";s:18:\"current_block_list\";a:11:{i:0;s:11:\"core\/search\";i:1;s:12:\"core\/heading\";i:2;s:14:\"core\/paragraph\";i:3;s:12:\"core\/columns\";i:4;s:11:\"core\/column\";i:5;s:10:\"core\/group\";i:6;s:12:\"core\/gallery\";i:7;s:10:\"core\/image\";i:8;s:14:\"core\/shortcode\";i:9;s:15:\"core\/categories\";i:10;s:13:\"core\/archives\";}s:8:\"uag_flag\";b:0;s:11:\"uag_version\";s:10:\"1775092183\";s:6:\"gfonts\";a:0:{}s:10:\"gfonts_url\";s:0:\"\";s:12:\"gfonts_files\";a:0:{}s:14:\"uag_faq_layout\";b:0;}"],"_uag_css_file_name":["uag-css-17969.css"],"_wc_rating_count":[""]},"uagb_featured_image_src":{"full":["https:\/\/nylabone.co.uk\/wp-content\/uploads\/2025\/02\/65a8ec5d7bd511.47816215.jpg",1500,1500,false],"thumbnail":["https:\/\/nylabone.co.uk\/wp-content\/uploads\/2025\/02\/65a8ec5d7bd511.47816215-150x150.jpg",150,150,true],"medium":["https:\/\/nylabone.co.uk\/wp-content\/uploads\/2025\/02\/65a8ec5d7bd511.47816215-300x300.jpg",300,300,true],"medium_large":["https:\/\/nylabone.co.uk\/wp-content\/uploads\/2025\/02\/65a8ec5d7bd511.47816215-768x768.jpg",768,768,true],"large":["https:\/\/nylabone.co.uk\/wp-content\/uploads\/2025\/02\/65a8ec5d7bd511.47816215-1024x1024.jpg",1024,1024,true],"blz_expanded_feature":["https:\/\/nylabone.co.uk\/wp-content\/uploads\/2025\/02\/65a8ec5d7bd511.47816215-275x220.jpg",275,220,true],"gs-tiny":["https:\/\/nylabone.co.uk\/wp-content\/uploads\/2025\/02\/65a8ec5d7bd511.47816215-50x50.jpg",50,50,true],"xl":["https:\/\/nylabone.co.uk\/wp-content\/uploads\/2025\/02\/65a8ec5d7bd511.47816215.jpg",1500,1500,false],"xxl":["https:\/\/nylabone.co.uk\/wp-content\/uploads\/2025\/02\/65a8ec5d7bd511.47816215.jpg",1500,1500,false],"xxxl":["https:\/\/nylabone.co.uk\/wp-content\/uploads\/2025\/02\/65a8ec5d7bd511.47816215.jpg",1500,1500,false],"xxxxl":["https:\/\/nylabone.co.uk\/wp-content\/uploads\/2025\/02\/65a8ec5d7bd511.47816215.jpg",1500,1500,false],"xxxxxl":["https:\/\/nylabone.co.uk\/wp-content\/uploads\/2025\/02\/65a8ec5d7bd511.47816215.jpg",1500,1500,false],"1536x1536":["https:\/\/nylabone.co.uk\/wp-content\/uploads\/2025\/02\/65a8ec5d7bd511.47816215.jpg",1500,1500,false],"2048x2048":["https:\/\/nylabone.co.uk\/wp-content\/uploads\/2025\/02\/65a8ec5d7bd511.47816215.jpg",1500,1500,false],"woocommerce_thumbnail":["https:\/\/nylabone.co.uk\/wp-content\/uploads\/2025\/02\/65a8ec5d7bd511.47816215-300x300.jpg",300,300,true],"woocommerce_single":["https:\/\/nylabone.co.uk\/wp-content\/uploads\/2025\/02\/65a8ec5d7bd511.47816215-600x600.jpg",600,600,true],"woocommerce_gallery_thumbnail":["https:\/\/nylabone.co.uk\/wp-content\/uploads\/2025\/02\/65a8ec5d7bd511.47816215-100x100.jpg",100,100,true]},"uagb_author_info":{"display_name":"Hazz Scott","author_link":"https:\/\/nylabone.co.uk\/fr\/author\/hazz-scott\/"},"uagb_comment_info":0,"uagb_excerpt":"Il est temps pour votre chien de go\u00fbter \u00e0 la sauce !","featured_img":"https:\/\/nylabone.co.uk\/wp-content\/uploads\/2025\/02\/65a8ec5d7bd511.47816215.jpg","coauthors":[],"author_meta":{"author_link":"https:\/\/nylabone.co.uk\/fr\/author\/hazz-scott\/","display_name":"Hazz Scott"},"relative_dates":{"created":"Publi\u00e9 2 ans il y a","modified":"Mis \u00e0 jour 1 an il y a"},"absolute_dates":{"created":"Publi\u00e9 le janvier 17, 2024","modified":"Mise \u00e0 jour le f\u00e9vrier 13, 2025"},"absolute_dates_time":{"created":"Publi\u00e9 le janvier 17, 2024 5:16  ","modified":"Mise \u00e0 jour le f\u00e9vrier 13, 2025 1:13  "},"featured_img_caption":"","tax_additional":{"product_brand":{"linked":[],"unlinked":[],"slug":"product_brand","name":"Brands"},"product_type":{"linked":["<a href=\"https:\/\/nylabone.co.uk\/fr\/?taxonomy=product_type&#038;term=simple\" class=\"advgb-post-tax-term\">simple<\/a>"],"unlinked":["<span class=\"advgb-post-tax-term\">simple<\/span>"],"slug":"product_type","name":"Type de produit"},"product_visibility":{"linked":[],"unlinked":[],"slug":"product_visibility","name":"Visibilit\u00e9 du produit"},"product_cat":{"linked":["<a href=\"https:\/\/nylabone.co.uk\/fr\/products\/extreme-macher\/\" class=\"advgb-post-tax-term\">Extreme M\u00e2cher<\/a>"],"unlinked":["<span class=\"advgb-post-tax-term\">Extreme M\u00e2cher<\/span>"],"slug":"product_cat","name":"Cat\u00e9gories de produits"},"product_tag":{"linked":[],"unlinked":[],"slug":"product_tag","name":"\u00c9tiquettes produit"},"product_shipping_class":{"linked":[],"unlinked":[],"slug":"product_shipping_class","name":"Classe d\u2019exp\u00e9dition du produit"},"translation_priority":{"linked":["<a href=\"https:\/\/nylabone.co.uk\/fr\/?taxonomy=translation_priority&#038;term=facultatif-fr\" class=\"advgb-post-tax-term\">Facultatif<\/a>"],"unlinked":["<span class=\"advgb-post-tax-term\">Facultatif<\/span>"],"slug":"translation_priority","name":"Priorit\u00e9s de traduction"},"inspiration_category":{"linked":[],"unlinked":[],"slug":"inspiration_category","name":"Cat\u00e9gories d&#039;inspiration"}},"series_order":"","_links":{"self":[{"href":"https:\/\/nylabone.co.uk\/fr\/wp-json\/wp\/v2\/product\/17969","targetHints":{"allow":["GET"]}}],"collection":[{"href":"https:\/\/nylabone.co.uk\/fr\/wp-json\/wp\/v2\/product"}],"about":[{"href":"https:\/\/nylabone.co.uk\/fr\/wp-json\/wp\/v2\/types\/product"}],"replies":[{"embeddable":true,"href":"https:\/\/nylabone.co.uk\/fr\/wp-json\/wp\/v2\/comments?post=17969"}],"wp:featuredmedia":[{"embeddable":true,"href":"https:\/\/nylabone.co.uk\/fr\/wp-json\/wp\/v2\/media\/20049"}],"wp:attachment":[{"href":"https:\/\/nylabone.co.uk\/fr\/wp-json\/wp\/v2\/media?parent=17969"}],"wp:term":[{"taxonomy":"product_brand","embeddable":true,"href":"https:\/\/nylabone.co.uk\/fr\/wp-json\/wp\/v2\/product_brand?post=17969"},{"taxonomy":"product_cat","embeddable":true,"href":"https:\/\/nylabone.co.uk\/fr\/wp-json\/wp\/v2\/product_cat?post=17969"},{"taxonomy":"product_tag","embeddable":true,"href":"https:\/\/nylabone.co.uk\/fr\/wp-json\/wp\/v2\/product_tag?post=17969"},{"taxonomy":"inspiration_category","embeddable":true,"href":"https:\/\/nylabone.co.uk\/fr\/wp-json\/wp\/v2\/inspiration_category?post=17969"}],"curies":[{"name":"wp","href":"https:\/\/api.w.org\/{rel}","templated":true}]}}