{"id":17992,"date":"2022-03-09T09:17:30","date_gmt":"2022-03-09T09:17:30","guid":{"rendered":"https:\/\/nylabone.co.uk\/product\/non class\u00e9\/lard-extreme-baton-en-bois-a-macher-moyen\/"},"modified":"2022-03-09T09:17:30","modified_gmt":"2022-03-09T09:17:30","slug":"lard-extreme-bois-baton-macher-medium","status":"publish","type":"product","link":"https:\/\/nylabone.co.uk\/fr\/product\/extreme-macher\/lard-extreme-bois-baton-macher-medium\/","title":{"rendered":"Lard Extreme B\u00e2ton en bois \u00e0 m\u00e2cher &#8211; Moyen"},"content":{"rendered":"<p>Remplacez ces brindilles peu rago\u00fbtantes par les b\u00e2tonnets \u00e0 m\u00e2cher Nylabone adapt\u00e9s aux chiens !<\/p>\n","protected":false},"excerpt":{"rendered":"<p>Remplacez ces brindilles peu rago\u00fbtantes par les b\u00e2tonnets \u00e0 m\u00e2cher Nylabone adapt\u00e9s aux chiens !<\/p>\n","protected":false},"author":1,"featured_media":10131,"comment_status":"closed","ping_status":"closed","template":"","meta":{"_acf_changed":false,"_relevanssi_hide_post":"","_relevanssi_hide_content":"","_relevanssi_pin_for_all":"","_relevanssi_pin_keywords":"","_relevanssi_unpin_keywords":"","_relevanssi_related_keywords":"","_relevanssi_related_include_ids":"","_relevanssi_related_exclude_ids":"","_relevanssi_related_no_append":"","_relevanssi_related_not_related":"","_relevanssi_related_posts":"","_relevanssi_noindex_reason":"","inline_featured_image":false,"_uag_custom_page_level_css":"","advgb_blocks_editor_width":"","advgb_blocks_columns_visual_guide":"","site-sidebar-layout":"default","site-content-layout":"","ast-site-content-layout":"default","site-content-style":"default","site-sidebar-style":"default","ast-global-header-display":"","ast-banner-title-visibility":"","ast-main-header-display":"","ast-hfb-above-header-display":"","ast-hfb-below-header-display":"","ast-hfb-mobile-header-display":"","site-post-title":"","ast-breadcrumbs-content":"","ast-featured-img":"","footer-sml-layout":"","ast-disable-related-posts":"","theme-transparent-header-meta":"","adv-header-id-meta":"","stick-header-meta":"","header-above-stick-meta":"","header-main-stick-meta":"","header-below-stick-meta":"","astra-migrate-meta-layouts":"default","ast-page-background-enabled":"default","ast-page-background-meta":{"desktop":{"background-color":"var(--ast-global-color-4)","background-image":"","background-repeat":"repeat","background-position":"center center","background-size":"auto","background-attachment":"scroll","background-type":"","background-media":"","overlay-type":"","overlay-color":"","overlay-opacity":"","overlay-gradient":""},"tablet":{"background-color":"","background-image":"","background-repeat":"repeat","background-position":"center center","background-size":"auto","background-attachment":"scroll","background-type":"","background-media":"","overlay-type":"","overlay-color":"","overlay-opacity":"","overlay-gradient":""},"mobile":{"background-color":"","background-image":"","background-repeat":"repeat","background-position":"center center","background-size":"auto","background-attachment":"scroll","background-type":"","background-media":"","overlay-type":"","overlay-color":"","overlay-opacity":"","overlay-gradient":""}},"ast-content-background-meta":{"desktop":{"background-color":"var(--ast-global-color-5)","background-image":"","background-repeat":"repeat","background-position":"center center","background-size":"auto","background-attachment":"scroll","background-type":"","background-media":"","overlay-type":"","overlay-color":"","overlay-opacity":"","overlay-gradient":""},"tablet":{"background-color":"var(--ast-global-color-5)","background-image":"","background-repeat":"repeat","background-position":"center center","background-size":"auto","background-attachment":"scroll","background-type":"","background-media":"","overlay-type":"","overlay-color":"","overlay-opacity":"","overlay-gradient":""},"mobile":{"background-color":"var(--ast-global-color-5)","background-image":"","background-repeat":"repeat","background-position":"center center","background-size":"auto","background-attachment":"scroll","background-type":"","background-media":"","overlay-type":"","overlay-color":"","overlay-opacity":"","overlay-gradient":""}}},"product_brand":[],"product_cat":[111],"product_tag":[],"inspiration_category":[],"class_list":{"0":"ranking_0","1":"post-17992","2":"product","3":"type-product","4":"status-publish","5":"has-post-thumbnail","7":"product_cat-extreme-macher","8":"FACET-Pack_SIze=1 paquet","9":"FACET-Dog_Size=Chiens de taille moyenne (jusqu'\u00e0 16 kg)","10":"FACET-Facet_Flavour=Lard","11":"FACET-Texture=Texture suppl\u00e9mentaire","12":"desktop-align-left","13":"tablet-align-left","14":"mobile-align-left","15":"ast-product-gallery-layout-horizontal","16":"ast-product-gallery-with-no-image","17":"ast-product-tabs-layout-horizontal","19":"first","20":"instock","21":"shipping-taxable","22":"purchasable","23":"product-type-simple"},"acf":[],"yoast_head":"<!-- This site is optimized with the Yoast SEO plugin v27.2 - https:\/\/yoast.com\/product\/yoast-seo-wordpress\/ -->\n<title>Lard Extreme B\u00e2ton en bois \u00e0 m\u00e2cher - Moyen - Nylabone<\/title>\n<meta name=\"robots\" content=\"index, follow, max-snippet:-1, max-image-preview:large, max-video-preview:-1\" \/>\n<link rel=\"canonical\" href=\"https:\/\/nylabone.co.uk\/product\/non%20class\u00e9\/lard-extreme-baton-en-bois-a-macher-moyen\/\" \/>\n<meta property=\"og:locale\" content=\"fr_FR\" \/>\n<meta property=\"og:type\" content=\"article\" \/>\n<meta property=\"og:title\" content=\"Lard Extreme B\u00e2ton en bois \u00e0 m\u00e2cher - Moyen - Nylabone\" \/>\n<meta property=\"og:description\" content=\"Remplacez ces brindilles peu rago\u00fbtantes par les b\u00e2tonnets \u00e0 m\u00e2cher Nylabone adapt\u00e9s aux chiens !\" \/>\n<meta property=\"og:url\" content=\"https:\/\/nylabone.co.uk\/product\/non class\u00e9\/lard-extreme-baton-en-bois-a-macher-moyen\/\" \/>\n<meta property=\"og:site_name\" content=\"Nylabone\" \/>\n<meta name=\"twitter:card\" content=\"summary_large_image\" \/>\n<script type=\"application\/ld+json\" class=\"yoast-schema-graph\">{\"@context\":\"https:\/\/schema.org\",\"@graph\":[{\"@type\":\"WebPage\",\"@id\":\"https:\/\/nylabone.co.uk\/product\/non class\u00e9\/lard-extreme-baton-en-bois-a-macher-moyen\/\",\"url\":\"https:\/\/nylabone.co.uk\/product\/non class\u00e9\/lard-extreme-baton-en-bois-a-macher-moyen\/\",\"name\":\"Lard Extreme B\u00e2ton en bois \u00e0 m\u00e2cher - Moyen - Nylabone\",\"isPartOf\":{\"@id\":\"https:\/\/nylabone.co.uk\/#website\"},\"primaryImageOfPage\":{\"@id\":\"https:\/\/nylabone.co.uk\/product\/non class\u00e9\/lard-extreme-baton-en-bois-a-macher-moyen\/#primaryimage\"},\"image\":{\"@id\":\"https:\/\/nylabone.co.uk\/product\/non class\u00e9\/lard-extreme-baton-en-bois-a-macher-moyen\/#primaryimage\"},\"thumbnailUrl\":\"https:\/\/nylabone.co.uk\/wp-content\/uploads\/2022\/02\/5d9b027a217773.22990671.jpg\",\"datePublished\":\"2022-03-09T09:17:30+00:00\",\"breadcrumb\":{\"@id\":\"https:\/\/nylabone.co.uk\/product\/non class\u00e9\/lard-extreme-baton-en-bois-a-macher-moyen\/#breadcrumb\"},\"inLanguage\":\"fr-FR\",\"potentialAction\":[{\"@type\":\"ReadAction\",\"target\":[\"https:\/\/nylabone.co.uk\/product\/non class\u00e9\/lard-extreme-baton-en-bois-a-macher-moyen\/\"]}]},{\"@type\":\"ImageObject\",\"inLanguage\":\"fr-FR\",\"@id\":\"https:\/\/nylabone.co.uk\/product\/non class\u00e9\/lard-extreme-baton-en-bois-a-macher-moyen\/#primaryimage\",\"url\":\"https:\/\/nylabone.co.uk\/wp-content\/uploads\/2022\/02\/5d9b027a217773.22990671.jpg\",\"contentUrl\":\"https:\/\/nylabone.co.uk\/wp-content\/uploads\/2022\/02\/5d9b027a217773.22990671.jpg\",\"width\":768,\"height\":768},{\"@type\":\"BreadcrumbList\",\"@id\":\"https:\/\/nylabone.co.uk\/product\/non class\u00e9\/lard-extreme-baton-en-bois-a-macher-moyen\/#breadcrumb\",\"itemListElement\":[{\"@type\":\"ListItem\",\"position\":1,\"name\":\"Produits\",\"item\":\"https:\/\/nylabone.co.uk\/fr\/boutique\/\"},{\"@type\":\"ListItem\",\"position\":2,\"name\":\"Lard Extreme B\u00e2ton en bois \u00e0 m\u00e2cher &#8211; Moyen\"}]},{\"@type\":\"WebSite\",\"@id\":\"https:\/\/nylabone.co.uk\/#website\",\"url\":\"https:\/\/nylabone.co.uk\/\",\"name\":\"Nylabone\",\"description\":\"\",\"publisher\":{\"@id\":\"https:\/\/nylabone.co.uk\/#organization\"},\"potentialAction\":[{\"@type\":\"SearchAction\",\"target\":{\"@type\":\"EntryPoint\",\"urlTemplate\":\"https:\/\/nylabone.co.uk\/?s={search_term_string}\"},\"query-input\":{\"@type\":\"PropertyValueSpecification\",\"valueRequired\":true,\"valueName\":\"search_term_string\"}}],\"inLanguage\":\"fr-FR\"},{\"@type\":\"Organization\",\"@id\":\"https:\/\/nylabone.co.uk\/#organization\",\"name\":\"Nylabone\",\"url\":\"https:\/\/nylabone.co.uk\/\",\"logo\":{\"@type\":\"ImageObject\",\"inLanguage\":\"fr-FR\",\"@id\":\"https:\/\/nylabone.co.uk\/#\/schema\/logo\/image\/\",\"url\":\"https:\/\/nylabone.co.uk\/wp-content\/uploads\/2025\/08\/WEB_Nyla_70thLogoUpdates_BrandSiteTopLeftCorner_750x260.png\",\"contentUrl\":\"https:\/\/nylabone.co.uk\/wp-content\/uploads\/2025\/08\/WEB_Nyla_70thLogoUpdates_BrandSiteTopLeftCorner_750x260.png\",\"width\":750,\"height\":260,\"caption\":\"Nylabone\"},\"image\":{\"@id\":\"https:\/\/nylabone.co.uk\/#\/schema\/logo\/image\/\"}}]}<\/script>\n<!-- \/ Yoast SEO plugin. -->","yoast_head_json":{"title":"Lard Extreme B\u00e2ton en bois \u00e0 m\u00e2cher - Moyen - Nylabone","robots":{"index":"index","follow":"follow","max-snippet":"max-snippet:-1","max-image-preview":"max-image-preview:large","max-video-preview":"max-video-preview:-1"},"canonical":"https:\/\/nylabone.co.uk\/product\/non class\u00e9\/lard-extreme-baton-en-bois-a-macher-moyen\/","og_locale":"fr_FR","og_type":"article","og_title":"Lard Extreme B\u00e2ton en bois \u00e0 m\u00e2cher - Moyen - Nylabone","og_description":"Remplacez ces brindilles peu rago\u00fbtantes par les b\u00e2tonnets \u00e0 m\u00e2cher Nylabone adapt\u00e9s aux chiens !","og_url":"https:\/\/nylabone.co.uk\/product\/non class\u00e9\/lard-extreme-baton-en-bois-a-macher-moyen\/","og_site_name":"Nylabone","twitter_card":"summary_large_image","schema":{"@context":"https:\/\/schema.org","@graph":[{"@type":"WebPage","@id":"https:\/\/nylabone.co.uk\/product\/non class\u00e9\/lard-extreme-baton-en-bois-a-macher-moyen\/","url":"https:\/\/nylabone.co.uk\/product\/non class\u00e9\/lard-extreme-baton-en-bois-a-macher-moyen\/","name":"Lard Extreme B\u00e2ton en bois \u00e0 m\u00e2cher - Moyen - Nylabone","isPartOf":{"@id":"https:\/\/nylabone.co.uk\/#website"},"primaryImageOfPage":{"@id":"https:\/\/nylabone.co.uk\/product\/non class\u00e9\/lard-extreme-baton-en-bois-a-macher-moyen\/#primaryimage"},"image":{"@id":"https:\/\/nylabone.co.uk\/product\/non class\u00e9\/lard-extreme-baton-en-bois-a-macher-moyen\/#primaryimage"},"thumbnailUrl":"https:\/\/nylabone.co.uk\/wp-content\/uploads\/2022\/02\/5d9b027a217773.22990671.jpg","datePublished":"2022-03-09T09:17:30+00:00","breadcrumb":{"@id":"https:\/\/nylabone.co.uk\/product\/non class\u00e9\/lard-extreme-baton-en-bois-a-macher-moyen\/#breadcrumb"},"inLanguage":"fr-FR","potentialAction":[{"@type":"ReadAction","target":["https:\/\/nylabone.co.uk\/product\/non class\u00e9\/lard-extreme-baton-en-bois-a-macher-moyen\/"]}]},{"@type":"ImageObject","inLanguage":"fr-FR","@id":"https:\/\/nylabone.co.uk\/product\/non class\u00e9\/lard-extreme-baton-en-bois-a-macher-moyen\/#primaryimage","url":"https:\/\/nylabone.co.uk\/wp-content\/uploads\/2022\/02\/5d9b027a217773.22990671.jpg","contentUrl":"https:\/\/nylabone.co.uk\/wp-content\/uploads\/2022\/02\/5d9b027a217773.22990671.jpg","width":768,"height":768},{"@type":"BreadcrumbList","@id":"https:\/\/nylabone.co.uk\/product\/non class\u00e9\/lard-extreme-baton-en-bois-a-macher-moyen\/#breadcrumb","itemListElement":[{"@type":"ListItem","position":1,"name":"Produits","item":"https:\/\/nylabone.co.uk\/fr\/boutique\/"},{"@type":"ListItem","position":2,"name":"Lard Extreme B\u00e2ton en bois \u00e0 m\u00e2cher &#8211; Moyen"}]},{"@type":"WebSite","@id":"https:\/\/nylabone.co.uk\/#website","url":"https:\/\/nylabone.co.uk\/","name":"Nylabone","description":"","publisher":{"@id":"https:\/\/nylabone.co.uk\/#organization"},"potentialAction":[{"@type":"SearchAction","target":{"@type":"EntryPoint","urlTemplate":"https:\/\/nylabone.co.uk\/?s={search_term_string}"},"query-input":{"@type":"PropertyValueSpecification","valueRequired":true,"valueName":"search_term_string"}}],"inLanguage":"fr-FR"},{"@type":"Organization","@id":"https:\/\/nylabone.co.uk\/#organization","name":"Nylabone","url":"https:\/\/nylabone.co.uk\/","logo":{"@type":"ImageObject","inLanguage":"fr-FR","@id":"https:\/\/nylabone.co.uk\/#\/schema\/logo\/image\/","url":"https:\/\/nylabone.co.uk\/wp-content\/uploads\/2025\/08\/WEB_Nyla_70thLogoUpdates_BrandSiteTopLeftCorner_750x260.png","contentUrl":"https:\/\/nylabone.co.uk\/wp-content\/uploads\/2025\/08\/WEB_Nyla_70thLogoUpdates_BrandSiteTopLeftCorner_750x260.png","width":750,"height":260,"caption":"Nylabone"},"image":{"@id":"https:\/\/nylabone.co.uk\/#\/schema\/logo\/image\/"}}]}},"spectra_custom_meta":{"_wcml_average_rating":[null],"_wcml_review_count":[null],"_wcml_rating_count":[null],"_backorders":["no"],"_download_limit":["-1"],"_download_expiry":["-1"],"_downloadable":["no"],"_manage_stock":["no"],"_sku":["984775EU"],"_stock_status":["instock"],"_sold_individually":["no"],"_tax_class":[""],"_tax_status":["taxable"],"_virtual":["no"],"total_sales":["0"],"_regular_price":["14.49"],"_price":["14.49"],"_wpml_media_duplicate":["1"],"_wpml_media_featured":["1"],"Favourites_Ranking":["0"],"_top_nav_excluded":[""],"_cms_nav_minihome":[""],"Box_Contains":["~ 1x Lard Extreme Wooden Stick M\u00e2cher - Medium"],"UPC_Code":["018214847755"],"Pack_Contains":["1 x Lard Extreme B\u00e2ton en bois \u00e0 m\u00e2cher - Moyen"],"Why_buy_me":["Fabriqu\u00e9 avec un nylon r\u00e9sistant et durable, ce jouet a \u00e9t\u00e9 con\u00e7u pour les m\u00e2cheurs puissants ~ Saveur Lard ~ Id\u00e9al pour les chiens de taille moyenne jusqu'\u00e0 16kg Egalement disponible en <a href=\"\/Products\/Extreme-Chews\/Bacon-Extreme-Wooden-Stick-Chew-X-Large\">X-Large<\/a"],"One_Line_Descriptor":["Remplacez ces brindilles peu rago\u00fbtantes par les b\u00e2tonnets \u00e0 m\u00e2cher Nylabone adapt\u00e9s aux chiens !"],"Expanded_Feature_1":["<strong>Texture suppl\u00e9mentaire<\/strong><br>  Cet os est recouvert de nombreux picots pour vaincre l'ennui de votre chien et garder ses dents tr\u00e8s propres.  "],"Expanded_Feature_2":["<strong>Une saveur qui dure pour toujours  <\/strong><br> D\u00e9licieuse saveur de Lard, pour que votre chien continue \u00e0 m\u00e2cher plus longtemps."],"Expanded_Feature_3":["<strong>Combattre l'ennui<\/strong><br>  Satisfait le besoin naturel de M\u00e2cher de votre chien et l'occupe avec quelque chose de savoureux et de durable \u00e0 m\u00e2cher."],"Product_Page_Shelf_Video":["https:\/\/www.youtube.com\/watch?v=F-piPRJy9LU"],"Key_Features":["Suivez nos conseils pour obtenir le meilleur de votre chien Nylabone ~ Pour exciter votre chien avec son nouveau M\u00e2cher, il suffit de gratter sur une surface dure et rugueuse pour relever la saveur, redonner vie \u00e0 un vieil os de la m\u00eame mani\u00e8re. ~ Pour garder vos M\u00e2ches propres, frottez-les avec une brosse sous l'eau ti\u00e8de, en utilisant un d\u00e9tergent doux et non toxique, et rincez abondamment. ~ Contr\u00f4lez r\u00e9guli\u00e8rement le M\u00e2cher de votre chien, assurez-vous qu'il est entier et intact, sans aucun morceau manquant. Il faut toujours le remplacer si les extr\u00e9mit\u00e9s des articulations sont us\u00e9es ou s'il devient trop petit pour \u00eatre m\u00e2ch\u00e9 en toute s\u00e9curit\u00e9. ~ Ces M\u00e2ches non comestibles sont fabriqu\u00e9s en nylon. Ils ne sont PAS destin\u00e9s \u00e0 \u00eatre consomm\u00e9s.  "],"Weight_KG":["0.105"],"Related_Products":["981390EU, 982649EU, 983369EU, 981706,  "],"Warnings":["~ Contr\u00f4lez r\u00e9guli\u00e8rement le M\u00e2cher de votre chien, assurez-vous qu'il est entier et intact, sans aucun morceau manquant. ~ Remplacez toujours l'appareil si les extr\u00e9mit\u00e9s des articulations sont us\u00e9es ou s'il devient trop petit pour \u00eatre m\u00e2ch\u00e9 en toute s\u00e9curit\u00e9. ~ Ces M\u00e2ches non comestibles sont fabriqu\u00e9s en nylon. Ils ne sont PAS destin\u00e9s \u00e0 \u00eatre consomm\u00e9s.  "],"Pack_SIze":["1 paquet"],"Maximum_Flow_Rate_Litres_Hour":["Nylon"],"Available_For_Dosage_Calculator":["N"],"Dosage_Pod":["N"],"Dog_Size":["Chiens de taille moyenne (jusqu'\u00e0 16 kg)"],"Facet_Flavour":["Lard"],"Texture":["Texture suppl\u00e9mentaire"],"Actual_Product_Dimensions_mm_HxWxD":["130x30x23mm"],"Chew_Shape":["B\u00e2ton"],"Chew_Size":["Moyen"],"Dog_Weight":["Jusqu'\u00e0 16 kg"],"Flavour":["Lard"],"Material":["Nylon, ar\u00f4me artificiel de Lard d'\u00e9rable fabriqu\u00e9 \u00e0 partir d'ingr\u00e9dients d'origine non animale"],"Languages_on_packaging":["Anglais"],"Bone_Length":["130mm"],"Product_Overview":["La gamme d'os et de jouets \u00e0 m\u00e2cher Nylabone Extreme convient parfaitement \u00e0 votre chien s'il adore m\u00e2cher, et s'il est tr\u00e8s dou\u00e9 pour cela ! Ces jouets \u00e0 m\u00e2cher ont un d\u00e9licieux go\u00fbt de lard, ce qui signifie que le go\u00fbt reste aussi longtemps que le M\u00e2cher. Ils ne sont pas pulv\u00e9ris\u00e9s, tremp\u00e9s ou enduits de quelque mani\u00e8re que ce soit, il n'y a donc aucune chance que ce go\u00fbt savoureux soit l\u00e9ch\u00e9 ! Les mat\u00e9riaux sont aussi r\u00e9sistants que les vrais os, mais ils ne pr\u00e9sentent pas les m\u00eames dangers. Nous ma\u00eetrisons la fabrication des jouets \u00e0 m\u00e2cher depuis plus de 50 ans et nous avons un processus de fabrication unique, nous nous assurons qu'ils ne se fendent pas, au lieu de cela, la belle surface lisse se rugit lorsqu'elle est m\u00e2ch\u00e9e et de minuscules poils se soul\u00e8vent sur l'os, agissant comme une mini brosse \u00e0 dents qui aidera \u00e0 garder les dents de votre chien propres et \u00e0 pr\u00e9venir l'accumulation de tartre. Si votre chien r\u00e9ussit \u00e0 en arracher un, il ne doit pas \u00eatre plus petit qu'un grain de riz et peut \u00eatre \u00e9vacu\u00e9 s'il l'avale.  "],"wcml_sync_hash":["a:1:{s:15:\"postmeta_fields\";s:32:\"4649b4c0f353c1a761421e82c64a8b3f\";}"],"attr_label_translations":["a:0:{}"],"_product_attributes":["a:0:{}"],"_thumbnail_id":["10131"],"_product_image_gallery":[""],"_default_attributes":["a:0:{}"],"_upsell_ids":["a:0:{}"],"_crosssell_ids":["a:0:{}"],"_children":["a:0:{}"],"_uag_page_assets":["a:9:{s:3:\"css\";s:263:\".uag-blocks-common-selector{z-index:var(--z-index-desktop) !important}@media (max-width: 976px){.uag-blocks-common-selector{z-index:var(--z-index-tablet) !important}}@media (max-width: 767px){.uag-blocks-common-selector{z-index:var(--z-index-mobile) !important}}\n\";s:2:\"js\";s:0:\"\";s:18:\"current_block_list\";a:11:{i:0;s:11:\"core\/search\";i:1;s:12:\"core\/heading\";i:2;s:14:\"core\/paragraph\";i:3;s:12:\"core\/columns\";i:4;s:11:\"core\/column\";i:5;s:10:\"core\/group\";i:6;s:12:\"core\/gallery\";i:7;s:10:\"core\/image\";i:8;s:14:\"core\/shortcode\";i:9;s:15:\"core\/categories\";i:10;s:13:\"core\/archives\";}s:8:\"uag_flag\";b:0;s:11:\"uag_version\";s:10:\"1776077742\";s:6:\"gfonts\";a:0:{}s:10:\"gfonts_url\";s:0:\"\";s:12:\"gfonts_files\";a:0:{}s:14:\"uag_faq_layout\";b:0;}"],"_oembed_2fde8e53cdff869469ea0f39890a706e":["<iframe title=\"Oh Alfie Nylabone UK\" width=\"1080\" height=\"608\" src=\"https:\/\/www.youtube.com\/embed\/F-piPRJy9LU?feature=oembed\" frameborder=\"0\" allow=\"accelerometer; autoplay; clipboard-write; encrypted-media; gyroscope; picture-in-picture; web-share\" allowfullscreen><\/iframe>"],"_oembed_time_2fde8e53cdff869469ea0f39890a706e":["1706204237"],"_uag_css_file_name":["uag-css-17992.css"],"_wc_rating_count":[""],"_wc_review_count":[""],"_wc_average_rating":[0]},"uagb_featured_image_src":{"full":["https:\/\/nylabone.co.uk\/wp-content\/uploads\/2022\/02\/5d9b027a217773.22990671.jpg",768,768,false],"thumbnail":["https:\/\/nylabone.co.uk\/wp-content\/uploads\/2022\/02\/5d9b027a217773.22990671.jpg",150,150,false],"medium":["https:\/\/nylabone.co.uk\/wp-content\/uploads\/2022\/02\/5d9b027a217773.22990671.jpg",300,300,false],"medium_large":["https:\/\/nylabone.co.uk\/wp-content\/uploads\/2022\/02\/5d9b027a217773.22990671.jpg",768,768,false],"large":["https:\/\/nylabone.co.uk\/wp-content\/uploads\/2022\/02\/5d9b027a217773.22990671.jpg",768,768,false],"blz_expanded_feature":["https:\/\/nylabone.co.uk\/wp-content\/uploads\/2022\/02\/5d9b027a217773.22990671.jpg",220,220,false],"gs-tiny":["https:\/\/nylabone.co.uk\/wp-content\/uploads\/2022\/02\/5d9b027a217773.22990671.jpg",50,50,false],"xl":["https:\/\/nylabone.co.uk\/wp-content\/uploads\/2022\/02\/5d9b027a217773.22990671.jpg",768,768,false],"xxl":["https:\/\/nylabone.co.uk\/wp-content\/uploads\/2022\/02\/5d9b027a217773.22990671.jpg",768,768,false],"xxxl":["https:\/\/nylabone.co.uk\/wp-content\/uploads\/2022\/02\/5d9b027a217773.22990671.jpg",768,768,false],"xxxxl":["https:\/\/nylabone.co.uk\/wp-content\/uploads\/2022\/02\/5d9b027a217773.22990671.jpg",768,768,false],"xxxxxl":["https:\/\/nylabone.co.uk\/wp-content\/uploads\/2022\/02\/5d9b027a217773.22990671.jpg",768,768,false],"1536x1536":["https:\/\/nylabone.co.uk\/wp-content\/uploads\/2022\/02\/5d9b027a217773.22990671.jpg",768,768,false],"2048x2048":["https:\/\/nylabone.co.uk\/wp-content\/uploads\/2022\/02\/5d9b027a217773.22990671.jpg",768,768,false],"woocommerce_thumbnail":["https:\/\/nylabone.co.uk\/wp-content\/uploads\/2022\/02\/5d9b027a217773.22990671-300x300.jpg",300,300,true],"woocommerce_single":["https:\/\/nylabone.co.uk\/wp-content\/uploads\/2022\/02\/5d9b027a217773.22990671-600x600.jpg",600,600,true],"woocommerce_gallery_thumbnail":["https:\/\/nylabone.co.uk\/wp-content\/uploads\/2022\/02\/5d9b027a217773.22990671-100x100.jpg",100,100,true]},"uagb_author_info":{"display_name":"admin","author_link":"https:\/\/nylabone.co.uk\/fr\/author\/blaze\/"},"uagb_comment_info":0,"uagb_excerpt":"Remplacez ces brindilles peu rago\u00fbtantes par les b\u00e2tonnets \u00e0 m\u00e2cher Nylabone adapt\u00e9s aux chiens !","featured_img":"https:\/\/nylabone.co.uk\/wp-content\/uploads\/2022\/02\/5d9b027a217773.22990671.jpg","coauthors":[],"author_meta":{"author_link":"https:\/\/nylabone.co.uk\/fr\/author\/blaze\/","display_name":"admin"},"relative_dates":{"created":"Publi\u00e9 4 ans il y a","modified":"Mis \u00e0 jour 4 ans il y a"},"absolute_dates":{"created":"Publi\u00e9 le mars 9, 2022","modified":"Mise \u00e0 jour le mars 9, 2022"},"absolute_dates_time":{"created":"Publi\u00e9 le mars 9, 2022 9:17  ","modified":"Mise \u00e0 jour le mars 9, 2022 9:17  "},"featured_img_caption":"","tax_additional":{"product_brand":{"linked":[],"unlinked":[],"slug":"product_brand","name":"Brands"},"product_type":{"linked":["<a href=\"https:\/\/nylabone.co.uk\/fr\/?taxonomy=product_type&#038;term=simple\" class=\"advgb-post-tax-term\">simple<\/a>"],"unlinked":["<span class=\"advgb-post-tax-term\">simple<\/span>"],"slug":"product_type","name":"Type de produit"},"product_visibility":{"linked":[],"unlinked":[],"slug":"product_visibility","name":"Visibilit\u00e9 du produit"},"product_cat":{"linked":["<a href=\"https:\/\/nylabone.co.uk\/fr\/products\/extreme-macher\/\" class=\"advgb-post-tax-term\">Extreme M\u00e2cher<\/a>"],"unlinked":["<span class=\"advgb-post-tax-term\">Extreme M\u00e2cher<\/span>"],"slug":"product_cat","name":"Cat\u00e9gories de produits"},"product_tag":{"linked":[],"unlinked":[],"slug":"product_tag","name":"\u00c9tiquettes produit"},"product_shipping_class":{"linked":[],"unlinked":[],"slug":"product_shipping_class","name":"Classe d\u2019exp\u00e9dition du produit"},"translation_priority":{"linked":["<a href=\"https:\/\/nylabone.co.uk\/fr\/?taxonomy=translation_priority&#038;term=facultatif-fr\" class=\"advgb-post-tax-term\">Facultatif<\/a>"],"unlinked":["<span class=\"advgb-post-tax-term\">Facultatif<\/span>"],"slug":"translation_priority","name":"Priorit\u00e9s de traduction"},"inspiration_category":{"linked":[],"unlinked":[],"slug":"inspiration_category","name":"Cat\u00e9gories d&#039;inspiration"}},"series_order":"","_links":{"self":[{"href":"https:\/\/nylabone.co.uk\/fr\/wp-json\/wp\/v2\/product\/17992","targetHints":{"allow":["GET"]}}],"collection":[{"href":"https:\/\/nylabone.co.uk\/fr\/wp-json\/wp\/v2\/product"}],"about":[{"href":"https:\/\/nylabone.co.uk\/fr\/wp-json\/wp\/v2\/types\/product"}],"replies":[{"embeddable":true,"href":"https:\/\/nylabone.co.uk\/fr\/wp-json\/wp\/v2\/comments?post=17992"}],"wp:featuredmedia":[{"embeddable":true,"href":"https:\/\/nylabone.co.uk\/fr\/wp-json\/wp\/v2\/media\/10131"}],"wp:attachment":[{"href":"https:\/\/nylabone.co.uk\/fr\/wp-json\/wp\/v2\/media?parent=17992"}],"wp:term":[{"taxonomy":"product_brand","embeddable":true,"href":"https:\/\/nylabone.co.uk\/fr\/wp-json\/wp\/v2\/product_brand?post=17992"},{"taxonomy":"product_cat","embeddable":true,"href":"https:\/\/nylabone.co.uk\/fr\/wp-json\/wp\/v2\/product_cat?post=17992"},{"taxonomy":"product_tag","embeddable":true,"href":"https:\/\/nylabone.co.uk\/fr\/wp-json\/wp\/v2\/product_tag?post=17992"},{"taxonomy":"inspiration_category","embeddable":true,"href":"https:\/\/nylabone.co.uk\/fr\/wp-json\/wp\/v2\/inspiration_category?post=17992"}],"curies":[{"name":"wp","href":"https:\/\/api.w.org\/{rel}","templated":true}]}}