{"id":20853,"date":"2025-02-13T10:55:57","date_gmt":"2025-02-13T10:55:57","guid":{"rendered":"https:\/\/nylabone.co.uk\/product\/non%20class\u00e9\/jouet-a-gater-au-beurre-de-cacahuete-moyen\/"},"modified":"2025-02-19T15:10:17","modified_gmt":"2025-02-19T15:10:17","slug":"jouet-a-gater-au-beurre-de-cacahuete-moyen","status":"publish","type":"product","link":"https:\/\/nylabone.co.uk\/fr\/product\/strong-chews-fr\/jouet-a-gater-au-beurre-de-cacahuete-moyen\/","title":{"rendered":"Jouet \u00e0 g\u00e2ter au beurre de cacahu\u00e8te &#8211; moyen"},"content":{"rendered":"<p>Remplissez-le de friandises et de p\u00e2tes \u00e0 tartiner !<\/p>\n","protected":false},"excerpt":{"rendered":"<p>Remplissez-le de friandises et de p\u00e2tes \u00e0 tartiner !<\/p>\n","protected":false},"author":4,"featured_media":21030,"comment_status":"closed","ping_status":"closed","template":"","meta":{"_acf_changed":false,"_relevanssi_hide_post":"","_relevanssi_hide_content":"","_relevanssi_pin_for_all":"","_relevanssi_pin_keywords":"","_relevanssi_unpin_keywords":"","_relevanssi_related_keywords":"","_relevanssi_related_include_ids":"","_relevanssi_related_exclude_ids":"","_relevanssi_related_no_append":"","_relevanssi_related_not_related":"","_relevanssi_related_posts":"","_relevanssi_noindex_reason":"","inline_featured_image":false,"_uag_custom_page_level_css":"","advgb_blocks_editor_width":"","advgb_blocks_columns_visual_guide":"","site-sidebar-layout":"default","site-content-layout":"","ast-site-content-layout":"default","site-content-style":"default","site-sidebar-style":"default","ast-global-header-display":"","ast-banner-title-visibility":"","ast-main-header-display":"","ast-hfb-above-header-display":"","ast-hfb-below-header-display":"","ast-hfb-mobile-header-display":"","site-post-title":"","ast-breadcrumbs-content":"","ast-featured-img":"","footer-sml-layout":"","ast-disable-related-posts":"","theme-transparent-header-meta":"","adv-header-id-meta":"","stick-header-meta":"","header-above-stick-meta":"","header-main-stick-meta":"","header-below-stick-meta":"","astra-migrate-meta-layouts":"default","ast-page-background-enabled":"default","ast-page-background-meta":{"desktop":{"background-color":"var(--ast-global-color-4)","background-image":"","background-repeat":"repeat","background-position":"center center","background-size":"auto","background-attachment":"scroll","background-type":"","background-media":"","overlay-type":"","overlay-color":"","overlay-opacity":"","overlay-gradient":""},"tablet":{"background-color":"","background-image":"","background-repeat":"repeat","background-position":"center center","background-size":"auto","background-attachment":"scroll","background-type":"","background-media":"","overlay-type":"","overlay-color":"","overlay-opacity":"","overlay-gradient":""},"mobile":{"background-color":"","background-image":"","background-repeat":"repeat","background-position":"center center","background-size":"auto","background-attachment":"scroll","background-type":"","background-media":"","overlay-type":"","overlay-color":"","overlay-opacity":"","overlay-gradient":""}},"ast-content-background-meta":{"desktop":{"background-color":"var(--ast-global-color-5)","background-image":"","background-repeat":"repeat","background-position":"center center","background-size":"auto","background-attachment":"scroll","background-type":"","background-media":"","overlay-type":"","overlay-color":"","overlay-opacity":"","overlay-gradient":""},"tablet":{"background-color":"var(--ast-global-color-5)","background-image":"","background-repeat":"repeat","background-position":"center center","background-size":"auto","background-attachment":"scroll","background-type":"","background-media":"","overlay-type":"","overlay-color":"","overlay-opacity":"","overlay-gradient":""},"mobile":{"background-color":"var(--ast-global-color-5)","background-image":"","background-repeat":"repeat","background-position":"center center","background-size":"auto","background-attachment":"scroll","background-type":"","background-media":"","overlay-type":"","overlay-color":"","overlay-opacity":"","overlay-gradient":""}}},"product_brand":[],"product_cat":[77],"product_tag":[],"inspiration_category":[128],"class_list":{"0":"ranking_101","1":"post-20853","2":"product","3":"type-product","4":"status-publish","5":"has-post-thumbnail","7":"product_cat-strong-chews-fr","8":"inspiration_category-nouveau","9":"FACET-Type=Fort M\u00e2cher","10":"FACET-Pack_SIze=1 paquet","11":"FACET-Dog_Size=Chiens de taille moyenne (jusqu'\u00e0 16 kg)","12":"FACET-Texture=Texture suppl\u00e9mentaire","13":"desktop-align-left","14":"tablet-align-left","15":"mobile-align-left","16":"ast-product-gallery-layout-horizontal","17":"ast-product-gallery-with-no-image","18":"ast-product-tabs-layout-horizontal","20":"first","21":"instock","22":"shipping-taxable","23":"purchasable","24":"product-type-simple"},"acf":[],"yoast_head":"<!-- This site is optimized with the Yoast SEO plugin v27.2 - https:\/\/yoast.com\/product\/yoast-seo-wordpress\/ -->\n<title>Jouet \u00e0 g\u00e2ter au beurre de cacahu\u00e8te - moyen - Nylabone<\/title>\n<meta name=\"robots\" content=\"index, follow, max-snippet:-1, max-image-preview:large, max-video-preview:-1\" \/>\n<link rel=\"canonical\" href=\"https:\/\/nylabone.co.uk\/fr\/product\/strong-chews-fr\/jouet-a-gater-au-beurre-de-cacahuete-moyen\/\" \/>\n<meta property=\"og:locale\" content=\"fr_FR\" \/>\n<meta property=\"og:type\" content=\"article\" \/>\n<meta property=\"og:title\" content=\"Jouet \u00e0 g\u00e2ter au beurre de cacahu\u00e8te - moyen - Nylabone\" \/>\n<meta property=\"og:description\" content=\"Remplissez-le de friandises et de p\u00e2tes \u00e0 tartiner !\" \/>\n<meta property=\"og:url\" content=\"https:\/\/nylabone.co.uk\/fr\/product\/strong-chews-fr\/jouet-a-gater-au-beurre-de-cacahuete-moyen\/\" \/>\n<meta property=\"og:site_name\" content=\"Nylabone\" \/>\n<meta property=\"article:modified_time\" content=\"2025-02-19T15:10:17+00:00\" \/>\n<meta property=\"og:image\" content=\"https:\/\/nylabone.co.uk\/wp-content\/uploads\/2025\/02\/67aca6b83c7963.18972678.jpg\" \/>\n\t<meta property=\"og:image:width\" content=\"1500\" \/>\n\t<meta property=\"og:image:height\" content=\"1500\" \/>\n\t<meta property=\"og:image:type\" content=\"image\/jpeg\" \/>\n<meta name=\"twitter:card\" content=\"summary_large_image\" \/>\n<script type=\"application\/ld+json\" class=\"yoast-schema-graph\">{\"@context\":\"https:\/\/schema.org\",\"@graph\":[{\"@type\":\"WebPage\",\"@id\":\"https:\/\/nylabone.co.uk\/fr\/product\/strong-chews-fr\/jouet-a-gater-au-beurre-de-cacahuete-moyen\/\",\"url\":\"https:\/\/nylabone.co.uk\/fr\/product\/strong-chews-fr\/jouet-a-gater-au-beurre-de-cacahuete-moyen\/\",\"name\":\"Jouet \u00e0 g\u00e2ter au beurre de cacahu\u00e8te - moyen - Nylabone\",\"isPartOf\":{\"@id\":\"https:\/\/nylabone.co.uk\/#website\"},\"primaryImageOfPage\":{\"@id\":\"https:\/\/nylabone.co.uk\/fr\/product\/strong-chews-fr\/jouet-a-gater-au-beurre-de-cacahuete-moyen\/#primaryimage\"},\"image\":{\"@id\":\"https:\/\/nylabone.co.uk\/fr\/product\/strong-chews-fr\/jouet-a-gater-au-beurre-de-cacahuete-moyen\/#primaryimage\"},\"thumbnailUrl\":\"https:\/\/nylabone.co.uk\/wp-content\/uploads\/2025\/02\/67aca6b83c7963.18972678-1.jpg\",\"datePublished\":\"2025-02-13T10:55:57+00:00\",\"dateModified\":\"2025-02-19T15:10:17+00:00\",\"breadcrumb\":{\"@id\":\"https:\/\/nylabone.co.uk\/fr\/product\/strong-chews-fr\/jouet-a-gater-au-beurre-de-cacahuete-moyen\/#breadcrumb\"},\"inLanguage\":\"fr-FR\",\"potentialAction\":[{\"@type\":\"ReadAction\",\"target\":[\"https:\/\/nylabone.co.uk\/fr\/product\/strong-chews-fr\/jouet-a-gater-au-beurre-de-cacahuete-moyen\/\"]}]},{\"@type\":\"ImageObject\",\"inLanguage\":\"fr-FR\",\"@id\":\"https:\/\/nylabone.co.uk\/fr\/product\/strong-chews-fr\/jouet-a-gater-au-beurre-de-cacahuete-moyen\/#primaryimage\",\"url\":\"https:\/\/nylabone.co.uk\/wp-content\/uploads\/2025\/02\/67aca6b83c7963.18972678-1.jpg\",\"contentUrl\":\"https:\/\/nylabone.co.uk\/wp-content\/uploads\/2025\/02\/67aca6b83c7963.18972678-1.jpg\",\"width\":1500,\"height\":1500},{\"@type\":\"BreadcrumbList\",\"@id\":\"https:\/\/nylabone.co.uk\/fr\/product\/strong-chews-fr\/jouet-a-gater-au-beurre-de-cacahuete-moyen\/#breadcrumb\",\"itemListElement\":[{\"@type\":\"ListItem\",\"position\":1,\"name\":\"Produits\",\"item\":\"https:\/\/nylabone.co.uk\/fr\/boutique\/\"},{\"@type\":\"ListItem\",\"position\":2,\"name\":\"Strong Chews\",\"item\":\"https:\/\/nylabone.co.uk\/fr\/products\/strong-chews-fr\/\"},{\"@type\":\"ListItem\",\"position\":3,\"name\":\"Jouet \u00e0 g\u00e2ter au beurre de cacahu\u00e8te &#8211; moyen\"}]},{\"@type\":\"WebSite\",\"@id\":\"https:\/\/nylabone.co.uk\/#website\",\"url\":\"https:\/\/nylabone.co.uk\/\",\"name\":\"Nylabone\",\"description\":\"\",\"publisher\":{\"@id\":\"https:\/\/nylabone.co.uk\/#organization\"},\"potentialAction\":[{\"@type\":\"SearchAction\",\"target\":{\"@type\":\"EntryPoint\",\"urlTemplate\":\"https:\/\/nylabone.co.uk\/?s={search_term_string}\"},\"query-input\":{\"@type\":\"PropertyValueSpecification\",\"valueRequired\":true,\"valueName\":\"search_term_string\"}}],\"inLanguage\":\"fr-FR\"},{\"@type\":\"Organization\",\"@id\":\"https:\/\/nylabone.co.uk\/#organization\",\"name\":\"Nylabone\",\"url\":\"https:\/\/nylabone.co.uk\/\",\"logo\":{\"@type\":\"ImageObject\",\"inLanguage\":\"fr-FR\",\"@id\":\"https:\/\/nylabone.co.uk\/#\/schema\/logo\/image\/\",\"url\":\"https:\/\/nylabone.co.uk\/wp-content\/uploads\/2025\/08\/WEB_Nyla_70thLogoUpdates_BrandSiteTopLeftCorner_750x260.png\",\"contentUrl\":\"https:\/\/nylabone.co.uk\/wp-content\/uploads\/2025\/08\/WEB_Nyla_70thLogoUpdates_BrandSiteTopLeftCorner_750x260.png\",\"width\":750,\"height\":260,\"caption\":\"Nylabone\"},\"image\":{\"@id\":\"https:\/\/nylabone.co.uk\/#\/schema\/logo\/image\/\"}}]}<\/script>\n<!-- \/ Yoast SEO plugin. -->","yoast_head_json":{"title":"Jouet \u00e0 g\u00e2ter au beurre de cacahu\u00e8te - moyen - Nylabone","robots":{"index":"index","follow":"follow","max-snippet":"max-snippet:-1","max-image-preview":"max-image-preview:large","max-video-preview":"max-video-preview:-1"},"canonical":"https:\/\/nylabone.co.uk\/fr\/product\/strong-chews-fr\/jouet-a-gater-au-beurre-de-cacahuete-moyen\/","og_locale":"fr_FR","og_type":"article","og_title":"Jouet \u00e0 g\u00e2ter au beurre de cacahu\u00e8te - moyen - Nylabone","og_description":"Remplissez-le de friandises et de p\u00e2tes \u00e0 tartiner !","og_url":"https:\/\/nylabone.co.uk\/fr\/product\/strong-chews-fr\/jouet-a-gater-au-beurre-de-cacahuete-moyen\/","og_site_name":"Nylabone","article_modified_time":"2025-02-19T15:10:17+00:00","og_image":[{"width":1500,"height":1500,"url":"https:\/\/nylabone.co.uk\/wp-content\/uploads\/2025\/02\/67aca6b83c7963.18972678.jpg","type":"image\/jpeg"}],"twitter_card":"summary_large_image","schema":{"@context":"https:\/\/schema.org","@graph":[{"@type":"WebPage","@id":"https:\/\/nylabone.co.uk\/fr\/product\/strong-chews-fr\/jouet-a-gater-au-beurre-de-cacahuete-moyen\/","url":"https:\/\/nylabone.co.uk\/fr\/product\/strong-chews-fr\/jouet-a-gater-au-beurre-de-cacahuete-moyen\/","name":"Jouet \u00e0 g\u00e2ter au beurre de cacahu\u00e8te - moyen - Nylabone","isPartOf":{"@id":"https:\/\/nylabone.co.uk\/#website"},"primaryImageOfPage":{"@id":"https:\/\/nylabone.co.uk\/fr\/product\/strong-chews-fr\/jouet-a-gater-au-beurre-de-cacahuete-moyen\/#primaryimage"},"image":{"@id":"https:\/\/nylabone.co.uk\/fr\/product\/strong-chews-fr\/jouet-a-gater-au-beurre-de-cacahuete-moyen\/#primaryimage"},"thumbnailUrl":"https:\/\/nylabone.co.uk\/wp-content\/uploads\/2025\/02\/67aca6b83c7963.18972678-1.jpg","datePublished":"2025-02-13T10:55:57+00:00","dateModified":"2025-02-19T15:10:17+00:00","breadcrumb":{"@id":"https:\/\/nylabone.co.uk\/fr\/product\/strong-chews-fr\/jouet-a-gater-au-beurre-de-cacahuete-moyen\/#breadcrumb"},"inLanguage":"fr-FR","potentialAction":[{"@type":"ReadAction","target":["https:\/\/nylabone.co.uk\/fr\/product\/strong-chews-fr\/jouet-a-gater-au-beurre-de-cacahuete-moyen\/"]}]},{"@type":"ImageObject","inLanguage":"fr-FR","@id":"https:\/\/nylabone.co.uk\/fr\/product\/strong-chews-fr\/jouet-a-gater-au-beurre-de-cacahuete-moyen\/#primaryimage","url":"https:\/\/nylabone.co.uk\/wp-content\/uploads\/2025\/02\/67aca6b83c7963.18972678-1.jpg","contentUrl":"https:\/\/nylabone.co.uk\/wp-content\/uploads\/2025\/02\/67aca6b83c7963.18972678-1.jpg","width":1500,"height":1500},{"@type":"BreadcrumbList","@id":"https:\/\/nylabone.co.uk\/fr\/product\/strong-chews-fr\/jouet-a-gater-au-beurre-de-cacahuete-moyen\/#breadcrumb","itemListElement":[{"@type":"ListItem","position":1,"name":"Produits","item":"https:\/\/nylabone.co.uk\/fr\/boutique\/"},{"@type":"ListItem","position":2,"name":"Strong Chews","item":"https:\/\/nylabone.co.uk\/fr\/products\/strong-chews-fr\/"},{"@type":"ListItem","position":3,"name":"Jouet \u00e0 g\u00e2ter au beurre de cacahu\u00e8te &#8211; moyen"}]},{"@type":"WebSite","@id":"https:\/\/nylabone.co.uk\/#website","url":"https:\/\/nylabone.co.uk\/","name":"Nylabone","description":"","publisher":{"@id":"https:\/\/nylabone.co.uk\/#organization"},"potentialAction":[{"@type":"SearchAction","target":{"@type":"EntryPoint","urlTemplate":"https:\/\/nylabone.co.uk\/?s={search_term_string}"},"query-input":{"@type":"PropertyValueSpecification","valueRequired":true,"valueName":"search_term_string"}}],"inLanguage":"fr-FR"},{"@type":"Organization","@id":"https:\/\/nylabone.co.uk\/#organization","name":"Nylabone","url":"https:\/\/nylabone.co.uk\/","logo":{"@type":"ImageObject","inLanguage":"fr-FR","@id":"https:\/\/nylabone.co.uk\/#\/schema\/logo\/image\/","url":"https:\/\/nylabone.co.uk\/wp-content\/uploads\/2025\/08\/WEB_Nyla_70thLogoUpdates_BrandSiteTopLeftCorner_750x260.png","contentUrl":"https:\/\/nylabone.co.uk\/wp-content\/uploads\/2025\/08\/WEB_Nyla_70thLogoUpdates_BrandSiteTopLeftCorner_750x260.png","width":750,"height":260,"caption":"Nylabone"},"image":{"@id":"https:\/\/nylabone.co.uk\/#\/schema\/logo\/image\/"}}]}},"spectra_custom_meta":{"_wcml_average_rating":[null],"_wcml_review_count":[null],"_wcml_rating_count":[null],"_backorders":["no"],"_download_limit":["-1"],"_download_expiry":["-1"],"_downloadable":["no"],"_manage_stock":["no"],"_sku":["985082EU"],"_stock_status":["instock"],"_sold_individually":["no"],"_tax_class":[""],"_tax_status":["taxable"],"_virtual":["no"],"total_sales":["0"],"_regular_price":["12.99"],"_price":["12.99"],"_top_nav_excluded":[""],"_cms_nav_minihome":[""],"wcml_sync_hash":["a:1:{s:15:\"postmeta_fields\";s:32:\"1aba13bd451d0321a1bdb71cfb350673\";}"],"attr_label_translations":["a:0:{}"],"_product_attributes":["a:0:{}"],"_thumbnail_id":["21030"],"_product_image_gallery":[""],"_default_attributes":["a:0:{}"],"_upsell_ids":["a:0:{}"],"_crosssell_ids":["a:0:{}"],"_children":["a:0:{}"],"Favourites_Ranking":["101"],"_last_translation_edit_mode":["translation-editor"],"UPC_Code":["018214856177"],"Pack_Contains":["1x Beurre de cacahu\u00e8te Jouet \u00e0 m\u00e2cher fort - Moyen"],"Why_buy_me":["\n          <p>Regardez votre chiot devenir fou de ce jouet d'enrichissement passionnant, parfait pour \u00eatre \u00e9tal\u00e9 et rempli de ses friandises pr\u00e9f\u00e9r\u00e9es. Fabriqu\u00e9 en caoutchouc solide et en forme de cacahu\u00e8te, il est con\u00e7u pour que votre chien puisse se nourrir et se l\u00e9cher pendant l'heure des friandises. Vous pouvez m\u00eame congeler ce jouet en caoutchouc naturel avec ses p\u00e2tes \u00e0 tartiner et ses friandises pour un enrichissement encore plus durable. Donnez-le \u00e0 votre chien pour l'encourager \u00e0 m\u00e2cher de fa\u00e7on saine et non destructive et pour stimuler son cerveau.   <\/p>\n          \n\n          <p>~ Sans allerg\u00e8nes, saveur beurre de cacahu\u00e8te<br>~ Aide \u00e0 nettoyer les dents et \u00e0 rafra\u00eechir l'haleine \u00e0 chaque M\u00e2cher<br> ~ Id\u00e9al pour les grands chiens jusqu'\u00e0 16 kg  <\/p>\n          \n\n        "],"One_Line_Descriptor":["Remplissez-le de friandises et de p\u00e2tes \u00e0 tartiner !"],"Expanded_Feature_1":["\n          <p>Remplissez-le de friandises<br>Remplissez-le de friandises et de p\u00e2tes \u00e0 tartiner, comme des croquettes et du beurre de cacahu\u00e8te.<\/p>\n          \n\n        "],"Expanded_Feature_2":["\n          <p>Une saveur durable<br>Une d\u00e9licieuse saveur de beurre de cacahu\u00e8te, pour que votre chien appr\u00e9cie son jouet plus longtemps.<\/p>\n          \n\n        "],"Expanded_Feature_3":["\n          <p>Combattez l'ennui<br>Satisfaites le besoin naturel de votre chien de M\u00e2cher et gardez-le occup\u00e9 avec quelque chose de savoureux et de durable \u00e0 M\u00e2cher.<\/p>\n          \n\n        "],"Key_Features":["\n          <p>Suivez nos conseils pour tirer le meilleur parti du Nylabone de votre chien :<br>~ Pour que votre chien s'amuse avec son nouveau jouet d'enrichissement, remplissez-le de ses friandises et p\u00e2tes \u00e0 tartiner pr\u00e9f\u00e9r\u00e9es, comme des croquettes et du beurre de cacahu\u00e8te.<br>~ Le jouet en peluche peut \u00eatre congel\u00e9 pour plus d'amusement.<br>~ Pour garder votre M\u00e2cher propre, frottez-le avec une brosse sous l'eau ti\u00e8de, en utilisant un d\u00e9tergent doux et non toxique, et rincez-le soigneusement.<br>~ V\u00e9rifiez r\u00e9guli\u00e8rement le M\u00e2cher de votre chien, assurez-vous qu'il est entier et intact, et qu'il ne manque aucun morceau. Si votre chien parvient \u00e0 en mordre un, il ne doit pas \u00eatre plus petit qu'un grain de riz et il peut \u00eatre \u00e9limin\u00e9 s'il l'avale, mais il ne pr\u00e9sente pas de risque d'\u00e9touffement. Remplacez-la toujours si elle est us\u00e9e ou si elle devient trop petite pour \u00eatre m\u00e2ch\u00e9e en toute s\u00e9curit\u00e9.<br>~ Ces M\u00e2ches non comestibles sont fabriqu\u00e9s en nylon. Ils ne sont PAS destin\u00e9s \u00e0 \u00eatre consomm\u00e9s.  <\/p>\n          \n\n        "],"Related_Products":["984654, 985055EU, 985058EU, 985334EU"],"Warnings":["M\u00e2cher Il est important de choisir la taille et le type de M\u00e2ches adapt\u00e9s \u00e0 l'\u00e2ge, au poids et \u00e0 la force de mastication de votre chien. M\u00e2cher Les M\u00e2ches non comestibles doivent \u00eatre suffisamment grandes pour encourager votre chien \u00e0 les m\u00e2cher par le c\u00f4t\u00e9 plut\u00f4t que par le haut et le bas. Si vous avez plus d'un chien dans votre foyer, choisissez M\u00e2cher en fonction du plus grand et du plus fort m\u00e2cheur. Surveillez toujours l'utilisation de M\u00e2cher et des jouets. Les produits ne sont pas destin\u00e9s \u00e0 \u00eatre mang\u00e9s ou ing\u00e9r\u00e9s. Si vous pensez que votre chien a aval\u00e9 un morceau, retirez le produit et contactez votre v\u00e9t\u00e9rinaire. Inspectez le produit avant de le donner \u00e0 votre chien pour vous assurer qu'il est entier et intact. V\u00e9rifiez fr\u00e9quemment et remplacez le produit s'il est us\u00e9 ou endommag\u00e9 ou s'il devient trop petit pour \u00eatre donn\u00e9 \u00e0 M\u00e2cher en toute s\u00e9curit\u00e9. Lavez \u00e0 la main avec de l'eau savonneuse ti\u00e8de et rincez abondamment.        "],"Type":["Fort M\u00e2cher"],"Pack_SIze":["1 paquet"],"Available_For_Dosage_Calculator":["N"],"Dosage_Pod":["N"],"Dog_Size":["Chiens de taille moyenne (jusqu'\u00e0 16 kg)"],"Texture":["Texture suppl\u00e9mentaire"],"Chew_Size":["Moyen"],"Dog_Weight":["Jusqu'\u00e0 16 kg"],"Flavour":["Beurre de cacahu\u00e8te"],"Material":["Caoutchouc, saveur beurre de cacahu\u00e8te (sans allerg\u00e8nes)"],"Languages_on_packaging":["Anglais, allemand, fran\u00e7ais"],"Bone_Length":["12,6 cm"],"Product_Overview":["Le jouet Nylabone Peanut Butter Treat Toy est un excellent jouet d'enrichissement, car il peut \u00eatre rempli avec les friandises pr\u00e9f\u00e9r\u00e9es de votre chien. Le mat\u00e9riau en caoutchouc est l\u00e9g\u00e8rement flexible et donne du jeu lorsque l'on m\u00e2che, et la forme est facile \u00e0 saisir. Ces jouets \u00e0 fourrer M\u00e2cher ont un d\u00e9licieux go\u00fbt de beurre de cacahu\u00e8te, ce qui signifie que le go\u00fbt reste aussi longtemps que le M\u00e2cher. Ils ne sont pas vaporis\u00e9s, tremp\u00e9s ou enduits de quelque mani\u00e8re que ce soit, de sorte qu'il n'y a aucune chance que ce go\u00fbt savoureux soit l\u00e9ch\u00e9. Le mat\u00e9riau utilis\u00e9 est un caoutchouc naturel de haute qualit\u00e9, avec beaucoup de rebondissement ! Les jouets en caoutchouc Nylabone ne sont pas seulement amusants, ils aident aussi \u00e0 garder les dents de votre chien propres et \u00e0 pr\u00e9venir la formation de tartre. Vous pouvez m\u00eame le congeler pour le conserver plus longtemps !"],"_uag_page_assets":["a:9:{s:3:\"css\";s:263:\".uag-blocks-common-selector{z-index:var(--z-index-desktop) !important}@media (max-width: 976px){.uag-blocks-common-selector{z-index:var(--z-index-tablet) !important}}@media (max-width: 767px){.uag-blocks-common-selector{z-index:var(--z-index-mobile) !important}}\n\";s:2:\"js\";s:0:\"\";s:18:\"current_block_list\";a:11:{i:0;s:11:\"core\/search\";i:1;s:12:\"core\/heading\";i:2;s:14:\"core\/paragraph\";i:3;s:12:\"core\/columns\";i:4;s:11:\"core\/column\";i:5;s:10:\"core\/group\";i:6;s:12:\"core\/gallery\";i:7;s:10:\"core\/image\";i:8;s:14:\"core\/shortcode\";i:9;s:15:\"core\/categories\";i:10;s:13:\"core\/archives\";}s:8:\"uag_flag\";b:0;s:11:\"uag_version\";s:10:\"1775816274\";s:6:\"gfonts\";a:0:{}s:10:\"gfonts_url\";s:0:\"\";s:12:\"gfonts_files\";a:0:{}s:14:\"uag_faq_layout\";b:0;}"],"_stock":[null],"_wc_average_rating":[0],"_wc_review_count":["0"],"_product_version":["9.4.3"],"image_id_product_only":["21028"],"image_id_lifestyle":["21032"],"image_id_product_with_parts":["21036"],"image_id_icons":["21040"],"image_id_feature_image_1":["21044"],"image_id_feature_image_2":["21048"],"image_id_feature_image_3":["21052"],"_uag_css_file_name":["uag-css-20853.css"],"_wc_rating_count":[""]},"uagb_featured_image_src":{"full":["https:\/\/nylabone.co.uk\/wp-content\/uploads\/2025\/02\/67aca6b83c7963.18972678-1.jpg",1500,1500,false],"thumbnail":["https:\/\/nylabone.co.uk\/wp-content\/uploads\/2025\/02\/67aca6b83c7963.18972678-1-150x150.jpg",150,150,true],"medium":["https:\/\/nylabone.co.uk\/wp-content\/uploads\/2025\/02\/67aca6b83c7963.18972678-1-300x300.jpg",300,300,true],"medium_large":["https:\/\/nylabone.co.uk\/wp-content\/uploads\/2025\/02\/67aca6b83c7963.18972678-1-768x768.jpg",768,768,true],"large":["https:\/\/nylabone.co.uk\/wp-content\/uploads\/2025\/02\/67aca6b83c7963.18972678-1-1024x1024.jpg",1024,1024,true],"blz_expanded_feature":["https:\/\/nylabone.co.uk\/wp-content\/uploads\/2025\/02\/67aca6b83c7963.18972678-1-275x220.jpg",275,220,true],"gs-tiny":["https:\/\/nylabone.co.uk\/wp-content\/uploads\/2025\/02\/67aca6b83c7963.18972678-1-50x50.jpg",50,50,true],"xl":["https:\/\/nylabone.co.uk\/wp-content\/uploads\/2025\/02\/67aca6b83c7963.18972678-1.jpg",1500,1500,false],"xxl":["https:\/\/nylabone.co.uk\/wp-content\/uploads\/2025\/02\/67aca6b83c7963.18972678-1.jpg",1500,1500,false],"xxxl":["https:\/\/nylabone.co.uk\/wp-content\/uploads\/2025\/02\/67aca6b83c7963.18972678-1.jpg",1500,1500,false],"xxxxl":["https:\/\/nylabone.co.uk\/wp-content\/uploads\/2025\/02\/67aca6b83c7963.18972678-1.jpg",1500,1500,false],"xxxxxl":["https:\/\/nylabone.co.uk\/wp-content\/uploads\/2025\/02\/67aca6b83c7963.18972678-1.jpg",1500,1500,false],"1536x1536":["https:\/\/nylabone.co.uk\/wp-content\/uploads\/2025\/02\/67aca6b83c7963.18972678-1.jpg",1500,1500,false],"2048x2048":["https:\/\/nylabone.co.uk\/wp-content\/uploads\/2025\/02\/67aca6b83c7963.18972678-1.jpg",1500,1500,false],"woocommerce_thumbnail":["https:\/\/nylabone.co.uk\/wp-content\/uploads\/2025\/02\/67aca6b83c7963.18972678-1-300x300.jpg",300,300,true],"woocommerce_single":["https:\/\/nylabone.co.uk\/wp-content\/uploads\/2025\/02\/67aca6b83c7963.18972678-1-600x600.jpg",600,600,true],"woocommerce_gallery_thumbnail":["https:\/\/nylabone.co.uk\/wp-content\/uploads\/2025\/02\/67aca6b83c7963.18972678-1-100x100.jpg",100,100,true]},"uagb_author_info":{"display_name":"Hazz Scott","author_link":"https:\/\/nylabone.co.uk\/fr\/author\/hazz-scott\/"},"uagb_comment_info":0,"uagb_excerpt":"Remplissez-le de friandises et de p\u00e2tes \u00e0 tartiner !","featured_img":"https:\/\/nylabone.co.uk\/wp-content\/uploads\/2025\/02\/67aca6b83c7963.18972678-1.jpg","coauthors":[],"author_meta":{"author_link":"https:\/\/nylabone.co.uk\/fr\/author\/hazz-scott\/","display_name":"Hazz Scott"},"relative_dates":{"created":"Publi\u00e9 1 an il y a","modified":"Mis \u00e0 jour 1 an il y a"},"absolute_dates":{"created":"Publi\u00e9 le f\u00e9vrier 13, 2025","modified":"Mise \u00e0 jour le f\u00e9vrier 19, 2025"},"absolute_dates_time":{"created":"Publi\u00e9 le f\u00e9vrier 13, 2025 10:55  ","modified":"Mise \u00e0 jour le f\u00e9vrier 19, 2025 3:10  "},"featured_img_caption":"","tax_additional":{"product_brand":{"linked":[],"unlinked":[],"slug":"product_brand","name":"Brands"},"product_type":{"linked":["<a href=\"https:\/\/nylabone.co.uk\/fr\/?taxonomy=product_type&#038;term=simple\" class=\"advgb-post-tax-term\">simple<\/a>"],"unlinked":["<span class=\"advgb-post-tax-term\">simple<\/span>"],"slug":"product_type","name":"Type de produit"},"product_visibility":{"linked":[],"unlinked":[],"slug":"product_visibility","name":"Visibilit\u00e9 du produit"},"product_cat":{"linked":["<a href=\"https:\/\/nylabone.co.uk\/fr\/products\/strong-chews-fr\/\" class=\"advgb-post-tax-term\">Strong Chews<\/a>"],"unlinked":["<span class=\"advgb-post-tax-term\">Strong Chews<\/span>"],"slug":"product_cat","name":"Cat\u00e9gories de produits"},"product_tag":{"linked":[],"unlinked":[],"slug":"product_tag","name":"\u00c9tiquettes produit"},"product_shipping_class":{"linked":[],"unlinked":[],"slug":"product_shipping_class","name":"Classe d\u2019exp\u00e9dition du produit"},"translation_priority":{"linked":["<a href=\"https:\/\/nylabone.co.uk\/fr\/?taxonomy=translation_priority&#038;term=facultatif-fr\" class=\"advgb-post-tax-term\">Facultatif<\/a>"],"unlinked":["<span class=\"advgb-post-tax-term\">Facultatif<\/span>"],"slug":"translation_priority","name":"Priorit\u00e9s de traduction"},"inspiration_category":{"linked":["<a href=\"https:\/\/nylabone.co.uk\/fr\/we-recommend\/nouveau\/\" class=\"advgb-post-tax-term\">Nouveau<\/a>"],"unlinked":["<span class=\"advgb-post-tax-term\">Nouveau<\/span>"],"slug":"inspiration_category","name":"Cat\u00e9gories d&#039;inspiration"}},"series_order":"","_links":{"self":[{"href":"https:\/\/nylabone.co.uk\/fr\/wp-json\/wp\/v2\/product\/20853","targetHints":{"allow":["GET"]}}],"collection":[{"href":"https:\/\/nylabone.co.uk\/fr\/wp-json\/wp\/v2\/product"}],"about":[{"href":"https:\/\/nylabone.co.uk\/fr\/wp-json\/wp\/v2\/types\/product"}],"replies":[{"embeddable":true,"href":"https:\/\/nylabone.co.uk\/fr\/wp-json\/wp\/v2\/comments?post=20853"}],"wp:featuredmedia":[{"embeddable":true,"href":"https:\/\/nylabone.co.uk\/fr\/wp-json\/wp\/v2\/media\/21030"}],"wp:attachment":[{"href":"https:\/\/nylabone.co.uk\/fr\/wp-json\/wp\/v2\/media?parent=20853"}],"wp:term":[{"taxonomy":"product_brand","embeddable":true,"href":"https:\/\/nylabone.co.uk\/fr\/wp-json\/wp\/v2\/product_brand?post=20853"},{"taxonomy":"product_cat","embeddable":true,"href":"https:\/\/nylabone.co.uk\/fr\/wp-json\/wp\/v2\/product_cat?post=20853"},{"taxonomy":"product_tag","embeddable":true,"href":"https:\/\/nylabone.co.uk\/fr\/wp-json\/wp\/v2\/product_tag?post=20853"},{"taxonomy":"inspiration_category","embeddable":true,"href":"https:\/\/nylabone.co.uk\/fr\/wp-json\/wp\/v2\/inspiration_category?post=20853"}],"curies":[{"name":"wp","href":"https:\/\/api.w.org\/{rel}","templated":true}]}}